{"id":24427,"date":"2025-12-17T08:59:15","date_gmt":"2025-12-17T00:59:15","guid":{"rendered":"https:\/\/yebodaglass.com\/?post_type=product&#038;p=24427"},"modified":"2025-12-23T10:15:27","modified_gmt":"2025-12-23T02:15:27","slug":"bulk-big-glass-jars-with-lids-for-food-storage","status":"publish","type":"product","link":"https:\/\/yebodaglass.com\/cs\/bulk-big-glass-jars-with-lids-for-food-storage\/","title":{"rendered":"Velk\u00e9 sklen\u011bn\u00e9 n\u00e1doby s v\u00ed\u010dky pro skladov\u00e1n\u00ed potravin 1250ml 1950ml"},"content":{"rendered":"<p data-start=\"66\" data-end=\"288\">Tyto velk\u00e9 sklen\u011bn\u00e9 d\u00f3zy s v\u00ed\u010dky v klasick\u00e9m \u00fazk\u00e9m kulat\u00e9m tvaru jsou vyrobeny z borosilik\u00e1tov\u00e9ho skla, aby byla zaji\u0161t\u011bna jejich odolnost a dostate\u010dn\u00fd objem. D\u00f3zy jsou vyrobeny z \u010dir\u00e9ho borosilik\u00e1tov\u00e9ho skla s ploch\u00fdm v\u00ed\u010dkem s d\u0159ev\u011bn\u00fdm vzorem; tato kombinace vytv\u00e1\u0159\u00ed jednoduch\u00fd a p\u0159irozen\u011b vypadaj\u00edc\u00ed produkt, kter\u00fd dokonale lad\u00ed s pr\u016fhledn\u00fdm t\u011blem.<\/p>\n<h2>Vlastnosti produktu<\/h2>\n<ul>\n<li><strong>Pro\u010d pou\u017e\u00edvat borosilik\u00e1tov\u00e9 sklo:<\/strong> D\u00edky tomu, \u017ee jsou tyto sklenice vyrobeny z vysoce borosilik\u00e1tov\u00e9ho skla, sn\u00e1\u0161ej\u00ed teplotn\u00ed zm\u011bny, neuvol\u0148uj\u00ed pachy a jsou tak\u00e9 bezpe\u010dn\u00e9 pro skladov\u00e1n\u00ed tepl\u00fdch i studen\u00fdch potravin, such\u00e9ho zbo\u017e\u00ed nebo jak\u00fdchkoli jin\u00fdch p\u0159edm\u011bt\u016f.<\/li>\n<li><strong>V\u00edko s d\u0159ev\u011bn\u00fdm vzorem:<\/strong> Ploch\u00e9 v\u00edko s texturou d\u0159eva spolu s pr\u016fhledn\u00fdm borosilik\u00e1tov\u00fdm sklem nab\u00edz\u00ed nejen t\u011bsn\u00e9 uchycen\u00ed, ale tak\u00e9 \u00fatuln\u00fd a zemit\u00fd vzhled.<\/li>\n<li><strong>Mo\u017enost dvou velikost\u00ed:<\/strong> Velk\u00e9 a mal\u00e9 velikosti jsou ur\u010deny k uspokojen\u00ed m\u011bn\u00edc\u00edch se pot\u0159eb u\u017eivatel\u016f (nap\u0159. velk\u00e9 sklenice na cere\u00e1lie, mal\u00e9 sklenice na o\u0159echy).<\/li>\n<\/ul>\n<h2 style=\"text-align: left;\">Kl\u00ed\u010dov\u00e9 specifikace<\/h2>\n<table class=\"aligncenter\" style=\"border-collapse: collapse; width: 382.52pt;\" border=\"0\" width=\"510\" cellspacing=\"0\" cellpadding=\"0\">\n<tbody>\n<tr style=\"height: 13.50pt;\">\n<td style=\"height: 13.50pt; width: 99.75pt;\" width=\"133\" height=\"18\">Specifikace<\/td>\n<td style=\"width: 282.75pt;\" width=\"377\">Podrobnosti<\/td>\n<\/tr>\n<tr style=\"height: 13.50pt;\">\n<td style=\"height: 13.50pt;\" height=\"18\">Kapacita<\/td>\n<td>1250 ml\/1950 ml<\/td>\n<\/tr>\n<tr style=\"height: 13.50pt;\">\n<td style=\"height: 13.50pt;\" height=\"18\">Rozm\u011bry<\/td>\n<td>11.5\u00d716cm\/13\u00d719.5cm<\/td>\n<\/tr>\n<tr style=\"height: 13.50pt;\">\n<td style=\"height: 13.50pt;\" height=\"18\">Materi\u00e1l<\/td>\n<td>Vysoce borosilik\u00e1tov\u00e9 sklo<\/td>\n<\/tr>\n<tr style=\"height: 13.50pt;\">\n<td style=\"height: 13.50pt;\" height=\"18\">Typ v\u00edka<\/td>\n<td>Ploch\u00e9 v\u00edko s texturou d\u0159eva<\/td>\n<\/tr>\n<tr style=\"height: 13.50pt;\">\n<td style=\"height: 13.50pt;\" height=\"18\">Materi\u00e1ln\u00ed vlastnosti<\/td>\n<td>Odoln\u00e9 v\u016f\u010di teplotn\u00edm n\u00e1raz\u016fm, vysok\u00e1 \u010distota, trvanliv\u00e9<\/td>\n<\/tr>\n<tr style=\"height: 13.50pt;\">\n<td style=\"height: 13.50pt;\" height=\"18\">Ide\u00e1ln\u00ed pro<\/td>\n<td>Velkoobjemov\u00e9 sklen\u011bn\u00e9 zava\u0159ovac\u00ed n\u00e1doby, velk\u00e9 sklen\u011bn\u00e9 zava\u0159ovac\u00ed n\u00e1doby<\/td>\n<\/tr>\n<\/tbody>\n<\/table>\n<h2>P\u0159\u00edklad \u00fasp\u011bchu: Skladovac\u00ed \u0159e\u0161en\u00ed pro k\u00e1vov\u00fd \u0159et\u011bzec<\/h2>\n<p>Jak mohl rychle rostouc\u00ed \u0159et\u011bzec kav\u00e1rny udr\u017eiteln\u011b skladovat k\u00e1vov\u00e1 zrna a dal\u0161\u00ed suroviny pot\u0159ebn\u00e9 k pra\u017een\u00ed ve velk\u00e9m mno\u017estv\u00ed? Na tuto ot\u00e1zku odpov\u011bd\u011bli v\u00fdb\u011brem na\u0161ich velk\u00fdch sklen\u011bn\u00fdch d\u00f3z s v\u00edky o objemu 1950 ml, kter\u00e9 by jim pomohly zvl\u00e1dnout kuchy\u0148. V\u00edka s texturou d\u0159eva jsou hlavn\u00edm d\u016fvodem efektivn\u00edho uzav\u0159en\u00ed, \u010d\u00edm\u017e se \u017eivotnost k\u00e1vov\u00fdch zrn prodlu\u017euje o 40 % a drasticky se sni\u017euje pl\u00fdtv\u00e1n\u00ed. Sklen\u011bn\u00e9 d\u00f3zy s velkou kapacitou pomohly zam\u011bstnanc\u016fm u\u0161et\u0159it p\u0159ibli\u017en\u011b 60 % \u010dasu pot\u0159ebn\u00e9ho k dopl\u0148ov\u00e1n\u00ed z\u00e1sob, proto\u017ee se sn\u00ed\u017eila \u010detnost t\u011bchto \u00fakol\u016f. Na z\u00e1klad\u011b t\u011bchto zlep\u0161en\u00ed v\u00fdkonu se \u0159et\u011bzec rozhodl po\u0159\u00eddit 50 000 d\u00f3z, aby se usnadnila standardizace skladovac\u00edch postup\u016f ve v\u0161ech prodejn\u00e1ch.<\/p>\n<h2>Velkoobjemov\u00e9 sklen\u011bn\u00e9 n\u00e1doby nab\u00edzej\u00ed mo\u017enosti p\u0159izp\u016fsoben\u00ed<\/h2>\n<ul>\n<li>Vylep\u0161en\u00ed v\u00edka z prav\u00e9ho d\u0159eva \u2013 Vym\u011b\u0148te v\u00edko s imitac\u00ed d\u0159eva za masivn\u00ed bambusov\u00e9 nebo dubov\u00e9 v\u00edko<\/li>\n<li>S\u00edtotiskov\u00e9 ozna\u010den\u00ed kapacity \u2013 Um\u00edst\u011bte na n\u00e1dobu trval\u00e9 ozna\u010den\u00ed m\u011b\u0159en\u00ed<\/li>\n<li>Matn\u00e9 dekorativn\u00ed li\u0161ty \u2013 Vyrobte matn\u00e9 kontrastn\u00ed li\u0161ty p\u00edskov\u00e1n\u00edm<\/li>\n<li>Silikonov\u00fd t\u011bsnic\u00ed krou\u017eek \u2013 Pro lep\u0161\u00ed ut\u011bsn\u011bn\u00ed nainstalujte do v\u00edka silikonov\u00fd t\u011bsnic\u00ed krou\u017eek<\/li>\n<li>Vitr\u00e1\u017e \u2013 Pro lep\u0161\u00ed ochranu p\u0159ed UV z\u00e1\u0159en\u00edm jsou k dispozici sklenice se sv\u011btle jantarov\u00fdm nebo zelen\u00fdm sklem.<\/li>\n<\/ul>","protected":false},"excerpt":{"rendered":"<p>Pr\u00e9miov\u00e1 sklen\u011bn\u00e1 n\u00e1doba s d\u0159ev\u011bn\u00fdm v\u00edkem, sklen\u011bn\u00e1 n\u00e1doba s v\u00edkem vyroben\u00fdm z \u010dir\u00e9ho borosilik\u00e1tov\u00e9ho skla s modern\u00edm tvarem. Dod\u00e1vka p\u0159\u00edmo od v\u00fdrobce, rychl\u00e9 dod\u00e1n\u00ed.<\/p>","protected":false},"featured_media":24429,"template":"","meta":[],"product_brand":[],"product_cat":[122,124,137],"product_tag":[],"class_list":{"0":"post-24427","1":"product","2":"type-product","3":"status-publish","4":"has-post-thumbnail","6":"product_cat-custom-glass-packaging","7":"product_cat-custom-glass-jars","8":"product_cat-glass-jars-with-lids","10":"first","11":"instock","12":"shipping-taxable","13":"product-type-simple"},"jetpack_sharing_enabled":true,"_links":{"self":[{"href":"https:\/\/yebodaglass.com\/cs\/wp-json\/wp\/v2\/product\/24427","targetHints":{"allow":["GET"]}}],"collection":[{"href":"https:\/\/yebodaglass.com\/cs\/wp-json\/wp\/v2\/product"}],"about":[{"href":"https:\/\/yebodaglass.com\/cs\/wp-json\/wp\/v2\/types\/product"}],"version-history":[{"count":5,"href":"https:\/\/yebodaglass.com\/cs\/wp-json\/wp\/v2\/product\/24427\/revisions"}],"predecessor-version":[{"id":24533,"href":"https:\/\/yebodaglass.com\/cs\/wp-json\/wp\/v2\/product\/24427\/revisions\/24533"}],"wp:featuredmedia":[{"embeddable":true,"href":"https:\/\/yebodaglass.com\/cs\/wp-json\/wp\/v2\/media\/24429"}],"wp:attachment":[{"href":"https:\/\/yebodaglass.com\/cs\/wp-json\/wp\/v2\/media?parent=24427"}],"wp:term":[{"taxonomy":"product_brand","embeddable":true,"href":"https:\/\/yebodaglass.com\/cs\/wp-json\/wp\/v2\/product_brand?post=24427"},{"taxonomy":"product_cat","embeddable":true,"href":"https:\/\/yebodaglass.com\/cs\/wp-json\/wp\/v2\/product_cat?post=24427"},{"taxonomy":"product_tag","embeddable":true,"href":"https:\/\/yebodaglass.com\/cs\/wp-json\/wp\/v2\/product_tag?post=24427"}],"curies":[{"name":"wp","href":"https:\/\/api.w.org\/{rel}","templated":true}]}}