{"id":24404,"date":"2025-12-16T10:55:52","date_gmt":"2025-12-16T02:55:52","guid":{"rendered":"https:\/\/yebodaglass.com\/?post_type=product&#038;p=24404"},"modified":"2025-12-23T10:16:06","modified_gmt":"2025-12-23T02:16:06","slug":"clear-glass-canister-with-wood-lid-bulk","status":"publish","type":"product","link":"https:\/\/yebodaglass.com\/cs\/clear-glass-canister-with-wood-lid-bulk\/","title":{"rendered":"Sklen\u011bn\u00e1 n\u00e1doba z \u010dir\u00e9ho skla 500ml 800ml 1200ml s d\u0159ev\u011bn\u00fdm v\u00edkem"},"content":{"rendered":"<p data-start=\"66\" data-end=\"288\">Tato atraktivn\u00ed sklen\u011bn\u00e1 d\u00f3za s d\u0159ev\u011bn\u00fdm v\u00edkem se vyzna\u010duje \u0161t\u00edhl\u00fdm, rovn\u00fdm t\u011blem, kter\u00e9 elegantn\u011b p\u0159ech\u00e1z\u00ed do m\u00edrn\u011b u\u017e\u0161\u00edho ramene, a je uzav\u0159ena kulatou korkovou z\u00e1tkou z p\u0159\u00edrodn\u00edho korku. Je vyrobena z pr\u016fhledn\u00e9ho borosilik\u00e1tov\u00e9ho skla, tak\u017ee je velmi pevn\u00e1.<\/p>\n<h2>Vlastnosti produktu<\/h2>\n<ul>\n<li><strong>Design kulov\u00e9 korkov\u00e9 z\u00e1tky:<\/strong> Kulat\u00e1 z\u00e1tka z p\u0159\u00edrodn\u00edho korku dod\u00e1v\u00e1 sklenici atraktivn\u011bj\u0161\u00ed vzhled a tak\u00e9 usnad\u0148uje otev\u00edr\u00e1n\u00ed a vyj\u00edm\u00e1n\u00ed obsahu.<\/li>\n<li><strong>Jak\u00e9 jsou v\u00fdhody vysoce borosilik\u00e1tov\u00e9ho skla:<\/strong> Vysoce borosilik\u00e1tov\u00e9 sklo pou\u017eit\u00e9 p\u0159i v\u00fdrob\u011b n\u00e1doby ji \u010din\u00ed odolnou v\u016f\u010di tepeln\u00fdm \u0161ok\u016fm a chemick\u00e9 korozi, a proto si zachov\u00e1v\u00e1 svou trvanlivost po dlouhou dobu.<\/li>\n<li><strong>Vrchn\u00ed materi\u00e1l, velmi pr\u016fhledn\u00fd:<\/strong> Sklenice je dokonale pr\u016fhledn\u00e1 a tato funkce je velmi u\u017eite\u010dn\u00e1 pro vystaven\u00ed produkt\u016f ulo\u017een\u00fdch v n\u00ed.<\/li>\n<\/ul>\n<h2 style=\"text-align: left;\">Kl\u00ed\u010dov\u00e9 specifikace<\/h2>\n<table class=\"aligncenter\" style=\"border-collapse: collapse; width: 452.27pt;\" border=\"0\" width=\"603\" cellspacing=\"0\" cellpadding=\"0\">\n<tbody>\n<tr style=\"height: 13.50pt;\">\n<td style=\"height: 13.50pt; width: 101.25pt;\" width=\"135\" height=\"18\">Specifikace<\/td>\n<td style=\"width: 351.00pt;\" width=\"468\">Podrobnosti<\/td>\n<\/tr>\n<tr style=\"height: 13.50pt;\">\n<td style=\"height: 13.50pt;\" height=\"18\">Kapacita<\/td>\n<td>500ml \/ 800ml \/ 1200ml<\/td>\n<\/tr>\n<tr style=\"height: 13.50pt;\">\n<td style=\"height: 13.50pt;\" height=\"18\">Rozm\u011bry<\/td>\n<td>9\u00d710cm\/9\u00d715.5cm\/9\u00d720cm<\/td>\n<\/tr>\n<tr style=\"height: 13.50pt;\">\n<td style=\"height: 13.50pt;\" height=\"18\">Materi\u00e1l<\/td>\n<td>Vysoce borosilik\u00e1tov\u00e9 sklo<\/td>\n<\/tr>\n<tr style=\"height: 13.50pt;\">\n<td style=\"height: 13.50pt;\" height=\"18\">Typ v\u00edka<\/td>\n<td>Kulat\u00e1 z\u00e1tka z p\u0159\u00edrodn\u00edho korku (k dispozici i d\u0159ev\u011bn\u00e1 varianta v\u00ed\u010dka)<\/td>\n<\/tr>\n<tr style=\"height: 13.50pt;\">\n<td style=\"height: 13.50pt;\" height=\"18\">Materi\u00e1ln\u00ed vlastnosti<\/td>\n<td>Odoln\u00e9 v\u016f\u010di teplotn\u00edm \u0161ok\u016fm, vysok\u00e1 pr\u016fhlednost, chemicky stabiln\u00ed<\/td>\n<\/tr>\n<tr style=\"height: 13.50pt;\">\n<td style=\"height: 13.50pt;\" height=\"18\">Ide\u00e1ln\u00ed pro<\/td>\n<td>Sklen\u011bn\u00e1 n\u00e1doba s d\u0159ev\u011bn\u00fdm v\u00edkem, sklen\u011bn\u00e9 n\u00e1doby s v\u00edky<\/td>\n<\/tr>\n<\/tbody>\n<\/table>\n<h2>P\u0159\u00edb\u011bh o \u00fasp\u011bchu \u0159emesln\u00e9 potravin\u00e1\u0159sk\u00e9 zna\u010dky na trhu<\/h2>\n<p>V\u00fdrobce specializovan\u00fdch potravin m\u011bl z\u00e1jem o zv\u00fd\u0161en\u00ed pov\u011bdom\u00ed o zna\u010dce. Za t\u00edmto \u00fa\u010delem pou\u017eil na\u0161i sklen\u011bnou n\u00e1dobu o objemu 1200 ml s d\u0159ev\u011bn\u00fdm v\u00edkem pro sv\u00e9 typick\u00e9 cere\u00e1lie. Vzduchot\u011bsn\u00e1 d\u0159ev\u011bn\u00e1 v\u00edka na m\u00edru vedla k prodlou\u017een\u00ed trvanlivosti o v\u00edce ne\u017e 12 m\u011bs\u00edc\u016f a m\u00edra zka\u017eenosti klesla o 65 %. Modern\u00ed design zv\u00fd\u0161il atraktivitu produktu pro maloobchodn\u00edky, a proto se po\u010det nov\u00fdch maloobchodn\u00edk\u016f zv\u00fd\u0161il o 45 %. V souladu s t\u00edm provedli dodate\u010dnou objedn\u00e1vku 350 000 kus\u016f.<\/p>\n<h2>Sklen\u011bn\u00e1 n\u00e1doba na m\u00edru s mo\u017enost\u00ed v\u00edka<\/h2>\n<ul>\n<li>Povrchov\u00e1 \u00faprava d\u0159ev\u011bn\u00e9ho v\u00edka na m\u00edru \u2013 dub, bambus nebo o\u0159ech \u2013 si vyberete a k dispozici je tak\u00e9 \u0161irok\u00e1 \u0161k\u00e1la mo\u017enost\u00ed mo\u0159en\u00ed.<\/li>\n<li>Laserov\u00e9 grav\u00edrov\u00e1n\u00ed \u2013 P\u0159esn\u00e9 um\u00edst\u011bn\u00ed loga nebo designu na sklen\u011bn\u00fd povrch pomoc\u00ed laserov\u00e9ho grav\u00edrov\u00e1n\u00ed.<\/li>\n<li>S\u00edtotiskov\u00e9 zna\u010den\u00ed kapacity \u2013 Na sklo se s\u00edtotiskem um\u00edst\u00ed z\u0159eteln\u00e9, \u010das od \u010dasu neopot\u0159ebiteln\u00e9 m\u011b\u0159ic\u00ed zna\u010dky.<\/li>\n<li>D\u0159ev\u011bn\u00e9 v\u00edko s korkovou pod\u0161\u00edvkou \u2013 D\u0159ev\u011bn\u00e9 v\u00edko s korkovou pod\u0161\u00edvkou se perfektn\u011b hod\u00ed k uzav\u0159en\u00ed.<\/li>\n<li>Vlastnosti barevn\u00e9ho skla \u2013 M\u016f\u017eete ho m\u00edt ve sklen\u011bn\u00e9 n\u00e1dob\u011b s m\u00edrn\u011b jantarov\u00fdm nebo zelen\u00fdm odst\u00ednem na okraji.<\/li>\n<\/ul>","protected":false},"excerpt":{"rendered":"<p>Pr\u00e9miov\u00e1 sklen\u011bn\u00e1 n\u00e1doba s d\u0159ev\u011bn\u00fdm v\u00edkem, sklen\u011bn\u00e1 n\u00e1doba s v\u00edkem vyroben\u00fdm z \u010dir\u00e9ho borosilik\u00e1tov\u00e9ho skla s modern\u00edm tvarem. Dod\u00e1vka p\u0159\u00edmo od v\u00fdrobce, rychl\u00e9 dod\u00e1n\u00ed.<\/p>","protected":false},"featured_media":24411,"template":"","meta":[],"product_brand":[],"product_cat":[122,124,137],"product_tag":[],"class_list":{"0":"post-24404","1":"product","2":"type-product","3":"status-publish","4":"has-post-thumbnail","6":"product_cat-custom-glass-packaging","7":"product_cat-custom-glass-jars","8":"product_cat-glass-jars-with-lids","10":"first","11":"instock","12":"shipping-taxable","13":"product-type-simple"},"jetpack_sharing_enabled":true,"_links":{"self":[{"href":"https:\/\/yebodaglass.com\/cs\/wp-json\/wp\/v2\/product\/24404","targetHints":{"allow":["GET"]}}],"collection":[{"href":"https:\/\/yebodaglass.com\/cs\/wp-json\/wp\/v2\/product"}],"about":[{"href":"https:\/\/yebodaglass.com\/cs\/wp-json\/wp\/v2\/types\/product"}],"version-history":[{"count":5,"href":"https:\/\/yebodaglass.com\/cs\/wp-json\/wp\/v2\/product\/24404\/revisions"}],"predecessor-version":[{"id":24535,"href":"https:\/\/yebodaglass.com\/cs\/wp-json\/wp\/v2\/product\/24404\/revisions\/24535"}],"wp:featuredmedia":[{"embeddable":true,"href":"https:\/\/yebodaglass.com\/cs\/wp-json\/wp\/v2\/media\/24411"}],"wp:attachment":[{"href":"https:\/\/yebodaglass.com\/cs\/wp-json\/wp\/v2\/media?parent=24404"}],"wp:term":[{"taxonomy":"product_brand","embeddable":true,"href":"https:\/\/yebodaglass.com\/cs\/wp-json\/wp\/v2\/product_brand?post=24404"},{"taxonomy":"product_cat","embeddable":true,"href":"https:\/\/yebodaglass.com\/cs\/wp-json\/wp\/v2\/product_cat?post=24404"},{"taxonomy":"product_tag","embeddable":true,"href":"https:\/\/yebodaglass.com\/cs\/wp-json\/wp\/v2\/product_tag?post=24404"}],"curies":[{"name":"wp","href":"https:\/\/api.w.org\/{rel}","templated":true}]}}