{"id":24381,"date":"2025-12-16T09:05:30","date_gmt":"2025-12-16T01:05:30","guid":{"rendered":"https:\/\/yebodaglass.com\/?post_type=product&#038;p=24381"},"modified":"2025-12-23T10:16:46","modified_gmt":"2025-12-23T02:16:46","slug":"bulk-high-borosilicate-glass-canisters-with-cork-lids","status":"publish","type":"product","link":"https:\/\/yebodaglass.com\/cs\/bulk-high-borosilicate-glass-canisters-with-cork-lids\/","title":{"rendered":"Velkoobjemov\u00e9 d\u00f3zy z borosilik\u00e1tov\u00e9ho skla s korkov\u00fdm v\u00ed\u010dkem 150 ml 300 ml 600 ml 1100 ml"},"content":{"rendered":"<p data-start=\"66\" data-end=\"288\">Tyto sklen\u011bn\u00e9 d\u00f3zy p\u0159edstavuj\u00ed modern\u00ed a zjednodu\u0161en\u00fd koncept lahve na ml\u00e9ko, kter\u00e1 je uzav\u0159ena korkem. Jsou vyrobeny z prvot\u0159\u00eddn\u00edho borosilik\u00e1tov\u00e9ho skla, proto jsou velmi \u010dir\u00e9 a velmi \u00fa\u010dinn\u011b odr\u00e1\u017eej\u00ed tepeln\u00e9 \u0161oky.<\/p>\n<h2>Vlastnosti produktu<\/h2>\n<ul>\n<li><strong>Vysok\u00fd v\u00fdkon borosilik\u00e1tov\u00e9ho skla:<\/strong> Vysoce odoln\u00e9 borosilik\u00e1tov\u00e9 sklo zvl\u00e1dne r\u016fzn\u00e9 teploty, i kdy\u017e se m\u011bn\u00ed velmi rychle, a materi\u00e1l neprask\u00e1.<\/li>\n<li><strong>T\u011bsn\u011bn\u00ed z \u010dist\u00e9ho korku:<\/strong> Korkov\u00e1 z\u00e1tka je \u00fa\u010dinn\u00e9 t\u011bsn\u011bn\u00ed, kter\u00e9 zabra\u0148uje pronik\u00e1n\u00ed vzduchu a vlhkosti.<\/li>\n<li><strong>Stylov\u00fd tvar l\u00e1hve na ml\u00e9ko:<\/strong> Model designu, kter\u00fd nad\u010dasov\u011b okouzl\u00ed ka\u017edou kuchy\u0148.<\/li>\n<li><strong>Varianty v objemu:<\/strong> \u010cty\u0159i r\u016fzn\u00e9 objemy pro spln\u011bn\u00ed r\u016fzn\u00fdch pot\u0159eb \u00falo\u017ei\u0161t\u011b.<\/li>\n<\/ul>\n<h2 style=\"text-align: left;\">Kl\u00ed\u010dov\u00e9 specifikace<\/h2>\n<table class=\"aligncenter\" style=\"border-collapse: collapse; width: 419.27pt;\" border=\"0\" width=\"559\" cellspacing=\"0\" cellpadding=\"0\">\n<tbody>\n<tr style=\"height: 13.50pt;\">\n<td style=\"height: 13.50pt; width: 101.25pt;\" width=\"135\" height=\"18\">Specifikace<\/td>\n<td style=\"width: 318.00pt;\" width=\"424\">Podrobnosti<\/td>\n<\/tr>\n<tr style=\"height: 13.50pt;\">\n<td style=\"height: 13.50pt;\" height=\"18\">Kapacita<\/td>\n<td>150 ml \/ 300 ml \/ 600 ml \/ 1100 ml<\/td>\n<\/tr>\n<tr style=\"height: 13.50pt;\">\n<td style=\"height: 13.50pt;\" height=\"18\">Rozm\u011bry<\/td>\n<td>6\u00d711cm\/6.5\u00d715cm\/8\u00d719cm\/8.5\u00d726cm<\/td>\n<\/tr>\n<tr style=\"height: 13.50pt;\">\n<td style=\"height: 13.50pt;\" height=\"18\">Materi\u00e1l<\/td>\n<td>Vysoce borosilik\u00e1tov\u00e9 sklo<\/td>\n<\/tr>\n<tr style=\"height: 13.50pt;\">\n<td style=\"height: 13.50pt;\" height=\"18\">Typ v\u00edka<\/td>\n<td>P\u0159\u00edrodn\u00ed korkov\u00e1 z\u00e1tka<\/td>\n<\/tr>\n<tr style=\"height: 13.50pt;\">\n<td style=\"height: 13.50pt;\" height=\"18\">Materi\u00e1ln\u00ed vlastnosti<\/td>\n<td>Odoln\u00e9 v\u016f\u010di tepeln\u00fdm n\u00e1raz\u016fm, vysok\u00e1 \u010distota<\/td>\n<\/tr>\n<tr style=\"height: 13.50pt;\">\n<td style=\"height: 13.50pt;\" height=\"18\">Ide\u00e1ln\u00ed pro<\/td>\n<td>Sklen\u011bn\u00e9 d\u00f3zy, sklen\u011bn\u00e9 d\u00f3zy do kuchyn\u011b<\/td>\n<\/tr>\n<\/tbody>\n<\/table>\n<h2>P\u0159\u00edb\u011bh \u00fasp\u011bchu: Vylep\u0161en\u00ed zna\u010dky pro pra\u017e\u00edrnu speci\u00e1ln\u00ed k\u00e1vy<\/h2>\n<p>Luxusn\u00ed k\u00e1vov\u00e1 spole\u010dnost hledala pro svou \u0159adu k\u00e1vov\u00fdch zrn unik\u00e1tn\u00ed obal. Rozhodli se pro na\u0161e sklen\u011bn\u00e9 d\u00f3zy o objemu 600 ml s v\u00ed\u010dky. Kr\u00e1sn\u00e9 borosilik\u00e1tov\u00e9 sklo zvl\u00e1dne zm\u011bny teplot z ledni\u010dky na pokojovou teplotu bez prask\u00e1n\u00ed. M\u00edra rozbit\u00ed se tak sn\u00ed\u017eila o 40 %. Z\u00e1kazn\u00edci podle zp\u011btn\u00e9 vazby uv\u00e1d\u011bj\u00ed, \u017ee p\u0159\u00edrodn\u00ed korkov\u00e9 t\u011bsn\u011bn\u00ed umo\u017enilo zachovat \u010derstvost k\u00e1vov\u00fdch zrn o 50 % d\u00e9le ne\u017e u p\u0159edchoz\u00edho balen\u00ed. Maloobchodn\u00edci uv\u00e1d\u011bj\u00ed, \u017ee pr\u00e9miov\u00fd vzhled vedl k 25% n\u00e1r\u016fstu ceny, zat\u00edmco tr\u017eby se ve skute\u010dnosti zv\u00fd\u0161ily o 30 %. Na z\u00e1klad\u011b t\u011bchto zji\u0161t\u011bn\u00ed spole\u010dnost zadala novou objedn\u00e1vku 200 000 sklen\u011bn\u00fdch d\u00f3z a pl\u00e1nuje uv\u00e9st novou maloobchodn\u00ed produktovou \u0159adu na r\u016fzn\u00e9 trhy.<\/p>\n<h2>Mo\u017enosti p\u0159izp\u016fsoben\u00ed sklen\u011bn\u00fdch n\u00e1dob<\/h2>\n<ul>\n<li>Zak\u00e1zkov\u00e1 ra\u017eba korku \u2013 Nechte si vyrazit logo nebo design va\u0161\u00ed zna\u010dky na p\u0159\u00edrodn\u00ed korek.<\/li>\n<li>S\u00edtotisky poti\u0161t\u011bn\u00e9 etikety \u2013 Pro tisk informac\u00ed o produktu pou\u017eijte odoln\u00fd keramick\u00fd inkoust.<\/li>\n<li>Reli\u00e9fn\u00ed zna\u010den\u00ed kapacity \u2013 Vytv\u00e1\u0159\u00ed jemn\u00e9 vyv\u00fd\u0161en\u00e9 stupnice.<\/li>\n<li>Mo\u017enosti vitr\u00e1\u017e\u00ed \u2013 D\u00edky barevn\u00e9mu proveden\u00ed je vhodn\u00e9 pro obsah citliv\u00fd na sv\u011btlo.<\/li>\n<li>Vlastn\u00ed barvy korku \u2013 Existuje \u0159ada odst\u00edn\u016f p\u0159\u00edrodn\u00edho korku, ze kter\u00fdch si m\u016f\u017eete vybrat.<\/li>\n<\/ul>","protected":false},"excerpt":{"rendered":"<p>Odoln\u00e9 sklen\u011bn\u00e9 n\u00e1doby, sklen\u011bn\u00e9 n\u00e1doby s v\u00edky z vysoce borosilik\u00e1tov\u00e9ho skla a korkov\u00e9 v\u00edky. Kontrola kvality ve v\u00fdrob\u011b, slevy p\u0159i velk\u00e9m odb\u011bru.<\/p>","protected":false},"featured_media":24399,"template":"","meta":[],"product_brand":[],"product_cat":[122,124,137],"product_tag":[],"class_list":{"0":"post-24381","1":"product","2":"type-product","3":"status-publish","4":"has-post-thumbnail","6":"product_cat-custom-glass-packaging","7":"product_cat-custom-glass-jars","8":"product_cat-glass-jars-with-lids","10":"first","11":"instock","12":"shipping-taxable","13":"product-type-simple"},"jetpack_sharing_enabled":true,"_links":{"self":[{"href":"https:\/\/yebodaglass.com\/cs\/wp-json\/wp\/v2\/product\/24381","targetHints":{"allow":["GET"]}}],"collection":[{"href":"https:\/\/yebodaglass.com\/cs\/wp-json\/wp\/v2\/product"}],"about":[{"href":"https:\/\/yebodaglass.com\/cs\/wp-json\/wp\/v2\/types\/product"}],"version-history":[{"count":5,"href":"https:\/\/yebodaglass.com\/cs\/wp-json\/wp\/v2\/product\/24381\/revisions"}],"predecessor-version":[{"id":24536,"href":"https:\/\/yebodaglass.com\/cs\/wp-json\/wp\/v2\/product\/24381\/revisions\/24536"}],"wp:featuredmedia":[{"embeddable":true,"href":"https:\/\/yebodaglass.com\/cs\/wp-json\/wp\/v2\/media\/24399"}],"wp:attachment":[{"href":"https:\/\/yebodaglass.com\/cs\/wp-json\/wp\/v2\/media?parent=24381"}],"wp:term":[{"taxonomy":"product_brand","embeddable":true,"href":"https:\/\/yebodaglass.com\/cs\/wp-json\/wp\/v2\/product_brand?post=24381"},{"taxonomy":"product_cat","embeddable":true,"href":"https:\/\/yebodaglass.com\/cs\/wp-json\/wp\/v2\/product_cat?post=24381"},{"taxonomy":"product_tag","embeddable":true,"href":"https:\/\/yebodaglass.com\/cs\/wp-json\/wp\/v2\/product_tag?post=24381"}],"curies":[{"name":"wp","href":"https:\/\/api.w.org\/{rel}","templated":true}]}}