{"id":24324,"date":"2025-12-12T12:00:03","date_gmt":"2025-12-12T04:00:03","guid":{"rendered":"https:\/\/yebodaglass.com\/?post_type=product&#038;p=24324"},"modified":"2025-12-16T11:42:50","modified_gmt":"2025-12-16T03:42:50","slug":"glass-empty-water-bottles-for-drinking-wholesale","status":"publish","type":"product","link":"https:\/\/yebodaglass.com\/cs\/glass-empty-water-bottles-for-drinking-wholesale\/","title":{"rendered":"550ml sklen\u011bn\u00e9 pr\u00e1zdn\u00e9 lahve na vodu pro velkoobchod s pit\u00edm"},"content":{"rendered":"<p>U\u017e v\u00e1s nebav\u00ed sklen\u011bn\u00e9 lahve, kter\u00e9 neodpov\u00eddaj\u00ed stylu va\u0161\u00ed zna\u010dky. Vyr\u00e1b\u00edme pr\u00e1zdn\u00e9 sklen\u011bn\u00e9 lahve na vodu \u2013 vyroben\u00e9 pro zna\u010dky, kter\u00e9 po\u017eaduj\u00ed kvalitu. Tyto pr\u00e1zdn\u00e9 lahve na vodu prom\u011bn\u00ed ka\u017edodenn\u00ed hydrataci ve stylov\u00fd prvek zna\u010dky. P\u0159i hromadn\u00fdch objedn\u00e1vk\u00e1ch z\u00edsk\u00e1te povrchovou \u00fapravu na m\u00edru, kter\u00e1 bude ladit s va\u0161\u00ed zna\u010dkou.<\/p>\n<h2>Vlastnosti produktu<\/h2>\n<p><strong>\u0160irok\u00fd otvor 38 mm<\/strong><\/p>\n<p>Snadn\u00e9 pln\u011bn\u00ed ovocem nebo ledem \u2013 u\u017e \u017e\u00e1dn\u00e9 nep\u0159\u00edjemn\u00e9 n\u00e1levy pro hydrataci.<\/p>\n<p><strong>Odoln\u00e9 borosilik\u00e1tov\u00e9 sklo<\/strong><\/p>\n<p>\u017d\u00e1dn\u00fd tepeln\u00fd \u0161ok \u2013 vhodn\u00e9 do mrazni\u010dky, my\u010dky n\u00e1dob\u00ed a vyroben\u00e9 pro dlouhou \u017eivotnost.<\/p>\n<p><strong>Nepropustn\u00e9 v\u00edko z nerezov\u00e9 oceli<\/strong><\/p>\n<p>Udr\u017euje obsah v bezpe\u010d\u00ed \u2013 ide\u00e1ln\u00ed pro udr\u017een\u00ed hydratace na cest\u00e1ch.<\/p>\n<p><strong>P\u0159izp\u016fsobiteln\u00fd silikonov\u00fd obal<\/strong><\/p>\n<p>P\u0159idejte sv\u00e9 logo \u2013 a va\u0161e opakovan\u011b pou\u017eiteln\u00e1 sklen\u011bn\u00e1 l\u00e1hev na vodu bude nezapomenuteln\u00e1.<\/p>\n<h2>Kl\u00ed\u010dov\u00e9 specifikace<\/h2>\n<table style=\"border-collapse: collapse; width: 80%; margin-left: auto; margin-right: auto;\" border=\"0\" width=\"360\" cellspacing=\"0\" cellpadding=\"0\">\n<tbody>\n<tr style=\"height: 13.50pt;\">\n<td style=\"height: 13.5pt; width: 54pt; text-align: center;\" width=\"72\" height=\"18\">Kapacita<\/td>\n<td style=\"width: 54pt; text-align: center;\" width=\"72\">Velikost (cm)<\/td>\n<td style=\"width: 54pt; text-align: center;\" width=\"72\">Pr\u016fm\u011br<\/td>\n<td style=\"width: 54pt; text-align: center;\" width=\"72\">Materi\u00e1l<\/td>\n<td style=\"width: 54pt; text-align: center;\" width=\"72\">Barva<\/td>\n<\/tr>\n<tr style=\"height: 13.50pt;\">\n<td style=\"height: 13.5pt; text-align: center;\" height=\"18\">550ml<\/td>\n<td style=\"text-align: center;\">6.6&#215;22.3<\/td>\n<td style=\"text-align: center;\">38mm<\/td>\n<td style=\"text-align: center;\">Borosilik\u00e1t<\/td>\n<td style=\"text-align: center;\">Vymazat nebo Vlastn\u00ed<\/td>\n<\/tr>\n<\/tbody>\n<\/table>\n<h2>P\u0159\u00edpad \u00fasp\u011bchu<\/h2>\n<p>Jeden z hlavn\u00edch jihov\u00fdchodn\u00edch asijsk\u00fdch \u0159et\u011bzc\u016f za studena lisovan\u00fdch d\u017eus\u016f, kter\u00fd se sna\u017e\u00ed roz\u0161\u00ed\u0159it sv\u00e9 podnik\u00e1n\u00ed v oblasti balen\u00fdch n\u00e1poj\u016f, pot\u0159eboval obal, kter\u00fd by odolal p\u0159eprav\u011b za studena a z\u00e1rove\u0148 by v reg\u00e1lu vypadal atraktivn\u011bji a luxusn\u011bji. Vybrali si tuto pr\u00e1zdnou l\u00e1hev na vodu se \u0161irok\u00fdm hrdlem a my jsme p\u0159izp\u016fsobili velikost v\u00ed\u010dka a etikety tak, aby odpov\u00eddala barv\u00e1m jejich zna\u010dky.<\/p>\n<p>Jakmile byly provedeny zm\u011bny, jejich prodej pr\u00e9miov\u00fdch d\u017eus\u016f se zv\u00fd\u0161il o t\u00e9m\u011b\u0159 30 %.<\/p>\n<h2>V\u00e1\u0161 n\u00e1vod na \u00fapravy<\/h2>\n<ol>\n<li>Zm\u011bnou pr\u016fm\u011bru hrdla, designu dna nebo pom\u011br\u016f t\u011bla lahve m\u016f\u017eeme zaru\u010dit nejlep\u0161\u00ed mo\u017enou kompatibilitu s plnic\u00edmi linkami a tak\u00e9 zv\u00fd\u0161it \u00farove\u0148 vizu\u00e1ln\u00ed odli\u0161nosti.<\/li>\n<li>Na\u0161e za\u0159\u00edzen\u00ed je vybaveno pro va\u0161e po\u017eadavky na s\u00edtotisk, horkou ra\u017ebu, etiketov\u00e1n\u00ed a matn\u00fd povrch. D\u00e1v\u00e1me v\u00e1m svobodu v\u00fdb\u011bru nejvhodn\u011bj\u0161\u00edho vizu\u00e1ln\u00edho zobrazen\u00ed, kter\u00e9 bude odpov\u00eddat image va\u0161\u00ed zna\u010dky.<\/li>\n<li>V\u00ed\u010dka lahv\u00ed dok\u00e1\u017eeme vyrobit v r\u016fzn\u00fdch odst\u00ednech nebo z r\u016fzn\u00fdch materi\u00e1l\u016f (nap\u0159. nerezovou ocel, galvanick\u00e9 pokovov\u00e1n\u00ed a n\u00e1st\u0159ik), abychom v\u00e1m pomohli z va\u0161eho zbo\u017e\u00ed ud\u011blat st\u0159edem pozornosti na reg\u00e1lech.<\/li>\n<\/ol>","protected":false},"excerpt":{"rendered":"<p>Empty water bottles with a wide mouth, ideal for drinking brands. Reliable supplier offering customizable water bottels and bulk orders. Free sample.<\/p>","protected":false},"featured_media":24336,"template":"","meta":[],"product_brand":[],"product_cat":[123,122,136],"product_tag":[],"class_list":{"0":"post-24324","1":"product","2":"type-product","3":"status-publish","4":"has-post-thumbnail","6":"product_cat-custom-glass-bottles","7":"product_cat-custom-glass-packaging","8":"product_cat-glass-water-bottles","10":"first","11":"instock","12":"shipping-taxable","13":"product-type-simple"},"jetpack_sharing_enabled":true,"_links":{"self":[{"href":"https:\/\/yebodaglass.com\/cs\/wp-json\/wp\/v2\/product\/24324","targetHints":{"allow":["GET"]}}],"collection":[{"href":"https:\/\/yebodaglass.com\/cs\/wp-json\/wp\/v2\/product"}],"about":[{"href":"https:\/\/yebodaglass.com\/cs\/wp-json\/wp\/v2\/types\/product"}],"version-history":[{"count":5,"href":"https:\/\/yebodaglass.com\/cs\/wp-json\/wp\/v2\/product\/24324\/revisions"}],"predecessor-version":[{"id":24413,"href":"https:\/\/yebodaglass.com\/cs\/wp-json\/wp\/v2\/product\/24324\/revisions\/24413"}],"wp:featuredmedia":[{"embeddable":true,"href":"https:\/\/yebodaglass.com\/cs\/wp-json\/wp\/v2\/media\/24336"}],"wp:attachment":[{"href":"https:\/\/yebodaglass.com\/cs\/wp-json\/wp\/v2\/media?parent=24324"}],"wp:term":[{"taxonomy":"product_brand","embeddable":true,"href":"https:\/\/yebodaglass.com\/cs\/wp-json\/wp\/v2\/product_brand?post=24324"},{"taxonomy":"product_cat","embeddable":true,"href":"https:\/\/yebodaglass.com\/cs\/wp-json\/wp\/v2\/product_cat?post=24324"},{"taxonomy":"product_tag","embeddable":true,"href":"https:\/\/yebodaglass.com\/cs\/wp-json\/wp\/v2\/product_tag?post=24324"}],"curies":[{"name":"wp","href":"https:\/\/api.w.org\/{rel}","templated":true}]}}