{"id":24249,"date":"2025-12-03T10:18:31","date_gmt":"2025-12-03T02:18:31","guid":{"rendered":"https:\/\/yebodaglass.com\/?post_type=product&#038;p=24249"},"modified":"2026-03-12T16:37:09","modified_gmt":"2026-03-12T08:37:09","slug":"double-walled-glass-drinking-bottles-with-stainless-steel-lid","status":"publish","type":"product","link":"https:\/\/yebodaglass.com\/cs\/double-walled-glass-drinking-bottles-with-stainless-steel-lid\/","title":{"rendered":"Dvoust\u011bnn\u00e9 sklen\u011bn\u00e9 lahve na pit\u00ed s \u200b\u200bv\u00ed\u010dkem z nerezov\u00e9 oceli"},"content":{"rendered":"<p>Tyto sklen\u011bn\u00e9 lahve na pit\u00ed se vyzna\u010duj\u00ed elegantn\u00edm v\u00e1lcov\u00fdm profilem vyroben\u00fdm z odoln\u00e9ho borosilik\u00e1tov\u00e9ho skla v kombinaci s modern\u00ed dvojitou st\u011bnou. T\u011blo sklen\u011bn\u00e9 lahve je pr\u016fhledn\u00e9, co\u017e zd\u016fraz\u0148uje konzistenci n\u00e1poj\u016f, pom\u00e1h\u00e1 udr\u017eovat teplo a eliminuje tepeln\u00fd \u0161ok. Lahve maj\u00ed z\u00e1vitov\u00e9 v\u00edko z nerezov\u00e9 oceli a odn\u00edmateln\u00fd filtr z nerezov\u00e9 oceli 304 pro filtrov\u00e1n\u00ed \u010dajov\u00fdch l\u00edstk\u016f nebo du\u017einy. Sklen\u011bn\u00e1 lahev na vodu m\u00e1 \u0161irok\u00e9 hrdlo, proto se snadno pln\u00ed a \u010dist\u00ed. Minimalistick\u00fd design je vhodn\u00fd do kancel\u00e1\u0159\u00ed, posiloven a na cestov\u00e1n\u00ed. Tyto opakovan\u011b pou\u017eiteln\u00e9 sklen\u011bn\u00e9 lahve na vodu jsou ekologick\u00e9 a pom\u00e1haj\u00ed u\u017eivatel\u016fm z\u016fstat hydratovan\u00ed a propaguj\u00ed udr\u017eiteln\u00fd \u017eivotn\u00ed styl.<\/p>\n<h2>Kl\u00ed\u010dov\u00e9 specifikace<\/h2>\n<table style=\"border-collapse: collapse; width: 80%; margin-left: auto; margin-right: auto;\" border=\"0\" width=\"873\" cellspacing=\"0\" cellpadding=\"0\">\n<tbody>\n<tr style=\"height: 13.50pt;\">\n<td style=\"height: 13.50pt; width: 117.75pt;\" width=\"157\" height=\"18\">Mo\u017enosti kapacity<\/td>\n<td style=\"width: 537.00pt;\" width=\"716\">350ml \/ 500ml \/ 700ml<\/td>\n<\/tr>\n<tr style=\"height: 13.50pt;\">\n<td style=\"height: 13.50pt;\" height=\"18\">Materi\u00e1l<\/td>\n<td>Borosilik\u00e1tov\u00e9 sklo, v\u00edko z nerezov\u00e9 oceli, filtr z nerezov\u00e9 oceli 304, silikonov\u00e9 t\u011bsn\u011bn\u00ed<\/td>\n<\/tr>\n<tr style=\"height: 13.50pt;\">\n<td style=\"height: 13.50pt;\" height=\"18\">Struktura<\/td>\n<td>V\u00e1lcov\u00e1 dvoust\u011bnn\u00e1 l\u00e1hev na vodu<\/td>\n<\/tr>\n<tr style=\"height: 13.50pt;\">\n<td style=\"height: 13.50pt;\" height=\"18\">Typ v\u00edka<\/td>\n<td>Z\u00e1vitov\u00e9 v\u00edko z nerezov\u00e9 oceli, nepropustn\u00e9<\/td>\n<\/tr>\n<tr style=\"height: 13.50pt;\">\n<td style=\"height: 13.50pt;\" height=\"18\">Filtr<\/td>\n<td>Odn\u00edmateln\u00fd nerezov\u00fd \u010dajov\u00fd filtr s rukojet\u00ed<\/td>\n<\/tr>\n<tr style=\"height: 13.50pt;\">\n<td style=\"height: 13.50pt;\" height=\"18\">Pe\u010de\u0165<\/td>\n<td>Siln\u00fd silikonov\u00fd t\u011bsnic\u00ed krou\u017eek pro v\u00fdkon bez kap\u00e1n\u00ed<\/td>\n<\/tr>\n<tr style=\"height: 13.50pt;\">\n<td style=\"height: 13.50pt;\" height=\"18\">Vlastn\u00ed mo\u017enosti<\/td>\n<td>Potisk loga, barevn\u00fd n\u00e1t\u011br, silikonov\u00fd obal, design v\u00edka, stupnice, balen\u00ed<\/td>\n<\/tr>\n<tr style=\"height: 13.50pt;\">\n<td style=\"height: 13.50pt;\" height=\"18\">Bezpe\u010dnost<\/td>\n<td>Vhodn\u00e9 do my\u010dky n\u00e1dob\u00ed, vhodn\u00e9 do mrazni\u010dky, odoln\u00e9 v\u016f\u010di teplotn\u00edm \u0161ok\u016fm<\/td>\n<\/tr>\n<tr style=\"height: 13.50pt;\">\n<td style=\"height: 13.50pt;\" height=\"18\">Pou\u017e\u00edv\u00e1n\u00ed<\/td>\n<td>\u010caj, ovocn\u00fd n\u00e1lev, k\u00e1va, studen\u00e9 n\u00e1poje, denn\u00ed hydratace<\/td>\n<\/tr>\n<\/tbody>\n<\/table>\n<h2>Kl\u00ed\u010dov\u00e9 vlastnosti produktu<\/h2>\n<ol>\n<li><strong>Dvojit\u00e1 st\u011bna s teplotn\u00ed ochranou<\/strong>Oboustrann\u00fd design lahve pom\u00e1h\u00e1 izolovat n\u00e1poje, zabra\u0148uje kondenzaci a zvy\u0161uje pohodl\u00ed u\u017eivatele.<\/li>\n<li><strong>Pr\u00e9miov\u00e1 konstrukce z borosilik\u00e1tov\u00e9ho skla<\/strong>Na\u0161e ekologick\u00e9 lahve na vodu jsou vyrobeny z odoln\u00e9ho borosilik\u00e1tov\u00e9ho skla, kter\u00e9 je odoln\u00e9 v\u016f\u010di teplu, chladu a n\u00e1hl\u00fdm teplotn\u00edm \u0161ok\u016fm, a proto je lze pou\u017e\u00edt do hork\u00e9ho \u010daje nebo s ledem.<\/li>\n<li><strong>Nepropustn\u00e9 a vhodn\u00e9 pro cestov\u00e1n\u00ed<\/strong>P\u0159esn\u00e9 v\u00edko z nerezov\u00e9 oceli a silikonov\u00e9 t\u011bsn\u011bn\u00ed zaji\u0161\u0165uj\u00ed nepropustnou konstrukci, kterou lze snadno p\u0159en\u00e1\u0161et na doj\u00ed\u017ed\u011bn\u00ed, cestov\u00e1n\u00ed nebo jako denn\u00ed d\u00e1vku hydratace.<\/li>\n<\/ol>\n<h2>\u00dasp\u011b\u0161n\u00fd B2B p\u0159\u00edpad<\/h2>\n<p>Jedna z nizozemsk\u00fdch obchodn\u00edch spole\u010dnost\u00ed s n\u00e1mi spolupracovala jako s hlavn\u00edm distributorem sklen\u011bn\u00fdch lahv\u00ed na vodu pr\u00e9miov\u00e9 kvality, kter\u00e9 prod\u00e1v\u00e1 jako d\u00e1rkov\u00e1 balen\u00ed. Firma si objednala 8 000 kus\u016f lahv\u00ed o objemu 500 ml a 700 ml.<\/p>\n<p>P\u0159izp\u016fsoben\u00ed zahrnuto:<\/p>\n<ul>\n<li>Laserov\u011b \u0159ezan\u00e9 logo na v\u00edku z nerezov\u00e9 oceli.<\/li>\n<li>Leskl\u00fd povlak na t\u011ble sklen\u011bn\u00fdch lahv\u00ed.<\/li>\n<li>Zna\u010dkov\u00e1 balic\u00ed krabice<\/li>\n<li>Pro lep\u0161\u00ed p\u0159ilnavost lze pou\u017e\u00edt silikonov\u00fd n\u00e1vlek.<\/li>\n<\/ul>\n<p>Tyto sklen\u011bn\u00e9 lahve na pit\u00ed byly po uveden\u00ed na trh p\u0159edstaveny jako jeden z nej\u00fasp\u011b\u0161n\u011bj\u0161\u00edch produkt\u016f ze sklen\u011bn\u00fdch lahv\u00ed na vodu pro konzumenty sypan\u00e9ho \u010daje. Po jednom \u010dtvrtlet\u00ed zna\u010dka zaznamenala 35% n\u00e1r\u016fst v po\u010dtu prodan\u00fdch d\u00e1rkov\u00fdch sad a objednala druhou velkoobchodn\u00ed objedn\u00e1vku v po\u010dtu 12 000 kus\u016f. Z\u00e1kazn\u00edci orientovan\u00ed na udr\u017eitelnost byli velmi ohromeni opakovan\u011b pou\u017eiteln\u00fdmi a ekologick\u00fdmi produkty.<\/p>\n<h2>Doporu\u010den\u00ed pro personalizaci B2B softwaru<\/h2>\n<ol>\n<li><strong>Firemn\u00ed wellness programy<\/strong>Zobrazte loga zna\u010dek a zna\u010dky m\u011b\u0159en\u00ed, kter\u00e9 zam\u011bstnanc\u016fm p\u0159ipomenou, aby denn\u011b pili vodu, a dejte jim v\u011bd\u011bt, \u017ee ji maj\u00ed p\u00edt po cel\u00fd den.<\/li>\n<li><strong>Maloobchod s outdoorov\u00fdmi\/fitness pot\u0159ebami:<\/strong> P\u0159idejte silikonov\u00fd obal a poutko na no\u0161en\u00ed pro lep\u0161\u00ed p\u0159ilnavost a sbalitelnost p\u0159i sportu, turistice a cestov\u00e1n\u00ed.<\/li>\n<li><strong>Zna\u010dky ekologick\u00e9ho \u017eivotn\u00edho stylu<\/strong>Barevn\u00e9 povrchov\u00e9 \u00fapravy, minimalistick\u00e9 balen\u00ed a sd\u011blen\u00ed o udr\u017eitelnosti pomohou prezentovat lahev jako ekologickou lahev na vodu a opakovan\u011b pou\u017eiteln\u00fd lifestylov\u00fd produkt.<\/li>\n<\/ol>\n<p>Jsme profesion\u00e1ln\u00ed v\u00fdrobce sklen\u011bn\u00fdch lahv\u00ed na vodu, a proto nab\u00edz\u00edme velkoobchodn\u00ed \u0159e\u0161en\u00ed pro dod\u00e1v\u00e1n\u00ed zna\u010dk\u00e1m, distributor\u016fm a maloobchodn\u00edk\u016fm po cel\u00e9m sv\u011bt\u011b. Na\u0161e tov\u00e1rna podporuje flexibiln\u00ed minim\u00e1ln\u00ed objedn\u00e1vkov\u00e9 mno\u017estv\u00ed, zak\u00e1zkov\u00fd design a spolehliv\u00e9 dod\u00e1vky ekologick\u00fdch lahv\u00ed na vodu na glob\u00e1ln\u00ed trhy.<\/p>","protected":false},"excerpt":{"rendered":"<p>Premium glass drinking bottles made from durable borosilicate glass. Eco friendly water bottle design with double wall insulation, leak-proof lid, ideal for wholesale.<\/p>","protected":false},"featured_media":24250,"template":"","meta":[],"product_brand":[],"product_cat":[136,123,122],"product_tag":[],"class_list":{"0":"post-24249","1":"product","2":"type-product","3":"status-publish","4":"has-post-thumbnail","6":"product_cat-glass-water-bottles","7":"product_cat-custom-glass-bottles","8":"product_cat-custom-glass-packaging","10":"first","11":"instock","12":"shipping-taxable","13":"product-type-simple"},"jetpack_sharing_enabled":true,"_links":{"self":[{"href":"https:\/\/yebodaglass.com\/cs\/wp-json\/wp\/v2\/product\/24249","targetHints":{"allow":["GET"]}}],"collection":[{"href":"https:\/\/yebodaglass.com\/cs\/wp-json\/wp\/v2\/product"}],"about":[{"href":"https:\/\/yebodaglass.com\/cs\/wp-json\/wp\/v2\/types\/product"}],"version-history":[{"count":5,"href":"https:\/\/yebodaglass.com\/cs\/wp-json\/wp\/v2\/product\/24249\/revisions"}],"predecessor-version":[{"id":25420,"href":"https:\/\/yebodaglass.com\/cs\/wp-json\/wp\/v2\/product\/24249\/revisions\/25420"}],"wp:featuredmedia":[{"embeddable":true,"href":"https:\/\/yebodaglass.com\/cs\/wp-json\/wp\/v2\/media\/24250"}],"wp:attachment":[{"href":"https:\/\/yebodaglass.com\/cs\/wp-json\/wp\/v2\/media?parent=24249"}],"wp:term":[{"taxonomy":"product_brand","embeddable":true,"href":"https:\/\/yebodaglass.com\/cs\/wp-json\/wp\/v2\/product_brand?post=24249"},{"taxonomy":"product_cat","embeddable":true,"href":"https:\/\/yebodaglass.com\/cs\/wp-json\/wp\/v2\/product_cat?post=24249"},{"taxonomy":"product_tag","embeddable":true,"href":"https:\/\/yebodaglass.com\/cs\/wp-json\/wp\/v2\/product_tag?post=24249"}],"curies":[{"name":"wp","href":"https:\/\/api.w.org\/{rel}","templated":true}]}}