{"id":24239,"date":"2025-12-02T13:16:32","date_gmt":"2025-12-02T05:16:32","guid":{"rendered":"https:\/\/yebodaglass.com\/?post_type=product&#038;p=24239"},"modified":"2026-03-23T13:24:29","modified_gmt":"2026-03-23T05:24:29","slug":"bulk-small-hexagon-glass-food-storage-jars-with-clamp-lids","status":"publish","type":"product","link":"https:\/\/yebodaglass.com\/cs\/bulk-small-hexagon-glass-food-storage-jars-with-clamp-lids\/","title":{"rendered":"Mal\u00e9 \u0161estihrann\u00e9 sklen\u011bn\u00e9 n\u00e1doby na potraviny o objemu 100 ml s up\u00ednac\u00edmi v\u00ed\u010dky"},"content":{"rendered":"<p data-start=\"66\" data-end=\"288\">Tyto sklen\u011bn\u00e9 d\u00f3zy na potraviny maj\u00ed jednoduch\u00fd \u0161esti\u00faheln\u00edkov\u00fd tvar s jednoduch\u00fdm obrysem a jsou vyrobeny z k\u0159i\u0161\u0165\u00e1lov\u011b \u010dir\u00e9ho skla. D\u016fle\u017eit\u00fd je nerezov\u00fd zacvak\u00e1vac\u00ed uz\u00e1v\u011br, kter\u00fd dr\u017e\u00ed sklen\u011bn\u00e9 v\u00edko ve velmi pevn\u00e9 poloze pomoc\u00ed vestav\u011bn\u00e9ho silikonov\u00e9ho t\u011bsn\u011bn\u00ed. K ut\u011bsn\u011bn\u00ed sta\u010d\u00ed stisknout ovl\u00e1dac\u00ed p\u00e1\u010dku.<\/p>\n<h2>Vlastnosti produktu<\/h2>\n<ul>\n<li><strong>Geometrick\u00fd \u0161estihrann\u00fd design:<\/strong> \u0160estistrann\u00fd, plochost\u011bnn\u00fd tvar, kter\u00fd se nekut\u00e1l\u00ed a lze jej stohovat, je modern\u00ed a prostorov\u011b \u00fasporn\u00fd.<\/li>\n<li><strong>Vzduchot\u011bsn\u00e9 uz\u00e1v\u011brn\u00e9 t\u011bsn\u011bn\u00ed:<\/strong> Vzduchot\u011bsn\u00e9 t\u011bsn\u011bn\u00ed: Jedn\u00e1 se o spolehliv\u00e9, laboratorn\u00ed, vzduchot\u011bsn\u00e9 t\u011bsn\u011bn\u00ed, kter\u00e9 se vytv\u00e1\u0159\u00ed p\u0159itla\u010den\u00edm sklen\u011bn\u00e9ho v\u00edka na silikonov\u00e9 t\u011bsn\u011bn\u00ed pomoc\u00ed svorky z nerezov\u00e9 oceli.<\/li>\n<li><strong>Vysoce viditeln\u00e9 sklo:<\/strong> M\u00e1 pr\u016fhledn\u00e9 sklen\u011bn\u00e9 st\u011bny, kter\u00e9 umo\u017e\u0148uj\u00ed identifikaci obsahu a kvantitativn\u00ed kontroly bez nutnosti jejich otev\u00edr\u00e1n\u00ed.<\/li>\n<\/ul>\n<h2 style=\"text-align: left;\">Kl\u00ed\u010dov\u00e9 specifikace<\/h2>\n<table class=\"aligncenter\" style=\"border-collapse: collapse; width: 366.02pt;\" border=\"0\" width=\"488\" cellspacing=\"0\" cellpadding=\"0\">\n<tbody>\n<tr style=\"height: 13.50pt;\">\n<td style=\"height: 13.50pt; width: 92.25pt;\" width=\"123\" height=\"18\">Specifikace<\/td>\n<td style=\"width: 273.75pt;\" width=\"365\">Podrobnosti<\/td>\n<\/tr>\n<tr style=\"height: 13.50pt;\">\n<td style=\"height: 13.50pt;\" height=\"18\">Kapacita<\/td>\n<td>100ml<\/td>\n<\/tr>\n<tr style=\"height: 13.50pt;\">\n<td style=\"height: 13.50pt;\" height=\"18\">Rozm\u011bry<\/td>\n<td>5,7 \u00d7 8,7 cm<\/td>\n<\/tr>\n<tr style=\"height: 13.50pt;\">\n<td style=\"height: 13.50pt;\" height=\"18\">Materi\u00e1l<\/td>\n<td>\u010cir\u00e9 sklo<\/td>\n<\/tr>\n<tr style=\"height: 13.50pt;\">\n<td style=\"height: 13.50pt;\" height=\"18\">Typ v\u00edka<\/td>\n<td>Kovov\u00e9 v\u00edko s up\u00ednac\u00ed sponou a dr\u00e1t\u011bn\u00fdm \u00fachytem<\/td>\n<\/tr>\n<tr style=\"height: 13.50pt;\">\n<td style=\"height: 13.50pt;\" height=\"18\">Ide\u00e1ln\u00ed pro<\/td>\n<td>Sklen\u011bn\u00e9 d\u00f3zy na potraviny, d\u00f3zy s up\u00ednac\u00edm v\u00ed\u010dkem<\/td>\n<\/tr>\n<\/tbody>\n<\/table>\n<h2>P\u0159\u00edb\u011bh \u00fasp\u011bchu: Transformace balen\u00ed specializovan\u00e9 \u010dajov\u00e9 spole\u010dnosti<\/h2>\n<p>Luxusn\u00ed \u010dajov\u00e1 spole\u010dnost se sna\u017eila navrhnout osobit\u00fd obal pro nov\u011b uvedenou specializovanou \u0159adu \u010daj\u016f. Nakonec si vybrala na\u0161e 100ml \u0161estihrann\u00e9 sklen\u011bn\u00e9 d\u00f3zy na potraviny kv\u016fli jejich jedine\u010dn\u00e9mu vzhledu. Bylo naprosto nezbytn\u00e9, aby v\u00ed\u010dka byla zacvak\u00e1vac\u00ed \u2013 podle recenz\u00ed produkty m\u00e9n\u011b oxidovaly, a proto se jejich trvanlivost prodlou\u017eila o 40 % ve srovn\u00e1n\u00ed s p\u0159edchoz\u00edm balen\u00edm. Jejich nov\u00fd charakteristick\u00fd styl je geometrick\u00fd, co\u017e vedlo k 50% n\u00e1r\u016fstu zmi\u0148ov\u00e1n\u00ed na soci\u00e1ln\u00edch s\u00edt\u00edch. S vyu\u017eit\u00edm tohoto \u00fasp\u011bchu objednala dal\u0161\u00edch 200 000 d\u00f3z pro celost\u00e1tn\u00ed uveden\u00ed na trh.<\/p>\n<h2>Mo\u017enosti p\u0159izp\u016fsoben\u00ed sklen\u011bn\u00fdch n\u00e1dob na potraviny<\/h2>\n<ul>\n<li>Matn\u00e1 povrchov\u00e1 \u00faprava panelu \u2013 Vytvo\u0159te l\u00e1kav\u00fd vzhled se st\u0159\u00eddav\u00fdmi matn\u00fdmi povrchov\u00fdmi \u00fapravami na obou stran\u00e1ch sklenice.<\/li>\n<li>S\u00edtotisk loga zna\u010dky \u2013 Dlouhotrvaj\u00edc\u00ed logo zna\u010dky poti\u0161t\u011bn\u00e9 spolu s ploch\u00fdmi bo\u010dn\u00edmi panely.<\/li>\n<li>Reli\u00e9fn\u00ed stupnice objemu \u2013 Na jednu stranu sklenice um\u00edst\u011bte kr\u00e1sn\u00e9 stupnice pro m\u011b\u0159en\u00ed objemu.<\/li>\n<li>Variace zaoblen\u00ed hran \u2013 Zm\u011b\u0148te polom\u011br zaoblen\u00ed pro dosa\u017een\u00ed r\u016fzn\u00fdch vzhled\u016f.<\/li>\n<\/ul>\n<p>Jste p\u0159ipraveni posunout sv\u00e9 skladov\u00e1n\u00ed na novou \u00farove\u0148? Velkoobchodn\u00ed ceny t\u00e9to jedine\u010dn\u00e9 \u0161estihrann\u00e9 sklen\u011bn\u00e9 n\u00e1doby na potraviny (s uzav\u00edrateln\u00fdm v\u00edkem) jsou k dispozici, pokud n\u00e1s je\u0161t\u011b dnes kontaktujete.<\/p>","protected":false},"excerpt":{"rendered":"<p>Tato \u0161estihrann\u00e1 sklen\u011bn\u00e1 d\u00f3za na potraviny nab\u00edz\u00ed \u010dist\u00e9 linie a zaru\u010duje \u010derstvost. Na\u0161e kompaktn\u00ed d\u00f3zy s up\u00ednac\u00edm v\u00edkem jsou ide\u00e1ln\u00ed pro ko\u0159en\u00ed a d\u00e1rky. Rychl\u00e9 dod\u00e1n\u00ed.<\/p>","protected":false},"featured_media":25502,"template":"","meta":[],"product_brand":[],"product_cat":[134,124,122],"product_tag":[],"class_list":{"0":"post-24239","1":"product","2":"type-product","3":"status-publish","4":"has-post-thumbnail","6":"product_cat-airtight-jars","7":"product_cat-custom-glass-jars","8":"product_cat-custom-glass-packaging","10":"first","11":"instock","12":"shipping-taxable","13":"product-type-simple"},"jetpack_sharing_enabled":true,"_links":{"self":[{"href":"https:\/\/yebodaglass.com\/cs\/wp-json\/wp\/v2\/product\/24239","targetHints":{"allow":["GET"]}}],"collection":[{"href":"https:\/\/yebodaglass.com\/cs\/wp-json\/wp\/v2\/product"}],"about":[{"href":"https:\/\/yebodaglass.com\/cs\/wp-json\/wp\/v2\/types\/product"}],"version-history":[{"count":5,"href":"https:\/\/yebodaglass.com\/cs\/wp-json\/wp\/v2\/product\/24239\/revisions"}],"predecessor-version":[{"id":25548,"href":"https:\/\/yebodaglass.com\/cs\/wp-json\/wp\/v2\/product\/24239\/revisions\/25548"}],"wp:featuredmedia":[{"embeddable":true,"href":"https:\/\/yebodaglass.com\/cs\/wp-json\/wp\/v2\/media\/25502"}],"wp:attachment":[{"href":"https:\/\/yebodaglass.com\/cs\/wp-json\/wp\/v2\/media?parent=24239"}],"wp:term":[{"taxonomy":"product_brand","embeddable":true,"href":"https:\/\/yebodaglass.com\/cs\/wp-json\/wp\/v2\/product_brand?post=24239"},{"taxonomy":"product_cat","embeddable":true,"href":"https:\/\/yebodaglass.com\/cs\/wp-json\/wp\/v2\/product_cat?post=24239"},{"taxonomy":"product_tag","embeddable":true,"href":"https:\/\/yebodaglass.com\/cs\/wp-json\/wp\/v2\/product_tag?post=24239"}],"curies":[{"name":"wp","href":"https:\/\/api.w.org\/{rel}","templated":true}]}}