{"id":24229,"date":"2025-12-02T10:26:17","date_gmt":"2025-12-02T02:26:17","guid":{"rendered":"https:\/\/yebodaglass.com\/?post_type=product&#038;p=24229"},"modified":"2025-12-02T11:37:09","modified_gmt":"2025-12-02T03:37:09","slug":"bulk-pumpkin-glass-airtight-jars-with-clamp-lids","status":"publish","type":"product","link":"https:\/\/yebodaglass.com\/cs\/bulk-pumpkin-glass-airtight-jars-with-clamp-lids\/","title":{"rendered":"Velkoobjemov\u00e9 100ml d\u00fd\u0148ov\u00e9 sklen\u011bn\u00e9 vzduchot\u011bsn\u00e9 sklenice s up\u00ednac\u00edm v\u00ed\u010dkem"},"content":{"rendered":"<p data-start=\"66\" data-end=\"288\">Tyto sklen\u011bn\u00e9 vzduchot\u011bsn\u00e9 d\u00f3zy jsou vyrobeny z \u010dir\u00e9ho skla a maj\u00ed kr\u00e1sn\u00fd tvar p\u0159ipom\u00ednaj\u00edc\u00ed rozko\u0161n\u00e9 mal\u00e9 d\u00fdn\u011b. Pr\u016fhledn\u00e9 n\u00e1doby umo\u017e\u0148uj\u00ed ka\u017ed\u00e9mu na prvn\u00ed pohled naj\u00edt ob\u010derstven\u00ed, ko\u0159en\u00ed nebo tvo\u0159iv\u00e9 materi\u00e1ly, ani\u017e by musel d\u00f3zy otev\u00edrat.<\/p>\n<h2>Vlastnosti produktu<\/h2>\n<ul>\n<li><strong>Pr\u016fhledn\u00fd tvar d\u00fdn\u011b:<\/strong> Absolutn\u011b pr\u016fhledn\u00e1 sklen\u011bn\u00e1 n\u00e1doba spolu se zaoblenou, p\u011bkn\u011b tvarovanou d\u00fd\u0148ovou figurkou nejen umo\u017e\u0148uje vid\u011bt vnit\u0159ek zvenku, ale tak\u00e9 vytv\u00e1\u0159\u00ed mihotav\u00e9 dekorativn\u00ed sv\u011btlo.<\/li>\n<li><strong>Konstrukce t\u011bsn\u011bn\u00ed s nacvaknut\u00edm:<\/strong> Kovov\u00fd zacvak\u00e1vac\u00ed uz\u00e1v\u011br velmi dob\u0159e t\u011bsn\u00ed, tak\u017ee dok\u00e1\u017ee udr\u017eet produkt zcela \u010derstv\u00fd a prakticky zabra\u0148uje vnik\u00e1n\u00ed vlhkosti. Krom\u011b toho se tak\u00e9 snadno otev\u00edr\u00e1 a zav\u00edr\u00e1.<\/li>\n<li><strong>Mal\u00e1 kapacita:<\/strong> Mal\u00e1 kapacita je tak akor\u00e1t pro mal\u00e9 kousky potravin, jako jsou sladkosti, bylinkov\u00fd \u010daj a drobn\u00e9 sva\u010diny, tak\u017ee nevznikne \u017e\u00e1dn\u00e9 pl\u00fdtv\u00e1n\u00ed p\u0159i otev\u00edr\u00e1n\u00ed v\u011bt\u0161\u00edch sklenic.<\/li>\n<\/ul>\n<h2 style=\"text-align: left;\">Kl\u00ed\u010dov\u00e9 specifikace<\/h2>\n<table class=\"aligncenter\" style=\"border-collapse: collapse; width: 342.77pt;\" border=\"0\" width=\"457\" cellspacing=\"0\" cellpadding=\"0\">\n<tbody>\n<tr style=\"height: 13.50pt;\">\n<td style=\"height: 13.50pt; width: 92.25pt;\" width=\"123\" height=\"18\">Specifikace<\/td>\n<td style=\"width: 250.50pt;\" width=\"334\">Podrobnosti<\/td>\n<\/tr>\n<tr style=\"height: 13.50pt;\">\n<td style=\"height: 13.50pt;\" height=\"18\">Kapacita<\/td>\n<td>100ml<\/td>\n<\/tr>\n<tr style=\"height: 13.50pt;\">\n<td style=\"height: 13.50pt;\" height=\"18\">Rozm\u011bry<\/td>\n<td>6,4 \u00d7 8 cm (z\u00e1kladna \u00d7 v\u00fd\u0161ka)<\/td>\n<\/tr>\n<tr style=\"height: 13.50pt;\">\n<td style=\"height: 13.50pt;\" height=\"18\">Materi\u00e1l<\/td>\n<td>\u010cir\u00e9 sklo<\/td>\n<\/tr>\n<tr style=\"height: 13.50pt;\">\n<td style=\"height: 13.50pt;\" height=\"18\">Typ v\u00edka<\/td>\n<td>Kovov\u00e9 v\u00edko s up\u00ednac\u00ed sponou a dr\u00e1t\u011bn\u00fdm \u00fachytem<\/td>\n<\/tr>\n<tr style=\"height: 13.50pt;\">\n<td style=\"height: 13.50pt;\" height=\"18\">Ide\u00e1ln\u00ed pro<\/td>\n<td>Sklen\u011bn\u00e9 vzduchot\u011bsn\u00e9 d\u00f3zy, sklen\u011bn\u00e9 d\u00f3zy na skladov\u00e1n\u00ed<\/td>\n<\/tr>\n<\/tbody>\n<\/table>\n<h2>P\u0159\u00edb\u011bh \u00fasp\u011bchu: Obrozen\u00ed specializovan\u00e9 firmy na ko\u0159en\u00ed<\/h2>\n<p>Mezi mo\u017en\u00fdmi produkty, kter\u00e9 by mohly omladit jejich image, se spole\u010dnost vyr\u00e1b\u011bj\u00edc\u00ed ko\u0159en\u00ed, kter\u00e1 byla na pokraji krachu, rozhodla pro obal, kter\u00fd by umo\u017enil jej\u00edm produkt\u016fm b\u00fdt viditeln\u00e9 a t\u00edm p\u00e1dem konkurenceschopn\u00e9 na trhu. Byli jsme to my, jejich\u017e sklenice si vybrali pro svou novou presti\u017en\u00ed \u0159adu produkt\u016f - 100ml sklen\u011bn\u00e9 sklenice ve tvaru d\u00fdn\u011b s up\u00ednac\u00edm v\u00ed\u010dkem. Uk\u00e1zalo se, \u017ee zacvak\u00e1vac\u00ed v\u00ed\u010dka hraj\u00ed d\u016fle\u017eitou roli - jsou zodpov\u011bdn\u00e1 za 45% sn\u00ed\u017een\u00ed zka\u017eenosti produkt\u016f ve srovn\u00e1n\u00ed s p\u0159edchoz\u00edm balen\u00edm, co\u017e m\u00e1 za n\u00e1sledek 35% n\u00e1r\u016fst m\u00edry op\u011btovn\u00e9ho n\u00e1kupu z\u00e1kazn\u00edky. Jejich jedine\u010dn\u00fd tvar d\u00fdn\u011b se stal jejich pozn\u00e1vac\u00edm znamen\u00edm, co\u017e vedlo ke zv\u00fd\u0161en\u00ed interakce na soci\u00e1ln\u00edch s\u00edt\u00edch a po\u010dtu fotografi\u00ed z\u00e1kazn\u00edk\u016f o 60 %. Zadali novou objedn\u00e1vku 150 000 sklenic pro svou n\u00e1rodn\u00ed produktovou \u0159adu s c\u00edlem dal\u0161\u00ed expanze po tomto velk\u00e9m \u00fasp\u011bchu.<\/p>\n<h2>Mo\u017enosti p\u0159izp\u016fsoben\u00ed<\/h2>\n<ul>\n<li>Mo\u017enosti vitr\u00e1\u017e\u00ed \u2013 Sklenice mohou b\u00fdt bu\u010f jantarov\u00e9, nebo zelen\u00e9 pro p\u0159edm\u011bty, kter\u00e9 by m\u011bly b\u00fdt uchov\u00e1v\u00e1ny mimo dosah sv\u011btla.<\/li>\n<li>Povrchov\u00e1 \u00faprava klip\u016f na m\u00edru \u2013 Povrchov\u00e1 \u00faprava klip\u016f m\u016f\u017ee b\u00fdt bu\u010f \u010dern\u00e1, m\u011bd\u011bn\u00e1, nebo kovov\u00e1 v antick\u00e9m stylu<\/li>\n<li>Dekorativn\u00ed matn\u00fd krou\u017eek \u2013 Metodou poj\u00edd\u00e1n\u00ed kyselinou se st\u0159ed sklenice prom\u011bn\u00ed v elegantn\u00ed matn\u00fd prou\u017eek.<\/li>\n<li>M\u0159\u00ed\u017eka objemu \u2013 Pomoc\u00ed stupnic se prov\u00e1d\u00ed p\u0159esn\u00e9 d\u00e1vkov\u00e1n\u00ed<\/li>\n<\/ul>","protected":false},"excerpt":{"rendered":"<p>Rozko\u0161n\u00e9 sklen\u011bn\u00e9 vzduchot\u011bsn\u00e9 d\u00f3zy bez n\u00e1mahy udr\u017e\u00ed \u010derstvost. Stylov\u00e9, kompaktn\u00ed sklen\u011bn\u00e9 d\u00f3zy s up\u00ednac\u00edm v\u00ed\u010dkem, ide\u00e1ln\u00ed do kuchyn\u011b nebo jako d\u00e1rek, k dispozici s bezplatn\u00fdmi vzorky.<\/p>","protected":false},"featured_media":24231,"template":"","meta":[],"product_brand":[],"product_cat":[122,134,124],"product_tag":[],"class_list":{"0":"post-24229","1":"product","2":"type-product","3":"status-publish","4":"has-post-thumbnail","6":"product_cat-custom-glass-packaging","7":"product_cat-airtight-jars","8":"product_cat-custom-glass-jars","10":"first","11":"instock","12":"shipping-taxable","13":"product-type-simple"},"jetpack_sharing_enabled":true,"_links":{"self":[{"href":"https:\/\/yebodaglass.com\/cs\/wp-json\/wp\/v2\/product\/24229","targetHints":{"allow":["GET"]}}],"collection":[{"href":"https:\/\/yebodaglass.com\/cs\/wp-json\/wp\/v2\/product"}],"about":[{"href":"https:\/\/yebodaglass.com\/cs\/wp-json\/wp\/v2\/types\/product"}],"version-history":[{"count":4,"href":"https:\/\/yebodaglass.com\/cs\/wp-json\/wp\/v2\/product\/24229\/revisions"}],"predecessor-version":[{"id":24238,"href":"https:\/\/yebodaglass.com\/cs\/wp-json\/wp\/v2\/product\/24229\/revisions\/24238"}],"wp:featuredmedia":[{"embeddable":true,"href":"https:\/\/yebodaglass.com\/cs\/wp-json\/wp\/v2\/media\/24231"}],"wp:attachment":[{"href":"https:\/\/yebodaglass.com\/cs\/wp-json\/wp\/v2\/media?parent=24229"}],"wp:term":[{"taxonomy":"product_brand","embeddable":true,"href":"https:\/\/yebodaglass.com\/cs\/wp-json\/wp\/v2\/product_brand?post=24229"},{"taxonomy":"product_cat","embeddable":true,"href":"https:\/\/yebodaglass.com\/cs\/wp-json\/wp\/v2\/product_cat?post=24229"},{"taxonomy":"product_tag","embeddable":true,"href":"https:\/\/yebodaglass.com\/cs\/wp-json\/wp\/v2\/product_tag?post=24229"}],"curies":[{"name":"wp","href":"https:\/\/api.w.org\/{rel}","templated":true}]}}