{"id":24213,"date":"2025-12-02T10:19:55","date_gmt":"2025-12-02T02:19:55","guid":{"rendered":"https:\/\/yebodaglass.com\/?post_type=product&#038;p=24213"},"modified":"2026-03-25T13:18:27","modified_gmt":"2026-03-25T05:18:27","slug":"custom-water-bottle-for-beverage-filling-bulk","status":"publish","type":"product","link":"https:\/\/yebodaglass.com\/cs\/custom-water-bottle-for-beverage-filling-bulk\/","title":{"rendered":"Zak\u00e1zkov\u00e1 l\u00e1hev na vodu pro pln\u011bn\u00ed n\u00e1poj\u016f o objemu 300 ml \u2013 650 ml"},"content":{"rendered":"<p>Jednoduch\u00fd v\u00e1lcovit\u00fd tvar t\u00e9to l\u00e1hve na vodu na m\u00edru a \u0161irok\u00e1, ploch\u00e1 z\u00e1kladna v kombinaci se sklenic\u00ed k\u0159i\u0161\u0165\u00e1lov\u011b \u010dist\u00e9 vody ji \u010din\u00ed jednoduchou. Z\u00e1vitov\u00e9 hrdlo je kompatibiln\u00ed s mnoha r\u016fzn\u00fdmi uz\u00e1v\u011bry a je k dispozici v r\u016fzn\u00fdch velikostech.<\/p>\n<h2>Vlastnosti produktu<\/h2>\n<ul>\n<li><strong>Materi\u00e1l skla s vysokou \u010distotou:<\/strong> L\u00e1hev je vyrobena z vysoce \u010dir\u00e9ho skla, d\u00edky \u010demu\u017e je jej\u00ed design pr\u016fhledn\u00fd a \u010dist\u00fd; u\u017eivatel tak jasn\u011b vid\u00ed tekutinu v lahvi a m\u00e1 vynikaj\u00edc\u00ed vzhled i pocit na dotek.<\/li>\n<li><strong>Konstrukce z\u00e1vitov\u00e9ho krku:<\/strong> Obecn\u00e1 konstrukce z\u00e1vitov\u00e9ho hrdla umo\u017e\u0148uje pou\u017eit\u00ed v\u00edce t\u011bsnic\u00edch v\u00ed\u010dek, co\u017e maximalizuje ut\u011bsn\u011bn\u00ed a bezpe\u010dnost p\u0159i skladov\u00e1n\u00ed kapaliny.<\/li>\n<li><strong>Jednoduch\u00fd rovn\u00fd v\u00e1lcov\u00fd tvar:<\/strong> Z\u00e1kladn\u00ed rovn\u00fd v\u00e1lcov\u00fd tvar se snadno dr\u017e\u00ed a stohuje.<\/li>\n<\/ul>\n<h2>Kl\u00ed\u010dov\u00e9 specifikace<\/h2>\n<table style=\"border-collapse: collapse; width: 80%; margin-left: auto; margin-right: auto;\" border=\"0\" width=\"360\" cellspacing=\"0\" cellpadding=\"0\">\n<tbody>\n<tr style=\"height: 13.50pt;\">\n<td style=\"height: 13.5pt; width: 54pt; text-align: center;\" width=\"72\" height=\"18\">Kapacita (ml)<\/td>\n<td style=\"width: 54pt; text-align: center;\" width=\"72\">Velikost (cm)<\/td>\n<td style=\"width: 54pt; text-align: center;\" width=\"72\">Pr\u016fm\u011br<\/td>\n<td style=\"width: 54pt; text-align: center;\" width=\"72\">Materi\u00e1l<\/td>\n<td style=\"width: 54pt; text-align: center;\" width=\"72\">Barva<\/td>\n<\/tr>\n<tr style=\"height: 13.50pt;\">\n<td style=\"height: 13.5pt; text-align: center;\" align=\"right\" height=\"18\">300<\/td>\n<td style=\"text-align: center;\">6,6 \u00d7 13,7<\/td>\n<td class=\"et2\" style=\"text-align: center;\" rowspan=\"4\">38mm<\/td>\n<td class=\"et2\" style=\"text-align: center;\" rowspan=\"4\">Borosilik\u00e1t<\/td>\n<td class=\"et2\" style=\"text-align: center;\" rowspan=\"4\">Vymazat nebo Vlastn\u00ed<\/td>\n<\/tr>\n<tr style=\"height: 13.50pt;\">\n<td style=\"height: 13.5pt; text-align: center;\" align=\"right\" height=\"18\">480<\/td>\n<td style=\"text-align: center;\">6,6 \u00d7 19,5<\/td>\n<\/tr>\n<tr style=\"height: 13.50pt;\">\n<td style=\"height: 13.5pt; text-align: center;\" align=\"right\" height=\"18\">550<\/td>\n<td style=\"text-align: center;\">6,6 \u00d7 22,5<\/td>\n<\/tr>\n<tr style=\"height: 13.50pt;\">\n<td style=\"height: 13.5pt; text-align: center;\" align=\"right\" height=\"18\">650<\/td>\n<td style=\"text-align: center;\">7,0 \u00d7 22,0<\/td>\n<\/tr>\n<\/tbody>\n<\/table>\n<h2>P\u0159\u00edb\u011bh \u00fasp\u011bchu<\/h2>\n<p>\u0158et\u011bzec hotel\u016f po cel\u00e9 zemi si p\u0159\u00e1l nahradit plastov\u00e9 lahve na vodu ve sv\u00fdch pokoj\u00edch. Vybrali si na\u0161i lahev na vodu o objemu 16 unc\u00ed se silikonov\u00fdm pouzdrem, bambusov\u00fdm uz\u00e1v\u011brem a p\u00edskovan\u00fdm logem zna\u010dky. Hotel si z t\u00e9to lahve na vodu ud\u011blal svou pozn\u00e1vac\u00ed znamen\u00ed a \u010detn\u00e9 online recenze ji v 15 % p\u0159\u00edpad\u016f ohodnotily kladn\u011b. Stabilita lahve vedla k m\u00e9n\u011b ne\u017e 1% m\u00ed\u0159e rozbit\u00ed b\u011bhem p\u0159epravy. Hotel se stal tak \u00fasp\u011b\u0161n\u00fdm, \u017ee si objednal dal\u0161\u00edch 250 000 lahv\u00ed, kter\u00e9 ozdob\u00ed v\u0161echny pokoje a budou se prod\u00e1vat v hotelov\u00e9 hale.<\/p>\n<h2>V\u00e1\u0161 n\u00e1vod na \u00fapravy<\/h2>\n<ol>\n<li><strong>Vn\u011bj\u0161\u00ed povrchov\u00e1 \u00faprava lahve:<\/strong> Na v\u00fdb\u011br je \u010dir\u00fd, matn\u00fd, gradientn\u00ed, st\u0159\u00edkan\u00fd n\u00e1t\u011br, vyp\u00e1len\u00fd smalt nebo \u010d\u00e1ste\u010dn\u011b leskl\u00fd efekt.<\/li>\n<li><strong>Povrchov\u00e1 \u00faprava loga:<\/strong> Na v\u00fdb\u011br je s\u00edtotisk, UV tisk, ra\u017eba etiket, kovov\u00e9 etikety a tisk tepelnou technologi\u00ed.<\/li>\n<li><strong>P\u0159\u00edslu\u0161enstv\u00ed:<\/strong> Pou\u017eit\u00ed silikonov\u00fdch n\u00e1vlek\u016f, \u010dajov\u00fdch n\u00e1levn\u00edk\u016f nebo br\u010dek je mo\u017en\u00e9.<\/li>\n<\/ol>","protected":false},"excerpt":{"rendered":"<p>L\u00e1hev na vodu na m\u00edru s tlust\u00fdm dnem, dostupn\u00e1 jako odoln\u00e1 l\u00e1hev na vodu o objemu 16 oz pro zna\u010dky n\u00e1poj\u016f, kter\u00e9 hledaj\u00ed rychl\u00e9 dod\u00e1n\u00ed a servis p\u0159\u00edmo z v\u00fdroby.<\/p>","protected":false},"featured_media":24214,"template":"","meta":[],"product_brand":[],"product_cat":[136,123,122],"product_tag":[],"class_list":{"0":"post-24213","1":"product","2":"type-product","3":"status-publish","4":"has-post-thumbnail","6":"product_cat-glass-water-bottles","7":"product_cat-custom-glass-bottles","8":"product_cat-custom-glass-packaging","10":"first","11":"instock","12":"shipping-taxable","13":"product-type-simple"},"jetpack_sharing_enabled":true,"_links":{"self":[{"href":"https:\/\/yebodaglass.com\/cs\/wp-json\/wp\/v2\/product\/24213","targetHints":{"allow":["GET"]}}],"collection":[{"href":"https:\/\/yebodaglass.com\/cs\/wp-json\/wp\/v2\/product"}],"about":[{"href":"https:\/\/yebodaglass.com\/cs\/wp-json\/wp\/v2\/types\/product"}],"version-history":[{"count":5,"href":"https:\/\/yebodaglass.com\/cs\/wp-json\/wp\/v2\/product\/24213\/revisions"}],"predecessor-version":[{"id":25598,"href":"https:\/\/yebodaglass.com\/cs\/wp-json\/wp\/v2\/product\/24213\/revisions\/25598"}],"wp:featuredmedia":[{"embeddable":true,"href":"https:\/\/yebodaglass.com\/cs\/wp-json\/wp\/v2\/media\/24214"}],"wp:attachment":[{"href":"https:\/\/yebodaglass.com\/cs\/wp-json\/wp\/v2\/media?parent=24213"}],"wp:term":[{"taxonomy":"product_brand","embeddable":true,"href":"https:\/\/yebodaglass.com\/cs\/wp-json\/wp\/v2\/product_brand?post=24213"},{"taxonomy":"product_cat","embeddable":true,"href":"https:\/\/yebodaglass.com\/cs\/wp-json\/wp\/v2\/product_cat?post=24213"},{"taxonomy":"product_tag","embeddable":true,"href":"https:\/\/yebodaglass.com\/cs\/wp-json\/wp\/v2\/product_tag?post=24213"}],"curies":[{"name":"wp","href":"https:\/\/api.w.org\/{rel}","templated":true}]}}