{"id":24212,"date":"2025-12-01T11:58:09","date_gmt":"2025-12-01T03:58:09","guid":{"rendered":"https:\/\/yebodaglass.com\/?post_type=product&#038;p=24212"},"modified":"2025-12-02T13:23:40","modified_gmt":"2025-12-02T05:23:40","slug":"bulk-unique-airtight-small-glass-jars-for-food-storage","status":"publish","type":"product","link":"https:\/\/yebodaglass.com\/cs\/bulk-unique-airtight-small-glass-jars-for-food-storage\/","title":{"rendered":"Velkoobjemov\u00e9 100ml unik\u00e1tn\u00ed vzduchot\u011bsn\u00e9 mal\u00e9 sklen\u011bn\u00e9 n\u00e1doby pro skladov\u00e1n\u00ed potravin"},"content":{"rendered":"<p data-start=\"66\" data-end=\"288\">Tyto vzduchot\u011bsn\u00e9 mal\u00e9 sklen\u011bn\u00e9 d\u00f3zy se sv\u00fdmi zaoblen\u00fdmi tvary elegantn\u011b oko\u0159en\u00ed va\u0161i kuchy\u0148skou linku.<\/p>\n<h2>Vlastnosti produktu<\/h2>\n<ul>\n<li><strong>Pr\u016fhledn\u00fd jedine\u010dn\u00fd tvar:<\/strong> Zcela pr\u016fhledn\u00e1 sklen\u011bn\u00e1 n\u00e1doba se zaoblen\u00fdm tvarem nejen pom\u00e1h\u00e1 zviditelnit produkty uvnit\u0159, ale m\u016f\u017ee b\u00fdt tak\u00e9 pou\u017eita k dekoraci.<\/li>\n<li><strong>Konstrukce t\u011bsn\u011bn\u00ed s nacvaknut\u00edm:<\/strong> Kovov\u00e9 zacvak\u00e1vac\u00ed v\u00ed\u010dko poskytuje skv\u011bl\u00fd t\u011bsnic\u00ed v\u00fdkon, a tak \u00fa\u010dinn\u011b zabra\u0148uje vniknut\u00ed vlhkosti a udr\u017euje produkt \u010derstv\u00fd. Otev\u00edr\u00e1n\u00ed a zav\u00edr\u00e1n\u00ed je velmi snadn\u00e9 a pohodln\u00e9.<\/li>\n<li><strong>Mal\u00e1 kapacita:<\/strong> Mal\u00fd objem je tak akor\u00e1t pro ulo\u017een\u00ed drobnost\u00ed, jako jsou sladkosti, bylinkov\u00fd \u010daj a sva\u010diny, aby se zabr\u00e1nilo pl\u00fdtv\u00e1n\u00ed otev\u00edr\u00e1n\u00edm v\u011bt\u0161\u00edch sklenic, kter\u00e9 ji\u017e byly otev\u0159eny.<\/li>\n<\/ul>\n<h2 style=\"text-align: left;\">Kl\u00ed\u010dov\u00e9 specifikace<\/h2>\n<table class=\"aligncenter\" style=\"border-collapse: collapse; width: 394.52pt;\" border=\"0\" width=\"526\" cellspacing=\"0\" cellpadding=\"0\">\n<tbody>\n<tr style=\"height: 13.50pt;\">\n<td style=\"height: 13.50pt; width: 92.25pt;\" width=\"123\" height=\"18\">Specifikace<\/td>\n<td style=\"width: 302.25pt;\" width=\"403\">Podrobnosti<\/td>\n<\/tr>\n<tr style=\"height: 13.50pt;\">\n<td style=\"height: 13.50pt;\" height=\"18\">Kapacita<\/td>\n<td>100ml<\/td>\n<\/tr>\n<tr style=\"height: 13.50pt;\">\n<td style=\"height: 13.50pt;\" height=\"18\">Rozm\u011bry<\/td>\n<td>5,6 \u00d7 8,4 cm (z\u00e1kladna \u00d7 v\u00fd\u0161ka)<\/td>\n<\/tr>\n<tr style=\"height: 13.50pt;\">\n<td style=\"height: 13.50pt;\" height=\"18\">Materi\u00e1l<\/td>\n<td>\u010cir\u00e9 sklo<\/td>\n<\/tr>\n<tr style=\"height: 13.50pt;\">\n<td style=\"height: 13.50pt;\" height=\"18\">Typ v\u00edka<\/td>\n<td>Kovov\u00e9 v\u00edko s up\u00ednac\u00ed sponou a dr\u00e1t\u011bn\u00fdm \u00fachytem<\/td>\n<\/tr>\n<tr style=\"height: 13.50pt;\">\n<td style=\"height: 13.50pt;\" height=\"18\">Ide\u00e1ln\u00ed pro<\/td>\n<td>Sklen\u011bn\u00e9 d\u00f3zy na skladov\u00e1n\u00ed potravin, mal\u00e9 vzduchot\u011bsn\u00e9 d\u00f3zy<\/td>\n<\/tr>\n<\/tbody>\n<\/table>\n<h2>P\u0159\u00edb\u011bh \u00fasp\u011bchu: D\u00e1rkov\u00e1 \u0159ada pr\u00e9miov\u00e9 zna\u010dky \u010daj\u016f se prom\u011bnila ve skv\u011bl\u00fd p\u0159\u00edb\u011bh \u00fasp\u011bchu<\/h2>\n<p>Zna\u010dka luxusn\u00edch \u010daj\u016f pot\u0159ebovala obal, kter\u00fd by se hodil k jej\u00ed nov\u011b uveden\u00e9 \u0159ad\u011b pr\u00e9miov\u00fdch vzork\u016f \u010daj\u016f. Nakonec se rozhodla pro na\u0161e 100ml vzduchot\u011bsn\u00e9 sklen\u011bn\u00e9 d\u00f3zy pro skladov\u00e1n\u00ed potravin, a to p\u0159edev\u0161\u00edm kv\u016fli jejich neobvykl\u00e9mu tvaru. Ten se stal jejich pozn\u00e1vac\u00edm znamen\u00edm, co\u017e vedlo k 40% n\u00e1r\u016fstu zm\u00ednek na soci\u00e1ln\u00edch s\u00edt\u00edch a obsahu generovan\u00e9ho u\u017eivateli. Prodejci uvedli, \u017ee jedine\u010dn\u00fd tvar vedl k 35% n\u00e1r\u016fstu spont\u00e1nn\u00edch n\u00e1kup\u016f jejich produkt\u016f. Na z\u00e1klad\u011b tohoto vynikaj\u00edc\u00edho v\u00fdkonu se rozhodla objednat v\u00edce ne\u017e 200 000 d\u00f3z z v\u00e1no\u010dn\u00ed d\u00e1rkov\u00e9 \u0159ady.<\/p>\n<h2>Mo\u017enosti p\u0159izp\u016fsoben\u00ed mal\u00fdch vzduchot\u011bsn\u00fdch sklenic<\/h2>\n<ul>\n<li>Mo\u017enosti vitr\u00e1\u017e\u00ed \u2013 Pro p\u0159edm\u011bty citliv\u00e9 na sv\u011btlo jsou k dispozici t\u00f3novan\u00e9 sklen\u011bn\u00e9 d\u00f3zy.<\/li>\n<li>Logo s potiskem s\u00edtotisku \u2013 Produkt pou\u017e\u00edv\u00e1 dlouhotrvaj\u00edc\u00ed keramick\u00fd inkoust, kter\u00fd dokonale kop\u00edruje k\u0159ivky n\u00e1doby<\/li>\n<li>Matn\u00fd povrch \u2013 M\u011bkk\u00e1 vrstva po cel\u00e9 skl\u00ed\u010didle pro lep\u0161\u00ed \u00fachop<\/li>\n<li>Kapacitn\u00ed m\u0159\u00ed\u017eka \u2013 Velmi mal\u00e9 d\u00edlky pro p\u0159esn\u00e9 m\u011b\u0159en\u00ed<\/li>\n<\/ul>\n<p>M\u00e1te produkty, kter\u00fdm chcete dodat trochu \u0161mrncu? Kontaktujte n\u00e1s ihned ohledn\u011b velkoobchodn\u00edch cen t\u011bchto unik\u00e1tn\u011b vzduchot\u011bsn\u00fdch sklenic.<\/p>","protected":false},"excerpt":{"rendered":"<p>Objevte vzduchot\u011bsn\u00e9 mal\u00e9 d\u00f3zy ur\u010den\u00e9 pro bezpe\u010dnou \u010derstvost \u2013 pr\u00e9miov\u00e9 \u010dir\u00e9 sklen\u011bn\u00e9 d\u00f3zy pro skladov\u00e1n\u00ed potravin s kompaktn\u00edm uz\u00e1v\u011brem, dostupn\u00e9 s rychl\u00fdm doru\u010den\u00edm.<\/p>","protected":false},"featured_media":24225,"template":"","meta":[],"product_brand":[],"product_cat":[122,134,124],"product_tag":[],"class_list":{"0":"post-24212","1":"product","2":"type-product","3":"status-publish","4":"has-post-thumbnail","6":"product_cat-custom-glass-packaging","7":"product_cat-airtight-jars","8":"product_cat-custom-glass-jars","10":"first","11":"instock","12":"shipping-taxable","13":"product-type-simple"},"jetpack_sharing_enabled":true,"_links":{"self":[{"href":"https:\/\/yebodaglass.com\/cs\/wp-json\/wp\/v2\/product\/24212","targetHints":{"allow":["GET"]}}],"collection":[{"href":"https:\/\/yebodaglass.com\/cs\/wp-json\/wp\/v2\/product"}],"about":[{"href":"https:\/\/yebodaglass.com\/cs\/wp-json\/wp\/v2\/types\/product"}],"version-history":[{"count":4,"href":"https:\/\/yebodaglass.com\/cs\/wp-json\/wp\/v2\/product\/24212\/revisions"}],"predecessor-version":[{"id":24247,"href":"https:\/\/yebodaglass.com\/cs\/wp-json\/wp\/v2\/product\/24212\/revisions\/24247"}],"wp:featuredmedia":[{"embeddable":true,"href":"https:\/\/yebodaglass.com\/cs\/wp-json\/wp\/v2\/media\/24225"}],"wp:attachment":[{"href":"https:\/\/yebodaglass.com\/cs\/wp-json\/wp\/v2\/media?parent=24212"}],"wp:term":[{"taxonomy":"product_brand","embeddable":true,"href":"https:\/\/yebodaglass.com\/cs\/wp-json\/wp\/v2\/product_brand?post=24212"},{"taxonomy":"product_cat","embeddable":true,"href":"https:\/\/yebodaglass.com\/cs\/wp-json\/wp\/v2\/product_cat?post=24212"},{"taxonomy":"product_tag","embeddable":true,"href":"https:\/\/yebodaglass.com\/cs\/wp-json\/wp\/v2\/product_tag?post=24212"}],"curies":[{"name":"wp","href":"https:\/\/api.w.org\/{rel}","templated":true}]}}