{"id":24205,"date":"2025-12-01T11:14:09","date_gmt":"2025-12-01T03:14:09","guid":{"rendered":"https:\/\/yebodaglass.com\/?post_type=product&#038;p=24205"},"modified":"2025-12-01T11:52:30","modified_gmt":"2025-12-01T03:52:30","slug":"bulk-small-square-glass-food-storage-jars","status":"publish","type":"product","link":"https:\/\/yebodaglass.com\/cs\/bulk-small-square-glass-food-storage-jars\/","title":{"rendered":"Velkoobjemov\u00e9 100ml mal\u00e9 \u010dtvercov\u00e9 sklen\u011bn\u00e9 n\u00e1doby na potraviny s vzduchot\u011bsn\u00fdmi v\u00ed\u010dky"},"content":{"rendered":"<p data-start=\"66\" data-end=\"288\"><span class=\"bg-green-200\">Tyto elegantn\u00ed,<\/span> elegantn\u00ed <span class=\"bg-green-200\">mal\u00fd<\/span> Vzduchot\u011bsn\u00e9 sklen\u011bn\u00e9 n\u00e1doby se vyr\u00e1b\u011bj\u00ed <span class=\"bg-green-200\">z<\/span> pr\u016fhledn\u00e9 \u010dir\u00e9 sklo a <span class=\"bg-green-200\">m\u00edt \u00fa\u017easn\u00fd<\/span> \u010dtvercov\u00fd tvar. <span class=\"bg-green-200\">Byly by skv\u011bl\u00e9 pro ulo\u017een\u00ed nebo skladov\u00e1n\u00ed drobn\u00fdch v\u011bc\u00ed ve va\u0161\u00ed kuchyni, proto\u017ee...<\/span> mal\u00fd <span class=\"bg-green-200\">velikost, hladk\u00fd povrch a funk\u010dn\u00ed styl.<\/span><\/p>\n<h2>Vlastnosti produktu<\/h2>\n<ul>\n<li><strong>Jasn\u00fd \u010dtvercov\u00fd design:<\/strong> Dokonale pr\u016fhledn\u00e1 sklen\u011bn\u00e1 n\u00e1doba a miniaturn\u00ed \u010dtvercov\u00fd tvar umo\u017e\u0148uj\u00ed u\u017eivateli vizu\u00e1ln\u011b kontrolovat obsah; d\u00edky mal\u00fdm rozm\u011br\u016fm je ide\u00e1ln\u00ed pro pracovn\u00ed desky, \u00falo\u017en\u00e9 boxy a dal\u0161\u00ed omezen\u00e9 prostory.<\/li>\n<li><strong>Konstrukce t\u011bsn\u011bn\u00ed s nacvaknut\u00edm:<\/strong> Kovov\u00e9 zacvak\u00e1vac\u00ed v\u00ed\u010dko nab\u00edz\u00ed t\u011bsn\u00e9 ut\u011bsn\u011bn\u00ed, \u010d\u00edm\u017e udr\u017euje vlhkost mimo obsah a zachov\u00e1v\u00e1 \u010derstvost. Otev\u00edr\u00e1n\u00ed a zav\u00edr\u00e1n\u00ed je velmi snadn\u00e9 a pohodln\u00e9.<\/li>\n<li><strong>Mal\u00e1 kapacita Vhodn\u00e9 pro:<\/strong> Mal\u00fd p\u0159edm\u011bt je nejvhodn\u011bj\u0161\u00ed pro ulo\u017een\u00ed mal\u00fdch \u010d\u00e1st\u00ed v\u011bc\u00ed, nap\u0159\u00edklad n\u00e1u\u0161nic, vonn\u00fdch sv\u00ed\u010dek a mal\u00fdch vzork\u016f ko\u0159en\u00ed, ani\u017e by se v \u00falo\u017ei\u0161ti vytvo\u0159il nepo\u0159\u00e1dek.<\/li>\n<\/ul>\n<h2 style=\"text-align: left;\">Kl\u00ed\u010dov\u00e9 specifikace<\/h2>\n<table class=\"aligncenter\" style=\"border-collapse: collapse; width: 414.77pt;\" border=\"0\" width=\"553\" cellspacing=\"0\" cellpadding=\"0\">\n<tbody>\n<tr style=\"height: 13.50pt;\">\n<td style=\"height: 13.50pt; width: 99.75pt;\" width=\"133\" height=\"18\">Specifikace<\/td>\n<td style=\"width: 315.00pt;\" width=\"420\">Podrobnosti<\/td>\n<\/tr>\n<tr style=\"height: 13.50pt;\">\n<td style=\"height: 13.50pt;\" height=\"18\">Kapacita<\/td>\n<td>100ml<\/td>\n<\/tr>\n<tr style=\"height: 13.50pt;\">\n<td style=\"height: 13.50pt;\" height=\"18\">Rozm\u011bry<\/td>\n<td>5,1 \u00d7 7,9 cm (z\u00e1kladna \u00d7 v\u00fd\u0161ka)<\/td>\n<\/tr>\n<tr style=\"height: 13.50pt;\">\n<td style=\"height: 13.50pt;\" height=\"18\">Pr\u016fm\u011br \u00fast\u00ed<\/td>\n<td>4,3 cm<\/td>\n<\/tr>\n<tr style=\"height: 13.50pt;\">\n<td style=\"height: 13.50pt;\" height=\"18\">Materi\u00e1l<\/td>\n<td>\u010cir\u00e9 sklo<\/td>\n<\/tr>\n<tr style=\"height: 13.50pt;\">\n<td style=\"height: 13.50pt;\" height=\"18\">Typ v\u00edka<\/td>\n<td>Kovov\u00e9 v\u00edko s up\u00ednac\u00ed sponou a dr\u00e1t\u011bn\u00fdm \u00fachytem<\/td>\n<\/tr>\n<tr style=\"height: 13.50pt;\">\n<td style=\"height: 13.50pt;\" height=\"18\">Ide\u00e1ln\u00ed pro<\/td>\n<td>\u010dtvercov\u00e9 sklen\u011bn\u00e9 n\u00e1doby na potraviny, vzduchot\u011bsn\u00e9 sklen\u011bn\u00e9 n\u00e1doby<\/td>\n<\/tr>\n<\/tbody>\n<\/table>\n<h2>P\u0159\u00edb\u011bh \u00fasp\u011bchu: Balic\u00ed \u0159e\u0161en\u00ed pro specializovanou spole\u010dnost zab\u00fdvaj\u00edc\u00ed se ko\u0159en\u00edm<\/h2>\n<p>Luxusn\u00ed spole\u010dnost vyr\u00e1b\u011bj\u00edc\u00ed ko\u0159en\u00ed pot\u0159ebovala elegantn\u011b vypadaj\u00edc\u00ed, mal\u00e9, vzduchot\u011bsn\u00e9 sklen\u011bn\u00e9 d\u00f3zy pro balen\u00ed nov\u011b uveden\u00e9 \u0159ady speci\u00e1ln\u00edch ko\u0159en\u00ed. Rozhodli se pro na\u0161e \u010dtvercov\u00e9 sklen\u011bn\u00e9 d\u00f3zy na potraviny o objemu 100 ml a zp\u011btn\u00e1 vazba od z\u00e1kazn\u00edk\u016f ukazuje, \u017ee toto balen\u00ed prodlou\u017eilo trvanlivost o 40 % ve srovn\u00e1n\u00ed s p\u0159edchoz\u00edm balen\u00edm. \u010ctvercov\u00fd, pr\u016fhledn\u00fd design tak\u00e9 pomohl zv\u00fd\u0161it prodej o 30 %. Na z\u00e1klad\u011b t\u011bchto skv\u011bl\u00fdch v\u00fdsledk\u016f provedli dal\u0161\u00ed objedn\u00e1vku 150 000 d\u00f3z, aby roz\u0161\u00ed\u0159ili svou produktovou \u0159adu.<\/p>\n<h2>Mo\u017enosti p\u0159izp\u016fsoben\u00ed mal\u00fdch vzduchot\u011bsn\u00fdch sklenic<\/h2>\n<ul>\n<li>Reli\u00e9fn\u00ed zna\u010dky kapacity \u2013 P\u0159id\u00e1n\u00edm jemn\u00e9 stupnice pro p\u0159esn\u00e9 d\u00e1vkov\u00e1n\u00ed<\/li>\n<li>Mo\u017enosti barevn\u00fdch t\u011bsnic\u00edch krou\u017ek\u016f \u2013 Silikonov\u00e9 t\u011bsnic\u00ed krou\u017eky mohou b\u00fdt v r\u016fzn\u00fdch barv\u00e1ch, aby odpov\u00eddaly barevn\u011b k\u00f3dovan\u00fdm \u00falo\u017en\u00fdm syst\u00e9m\u016fm.<\/li>\n<li>Matn\u00fd texturovan\u00fd povrch \u2013 M\u011bkk\u00fd povrch pro lep\u0161\u00ed \u00fachop<\/li>\n<li>Vlastn\u00ed varianty tvar\u016f \u2013 Zm\u011bna polom\u011br\u016f roh\u016f pro jedine\u010dn\u00fd vzhled<\/li>\n<\/ul>","protected":false},"excerpt":{"rendered":"<p>Our small glass jars with airtight lids and small airtight jars deliver clean sealing and sleek design for food and craft use\u2014request free samples today.<\/p>","protected":false},"featured_media":24207,"template":"","meta":[],"product_brand":[],"product_cat":[122,134,124],"product_tag":[],"class_list":{"0":"post-24205","1":"product","2":"type-product","3":"status-publish","4":"has-post-thumbnail","6":"product_cat-custom-glass-packaging","7":"product_cat-airtight-jars","8":"product_cat-custom-glass-jars","10":"first","11":"instock","12":"shipping-taxable","13":"product-type-simple"},"jetpack_sharing_enabled":true,"_links":{"self":[{"href":"https:\/\/yebodaglass.com\/cs\/wp-json\/wp\/v2\/product\/24205","targetHints":{"allow":["GET"]}}],"collection":[{"href":"https:\/\/yebodaglass.com\/cs\/wp-json\/wp\/v2\/product"}],"about":[{"href":"https:\/\/yebodaglass.com\/cs\/wp-json\/wp\/v2\/types\/product"}],"version-history":[{"count":2,"href":"https:\/\/yebodaglass.com\/cs\/wp-json\/wp\/v2\/product\/24205\/revisions"}],"predecessor-version":[{"id":24211,"href":"https:\/\/yebodaglass.com\/cs\/wp-json\/wp\/v2\/product\/24205\/revisions\/24211"}],"wp:featuredmedia":[{"embeddable":true,"href":"https:\/\/yebodaglass.com\/cs\/wp-json\/wp\/v2\/media\/24207"}],"wp:attachment":[{"href":"https:\/\/yebodaglass.com\/cs\/wp-json\/wp\/v2\/media?parent=24205"}],"wp:term":[{"taxonomy":"product_brand","embeddable":true,"href":"https:\/\/yebodaglass.com\/cs\/wp-json\/wp\/v2\/product_brand?post=24205"},{"taxonomy":"product_cat","embeddable":true,"href":"https:\/\/yebodaglass.com\/cs\/wp-json\/wp\/v2\/product_cat?post=24205"},{"taxonomy":"product_tag","embeddable":true,"href":"https:\/\/yebodaglass.com\/cs\/wp-json\/wp\/v2\/product_tag?post=24205"}],"curies":[{"name":"wp","href":"https:\/\/api.w.org\/{rel}","templated":true}]}}