{"id":24195,"date":"2025-12-01T09:53:22","date_gmt":"2025-12-01T01:53:22","guid":{"rendered":"https:\/\/yebodaglass.com\/?post_type=product&#038;p=24195"},"modified":"2025-12-01T11:13:59","modified_gmt":"2025-12-01T03:13:59","slug":"wholesale-cylindrical-small-airtight-jars-with-lids","status":"publish","type":"product","link":"https:\/\/yebodaglass.com\/cs\/wholesale-cylindrical-small-airtight-jars-with-lids\/","title":{"rendered":"Velkoobchodn\u00ed v\u00e1lcov\u00e9 mal\u00e9 vzduchot\u011bsn\u00e9 sklenice s v\u00ed\u010dky 45ml 60ml 100ml 130ml"},"content":{"rendered":"<p data-start=\"66\" data-end=\"288\">Tyto mal\u00e9 vzduchot\u011bsn\u00e9 d\u00f3zy jsou v\u0161echny identick\u00e9 a maj\u00ed kovov\u00fd uz\u00e1v\u011br se zacvak\u00e1vac\u00edm mechanismem. Jsou vyrobeny z pr\u016fhledn\u00e9ho v\u00e1lcovit\u00e9ho skla. Ka\u017ed\u00e1 n\u00e1doba m\u00e1 tak\u00e9 kovov\u00fd uz\u00e1v\u011br se zacvak\u00e1vac\u00edm mechanismem. Jsou ide\u00e1ln\u00ed do mal\u00fdch prostor a ide\u00e1ln\u00ed pro ulo\u017een\u00ed drobn\u00fdch kuchy\u0148sk\u00fdch pot\u0159eb nebo tvo\u0159iv\u00fdch materi\u00e1l\u016f.<\/p>\n<h2>Vlastnosti produktu<\/h2>\n<ul>\n<li><strong>Materi\u00e1l, kter\u00fd je pr\u016fhledn\u00fd a tenk\u00fd:<\/strong> Tyto n\u00e1doby jsou vyrobeny ze skla, kter\u00e9 je pr\u016fhledn\u00e9, a proto umo\u017e\u0148uje vid\u011bt, co je uvnit\u0159, ani\u017e by bylo nutn\u00e9 sklenici otev\u00edrat. Krom\u011b toho maj\u00ed sklenice kompaktn\u00ed rozm\u011bry, d\u00edky \u010demu\u017e jsou ide\u00e1ln\u00ed pro mal\u00e9 skladovac\u00ed prostory.<\/li>\n<li><strong>T\u011bsn\u011bn\u00ed Snap-Lock:<\/strong> Kovov\u00fd uz\u00e1v\u011br se zacvak\u00e1vac\u00edm mechanismem, kter\u00fd je sou\u010d\u00e1st\u00ed t\u011bchto sklenic, dokonale ut\u011bsn\u00ed, ani\u017e by do nich pronikla jedin\u00e1 kapka vlhkosti, a z\u00e1rove\u0148 udr\u017e\u00ed \u010derstvost zachovanou. Krom\u011b toho se otev\u00edr\u00e1n\u00ed a zav\u00edr\u00e1n\u00ed prov\u00e1d\u00ed velmi snadno.<\/li>\n<li><strong>Kompaktn\u00ed velikost a kapacita:<\/strong> Tyto mal\u00e9 sklenice jsou dostate\u010dn\u011b dobr\u00e9 pro ulo\u017een\u00ed mal\u00e9ho mno\u017estv\u00ed v\u011bc\u00ed, jako je p\u0159ebalov\u00e1n\u00ed ko\u0159en\u00ed nebo mal\u00e9 vzorky bylinn\u00fdch \u010daj\u016f, \u010d\u00edm\u017e se sn\u00ed\u017e\u00ed mno\u017estv\u00ed odpadu, kter\u00fd vznik\u00e1 p\u0159i otev\u00edr\u00e1n\u00ed velk\u00fdch sklenic.<\/li>\n<\/ul>\n<h2 style=\"text-align: left;\">Kl\u00ed\u010dov\u00e9 specifikace<\/h2>\n<table class=\"aligncenter\" style=\"border-collapse: collapse; width: 414.77pt;\" border=\"0\" width=\"553\" cellspacing=\"0\" cellpadding=\"0\">\n<tbody>\n<tr style=\"height: 13.50pt;\">\n<td style=\"height: 13.50pt; width: 99.75pt;\" width=\"133\" height=\"18\">Specifikace<\/td>\n<td style=\"width: 315.00pt;\" width=\"420\">Podrobnosti<\/td>\n<\/tr>\n<tr style=\"height: 13.50pt;\">\n<td style=\"height: 13.50pt;\" height=\"18\">Kapacita<\/td>\n<td>45 ml \/ 60 ml \/ 100 ml \/ 130 ml<\/td>\n<\/tr>\n<tr style=\"height: 13.50pt;\">\n<td style=\"height: 13.50pt;\" height=\"18\">Rozm\u011bry<\/td>\n<td>4,5\u00d76,5 cm \/ 4,4\u00d78,5 cm \/ 4,4\u00d710,8 cm \/ 4,4\u00d713,2 cm<\/td>\n<\/tr>\n<tr style=\"height: 13.50pt;\">\n<td style=\"height: 13.50pt;\" height=\"18\">Materi\u00e1l<\/td>\n<td>\u010cir\u00e9 sklo<\/td>\n<\/tr>\n<tr style=\"height: 13.50pt;\">\n<td style=\"height: 13.50pt;\" height=\"18\">Typ v\u00edka<\/td>\n<td>Kovov\u00e9 v\u00edko s up\u00ednac\u00ed sponou a dr\u00e1t\u011bn\u00fdm \u00fachytem (st\u0159\u00edbrn\u00e9)<\/td>\n<\/tr>\n<tr style=\"height: 13.50pt;\">\n<td style=\"height: 13.50pt;\" height=\"18\">Ide\u00e1ln\u00ed pro<\/td>\n<td>Mal\u00e9 vzduchot\u011bsn\u00e9 sklenice, sklen\u011bn\u00e9 d\u00f3zy<\/td>\n<\/tr>\n<\/tbody>\n<\/table>\n<h2>P\u0159\u00edb\u011bh \u00fasp\u011bchu: Uk\u00e1zkov\u00e9 \u0159e\u0161en\u00ed spole\u010dnosti Fine Tea Company<\/h2>\n<p>Pr\u00e9miov\u00e1 \u010dajov\u00e1 spole\u010dnost pot\u0159ebovala kr\u00e1sn\u011b navr\u017een\u00e9, drobn\u00e9, vzduchot\u011bsn\u00e9 d\u00f3zy na vzorky sv\u00fdch produkt\u016f a d\u00e1rkov\u00e9 sady. Pro ulo\u017een\u00ed vzork\u016f \u010daj\u016f vysok\u00e9 kvality si vybrala na\u0161e mal\u00e9 sklen\u011bn\u00e9 d\u00f3zy o objemu 60 ml s vzduchot\u011bsn\u00fdmi v\u00ed\u010dky. \u0160t\u00edhl\u00fd design jim umo\u017enil vytvo\u0159it stylov\u00e9 krabi\u010dky na vzorky, tak\u017ee se 12 r\u016fzn\u00fdch \u010daj\u016f chyt\u0159e ve\u0161lo do kompaktn\u00ed n\u00e1doby. Spokojenost z\u00e1kazn\u00edk\u016f se vzorky zv\u00fd\u0161ila o 40 % a m\u00edra konverze ze vzork\u016f na n\u00e1kupy v pln\u00e9 velikosti se tak\u00e9 zv\u00fd\u0161ila o 25 %. Objednala si tedy 200 000 sklen\u011bn\u00fdch d\u00f3z na podporu degusta\u010dn\u00ed kampan\u011b \u010daj\u016f, kter\u00e1 prob\u00edh\u00e1 po cel\u00e9 zemi.<\/p>\n<h2>Mo\u017enosti p\u0159izp\u016fsoben\u00ed mal\u00fdch vzduchot\u011bsn\u00fdch sklenic<\/h2>\n<ul>\n<li>V\u00ed\u010dka z barevn\u00e9ho skla \u2013 T\u00f3novan\u00e1 sklen\u011bn\u00e1 v\u00ed\u010dka pro p\u0159edm\u011bty citliv\u00e9 na sv\u011btlo<\/li>\n<li>P\u0159esn\u00fd s\u00edtotisk \u2013 Velmi mal\u00e1 mikrologa vyti\u0161t\u011bn\u00e1 keramick\u00fdm inkoustem<\/li>\n<li>M\u0159\u00ed\u017eky pro d\u00e1vkov\u00e1n\u00ed \u2013 Mal\u00e9 odm\u011brky pro p\u0159esn\u00e9 d\u00e1vkov\u00e1n\u00ed<\/li>\n<li>Dekorativn\u00ed matn\u00e9 prou\u017eky \u2013 kr\u00e1sn\u00e9 matn\u00e9 prou\u017eky vytvo\u0159en\u00e9 selektivn\u00edm lept\u00e1n\u00edm<\/li>\n<\/ul>\n<p>Jste p\u0159ipraveni uklidit sv\u00e9 drobnosti? Kontaktujte n\u00e1s je\u0161t\u011b dnes a z\u00edskejte velkoobchodn\u00ed ceny t\u011bchto prostorov\u011b \u00fasporn\u00fdch mal\u00fdch sklen\u011bn\u00fdch d\u00f3z s vzduchot\u011bsn\u00fdmi v\u00ed\u010dky.<\/p>","protected":false},"excerpt":{"rendered":"<p>Mal\u00e9 v\u00e1lcov\u00e9 vzduchot\u011bsn\u00e9 sklen\u011bn\u00e9 d\u00f3zy s v\u00ed\u010dky a mal\u00e9 vzduchot\u011bsn\u00e9 d\u00f3zy na ko\u0159en\u00ed, vzorky a skladov\u00e1n\u00ed \u2013 vynikaj\u00edc\u00ed kvalita, rychl\u00e9 dod\u00e1n\u00ed pro velkoobchodn\u00ed odb\u011bratele.<\/p>","protected":false},"featured_media":24199,"template":"","meta":[],"product_brand":[],"product_cat":[122,134,124],"product_tag":[],"class_list":{"0":"post-24195","1":"product","2":"type-product","3":"status-publish","4":"has-post-thumbnail","6":"product_cat-custom-glass-packaging","7":"product_cat-airtight-jars","8":"product_cat-custom-glass-jars","10":"first","11":"instock","12":"shipping-taxable","13":"product-type-simple"},"jetpack_sharing_enabled":true,"_links":{"self":[{"href":"https:\/\/yebodaglass.com\/cs\/wp-json\/wp\/v2\/product\/24195","targetHints":{"allow":["GET"]}}],"collection":[{"href":"https:\/\/yebodaglass.com\/cs\/wp-json\/wp\/v2\/product"}],"about":[{"href":"https:\/\/yebodaglass.com\/cs\/wp-json\/wp\/v2\/types\/product"}],"version-history":[{"count":4,"href":"https:\/\/yebodaglass.com\/cs\/wp-json\/wp\/v2\/product\/24195\/revisions"}],"predecessor-version":[{"id":24204,"href":"https:\/\/yebodaglass.com\/cs\/wp-json\/wp\/v2\/product\/24195\/revisions\/24204"}],"wp:featuredmedia":[{"embeddable":true,"href":"https:\/\/yebodaglass.com\/cs\/wp-json\/wp\/v2\/media\/24199"}],"wp:attachment":[{"href":"https:\/\/yebodaglass.com\/cs\/wp-json\/wp\/v2\/media?parent=24195"}],"wp:term":[{"taxonomy":"product_brand","embeddable":true,"href":"https:\/\/yebodaglass.com\/cs\/wp-json\/wp\/v2\/product_brand?post=24195"},{"taxonomy":"product_cat","embeddable":true,"href":"https:\/\/yebodaglass.com\/cs\/wp-json\/wp\/v2\/product_cat?post=24195"},{"taxonomy":"product_tag","embeddable":true,"href":"https:\/\/yebodaglass.com\/cs\/wp-json\/wp\/v2\/product_tag?post=24195"}],"curies":[{"name":"wp","href":"https:\/\/api.w.org\/{rel}","templated":true}]}}