{"id":24164,"date":"2025-12-01T11:25:52","date_gmt":"2025-12-01T03:25:52","guid":{"rendered":"https:\/\/yebodaglass.com\/?post_type=product&#038;p=24164"},"modified":"2025-12-01T11:25:53","modified_gmt":"2025-12-01T03:25:53","slug":"custom-glass-water-bottle-storage-with-infuser-wholesale","status":"publish","type":"product","link":"https:\/\/yebodaglass.com\/cs\/custom-glass-water-bottle-storage-with-infuser-wholesale\/","title":{"rendered":"Velkoobchodn\u00ed skladov\u00e1n\u00ed sklen\u011bn\u00fdch lahv\u00ed na vodu s infuz\u00e9rem na zak\u00e1zku 450ml 550ml"},"content":{"rendered":"<p>U\u017e v\u00e1s nebav\u00ed sklen\u011bn\u00e9 lahve, kter\u00e9 nejsou vhodn\u00e9 na \u010daj? Navrhujeme \u0161pi\u010dkov\u00e9 sklen\u011bn\u00e9 lahve na vodu s vestav\u011bn\u00fdm n\u00e1levn\u00edkem na \u010daj. Tyto lahve na vodu zp\u0159\u00edjem\u0148uj\u00ed ka\u017edodenn\u00ed hydrataci. Hromadn\u00e9 objedn\u00e1vky dost\u00e1vaj\u00ed povrchovou \u00fapravu na m\u00edru, kter\u00e1 odpov\u00edd\u00e1 va\u0161\u00ed zna\u010dce.<\/p>\n<h2>Vlastnosti produktu<\/h2>\n<p><strong>Vestav\u011bn\u00fd \u010dajov\u00fd n\u00e1levn\u00edk<\/strong><\/p>\n<p>Nerezov\u00fd filtr umo\u017e\u0148uje va\u0159it \u010daj p\u0159\u00edmo v lahvi \u2013 nen\u00ed pot\u0159eba \u017e\u00e1dn\u00e9 dal\u0161\u00ed vybaven\u00ed.<\/p>\n<p><strong>Odoln\u00e9 borosilik\u00e1tov\u00e9 sklo<\/strong><\/p>\n<p>Bez tepeln\u00e9ho \u0161oku \u2013 lze pou\u017e\u00edt v mraz\u00e1ku, m\u00fdt v my\u010dce n\u00e1dob\u00ed a je vyrobeno s dlouhou \u017eivotnost\u00ed.<\/p>\n<p><strong>P\u0159izp\u016fsobiteln\u00fd design<\/strong><\/p>\n<p>\u010cir\u00e9 sklo s mo\u017enost\u00ed v\u00fdb\u011bru barvy dle p\u0159\u00e1n\u00ed z\u00e1kazn\u00edka \u2013 vynikaj\u00edc\u00ed \u0159e\u0161en\u00ed pro ulo\u017een\u00ed lahv\u00ed s vodou s va\u0161\u00edm brandingem.<\/p>\n<h2>Kl\u00ed\u010dov\u00e9 specifikace<\/h2>\n<table style=\"border-collapse: collapse; width: 80%; margin-left: auto; margin-right: auto;\" border=\"0\" width=\"360\" cellspacing=\"0\" cellpadding=\"0\">\n<tbody>\n<tr style=\"height: 13.50pt;\">\n<td style=\"height: 13.5pt; width: 54pt; text-align: center;\" width=\"72\" height=\"18\">Kapacita (ml)<\/td>\n<td style=\"width: 54pt; text-align: center;\" width=\"72\">Velikost (cm)<\/td>\n<td style=\"width: 54pt; text-align: center;\" width=\"72\">Pr\u016fm\u011br<\/td>\n<td style=\"width: 54pt; text-align: center;\" width=\"72\">Materi\u00e1l<\/td>\n<td style=\"width: 54pt; text-align: center;\" width=\"72\">Typ infuz\u00e9ru<\/td>\n<\/tr>\n<tr style=\"height: 13.50pt;\">\n<td style=\"height: 13.5pt; text-align: center;\" align=\"right\" height=\"18\">550<\/td>\n<td style=\"text-align: center;\">6,5 x 23,5<\/td>\n<td class=\"et2\" style=\"text-align: center;\" rowspan=\"2\">28mm<\/td>\n<td class=\"et2\" style=\"text-align: center;\" rowspan=\"2\">Borosilik\u00e1t<\/td>\n<td class=\"et2\" style=\"text-align: center;\" rowspan=\"2\">Nerez<\/td>\n<\/tr>\n<tr style=\"height: 13.50pt;\">\n<td style=\"height: 13.5pt; text-align: center;\" align=\"right\" height=\"18\">450<\/td>\n<td style=\"text-align: center;\">5,6 x 24,6<\/td>\n<\/tr>\n<\/tbody>\n<\/table>\n<h2>P\u0159\u00edpad \u00fasp\u011bchu<\/h2>\n<p>Luxusn\u00ed evropsk\u00e1 zna\u010dka bylinn\u00fdch \u010daj\u016f zoufale pot\u0159ebovala l\u00e1hev na vodu, kter\u00e1 by slou\u017eila jako perfektn\u00ed vizu\u00e1ln\u00ed a lahodn\u00fd n\u00e1stroj pro zv\u00fd\u0161en\u00ed celkov\u00e9 hodnoty produktu, a to p\u0159i uveden\u00ed sv\u00e9 ka\u017edoro\u010dn\u00ed limitovan\u00e9 edice d\u00e1rkov\u00e9 sady bylinn\u00fdch a ovocn\u00fdch \u010daj\u016f. Vyrobili jsme proto tuto l\u00e1hev na vodu z nerezov\u00e9 oceli se sklenic\u00ed a n\u00e1levem na m\u00edru a zm\u011bnili jsme velikost p\u00f3r\u016f n\u00e1levu tak, aby odpov\u00eddala velikosti \u010dajov\u00fdch l\u00edstk\u016f, aby se kv\u011bty mohly b\u011bhem louhov\u00e1n\u00ed zcela rozvinout, ani\u017e by ztratily jemnost n\u00e1levu. V d\u016fsledku uveden\u00ed produktu na trh se prodej d\u00e1rkov\u00fdch sad zv\u00fd\u0161il o t\u00e9m\u011b\u0159 40 % ve srovn\u00e1n\u00ed s p\u0159edchoz\u00edm \u010dtvrtlet\u00edm a zna\u010dka tak\u00e9 skv\u011ble zd\u016fraznila n\u00e1r\u016fst m\u00edry op\u011btovn\u00e9ho n\u00e1kupu z\u00e1kazn\u00edky.<\/p>\n<h2>V\u00e1\u0161 n\u00e1vod na \u00fapravy<\/h2>\n<ol>\n<li><strong>P\u0159izp\u016fsobiteln\u00e1 struktura filtru:<\/strong>Vym\u011bniteln\u00e9 filtry s hrub\u00fdmi\/jemn\u00fdmi p\u00f3ry, prodlou\u017een\u00e9 filtry a vyj\u00edmateln\u00e9 dvouvrstv\u00e9 filtry jsou podporov\u00e1ny konstrukc\u00ed filtru, kterou lze pou\u017e\u00edt pro \u010daj, bylinky, pl\u00e1tky ovoce a studenou k\u00e1vu.<\/li>\n<li><strong>Protiskluzov\u00e9\/protikolizn\u00ed proveden\u00ed dna:<\/strong>Pro sn\u00ed\u017een\u00ed po\u0161kozen\u00ed b\u011bhem p\u0159epravy a zv\u00fd\u0161en\u00ed bezpe\u010dnosti lze p\u0159idat silikonov\u00e9 podlo\u017eky nebo zes\u00edlenou spodn\u00ed konstrukci.<\/li>\n<li><strong>P\u0159izp\u016fsobiteln\u00e9 p\u0159\u00edslu\u0161enstv\u00ed:<\/strong>Voliteln\u00e9 p\u0159\u00edslu\u0161enstv\u00ed zahrnuje p\u0159enosnou sametovou ta\u0161ku, nylonov\u00e9 pouzdro na l\u00e1hev a popruh pro usnadn\u011bn\u00ed no\u0161en\u00ed venku.<\/li>\n<\/ol>","protected":false},"excerpt":{"rendered":"<p>Sklen\u011bn\u00e1 \u00falo\u017en\u00e1 lahev na vodu s n\u00e1levn\u00edkem, ide\u00e1ln\u00ed pro p\u0159\u00edpravu \u010daje a ulo\u017een\u00ed lahv\u00ed s vodou. Podporuje hromadn\u00e9 objedn\u00e1vky, p\u0159\u00edm\u00e9 dod\u00e1vky od v\u00fdrobce a zak\u00e1zkov\u00e9 brandingy.<\/p>","protected":false},"featured_media":24165,"template":"","meta":[],"product_brand":[],"product_cat":[122,123,136],"product_tag":[],"class_list":{"0":"post-24164","1":"product","2":"type-product","3":"status-publish","4":"has-post-thumbnail","6":"product_cat-custom-glass-packaging","7":"product_cat-custom-glass-bottles","8":"product_cat-glass-water-bottles","10":"first","11":"instock","12":"shipping-taxable","13":"product-type-simple"},"jetpack_sharing_enabled":true,"_links":{"self":[{"href":"https:\/\/yebodaglass.com\/cs\/wp-json\/wp\/v2\/product\/24164","targetHints":{"allow":["GET"]}}],"collection":[{"href":"https:\/\/yebodaglass.com\/cs\/wp-json\/wp\/v2\/product"}],"about":[{"href":"https:\/\/yebodaglass.com\/cs\/wp-json\/wp\/v2\/types\/product"}],"version-history":[{"count":4,"href":"https:\/\/yebodaglass.com\/cs\/wp-json\/wp\/v2\/product\/24164\/revisions"}],"predecessor-version":[{"id":24194,"href":"https:\/\/yebodaglass.com\/cs\/wp-json\/wp\/v2\/product\/24164\/revisions\/24194"}],"wp:featuredmedia":[{"embeddable":true,"href":"https:\/\/yebodaglass.com\/cs\/wp-json\/wp\/v2\/media\/24165"}],"wp:attachment":[{"href":"https:\/\/yebodaglass.com\/cs\/wp-json\/wp\/v2\/media?parent=24164"}],"wp:term":[{"taxonomy":"product_brand","embeddable":true,"href":"https:\/\/yebodaglass.com\/cs\/wp-json\/wp\/v2\/product_brand?post=24164"},{"taxonomy":"product_cat","embeddable":true,"href":"https:\/\/yebodaglass.com\/cs\/wp-json\/wp\/v2\/product_cat?post=24164"},{"taxonomy":"product_tag","embeddable":true,"href":"https:\/\/yebodaglass.com\/cs\/wp-json\/wp\/v2\/product_tag?post=24164"}],"curies":[{"name":"wp","href":"https:\/\/api.w.org\/{rel}","templated":true}]}}