{"id":24163,"date":"2025-11-28T10:31:40","date_gmt":"2025-11-28T02:31:40","guid":{"rendered":"https:\/\/yebodaglass.com\/?post_type=product&#038;p=24163"},"modified":"2025-11-28T11:43:27","modified_gmt":"2025-11-28T03:43:27","slug":"bulk-large-square-glass-food-storage-jars-with-lids","status":"publish","type":"product","link":"https:\/\/yebodaglass.com\/cs\/bulk-large-square-glass-food-storage-jars-with-lids\/","title":{"rendered":"Velk\u00e9 \u010dtvercov\u00e9 sklen\u011bn\u00e9 d\u00f3zy na potraviny s v\u00ed\u010dky 50 oz 64 oz 100 oz"},"content":{"rendered":"<p data-start=\"66\" data-end=\"288\">Tyto velk\u00e9 sklen\u011bn\u00e9 d\u00f3zy na potraviny s v\u00ed\u010dky jsou vyrobeny z \u010dir\u00e9ho skla a maj\u00ed t\u0159i modern\u00ed obd\u00e9ln\u00edkov\u00e9 tvary. Ka\u017ed\u00e1 n\u00e1doba m\u00e1 kovov\u00e9 zacvak\u00e1vac\u00ed v\u00ed\u010dko.<\/p>\n<h2>Vlastnosti produktu<\/h2>\n<ul>\n<li><strong>Pr\u016fhledn\u00fd obd\u00e9ln\u00edkov\u00fd materi\u00e1l:<\/strong> Sklen\u011bn\u00e9 t\u011blo je pr\u016fhledn\u00e9, co\u017e v\u00e1m umo\u017e\u0148uje okam\u017eit\u011b zjistit obsah a sledovat stav z\u00e1sob, ani\u017e byste museli otev\u00edrat sklenici.<\/li>\n<li><strong>T\u011bsn\u011bn\u00ed Snap-Lock:<\/strong> D\u00edky kovov\u00e9mu zacvak\u00e1vac\u00edmu v\u00edku nab\u00edz\u00ed skv\u011bl\u00e9 ut\u011bsn\u011bn\u00ed, a tak absolutn\u011b chr\u00e1n\u00ed sklenici p\u0159ed vodn\u00ed p\u00e1rou a pom\u00e1h\u00e1 zachovat \u010derstvost obsahu. Sklenici lze snadno a pohodln\u011b zav\u0159\u00edt a znovu otev\u0159\u00edt.<\/li>\n<li><strong>Velk\u00e1 kapacita:<\/strong> Tyto velkokapacitn\u00ed skladovac\u00ed n\u00e1doby v\u00e1m poskytnou dostatek prostoru ve va\u0161\u00ed kuchyni, a proto jsou ide\u00e1ln\u00ed pro skladov\u00e1n\u00ed velk\u00e9ho mno\u017estv\u00ed r\u00fd\u017ee, obilovin nebo jin\u00fdch surovin atd. a sni\u017euj\u00ed tak n\u00e1klady na n\u00e1kup n\u00e1dob.<\/li>\n<\/ul>\n<h2 style=\"text-align: left;\">Kl\u00ed\u010dov\u00e9 specifikace<\/h2>\n<table class=\"aligncenter\" style=\"border-collapse: collapse; width: 438.02pt;\" border=\"0\" width=\"584\" cellspacing=\"0\" cellpadding=\"0\">\n<tbody>\n<tr style=\"height: 13.50pt;\">\n<td style=\"height: 13.50pt; width: 99.75pt;\" width=\"133\" height=\"18\">Specifikace<\/td>\n<td style=\"width: 338.25pt;\" width=\"451\">Podrobnosti<\/td>\n<\/tr>\n<tr style=\"height: 13.50pt;\">\n<td style=\"height: 13.50pt;\" height=\"18\">Kapacita<\/td>\n<td>1500 ml (50 oz) \/ 2000 ml (64 oz) \/ 3000 ml (100 oz)<\/td>\n<\/tr>\n<tr style=\"height: 13.50pt;\">\n<td style=\"height: 13.50pt;\" height=\"18\">Rozm\u011bry<\/td>\n<td>11,4\u00d719,5 cm \/ 11,4\u00d725,8 cm \/ 14,2\u00d723,9 cm<\/td>\n<\/tr>\n<tr style=\"height: 13.50pt;\">\n<td style=\"height: 13.50pt;\" height=\"18\">Materi\u00e1l<\/td>\n<td>Siln\u00e9 \u010dir\u00e9 sklo<\/td>\n<\/tr>\n<tr style=\"height: 13.50pt;\">\n<td style=\"height: 13.50pt;\" height=\"18\">Typ\/barva v\u00edka<\/td>\n<td>Kovov\u00e9 v\u00edko s up\u00ednac\u00ed sponou a dr\u00e1t\u011bn\u00fdm \u00fachytem<\/td>\n<\/tr>\n<tr style=\"height: 13.50pt;\">\n<td style=\"height: 13.50pt;\" height=\"18\">Ide\u00e1ln\u00ed pro<\/td>\n<td>Sklen\u011bn\u00e9 d\u00f3zy na potraviny s v\u00ed\u010dky, sklen\u011bn\u00e9 d\u00f3zy na potraviny<\/td>\n<\/tr>\n<\/tbody>\n<\/table>\n<h2>P\u0159\u00edb\u011bh \u00fasp\u011bchu: \u0158e\u0161en\u00ed ingredienc\u00ed pro komer\u010dn\u00ed pek\u00e1rnu<\/h2>\n<p>\u0158emesln\u00e1 pek\u00e1rna, kter\u00e1 proch\u00e1zela f\u00e1z\u00ed rychl\u00e9ho r\u016fstu a pot\u0159ebovala efektivn\u011bj\u0161\u00ed metodu skladov\u00e1n\u00ed mouky a cukru ve velk\u00e9m mno\u017estv\u00ed, si nakonec pro skladov\u00e1n\u00ed sv\u00fdch surovin vybrala na\u0161e velk\u00e9 \u010dtvercov\u00e9 sklen\u011bn\u00e9 n\u00e1doby o objemu 2000 ml. Jako nejv\u00fdznamn\u011bj\u0161\u00ed faktor ozna\u010dila t\u011bsn\u011bn\u00ed \u2013 nejen\u017ee prodlou\u017eila trvanlivost mouky o 60 %, ale tak\u00e9 zcela zabr\u00e1nila v\u00fdskytu \u0161k\u016fdc\u016f. D\u00edky obd\u00e9ln\u00edkov\u00e9mu tvaru mohla m\u00edt ve stejn\u00e9m prostoru skladov\u00e1no o 40 % v\u00edce surovin, a tak optimalizovala uspo\u0159\u00e1d\u00e1n\u00ed sv\u00e9 mal\u00e9 kuchyn\u011b. D\u00edky tomu m\u00e1 standardizovan\u00e9 skladov\u00e1n\u00ed ve v\u0161ech sv\u00fdch prodejn\u00e1ch a objednala si 500 000 sklen\u011bn\u00fdch n\u00e1dob.<\/p>\n<h2>Mo\u017enosti p\u0159izp\u016fsoben\u00ed sklen\u011bn\u00fdch n\u00e1dob na potraviny:<\/h2>\n<ul>\n<li>Vyv\u00fd\u0161en\u00e9 objemov\u00e9 zna\u010dky \u2013 P\u0159idejte trval\u00e9 vyv\u00fd\u0161en\u00e9 zna\u010dky pro snadnou kontrolu porc\u00ed.<\/li>\n<li>S\u00edtotisky poti\u0161t\u011bn\u00e9 etikety \u2013 Velk\u00e1, odoln\u00e1 loga zna\u010dek poti\u0161t\u011bn\u00e1 keramick\u00fdm inkoustem.<\/li>\n<li>Zes\u00edlen\u00e1 konstrukce dna \u2013 Zes\u00edlen\u00e9 sklo pro ulo\u017een\u00ed t\u011b\u017e\u0161\u00edch p\u0159edm\u011bt\u016f, jako je mouka nebo obiloviny.<\/li>\n<li>Integrovan\u00e9 rukojeti \u2013 Voliteln\u00e9 rukojeti z lisovan\u00e9ho skla pro snadnou manipulaci s pln\u00fdmi sklenicemi.<\/li>\n<\/ul>\n<p>Chcete efektivn\u011bji zv\u011bt\u0161it sv\u016fj \u00falo\u017en\u00fd prostor? Nev\u00e1hejte n\u00e1s kontaktovat, pokud chcete zn\u00e1t velkoobchodn\u00ed ceny t\u011bchto prostorov\u011b \u00fasporn\u00fdch velk\u00fdch \u010dtvercov\u00fdch sklen\u011bn\u00fdch d\u00f3z.<\/p>","protected":false},"excerpt":{"rendered":"<p>Vyberte si odoln\u00e9 sklen\u011bn\u00e9 d\u00f3zy na potraviny s v\u00ed\u010dky a velk\u00e9 \u010dtvercov\u00e9 sklen\u011bn\u00e9 d\u00f3zy vyroben\u00e9 z vysoce kvalitn\u00edch materi\u00e1l\u016f \u2013 p\u0159\u00edm\u00fd prodej z tov\u00e1rny. Vzorky zdarma.<\/p>","protected":false},"featured_media":24166,"template":"","meta":[],"product_brand":[],"product_cat":[122,134,124],"product_tag":[],"class_list":{"0":"post-24163","1":"product","2":"type-product","3":"status-publish","4":"has-post-thumbnail","6":"product_cat-custom-glass-packaging","7":"product_cat-airtight-jars","8":"product_cat-custom-glass-jars","10":"first","11":"instock","12":"shipping-taxable","13":"product-type-simple"},"jetpack_sharing_enabled":true,"_links":{"self":[{"href":"https:\/\/yebodaglass.com\/cs\/wp-json\/wp\/v2\/product\/24163","targetHints":{"allow":["GET"]}}],"collection":[{"href":"https:\/\/yebodaglass.com\/cs\/wp-json\/wp\/v2\/product"}],"about":[{"href":"https:\/\/yebodaglass.com\/cs\/wp-json\/wp\/v2\/types\/product"}],"version-history":[{"count":4,"href":"https:\/\/yebodaglass.com\/cs\/wp-json\/wp\/v2\/product\/24163\/revisions"}],"predecessor-version":[{"id":24190,"href":"https:\/\/yebodaglass.com\/cs\/wp-json\/wp\/v2\/product\/24163\/revisions\/24190"}],"wp:featuredmedia":[{"embeddable":true,"href":"https:\/\/yebodaglass.com\/cs\/wp-json\/wp\/v2\/media\/24166"}],"wp:attachment":[{"href":"https:\/\/yebodaglass.com\/cs\/wp-json\/wp\/v2\/media?parent=24163"}],"wp:term":[{"taxonomy":"product_brand","embeddable":true,"href":"https:\/\/yebodaglass.com\/cs\/wp-json\/wp\/v2\/product_brand?post=24163"},{"taxonomy":"product_cat","embeddable":true,"href":"https:\/\/yebodaglass.com\/cs\/wp-json\/wp\/v2\/product_cat?post=24163"},{"taxonomy":"product_tag","embeddable":true,"href":"https:\/\/yebodaglass.com\/cs\/wp-json\/wp\/v2\/product_tag?post=24163"}],"curies":[{"name":"wp","href":"https:\/\/api.w.org\/{rel}","templated":true}]}}