{"id":24154,"date":"2025-11-28T08:55:51","date_gmt":"2025-11-28T00:55:51","guid":{"rendered":"https:\/\/yebodaglass.com\/?post_type=product&#038;p=24154"},"modified":"2025-11-28T11:44:03","modified_gmt":"2025-11-28T03:44:03","slug":"bulk-clear-square-glass-storage-jars-with-glass-lids","status":"publish","type":"product","link":"https:\/\/yebodaglass.com\/cs\/bulk-clear-square-glass-storage-jars-with-glass-lids\/","title":{"rendered":"Velkoobjemov\u00e9 \u010dir\u00e9 \u010dtvercov\u00e9 sklen\u011bn\u00e9 \u00falo\u017en\u00e9 d\u00f3zy se sklen\u011bn\u00fdmi v\u00ed\u010dky 380ml 500ml 750ml 1000ml"},"content":{"rendered":"<p data-start=\"66\" data-end=\"288\">Tyto \u010dtvercov\u00e9 sklen\u011bn\u00e9 d\u00f3zy jsou vyrobeny z \u010dir\u00e9ho skla a jsou k dispozici ve \u010dty\u0159ech r\u016fzn\u00fdch velikostech. Maj\u00ed zaoblen\u00fd \u010dtvercov\u00fd tvar. Ka\u017ed\u00e1 d\u00f3za je dod\u00e1v\u00e1na se sklen\u011bn\u00fdm v\u00ed\u010dkem, kter\u00e9 je p\u0159ipevn\u011bno jednoduch\u00fdm kovov\u00fdm patentn\u00edm uz\u00e1v\u011brem.<\/p>\n<h2>Vlastnosti produktu<\/h2>\n<ul>\n<li><strong>Pr\u016fhledn\u00fd \u010dtvercov\u00fd materi\u00e1l:<\/strong> Pou\u017eit\u00ed pln\u011b pr\u016fhledn\u00e9ho skla se zaoblen\u00fdmi hranat\u00fdmi rohy umo\u017e\u0148uje snadnou viditelnost obsahu a z\u00e1rove\u0148 \u0161et\u0159\u00ed v\u00edce \u00falo\u017en\u00e9ho prostoru, ne\u017e kdyby byly sklenice \u010dist\u011b v\u00e1lcov\u00e9.<\/li>\n<li><strong>Konstrukce t\u011bsn\u011bn\u00ed s nacvaknut\u00edm:<\/strong> Sklenice je opat\u0159ena kovov\u00fdm zacvak\u00e1vac\u00edm v\u00ed\u010dkem, kter\u00e9 zaji\u0161\u0165uje skv\u011bl\u00fd t\u011bsnic\u00ed v\u00fdkon a \u00fa\u010dinn\u011b zabra\u0148uje vnik\u00e1n\u00ed vlhkosti a udr\u017euje \u010derstvost produktu. Otev\u00edr\u00e1n\u00ed a zav\u00edr\u00e1n\u00ed n\u00e1doby je velmi snadn\u00e9 a pohodln\u00e9.<\/li>\n<li><strong>\u010cty\u0159i r\u016fzn\u00e9 velikosti:<\/strong> \u010cty\u0159i velikosti se zam\u011b\u0159uj\u00ed na um\u00edst\u011bn\u00ed v\u011bc\u00ed r\u016fzn\u00fdch velikost\u00ed (nap\u0159\u00edklad mal\u00e9 sklenice na ko\u0159en\u00ed, velk\u00e9 sklenice na su\u0161en\u00e9 zbo\u017e\u00ed).<\/li>\n<\/ul>\n<h2 style=\"text-align: left;\">Kl\u00ed\u010dov\u00e9 specifikace<\/h2>\n<table class=\"aligncenter\" style=\"border-collapse: collapse; width: 435.02pt;\" border=\"0\" width=\"580\" cellspacing=\"0\" cellpadding=\"0\">\n<tbody>\n<tr style=\"height: 13.50pt;\">\n<td style=\"height: 13.50pt; width: 99.75pt;\" width=\"133\" height=\"18\">Specifikace<\/td>\n<td style=\"width: 335.25pt;\" width=\"447\">Podrobnosti<\/td>\n<\/tr>\n<tr style=\"height: 13.50pt;\">\n<td style=\"height: 13.50pt;\" height=\"18\">Kapacita<\/td>\n<td>380 ml \/ 500 ml \/ 750 ml \/ 1000 ml<\/td>\n<\/tr>\n<tr style=\"height: 13.50pt;\">\n<td style=\"height: 13.50pt;\" height=\"18\">Rozm\u011bry<\/td>\n<td>8,7\u00d710 cm \/ 10,8\u00d710 cm \/ 11\u00d712,3 cm \/ 11,3\u00d715 cm<\/td>\n<\/tr>\n<tr style=\"height: 13.50pt;\">\n<td style=\"height: 13.50pt;\" height=\"18\">Materi\u00e1l<\/td>\n<td>Pr\u016fhledn\u00e9 sklo (sklenice a v\u00ed\u010dko)<\/td>\n<\/tr>\n<tr style=\"height: 13.50pt;\">\n<td style=\"height: 13.50pt;\" height=\"18\">Typ\/barva v\u00edka<\/td>\n<td>Sklen\u011bn\u00e9 v\u00edko s ocelovou sponou<\/td>\n<\/tr>\n<tr style=\"height: 13.50pt;\">\n<td style=\"height: 13.50pt;\" height=\"18\">Ide\u00e1ln\u00ed pro<\/td>\n<td>Sklen\u011bn\u00e9 d\u00f3zy, sklen\u011bn\u00e9 d\u00f3zy se sklen\u011bn\u00fdmi v\u00ed\u010dky<\/td>\n<\/tr>\n<\/tbody>\n<\/table>\n<h2>P\u0159\u00edb\u011bh \u00fasp\u011bchu: Jak \u010dajovna vylep\u0161ila sv\u016fj displej<\/h2>\n<p>Drah\u00e1 \u010dajov\u00e1 spole\u010dnost pot\u0159ebovala skladovac\u00ed \u0159e\u0161en\u00ed, kter\u00e9 by dok\u00e1zalo prezentovat a z\u00e1rove\u0148 uchovat produkty \u010derstv\u00e9. \u010cajov\u00e1 spole\u010dnost se rozhodla pou\u017e\u00edt ve sv\u00fdch maloobchodn\u00edch prodejn\u00e1ch na\u0161e \u010dtvercov\u00e9 sklen\u011bn\u00e9 d\u00f3zy o objemu 500 ml. D\u00edky \u010dtvercov\u00e9mu designu mohla \u010dajov\u00e1 spole\u010dnost vystavit o 30 % v\u00edce produkt\u016f na stejn\u00e9m pultu. Ut\u011bsn\u011bn\u00ed je tak dobr\u00e9, \u017ee \u010daj vydr\u017e\u00ed \u010derstv\u00fd cel\u00e9 m\u011bs\u00edce, \u010d\u00edm\u017e se odpad sn\u00ed\u017e\u00ed o 40 %. Po tomto \u00fasp\u011bchu si spole\u010dnost objednala 25 000 sklenic, aby otev\u0159ela nov\u00e1 prodejn\u00ed m\u00edsta.<\/p>\n<h2>Mo\u017enosti p\u0159izp\u016fsoben\u00ed sklen\u011bn\u00fdch \u00falo\u017en\u00fdch d\u00f3z<\/h2>\n<ul>\n<li>S\u00edtotiskov\u00e9 p\u0159echody \u2013 P\u0159idejte u\u017eite\u010dn\u00e9 ozna\u010den\u00ed kapacity pro usnadn\u011bn\u00ed dan\u00e9ho mno\u017estv\u00ed produktu<\/li>\n<li>Barevn\u00e1 sklen\u011bn\u00e1 v\u00ed\u010dka \u2013 V p\u0159\u00edpad\u011b p\u0159edm\u011bt\u016f citliv\u00fdch na sv\u011btlo pou\u017eijte barevn\u00e1 sklen\u011bn\u00e1 v\u00ed\u010dka.<\/li>\n<li>Vlastn\u00ed barvy klip\u016f \u2013 M\u016f\u017eete si vybrat z bronzov\u00e9, \u010dern\u00e9 nebo niklov\u00e9 barvy klip\u016f<\/li>\n<li>Mo\u017enosti silikonov\u00fdch t\u011bsnic\u00edch krou\u017ek\u016f \u2013 Barva t\u011bsnic\u00edho krou\u017eku m\u016f\u017ee b\u00fdt barvou va\u0161\u00ed zna\u010dky, aby se zachovalo barevn\u00e9 sch\u00e9ma.<\/li>\n<\/ul>\n<p>Chcete co nejl\u00e9pe vyu\u017e\u00edt sv\u016fj \u00falo\u017en\u00fd prostor? Kontaktujte n\u00e1s a z\u00edskejte velkoobchodn\u00ed ceny t\u011bchto kr\u00e1sn\u00fdch \u010dtvercov\u00fdch sklen\u011bn\u00fdch d\u00f3z se sklen\u011bn\u00fdmi v\u00ed\u010dky.<\/p>","protected":false},"excerpt":{"rendered":"<p>Na\u0161e \u010dtvercov\u00e9 sklen\u011bn\u00e9 d\u00f3zy a sklen\u011bn\u00e9 d\u00f3zy s v\u00edkem jsou vysoce pr\u016fhledn\u00e9, odoln\u00e9 a maj\u00ed dobr\u00e9 t\u011bsnic\u00ed vlastnosti \u2013 k dispozici jsou vzorky zdarma.<\/p>","protected":false},"featured_media":24157,"template":"","meta":[],"product_brand":[],"product_cat":[122,134,124],"product_tag":[],"class_list":{"0":"post-24154","1":"product","2":"type-product","3":"status-publish","4":"has-post-thumbnail","6":"product_cat-custom-glass-packaging","7":"product_cat-airtight-jars","8":"product_cat-custom-glass-jars","10":"first","11":"instock","12":"shipping-taxable","13":"product-type-simple"},"jetpack_sharing_enabled":true,"_links":{"self":[{"href":"https:\/\/yebodaglass.com\/cs\/wp-json\/wp\/v2\/product\/24154","targetHints":{"allow":["GET"]}}],"collection":[{"href":"https:\/\/yebodaglass.com\/cs\/wp-json\/wp\/v2\/product"}],"about":[{"href":"https:\/\/yebodaglass.com\/cs\/wp-json\/wp\/v2\/types\/product"}],"version-history":[{"count":5,"href":"https:\/\/yebodaglass.com\/cs\/wp-json\/wp\/v2\/product\/24154\/revisions"}],"predecessor-version":[{"id":24189,"href":"https:\/\/yebodaglass.com\/cs\/wp-json\/wp\/v2\/product\/24154\/revisions\/24189"}],"wp:featuredmedia":[{"embeddable":true,"href":"https:\/\/yebodaglass.com\/cs\/wp-json\/wp\/v2\/media\/24157"}],"wp:attachment":[{"href":"https:\/\/yebodaglass.com\/cs\/wp-json\/wp\/v2\/media?parent=24154"}],"wp:term":[{"taxonomy":"product_brand","embeddable":true,"href":"https:\/\/yebodaglass.com\/cs\/wp-json\/wp\/v2\/product_brand?post=24154"},{"taxonomy":"product_cat","embeddable":true,"href":"https:\/\/yebodaglass.com\/cs\/wp-json\/wp\/v2\/product_cat?post=24154"},{"taxonomy":"product_tag","embeddable":true,"href":"https:\/\/yebodaglass.com\/cs\/wp-json\/wp\/v2\/product_tag?post=24154"}],"curies":[{"name":"wp","href":"https:\/\/api.w.org\/{rel}","templated":true}]}}