{"id":24141,"date":"2025-11-27T11:41:17","date_gmt":"2025-11-27T03:41:17","guid":{"rendered":"https:\/\/yebodaglass.com\/?post_type=product&#038;p=24141"},"modified":"2025-11-27T18:27:41","modified_gmt":"2025-11-27T10:27:41","slug":"wholesale-clear-large-glass-food-storage-jars","status":"publish","type":"product","link":"https:\/\/yebodaglass.com\/cs\/wholesale-clear-large-glass-food-storage-jars\/","title":{"rendered":"Velkoobchodn\u00ed \u010dir\u00e9 velk\u00e9 sklen\u011bn\u00e9 n\u00e1doby na potraviny 64 oz 100 oz"},"content":{"rendered":"<p data-start=\"66\" data-end=\"288\">Tyto velk\u00e9 sklen\u011bn\u00e9 d\u00f3zy se sklem jsou vyrobeny z pr\u016fhledn\u00e9ho skla a dod\u00e1vaj\u00ed se ve dvou elegantn\u00edch \u0161t\u00edhl\u00fdch kulat\u00fdch tvarech. Ka\u017ed\u00e1 d\u00f3za je dod\u00e1v\u00e1na s kovov\u00fdm zacvak\u00e1vac\u00edm v\u00ed\u010dkem, d\u00edky \u010demu\u017e jsou pohodlnou volbou pro skladov\u00e1n\u00ed velk\u00e9ho mno\u017estv\u00ed potravin v kuchyni.<\/p>\n<h2>Vlastnosti produktu<\/h2>\n<ul>\n<li><strong>Velk\u00e1 kapacita:<\/strong> Tyto d\u00f3zy jsou k dispozici v objemech 2 a 3 litry, kter\u00e9 dok\u00e1\u017e\u00ed ulo\u017eit velk\u00e9 mno\u017estv\u00ed stejn\u00fdch produkt\u016f, \u010d\u00edm\u017e se minimalizuje nutnost balen\u00ed a \u010dast\u00e9ho dopl\u0148ov\u00e1n\u00ed.<\/li>\n<li><strong>Dokonal\u00e9 ut\u011bsn\u011bn\u00ed:<\/strong> Svorky a gumov\u00e9 t\u011bsn\u011bn\u00ed spolupracuj\u00ed, aby zcela vylou\u010dily vlhkost, \u0161k\u016fdce a vzduch, a tak udr\u017e\u00ed potraviny \u010derstv\u00e9 po dobu jednoho m\u011bs\u00edce nebo i d\u00e9le.<\/li>\n<li><strong>\u0160irok\u00fd design \u00fast\u00ed pro snadn\u00e9 pln\u011bn\u00ed a dopl\u0148ov\u00e1n\u00ed:<\/strong> D\u00edky \u0161irok\u00e9mu hrdlu je vkl\u00e1d\u00e1n\u00ed a vykl\u00e1d\u00e1n\u00ed j\u00eddla rychl\u00e9 a snadn\u00e9, a to i pro lidi s velk\u00fdma rukama nebo pro ty, kte\u0159\u00ed pou\u017e\u00edvaj\u00ed velk\u00e9 l\u017e\u00edce.<\/li>\n<\/ul>\n<h2 style=\"text-align: left;\">Kl\u00ed\u010dov\u00e9 specifikace<\/h2>\n<table class=\"aligncenter\" style=\"border-collapse: collapse; width: 402.77pt;\" border=\"0\" width=\"537\" cellspacing=\"0\" cellpadding=\"0\">\n<tbody>\n<tr style=\"height: 13.50pt;\">\n<td style=\"height: 13.50pt; width: 99.75pt;\" width=\"133\" height=\"18\">Specifikace<\/td>\n<td style=\"width: 303.00pt;\" width=\"404\">Podrobnosti<\/td>\n<\/tr>\n<tr style=\"height: 13.50pt;\">\n<td style=\"height: 13.50pt;\" height=\"18\">Kapacita<\/td>\n<td>2000ml (64oz) \/ 3000ml (100oz)<\/td>\n<\/tr>\n<tr style=\"height: 13.50pt;\">\n<td style=\"height: 13.50pt;\" height=\"18\">Rozm\u011bry<\/td>\n<td>12.7\u00d725.3cm \/ 14.5\u00d726.5cm<\/td>\n<\/tr>\n<tr style=\"height: 13.50pt;\">\n<td style=\"height: 13.50pt;\" height=\"18\">Materi\u00e1l<\/td>\n<td>Siln\u00e9 \u010dir\u00e9 sklo<\/td>\n<\/tr>\n<tr style=\"height: 13.50pt;\">\n<td style=\"height: 13.50pt;\" height=\"18\">Typ v\u00edka<\/td>\n<td>Kovov\u00e9 v\u00edko s up\u00ednac\u00ed sponou a dr\u00e1t\u011bn\u00fdm \u00fachytem (st\u0159\u00edbrn\u00e9)<\/td>\n<\/tr>\n<tr style=\"height: 13.50pt;\">\n<td style=\"height: 13.50pt;\" height=\"18\">Ide\u00e1ln\u00ed pro<\/td>\n<td>Velk\u00e9 sklen\u011bn\u00e9 d\u00f3zy, sklen\u011bn\u00e9 d\u00f3zy na potraviny<\/td>\n<\/tr>\n<\/tbody>\n<\/table>\n<h2>P\u0159\u00edb\u011bh \u00fasp\u011bchu: P\u0159\u00edb\u011bh \u00fasp\u011bchu obchodu s potravinami s nulov\u00fdm odpadem<\/h2>\n<p>Obchod s potravinami s nulov\u00fdm odpadem pot\u0159eboval sklen\u011bn\u00e9 d\u00f3zy na potraviny s velk\u00fdm objemem, kter\u00e9 by byly praktick\u00e9 a z\u00e1rove\u0148 kr\u00e1sn\u00e9 pro ukl\u00e1d\u00e1n\u00ed sypk\u00fdch potravin. Na\u0161e velk\u00e9 sklen\u011bn\u00e9 d\u00f3zy na potraviny o objemu 3 litry si vybrali na skladov\u00e1n\u00ed obilovin, o\u0159ech\u016f a t\u011bstovin. Skv\u011bl\u00e9 ut\u011bsn\u011bn\u00ed v\u00fdrazn\u011b prodlou\u017eilo trvanlivost produkt\u016f, co\u017e vedlo ke 40% sn\u00ed\u017een\u00ed pl\u00fdtv\u00e1n\u00ed potravinami a 65% n\u00e1r\u016fstu m\u00edry zp\u011btn\u00e9ho odkupu. D\u00edky pozitivn\u00ed zp\u011btn\u00e9 vazb\u011b z trhu obchod zadal novou objedn\u00e1vku 500 000 d\u00f3z, aby mohl otev\u0159\u00edt dal\u0161\u00ed prodejny.<\/p>\n<h2>\u0158e\u0161en\u00ed pro skladov\u00e1n\u00ed sklen\u011bn\u00fdch n\u00e1dob na zak\u00e1zku<\/h2>\n<ul>\n<li>Reli\u00e9fn\u00ed zna\u010den\u00ed kapacity \u2013 Zv\u00fd\u0161en\u00edm stupnic si zajist\u00edte snadn\u00e9 a trval\u00e9 zna\u010den\u00ed.<\/li>\n<li>S\u00edtotisk etiket \u2013 Pou\u017eijte keramick\u00fd inkoust k tisku jasn\u00fdch a v\u00fdrazn\u00fdch \u0161t\u00edtk\u016f se zna\u010dkou nebo obsahem.<\/li>\n<li>Zes\u00edlen\u00e1 z\u00e1kladna \u2013 Siln\u011bj\u0161\u00ed sklen\u011bn\u00e1 z\u00e1kladna pro p\u0159epravu t\u011b\u017ek\u00fdch p\u0159edm\u011bt\u016f.<\/li>\n<li>Integrovan\u00e1 rukoje\u0165 \u2013 Lze vybavit integrovanou sklen\u011bnou rukojet\u00ed pro pohodln\u00e9 p\u0159en\u00e1\u0161en\u00ed.<\/li>\n<\/ul>","protected":false},"excerpt":{"rendered":"<p>Na\u0161e velk\u00e9 sklen\u011bn\u00e9 d\u00f3zy a velk\u00e9 sklen\u011bn\u00e9 d\u00f3zy na potraviny jsou k\u0159i\u0161\u0165\u00e1lov\u011b \u010dist\u00e9, odoln\u00e9 a ide\u00e1ln\u00ed pro skladov\u00e1n\u00ed z\u00e1sob a ingredienc\u00ed. Vzorky zdarma.<\/p>","protected":false},"featured_media":24152,"template":"","meta":[],"product_brand":[],"product_cat":[122,134,124],"product_tag":[],"class_list":{"0":"post-24141","1":"product","2":"type-product","3":"status-publish","4":"has-post-thumbnail","6":"product_cat-custom-glass-packaging","7":"product_cat-airtight-jars","8":"product_cat-custom-glass-jars","10":"first","11":"instock","12":"shipping-taxable","13":"product-type-simple"},"jetpack_sharing_enabled":true,"_links":{"self":[{"href":"https:\/\/yebodaglass.com\/cs\/wp-json\/wp\/v2\/product\/24141","targetHints":{"allow":["GET"]}}],"collection":[{"href":"https:\/\/yebodaglass.com\/cs\/wp-json\/wp\/v2\/product"}],"about":[{"href":"https:\/\/yebodaglass.com\/cs\/wp-json\/wp\/v2\/types\/product"}],"version-history":[{"count":3,"href":"https:\/\/yebodaglass.com\/cs\/wp-json\/wp\/v2\/product\/24141\/revisions"}],"predecessor-version":[{"id":24153,"href":"https:\/\/yebodaglass.com\/cs\/wp-json\/wp\/v2\/product\/24141\/revisions\/24153"}],"wp:featuredmedia":[{"embeddable":true,"href":"https:\/\/yebodaglass.com\/cs\/wp-json\/wp\/v2\/media\/24152"}],"wp:attachment":[{"href":"https:\/\/yebodaglass.com\/cs\/wp-json\/wp\/v2\/media?parent=24141"}],"wp:term":[{"taxonomy":"product_brand","embeddable":true,"href":"https:\/\/yebodaglass.com\/cs\/wp-json\/wp\/v2\/product_brand?post=24141"},{"taxonomy":"product_cat","embeddable":true,"href":"https:\/\/yebodaglass.com\/cs\/wp-json\/wp\/v2\/product_cat?post=24141"},{"taxonomy":"product_tag","embeddable":true,"href":"https:\/\/yebodaglass.com\/cs\/wp-json\/wp\/v2\/product_tag?post=24141"}],"curies":[{"name":"wp","href":"https:\/\/api.w.org\/{rel}","templated":true}]}}