{"id":24128,"date":"2025-11-28T12:00:50","date_gmt":"2025-11-28T04:00:50","guid":{"rendered":"https:\/\/yebodaglass.com\/?post_type=product&#038;p=24128"},"modified":"2026-04-14T13:10:55","modified_gmt":"2026-04-14T05:10:55","slug":"custom-clear-water-bottle-with-sleeve-wholesale","status":"publish","type":"product","link":"https:\/\/yebodaglass.com\/cs\/custom-clear-water-bottle-with-sleeve-wholesale\/","title":{"rendered":"Velkoobchodn\u00ed cena zak\u00e1zkov\u00e9 pr\u016fhledn\u00e9 l\u00e1hve na vodu s obalem 550ml \u2013 1000ml"},"content":{"rendered":"<p>Design pr\u016fhledn\u00e9 l\u00e1hve na vodu se vyzna\u010duje jednoduch\u00fdm v\u00e1lcov\u00fdm tvarem, jeho\u017e konstrukce vyu\u017e\u00edv\u00e1 borosilik\u00e1tov\u00e9 sklo potravin\u00e1\u0159sk\u00e9 kvality. Sklen\u011bn\u00e9 t\u011blo m\u00e1 hladk\u00fd povrch se st\u0159\u00edbrn\u00fdm kovov\u00fdm \u0161roubovac\u00edm uz\u00e1v\u011brem s t\u011bsnic\u00edm krou\u017ekem z potravin\u00e1\u0159sk\u00e9ho silikonu, kter\u00fd vytv\u00e1\u0159\u00ed nepropustnou a vzduchot\u011bsnou bari\u00e9ru.<\/p>\n<h2>Vlastnosti produktu<\/h2>\n<p><strong>Odoln\u00e9 borosilik\u00e1tov\u00e9 sklo<\/strong><\/p>\n<p>Nezp\u016fsobuje tepeln\u00fd \u0161ok \u2013 lze m\u00fdt v mraz\u00e1ku nebo my\u010dce n\u00e1dob\u00ed a je vyrobeno pro dlouhodob\u00e9 pou\u017e\u00edv\u00e1n\u00ed.<\/p>\n<p><strong>\u0160irok\u00fd otvor 38 mm<\/strong><\/p>\n<p>Pln\u011bn\u00ed, \u010di\u0161t\u011bn\u00ed a nal\u00e9v\u00e1n\u00ed je velmi snadn\u00e9 \u2013 skv\u011bl\u00e9 pro ka\u017edodenn\u00ed p\u0159\u00edjem vody nebo sportovn\u00ed lahve.<\/p>\n<p><strong>P\u0159izp\u016fsobiteln\u00fd design ruk\u00e1vu<\/strong><\/p>\n<p>Um\u00edst\u011bte sv\u00e9 logo na silikonov\u00fd obal \u2013 a pomozte sv\u00e9 pr\u016fhledn\u00e9 lahvi na vodu st\u00e1t se zna\u010dkou pam\u011bti.<\/p>\n<h2>Kl\u00ed\u010dov\u00e9 specifikace<\/h2>\n<table style=\"border-collapse: collapse; width: 80%; margin-left: auto; margin-right: auto;\" border=\"0\" width=\"360\" cellspacing=\"0\" cellpadding=\"0\">\n<tbody>\n<tr style=\"height: 13.50pt;\">\n<td style=\"height: 13.5pt; width: 54pt; text-align: center;\" width=\"72\" height=\"18\">Kapacita (ml)<\/td>\n<td style=\"width: 54pt; text-align: center;\" width=\"72\">Velikost (cm)<\/td>\n<td style=\"width: 54pt; text-align: center;\" width=\"72\">Pr\u016fm\u011br<\/td>\n<td style=\"width: 54pt; text-align: center;\" width=\"72\">Materi\u00e1l<\/td>\n<td style=\"width: 54pt; text-align: center;\" width=\"72\">Barva<\/td>\n<\/tr>\n<tr style=\"height: 13.50pt;\">\n<td style=\"height: 13.5pt; text-align: center;\" align=\"right\" height=\"18\">550<\/td>\n<td style=\"text-align: center;\">6.6&#215;23.0<\/td>\n<td class=\"et2\" style=\"text-align: center;\" rowspan=\"3\">38mm<\/td>\n<td class=\"et2\" style=\"text-align: center;\" rowspan=\"3\">Borosilik\u00e1t<\/td>\n<td class=\"et2\" style=\"text-align: center;\" rowspan=\"3\">Jasn\u00fd<\/td>\n<\/tr>\n<tr style=\"height: 13.50pt;\">\n<td style=\"height: 13.5pt; text-align: center;\" align=\"right\" height=\"18\">750<\/td>\n<td style=\"text-align: center;\">7.0&#215;27.2<\/td>\n<\/tr>\n<tr style=\"height: 13.50pt;\">\n<td style=\"height: 13.5pt; text-align: center;\" align=\"right\" height=\"18\">1000<\/td>\n<td style=\"text-align: center;\">7.9&#215;29.1<\/td>\n<\/tr>\n<\/tbody>\n<\/table>\n<h2>P\u0159\u00edb\u011bh \u00fasp\u011bchu: Objedn\u00e1vka bal\u00ed\u010dku p\u0159edplatn\u00e9ho National Health na m\u00edru<\/h2>\n<p>Americk\u00e1 spole\u010dnost p\u0159edplatn\u00e9ho zdravotn\u00edch pom\u016fcek si vybrala na\u0161i 500ml l\u00e1hev na vodu s pouzdrem, kterou upravila pomoc\u00ed neopr\u00e9nov\u00e9ho pouzdra a laserem vyryt\u00e9ho inspirativn\u00edho sloganu. Pouzdro se syst\u00e9mem lahv\u00ed dos\u00e1hlo vysok\u00e9ho v\u00fdkonu, proto\u017ee z\u00e1kazn\u00edci ho pou\u017e\u00edvali k prevenci 70 % rozbit\u00ed mezi chr\u00e1n\u011bn\u00fdmi a nechr\u00e1n\u011bn\u00fdmi sklen\u011bn\u00fdmi lahvemi d\u00edky odoln\u00e9mu designu z borosilik\u00e1tov\u00e9ho skla. Design lahve umo\u017e\u0148uje snadn\u00e9 \u010di\u0161t\u011bn\u00ed a z\u00e1rove\u0148 zachov\u00e1v\u00e1 chu\u0165, co\u017e vede k tomu, \u017ee ji p\u0159edplatitel\u00e9 pou\u017e\u00edvaj\u00ed 95 % \u010dasu po cel\u00fd den. Pot\u00e9, co dos\u00e1hli \u00fasp\u011bchu se sv\u00fdmi st\u00e1vaj\u00edc\u00edmi produkty, objednali dal\u0161\u00edch 380 000 lahv\u00ed na podporu sv\u00e9 nov\u00e9 funk\u010dn\u00ed \u0159ady n\u00e1pojov\u00fdch pr\u00e1\u0161k\u016f.<\/p>\n<h2>Mo\u017enosti p\u0159izp\u016fsoben\u00ed pr\u016fhledn\u00e9 lahve na vodu<\/h2>\n<ul>\n<li>Design v\u00ed\u010dka: Produkt nab\u00edz\u00ed n\u011bkolik kovov\u00fdch povrchov\u00fdch \u00faprav, v\u010detn\u011b \u010dern\u00e9 a zlat\u00e9, r\u016f\u017eov\u00e9ho zlata a bambusu.<\/li>\n<li>P\u0159izp\u016fsobiteln\u00e9 obaly na lahve: Produkt nab\u00edz\u00ed obaly ze t\u0159\u00ed materi\u00e1l\u016f, v\u010detn\u011b neoprenu, silikonu a l\u00e1tky, p\u0159i\u010dem\u017e si z\u00e1kazn\u00edci mohou vybrat z r\u016fzn\u00fdch barevn\u00fdch variant, vzor\u016f a potisku loga.<\/li>\n<li>P\u0159\u00edslu\u0161enstv\u00ed: Kompatibiln\u00ed s \u010distic\u00edmi kart\u00e1\u010di, n\u00e1dobami na nam\u00e1\u010den\u00ed ovoce nebo popruhy na no\u0161en\u00ed.<\/li>\n<\/ul>","protected":false},"excerpt":{"rendered":"<p>Pr\u016fhledn\u00e1 l\u00e1hev na vodu s pouzdrem pro lep\u0161\u00ed ochranu. P\u0159\u00edm\u00e9 dod\u00e1vky od v\u00fdrobce, skladov\u00e9 z\u00e1soby a rychl\u00e9 dod\u00e1n\u00ed z n\u00ed \u010din\u00ed ide\u00e1ln\u00ed volbu pro hromadn\u00e9 objedn\u00e1vky i maloobchodn\u00ed pln\u011bn\u00ed.<\/p>","protected":false},"featured_media":24129,"template":"","meta":[],"product_brand":[],"product_cat":[136,123,122],"product_tag":[],"class_list":{"0":"post-24128","1":"product","2":"type-product","3":"status-publish","4":"has-post-thumbnail","6":"product_cat-glass-water-bottles","7":"product_cat-custom-glass-bottles","8":"product_cat-custom-glass-packaging","10":"first","11":"instock","12":"shipping-taxable","13":"product-type-simple"},"jetpack_sharing_enabled":true,"_links":{"self":[{"href":"https:\/\/yebodaglass.com\/cs\/wp-json\/wp\/v2\/product\/24128","targetHints":{"allow":["GET"]}}],"collection":[{"href":"https:\/\/yebodaglass.com\/cs\/wp-json\/wp\/v2\/product"}],"about":[{"href":"https:\/\/yebodaglass.com\/cs\/wp-json\/wp\/v2\/types\/product"}],"version-history":[{"count":5,"href":"https:\/\/yebodaglass.com\/cs\/wp-json\/wp\/v2\/product\/24128\/revisions"}],"predecessor-version":[{"id":25780,"href":"https:\/\/yebodaglass.com\/cs\/wp-json\/wp\/v2\/product\/24128\/revisions\/25780"}],"wp:featuredmedia":[{"embeddable":true,"href":"https:\/\/yebodaglass.com\/cs\/wp-json\/wp\/v2\/media\/24129"}],"wp:attachment":[{"href":"https:\/\/yebodaglass.com\/cs\/wp-json\/wp\/v2\/media?parent=24128"}],"wp:term":[{"taxonomy":"product_brand","embeddable":true,"href":"https:\/\/yebodaglass.com\/cs\/wp-json\/wp\/v2\/product_brand?post=24128"},{"taxonomy":"product_cat","embeddable":true,"href":"https:\/\/yebodaglass.com\/cs\/wp-json\/wp\/v2\/product_cat?post=24128"},{"taxonomy":"product_tag","embeddable":true,"href":"https:\/\/yebodaglass.com\/cs\/wp-json\/wp\/v2\/product_tag?post=24128"}],"curies":[{"name":"wp","href":"https:\/\/api.w.org\/{rel}","templated":true}]}}