{"id":24111,"date":"2025-11-27T12:00:19","date_gmt":"2025-11-27T04:00:19","guid":{"rendered":"https:\/\/yebodaglass.com\/?post_type=product&#038;p=24111"},"modified":"2026-04-13T09:34:01","modified_gmt":"2026-04-13T01:34:01","slug":"28mm-diameter-custom-water-bottles-bulk","status":"publish","type":"product","link":"https:\/\/yebodaglass.com\/cs\/28mm-diameter-custom-water-bottles-bulk\/","title":{"rendered":"Lahve na vodu o pr\u016fm\u011bru 28 mm, objem 280 ml \u2013 1000 ml"},"content":{"rendered":"<p>Tyto lahve na vodu na m\u00edru se vyzna\u010duj\u00ed designem, kter\u00fd d\u00edky sv\u00e9mu v\u00e1lcovit\u00e9mu tvaru spl\u0148uje po\u017eadavky modern\u00edho minimalistick\u00e9ho designu. Slo\u017een\u00ed lahv\u00ed je viditeln\u00e9 p\u0159es pr\u016fhledn\u00e9 borosilik\u00e1tov\u00e9 sklo, kter\u00e9 poskytuje vysokou odolnost a ochranu proti tepeln\u00fdm \u0161ok\u016fm. Syst\u00e9m vyu\u017e\u00edv\u00e1 standardn\u00ed z\u00e1vitov\u00e9 spojen\u00ed spolu s leskl\u00fdm st\u0159\u00edbrn\u00fdm kovov\u00fdm \u0161roubovac\u00edm uz\u00e1v\u011brem, kter\u00fd vytv\u00e1\u0159\u00ed \u00fa\u010dinn\u00fd t\u011bsnic\u00ed mechanismus.<\/p>\n<h2>Vlastnosti produktu<\/h2>\n<ul>\n<li><strong>Minimalistick\u00fd v\u00e1lcov\u00fd design:<\/strong> Sklen\u011bn\u00fd v\u00e1lec s rovn\u00fdmi st\u011bnami umo\u017e\u0148uje snadn\u00e9 ulo\u017een\u00ed sklen\u011bn\u00e9 n\u00e1doby, kterou lze \u010distit a ozna\u010dovat, a to p\u0159i zachov\u00e1n\u00ed jej\u00edho z\u00e1kladn\u00edho designu.<\/li>\n<li><strong>Odoln\u00e9 borosilik\u00e1tov\u00e9 sklo:<\/strong> Borosilik\u00e1tov\u00e9 sklo poskytuje odolnost proti tepeln\u00fdm \u0161ok\u016fm, co\u017e umo\u017e\u0148uje bezpe\u010dn\u011b uchov\u00e1vat hork\u00e9 i studen\u00e9 n\u00e1poje bez zadr\u017eov\u00e1n\u00ed v\u016fn\u011b.<\/li>\n<li><strong>Stylov\u00fd kovov\u00fd \u0161roubovac\u00ed uz\u00e1v\u011br:<\/strong> St\u0159\u00edbrn\u00fd kovov\u00fd uz\u00e1v\u011br s vysoce lesklou povrchovou \u00fapravou vytv\u00e1\u0159\u00ed modern\u00ed vzhled a chr\u00e1n\u00ed p\u0159ed \u00faniky d\u00edky bezpe\u010dn\u00e9mu t\u011bsnic\u00edmu mechanismu.<\/li>\n<\/ul>\n<h2>Kl\u00ed\u010dov\u00e9 specifikace<\/h2>\n<table style=\"border-collapse: collapse; width: 80%; margin-left: auto; margin-right: auto;\" border=\"0\" width=\"360\" cellspacing=\"0\" cellpadding=\"0\">\n<tbody>\n<tr style=\"height: 13.50pt;\">\n<td style=\"height: 13.5pt; width: 54pt; text-align: center;\" width=\"72\" height=\"18\">Kapacita (ml)<\/td>\n<td style=\"width: 54pt; text-align: center;\" width=\"72\">Velikost (cm)<\/td>\n<td style=\"width: 54pt; text-align: center;\" width=\"72\">Pr\u016fm\u011br (mm)<\/td>\n<td style=\"width: 54pt; text-align: center;\" width=\"72\">Materi\u00e1l<\/td>\n<td style=\"width: 54pt; text-align: center;\" width=\"72\">Barva<\/td>\n<\/tr>\n<tr style=\"height: 13.50pt;\">\n<td style=\"height: 13.5pt; text-align: center;\" align=\"right\" height=\"18\">280<\/td>\n<td style=\"text-align: center;\">5,5 x 17,5<\/td>\n<td class=\"et2\" style=\"text-align: center;\" rowspan=\"6\">28<\/td>\n<td class=\"et2\" style=\"text-align: center;\" rowspan=\"6\">Borosilik\u00e1t<\/td>\n<td class=\"et2\" style=\"text-align: center;\" rowspan=\"6\">Vymazat nebo Vlastn\u00ed<\/td>\n<\/tr>\n<tr style=\"height: 13.50pt;\">\n<td style=\"height: 13.5pt; text-align: center;\" align=\"right\" height=\"18\">360<\/td>\n<td style=\"text-align: center;\">6,0 \u00d7 19,0<\/td>\n<\/tr>\n<tr style=\"height: 13.50pt;\">\n<td style=\"height: 13.5pt; text-align: center;\" align=\"right\" height=\"18\">450<\/td>\n<td style=\"text-align: center;\">6,6 \u00d7 21,5<\/td>\n<\/tr>\n<tr style=\"height: 13.50pt;\">\n<td style=\"height: 13.5pt; text-align: center;\" align=\"right\" height=\"18\">550<\/td>\n<td style=\"text-align: center;\">6,6 \u00d7 22,5<\/td>\n<\/tr>\n<tr style=\"height: 13.50pt;\">\n<td style=\"height: 13.5pt; text-align: center;\" align=\"right\" height=\"18\">750<\/td>\n<td style=\"text-align: center;\">7,0 \u00d7 25,9<\/td>\n<\/tr>\n<tr style=\"height: 13.50pt;\">\n<td style=\"height: 13.5pt; text-align: center;\" align=\"right\" height=\"18\">1000<\/td>\n<td style=\"text-align: center;\">7,9 \u00d7 27,8<\/td>\n<\/tr>\n<\/tbody>\n<\/table>\n<h2>P\u0159\u00edb\u011bh \u00fasp\u011bchu: Zak\u00e1zkov\u00e1 objedn\u00e1vka od zna\u010dky wellness ze z\u00e1padn\u00edho pob\u0159e\u017e\u00ed<\/h2>\n<p>Kalifornsk\u00e1 spole\u010dnost, kter\u00e1 se zab\u00fdv\u00e1 v\u00fdrobou p\u0159edplatn\u00e9ho wellness produkt\u016f, si vybrala na\u0161e 500ml lahve na vodu na m\u00edru, kter\u00e9 navrhla s vlastn\u00edmi s\u00edtotiskov\u00fdmi etiketami a \u010dern\u00fdmi silikonov\u00fdmi n\u00e1vleky. Lahve na m\u00edru p\u0159inesly v\u00fdjime\u010dn\u00e9 v\u00fdsledky, proto\u017ee z\u00e1kazn\u00edci uv\u00e1d\u011bli, \u017ee borosilik\u00e1tov\u00e9 sklo m\u011blo o 60 % ni\u017e\u0161\u00ed m\u00edru rozbit\u00ed ne\u017e standardn\u00ed lahve ze sodnov\u00e1penat\u00e9ho skla. P\u0159edplatitel\u00e9, kte\u0159\u00ed vyu\u017eili pr\u00e9miov\u00e9 slu\u017eby spolu s personalizovanou interakc\u00ed, zaznamenali 40% n\u00e1r\u016fst udr\u017een\u00ed z\u00e1kazn\u00edk\u016f. Spole\u010dnost dos\u00e1hla dal\u0161\u00edho \u00fasp\u011bchu, kdy\u017e z\u00edskala 350 000 lahv\u00ed na vodu na podporu sv\u00e9 produktov\u00e9 \u0159ady, kter\u00e1 zahrnuje n\u00e1poje s adaptogeny.<\/p>\n<h2>N\u00e1vrhy na p\u0159izp\u016fsoben\u00ed velkoobjemov\u00fdch lahv\u00ed na vodu<\/h2>\n<ul>\n<li>Design v\u00ed\u010dka: Produkt nab\u00edz\u00ed n\u011bkolik mo\u017enost\u00ed kovov\u00e9 povrchov\u00e9 \u00fapravy, v\u010detn\u011b zlat\u00e9, r\u016f\u017eov\u00e9ho zlata, \u010dern\u00e9 a m\u011bd\u011bn\u00e9, spolu s bambusov\u00fdm materi\u00e1lem.<\/li>\n<li>P\u0159\u00edslu\u0161enstv\u00ed: Z\u00e1kazn\u00edci si mohou vybrat mezi silikonov\u00fdmi n\u00e1vleky, kter\u00e9 poskytuj\u00ed lep\u0161\u00ed \u00fachop a izolaci, nebo rukoje\u0165mi na m\u00edru.<\/li>\n<li>Vestav\u011bn\u00fd filtr: Produkt je vybaven odn\u00edmateln\u00fdm filtrem, kter\u00fd pou\u017e\u00edv\u00e1 bu\u010f sklo, nebo nerezovou ocel k filtrov\u00e1n\u00ed p\u0159idan\u00e9ho ovoce, bylinek a \u010daje.<\/li>\n<\/ul>","protected":false},"excerpt":{"rendered":"<p>P\u0159\u00edm\u00e9 dod\u00e1vky lahv\u00ed na vodu o pr\u016fm\u011bru 28 mm na m\u00edru od v\u00fdrobce poskytuj\u00ed spolehliv\u00e9 \u0159e\u0161en\u00ed pro velkoobjemov\u00e9 pln\u011bn\u00ed n\u00e1poj\u016f. Vzorek zdarma.<\/p>","protected":false},"featured_media":24112,"template":"","meta":[],"product_brand":[],"product_cat":[136,123,122],"product_tag":[],"class_list":{"0":"post-24111","1":"product","2":"type-product","3":"status-publish","4":"has-post-thumbnail","6":"product_cat-glass-water-bottles","7":"product_cat-custom-glass-bottles","8":"product_cat-custom-glass-packaging","10":"first","11":"instock","12":"shipping-taxable","13":"product-type-simple"},"jetpack_sharing_enabled":true,"_links":{"self":[{"href":"https:\/\/yebodaglass.com\/cs\/wp-json\/wp\/v2\/product\/24111","targetHints":{"allow":["GET"]}}],"collection":[{"href":"https:\/\/yebodaglass.com\/cs\/wp-json\/wp\/v2\/product"}],"about":[{"href":"https:\/\/yebodaglass.com\/cs\/wp-json\/wp\/v2\/types\/product"}],"version-history":[{"count":5,"href":"https:\/\/yebodaglass.com\/cs\/wp-json\/wp\/v2\/product\/24111\/revisions"}],"predecessor-version":[{"id":25752,"href":"https:\/\/yebodaglass.com\/cs\/wp-json\/wp\/v2\/product\/24111\/revisions\/25752"}],"wp:featuredmedia":[{"embeddable":true,"href":"https:\/\/yebodaglass.com\/cs\/wp-json\/wp\/v2\/media\/24112"}],"wp:attachment":[{"href":"https:\/\/yebodaglass.com\/cs\/wp-json\/wp\/v2\/media?parent=24111"}],"wp:term":[{"taxonomy":"product_brand","embeddable":true,"href":"https:\/\/yebodaglass.com\/cs\/wp-json\/wp\/v2\/product_brand?post=24111"},{"taxonomy":"product_cat","embeddable":true,"href":"https:\/\/yebodaglass.com\/cs\/wp-json\/wp\/v2\/product_cat?post=24111"},{"taxonomy":"product_tag","embeddable":true,"href":"https:\/\/yebodaglass.com\/cs\/wp-json\/wp\/v2\/product_tag?post=24111"}],"curies":[{"name":"wp","href":"https:\/\/api.w.org\/{rel}","templated":true}]}}