{"id":24110,"date":"2025-11-27T09:30:57","date_gmt":"2025-11-27T01:30:57","guid":{"rendered":"https:\/\/yebodaglass.com\/?post_type=product&#038;p=24110"},"modified":"2025-11-27T10:43:48","modified_gmt":"2025-11-27T02:43:48","slug":"bulk-round-glass-pantry-storage-jars-with-airtight-lids","status":"publish","type":"product","link":"https:\/\/yebodaglass.com\/cs\/bulk-round-glass-pantry-storage-jars-with-airtight-lids\/","title":{"rendered":"Velkoobjemov\u00e9 kulat\u00e9 sklen\u011bn\u00e9 d\u00f3zy do sp\u00ed\u017ee s vzduchot\u011bsn\u00fdmi v\u00ed\u010dky 150ml 380ml 500ml"},"content":{"rendered":"<p data-start=\"66\" data-end=\"288\">Tyto sklen\u011bn\u00e9 d\u00f3zy do sp\u00ed\u017ee maj\u00ed jednoduch\u00fd, ale stylov\u00fd hladk\u00fd kulat\u00fd tvar, vyroben\u00fd v\u00fdhradn\u011b z \u010dir\u00e9ho skla. Ka\u017ed\u00e1 d\u00f3za m\u00e1 elegantn\u00ed kovov\u00e9 zacvak\u00e1vac\u00ed v\u00ed\u010dko a t\u011bsnic\u00ed uz\u00e1v\u011br. M\u011bkk\u00fd, zaoblen\u00fd tvar jist\u011b rozz\u00e1\u0159\u00ed tmav\u00fd roh ka\u017ed\u00e9 \u00falo\u017en\u00e9 sk\u0159\u00ed\u0148ky.<\/p>\n<h2>Vlastnosti produktu<\/h2>\n<ul>\n<li><strong>Konstrukce t\u011bsn\u011bn\u00ed s nacvaknut\u00edm:<\/strong> Kovov\u00fd zacvak\u00e1vac\u00ed uz\u00e1v\u011br, kter\u00fd je sou\u010d\u00e1st\u00ed balen\u00ed, zaji\u0161\u0165uje dobr\u00fd t\u011bsnic\u00ed v\u00fdkon, a proto \u00fa\u010dinn\u011b zabra\u0148uje vnik\u00e1n\u00ed vlhkosti a udr\u017euje skladovan\u00e9 v\u011bci \u010derstv\u00e9. Zav\u00edr\u00e1n\u00ed a otev\u00edr\u00e1n\u00ed je velmi jednoduch\u00e9 a lze jej prov\u00e9st b\u011bhem n\u011bkolika sekund.<\/li>\n<li><strong>R\u016fzn\u00e9 velikosti s designem \u0161irok\u00e9 z\u00e1kladny:<\/strong> Sada kulat\u00fdch \u00falo\u017en\u00fdch d\u00f3z se dod\u00e1v\u00e1 v mal\u00fdch, st\u0159edn\u00edch a velk\u00fdch velikostech, kter\u00e9 lze pou\u017e\u00edt pro p\u0159edm\u011bty r\u016fzn\u00fdch velikost\u00ed, a jejich okouzluj\u00edc\u00ed design je kr\u00e1sn\u00fd.<\/li>\n<li><strong>Pohodln\u00e9 a bezpe\u010dn\u00e9:<\/strong> \u0160irok\u00e1 z\u00e1kladna krabice ji \u010din\u00ed velmi stabiln\u00ed a je m\u00e9n\u011b pravd\u011bpodobn\u00e9, \u017ee se p\u0159evrhne. Hladk\u00e9 zaoblen\u00e9 linie n\u00e1doby \u0161et\u0159\u00ed m\u00edsto a jsou skv\u011bl\u00e9 do kuchyn\u00ed, na pracovn\u00ed desky a do jak\u00fdchkoli jin\u00fdch \u00falo\u017en\u00fdch prostor.<\/li>\n<\/ul>\n<h2 style=\"text-align: left;\">Kl\u00ed\u010dov\u00e9 specifikace<\/h2>\n<table class=\"aligncenter\" style=\"border-collapse: collapse; width: 521.27pt;\" border=\"0\" width=\"695\" cellspacing=\"0\" cellpadding=\"0\">\n<tbody>\n<tr style=\"height: 13.50pt;\">\n<td style=\"height: 13.50pt; width: 99.75pt;\" width=\"133\" height=\"18\">Funkce<\/td>\n<td style=\"width: 421.50pt;\" width=\"562\">Podrobnosti<\/td>\n<\/tr>\n<tr style=\"height: 13.50pt;\">\n<td style=\"height: 13.50pt;\" height=\"18\">Rozm\u011bry<\/td>\n<td>150 ml: 7,6 \u00d7 7,8 cm \/ 380 ml: 9,5 \u00d7 9,8 cm \/ 500 ml: 11 \u00d7 10,5 cm<\/td>\n<\/tr>\n<tr style=\"height: 13.50pt;\">\n<td style=\"height: 13.50pt;\" height=\"18\">Materi\u00e1l<\/td>\n<td>Pr\u016fhledn\u00e1 sklen\u011bn\u00e1 d\u00f3za z sodnov\u00e1penat\u00e9ho skla + v\u00ed\u010dko z tvrzen\u00e9ho skla<\/td>\n<\/tr>\n<tr style=\"height: 13.50pt;\">\n<td style=\"height: 13.50pt;\" height=\"18\">Vhodn\u00e9 pro<\/td>\n<td>sklen\u011bn\u00e1 n\u00e1doba s vzduchot\u011bsn\u00fdm v\u00edkem, sklen\u011bn\u00e9 d\u00f3zy<\/td>\n<\/tr>\n<\/tbody>\n<\/table>\n<h2>P\u0159\u00edb\u011bh \u00fasp\u011bchu: P\u0159\u00edb\u011bh \u00fasp\u011bchu gurm\u00e1nsk\u00e9 spole\u010dnosti v maloobchod\u011b<\/h2>\n<p>Specializovan\u00e1 potravin\u00e1\u0159sk\u00e1 spole\u010dnost hledala obal, d\u00edky kter\u00e9mu by jej\u00ed produkty vynikly v konkurenci s produkty na trhu s cukrov\u00edm a pochutinami. Pro svou \u0161pi\u010dkovou produktovou \u0159adu si proto vybrala na\u0161e 500ml sklen\u011bn\u00e9 d\u00f3zy na pe\u010den\u00ed. Nejd\u016fle\u017eit\u011bj\u0161\u00ed byla role t\u011bsnic\u00edho v\u00ed\u010dka \u2013 o 40 % prodlou\u017eila trvanlivost pe\u010diva. Roztomil\u00fd \u201ebaculat\u00fd\u201c vzhled, kter\u00fd se rychle spojil s jejich zna\u010dkou, zv\u00fd\u0161il jejich impulzivn\u00ed n\u00e1kupy o 35 %. Vzhledem k tomuto pozoruhodn\u00e9mu v\u00fdkonu si objednala v\u00edce ne\u017e 300 000 d\u00f3z, aby mohla pokra\u010dovat v expanzi do celost\u00e1tn\u00edho maloobchodn\u00edho \u0159et\u011bzce.<\/p>\n<h2>Mo\u017enosti p\u0159izp\u016fsoben\u00ed sklen\u011bn\u00fdch \u00falo\u017en\u00fdch d\u00f3z<\/h2>\n<ul>\n<li>Matn\u00e1 sklen\u011bn\u00e1 povrchov\u00e1 \u00faprava \u2013 Elegantn\u00ed matn\u00fd vzhled je v\u00fdsledkem procesu lept\u00e1n\u00ed kyselinou.<\/li>\n<li>Mo\u017enosti barevn\u00fdch t\u011bsnic\u00edch krou\u017ek\u016f \u2013 Silikonov\u00e9 t\u011bsnic\u00ed krou\u017eky jsou k dispozici v barv\u00e1ch va\u0161\u00ed zna\u010dky.<\/li>\n<li>Kapacitn\u00ed m\u0159\u00ed\u017eka \u2013 Pro pohodln\u00e9 sledov\u00e1n\u00ed u\u017eivatelem vlo\u017ete u\u017eite\u010dn\u00e9 stupnice.<\/li>\n<li>Vlastn\u00ed tvar \u2013 Zm\u011b\u0148te m\u00edru zak\u0159iven\u00ed \u201ebaculnat\u00e9ho\u201c tvaru pro zobrazen\u00ed jin\u00e9ho image zna\u010dky.<\/li>\n<li>Matn\u00fd povrch \u2013 Celoplo\u0161n\u00fd m\u011bkk\u00fd povrch pro nep\u0159etr\u017eit\u00fd \u00fachop a vizu\u00e1ln\u00ed pot\u011b\u0161en\u00ed.<\/li>\n<\/ul>\n<p>Chcete si vylep\u0161it \u00falo\u017en\u00fd prostor? Velkoobchodn\u00ed ceny t\u011bchto n\u00e1dhern\u00fdch sklen\u011bn\u00fdch d\u00f3z s vzduchot\u011bsn\u00fdm v\u00edkem z\u00edsk\u00e1te, pokud n\u00e1s je\u0161t\u011b dnes kontaktujete.<\/p>","protected":false},"excerpt":{"rendered":"<p>Udr\u017eujte si sp\u00ed\u017e v po\u0159\u00e1dku s na\u0161\u00ed sklen\u011bnou n\u00e1dobou s vzduchot\u011bsn\u00fdm v\u00edkem. Odoln\u00e9 a \u010dist\u00e9 sklen\u011bn\u00e9 n\u00e1doby do sp\u00ed\u017ee v r\u016fzn\u00fdch velikostech, dostupn\u00e9 s rychl\u00fdm doru\u010den\u00edm.<\/p>","protected":false},"featured_media":24120,"template":"","meta":[],"product_brand":[],"product_cat":[122,134,124],"product_tag":[],"class_list":{"0":"post-24110","1":"product","2":"type-product","3":"status-publish","4":"has-post-thumbnail","6":"product_cat-custom-glass-packaging","7":"product_cat-airtight-jars","8":"product_cat-custom-glass-jars","10":"first","11":"instock","12":"shipping-taxable","13":"product-type-simple"},"jetpack_sharing_enabled":true,"_links":{"self":[{"href":"https:\/\/yebodaglass.com\/cs\/wp-json\/wp\/v2\/product\/24110","targetHints":{"allow":["GET"]}}],"collection":[{"href":"https:\/\/yebodaglass.com\/cs\/wp-json\/wp\/v2\/product"}],"about":[{"href":"https:\/\/yebodaglass.com\/cs\/wp-json\/wp\/v2\/types\/product"}],"version-history":[{"count":4,"href":"https:\/\/yebodaglass.com\/cs\/wp-json\/wp\/v2\/product\/24110\/revisions"}],"predecessor-version":[{"id":24188,"href":"https:\/\/yebodaglass.com\/cs\/wp-json\/wp\/v2\/product\/24110\/revisions\/24188"}],"wp:featuredmedia":[{"embeddable":true,"href":"https:\/\/yebodaglass.com\/cs\/wp-json\/wp\/v2\/media\/24120"}],"wp:attachment":[{"href":"https:\/\/yebodaglass.com\/cs\/wp-json\/wp\/v2\/media?parent=24110"}],"wp:term":[{"taxonomy":"product_brand","embeddable":true,"href":"https:\/\/yebodaglass.com\/cs\/wp-json\/wp\/v2\/product_brand?post=24110"},{"taxonomy":"product_cat","embeddable":true,"href":"https:\/\/yebodaglass.com\/cs\/wp-json\/wp\/v2\/product_cat?post=24110"},{"taxonomy":"product_tag","embeddable":true,"href":"https:\/\/yebodaglass.com\/cs\/wp-json\/wp\/v2\/product_tag?post=24110"}],"curies":[{"name":"wp","href":"https:\/\/api.w.org\/{rel}","templated":true}]}}