{"id":24100,"date":"2025-11-26T12:11:49","date_gmt":"2025-11-26T04:11:49","guid":{"rendered":"https:\/\/yebodaglass.com\/?post_type=product&#038;p=24100"},"modified":"2026-04-15T15:15:39","modified_gmt":"2026-04-15T07:15:39","slug":"bulk-food-storage-glass-jars-with-airtight-clamp-lids","status":"publish","type":"product","link":"https:\/\/yebodaglass.com\/cs\/bulk-food-storage-glass-jars-with-airtight-clamp-lids\/","title":{"rendered":"Sklen\u011bn\u00e9 d\u00f3zy na potraviny s hermeticky uzav\u0159en\u00fdm v\u00edkem 80 ml \u2013 350 ml"},"content":{"rendered":"<p data-start=\"66\" data-end=\"288\">Sklen\u011bn\u00e9 d\u00f3zy maj\u00ed v\u00e1lcovit\u00fd design z pr\u016fhledn\u00e9ho skla a jsou dod\u00e1v\u00e1ny s tradi\u010dn\u00edmi nerezov\u00fdmi v\u00ed\u010dky s klipem, kter\u00e9 pou\u017e\u00edvaj\u00ed siln\u00e9 kovov\u00e9 klipy v kombinaci s gumov\u00fdmi t\u011bsnic\u00edmi krou\u017eky, \u010d\u00edm\u017e vytv\u00e1\u0159ej\u00ed zcela vzduchot\u011bsn\u00fd obal.<\/p>\n<h2>Vlastnosti produktu<\/h2>\n<ul>\n<li><strong>Skute\u010dn\u00e1 ochrana t\u011bsn\u011bn\u00ed:<\/strong> Zacvak\u00e1vac\u00ed v\u00ed\u010dko spolu s gumov\u00fdm t\u011bsn\u011bn\u00edm zcela zabra\u0148uje pr\u016fniku kysl\u00edku i vlhkosti, tak\u017ee k\u00e1va, mouka, ko\u0159en\u00ed nebo \u010daj z\u016fstanou d\u00e9le \u010derstv\u00e9.<\/li>\n<li><strong>\u0160irok\u00e9 otev\u00edr\u00e1n\u00ed pro snadn\u00e9 pln\u011bn\u00ed a \u010di\u0161t\u011bn\u00ed:<\/strong> \u0160irok\u00fd otvor umo\u017e\u0148uje snadn\u00e9 nab\u00edr\u00e1n\u00ed, nal\u00e9v\u00e1n\u00ed nebo ot\u00edr\u00e1n\u00ed, d\u00edky \u010demu\u017e jsou sklenice u\u017eivatelsky p\u0159\u00edv\u011btiv\u011bj\u0161\u00ed.<\/li>\n<li><strong>P\u0159\u00e1telsk\u00fd a dlouhotrvaj\u00edc\u00ed \u017eivot s t\u011bmito sklenicemi:<\/strong> Tyto d\u00f3zy jsou vyrobeny z pevn\u00e9ho skla a lze je m\u00fdt v my\u010dce n\u00e1dob\u00ed, tak\u017ee je lze po ka\u017ed\u00e9m pou\u017eit\u00ed velmi rychle m\u00fdt.<\/li>\n<\/ul>\n<h2 style=\"text-align: left;\">Kl\u00ed\u010dov\u00e9 specifikace<\/h2>\n<table class=\"aligncenter\" style=\"border-collapse: collapse; width: 807.02pt;\" border=\"0\" width=\"1076\" cellspacing=\"0\" cellpadding=\"0\">\n<tbody>\n<tr style=\"height: 13.50pt;\">\n<td style=\"height: 13.50pt; width: 99.75pt;\" width=\"133\" height=\"18\">Funkce<\/td>\n<td style=\"width: 707.25pt;\" width=\"943\">Podrobnosti<\/td>\n<\/tr>\n<tr style=\"height: 13.50pt;\">\n<td style=\"height: 13.50pt;\" height=\"18\">Velikost a kapacita<\/td>\n<td>80 ml: 6,1 \u00d7 7,3 cm \/ 100 ml: 6,3 \u00d7 7,1 cm \/ 150 ml: 7,5 \u00d7 7,2 cm \/ 180 ml: 7,9 \u00d7 8,1 cm \/ 200 ml: 7,6 \u00d7 8,2 cm \/ 220 ml: 7,6 \u00d7 9 cm \/ 300 ml: 7,8 \u00d7 10,3 cm \/ 350 ml: 9,2 \u00d7 9,7 cm<\/td>\n<\/tr>\n<tr style=\"height: 13.50pt;\">\n<td style=\"height: 13.50pt;\" height=\"18\">Materi\u00e1l<\/td>\n<td>Pr\u016fhledn\u00e1 sklen\u011bn\u00e1 d\u00f3za z sodnov\u00e1penat\u00e9ho skla + v\u00ed\u010dko z tvrzen\u00e9ho skla<\/td>\n<\/tr>\n<tr style=\"height: 13.50pt;\">\n<td style=\"height: 13.50pt;\" height=\"18\">Vhodn\u00e9 pro<\/td>\n<td>Sklen\u011bn\u00e9 d\u00f3zy, sklen\u011bn\u00e9 d\u00f3zy na potraviny<\/td>\n<\/tr>\n<\/tbody>\n<\/table>\n<h2>P\u0159\u00edb\u011bh \u00fasp\u011bchu: Zak\u00e1zkov\u00e1 objedn\u00e1vka od celost\u00e1tn\u00edho \u0159et\u011bzce kav\u00e1ren<\/h2>\n<p>Americk\u00fd k\u00e1vov\u00fd \u0159et\u011bzec si pro skladov\u00e1n\u00ed k\u00e1vov\u00fdch zrn vybral na\u0161e sklenice z potravin\u00e1\u0159sk\u00e9ho skla, kter\u00e9 upravil m\u011bd\u011bn\u00fdmi klipy a s\u00edtotiskem natiskl data pra\u017een\u00ed. Tyto sklenice z potravin\u00e1\u0159sk\u00e9ho skla na m\u00edru dos\u00e1hly vynikaj\u00edc\u00edho v\u00fdkonu, proto\u017ee prodlou\u017eily trvanlivost k\u00e1vov\u00fdch zrn o 50 % ve srovn\u00e1n\u00ed s balenou k\u00e1vou a sn\u00ed\u017eily m\u00edru rozbit\u00ed o 60 % ve srovn\u00e1n\u00ed s p\u0159edchoz\u00edmi n\u00e1dobami. D\u00edky p\u0159edchoz\u00edm \u00fasp\u011b\u0161n\u00fdm zku\u0161enostem si \u0159et\u011bzec objednal dal\u0161\u00edch 350 000 sklenic na podporu sv\u00e9 nov\u00e9 \u0159ady speci\u00e1ln\u00edch \u010daj\u016f.<\/p>\n<h2>Mo\u017enosti p\u0159izp\u016fsoben\u00ed skladovac\u00edch sklenic<\/h2>\n<ul>\n<li>Personalizovan\u00e9 povrchov\u00e9 \u00fapravy v\u00ed\u010dka \u2013 V\u00ed\u010dko n\u00e1doby vyza\u0159uje elitn\u00ed auru a lze si pro n\u011bj zvolit m\u011bd\u011bn\u00e9, zlat\u00e9 nebo \u010dern\u00e9 spony.<\/li>\n<li>Silikonov\u00e9 uz\u00e1v\u011bry sklenic jsou lakov\u00e1ny r\u016fzn\u00fdmi barvami \u2013 vyberte si uz\u00e1v\u011bry, kter\u00e9 odpov\u00eddaj\u00ed barv\u00e1m va\u0161\u00ed zna\u010dky.<\/li>\n<li>P\u0159izp\u016fsoben\u00e9 tvary sklenic \u2013 Zm\u011b\u0148te tvar sklenice a dodejte j\u00ed osobit\u00fd vzhled<\/li>\n<\/ul>","protected":false},"excerpt":{"rendered":"<p>Objevte pr\u00e9miov\u00e9 sklen\u011bn\u00e9 d\u00f3zy vyroben\u00e9 z \u010dir\u00e9ho, siln\u00e9ho skla. Na\u0161e vzduchot\u011bsn\u00e9 sklen\u011bn\u00e9 d\u00f3zy na potraviny nab\u00edzej\u00ed dlouhotrvaj\u00edc\u00ed \u010derstvost a bezplatn\u00e9 vzorky.<\/p>","protected":false},"featured_media":24101,"template":"","meta":[],"product_brand":[],"product_cat":[134,124,122],"product_tag":[],"class_list":{"0":"post-24100","1":"product","2":"type-product","3":"status-publish","4":"has-post-thumbnail","6":"product_cat-airtight-jars","7":"product_cat-custom-glass-jars","8":"product_cat-custom-glass-packaging","10":"first","11":"instock","12":"shipping-taxable","13":"product-type-simple"},"jetpack_sharing_enabled":true,"_links":{"self":[{"href":"https:\/\/yebodaglass.com\/cs\/wp-json\/wp\/v2\/product\/24100","targetHints":{"allow":["GET"]}}],"collection":[{"href":"https:\/\/yebodaglass.com\/cs\/wp-json\/wp\/v2\/product"}],"about":[{"href":"https:\/\/yebodaglass.com\/cs\/wp-json\/wp\/v2\/types\/product"}],"version-history":[{"count":5,"href":"https:\/\/yebodaglass.com\/cs\/wp-json\/wp\/v2\/product\/24100\/revisions"}],"predecessor-version":[{"id":25787,"href":"https:\/\/yebodaglass.com\/cs\/wp-json\/wp\/v2\/product\/24100\/revisions\/25787"}],"wp:featuredmedia":[{"embeddable":true,"href":"https:\/\/yebodaglass.com\/cs\/wp-json\/wp\/v2\/media\/24101"}],"wp:attachment":[{"href":"https:\/\/yebodaglass.com\/cs\/wp-json\/wp\/v2\/media?parent=24100"}],"wp:term":[{"taxonomy":"product_brand","embeddable":true,"href":"https:\/\/yebodaglass.com\/cs\/wp-json\/wp\/v2\/product_brand?post=24100"},{"taxonomy":"product_cat","embeddable":true,"href":"https:\/\/yebodaglass.com\/cs\/wp-json\/wp\/v2\/product_cat?post=24100"},{"taxonomy":"product_tag","embeddable":true,"href":"https:\/\/yebodaglass.com\/cs\/wp-json\/wp\/v2\/product_tag?post=24100"}],"curies":[{"name":"wp","href":"https:\/\/api.w.org\/{rel}","templated":true}]}}