{"id":24099,"date":"2025-11-26T12:11:20","date_gmt":"2025-11-26T04:11:20","guid":{"rendered":"https:\/\/yebodaglass.com\/?post_type=product&#038;p=24099"},"modified":"2025-11-27T17:06:46","modified_gmt":"2025-11-27T09:06:46","slug":"wholesale-clear-airtight-glass-jars-with-attached-lids","status":"publish","type":"product","link":"https:\/\/yebodaglass.com\/cs\/wholesale-clear-airtight-glass-jars-with-attached-lids\/","title":{"rendered":"Velkoobchodn\u00ed prodej \u010dir\u00fdch vzduchot\u011bsn\u00fdch sklenic s v\u00ed\u010dky o objemu 25 oz, 32 oz a 50 oz"},"content":{"rendered":"<p>Tyto vzduchot\u011bsn\u00e9 sklen\u011bn\u00e9 d\u00f3zy jsou vyrobeny z \u010dir\u00e9ho skla a dod\u00e1vaj\u00ed se ve t\u0159ech stylov\u00fdch, tenk\u00fdch, kulat\u00fdch tvarech. Ka\u017ed\u00e1 d\u00f3za je dod\u00e1v\u00e1na se sklen\u011bn\u00fdm v\u00ed\u010dkem s kovov\u00fdm v\u00ed\u010dkem. Vzduchot\u011bsn\u00e9 v\u00ed\u010dko je skv\u011bl\u00fd zp\u016fsob, jak uchovat \u010derstv\u00e9 r\u016fzn\u00e9 druhy potravin, jako je \u010daj a t\u011bstoviny.<\/p>\n<h2>Vlastnosti produktu<\/h2>\n<ul>\n<li><strong>Pr\u016fhledn\u00fd materi\u00e1l, jasn\u00fd v\u00fdhled:<\/strong> T\u011blo sklenice je vyrobeno z pr\u016fhledn\u00e9ho skla, tak\u017ee druh a mno\u017estv\u00ed obsahu jsou jasn\u011b viditeln\u00e9, a proto ji pro rychlou identifikaci nemus\u00edte otev\u00edrat.<\/li>\n<li><strong>Skute\u010dn\u00e1 ochrana t\u011bsn\u011bn\u00edm:<\/strong> Siln\u00fd gumov\u00fd t\u011bsnic\u00ed krou\u017eek zaji\u0161\u0165uje siln\u00e9 ut\u011bsn\u011bn\u00ed, \u010d\u00edm\u017e \u00fa\u010dinn\u011b odpuzuje vlhkost a \u0161k\u016fdce, co\u017e n\u00e1sledn\u011b udr\u017euje potraviny \u010derstv\u00e9.<\/li>\n<li><strong>Jednod\u00edln\u00e9 v\u00edko, kter\u00e9 se nikdy neztrat\u00ed:<\/strong> V\u00edko je pevn\u011b spojeno s t\u011blem n\u00e1doby, tak\u017ee se nemus\u00edte b\u00e1t, \u017ee ho ztrat\u00edte, a obsluha kuchyn\u011b se tak stane pohodln\u011bj\u0161\u00ed.<\/li>\n<\/ul>\n<h2 style=\"text-align: left;\">Kl\u00ed\u010dov\u00e9 specifikace<\/h2>\n<table class=\"aligncenter\" style=\"border-collapse: collapse; width: 417.02pt;\" border=\"0\" width=\"556\" cellspacing=\"0\" cellpadding=\"0\">\n<tbody>\n<tr style=\"height: 13.50pt;\">\n<td style=\"height: 13.50pt; width: 99.75pt;\" width=\"133\" height=\"18\">Specifikace<\/td>\n<td style=\"width: 317.25pt;\" width=\"423\">Podrobnosti<\/td>\n<\/tr>\n<tr style=\"height: 13.50pt;\">\n<td style=\"height: 13.50pt;\" height=\"18\">Kapacita<\/td>\n<td>750 ml (25 oz) \/ 1000 ml (32 oz) \/ 1500 ml (50 oz)<\/td>\n<\/tr>\n<tr style=\"height: 13.50pt;\">\n<td style=\"height: 13.50pt;\" height=\"18\">Rozm\u011bry<\/td>\n<td>10,8\u00d714 cm \/ 11\u00d717 cm \/ 11,6\u00d721,8 cm<\/td>\n<\/tr>\n<tr style=\"height: 13.50pt;\">\n<td style=\"height: 13.50pt;\" height=\"18\">Materi\u00e1l<\/td>\n<td>\u010cir\u00e9 sklo<\/td>\n<\/tr>\n<tr style=\"height: 13.50pt;\">\n<td style=\"height: 13.50pt;\" height=\"18\">Typ v\u00edka<\/td>\n<td>P\u0159ipevn\u011bn\u00e9 kovov\u00e9 v\u00edko s up\u00ednac\u00edmi svorkami a dr\u00e1t\u011bn\u00fdm \u00fachytem<\/td>\n<\/tr>\n<tr style=\"height: 13.50pt;\">\n<td style=\"height: 13.50pt;\" height=\"18\">Ide\u00e1ln\u00ed pro<\/td>\n<td>Vzduchot\u011bsn\u00e9 sklen\u011bn\u00e9 n\u00e1doby, sklen\u011bn\u00e9 n\u00e1doby s p\u0159ipevn\u011bn\u00fdmi v\u00ed\u010dky<\/td>\n<\/tr>\n<\/tbody>\n<\/table>\n<h2>P\u0159\u00edb\u011bh \u00fasp\u011bchu: \u0158e\u0161en\u00ed skladov\u00e1n\u00ed od specializovan\u00e9ho prodejce potravin<\/h2>\n<p>Specializovan\u00fd obchod s potravinami se pot\u00fdkal s obaly, kter\u00e9 efektivn\u011b neprezentovaly jeho pr\u00e9miov\u00e9 produkty. Pozd\u011bji za\u010dal ve sv\u00e9m odd\u011blen\u00ed sypk\u00e9ho zbo\u017e\u00ed pou\u017e\u00edvat na\u0161e 1500ml sklen\u011bn\u00e9 d\u00f3zy s p\u0159ipevn\u011bn\u00fdmi v\u00edky. Jednod\u00edln\u00e9 v\u00edko sni\u017euje po\u0161kozen\u00ed v\u00edka o 100 % a usnad\u0148uje samoobsluhu z\u00e1kazn\u00edk\u016fm. Na z\u00e1klad\u011b zp\u011btn\u00e9 vazby od z\u00e1kazn\u00edk\u016f je vzduchot\u011bsn\u00e9 uzav\u0159en\u00ed vynikaj\u00edc\u00ed a prodlu\u017euje trvanlivost cere\u00e1li\u00ed a t\u011bstovin a\u017e o 50 %. D\u00edky sv\u00e9 pozoruhodn\u00e9 \u00fa\u010dinnosti si objednal p\u0159es 200 000 lahv\u00ed pro vybaven\u00ed v\u0161ech sv\u00fdch prodejen.<\/p>\n<h2>Tipy pro p\u0159izp\u016fsoben\u00ed vzduchot\u011bsn\u00fdch sklenic<\/h2>\n<ul>\n<li>Zv\u00fd\u0161en\u00e9 zna\u010dky kapacity \u2013 P\u0159idejte zv\u00fd\u0161en\u00e9 stupnice pro snadnou kontrolu porc\u00ed<\/li>\n<li>S\u00edtotisk loga zna\u010dky \u2013 Pou\u017e\u00edv\u00e1 odoln\u00fd keramick\u00fd inkoust pro dlouhotrvaj\u00edc\u00ed v\u00fdsledky<\/li>\n<li>Barevn\u00e9 t\u011bsnic\u00ed krou\u017eky \u2013 Vyberte si silikonov\u00fd t\u011bsnic\u00ed krou\u017eek, kter\u00fd odpov\u00edd\u00e1 barevn\u00e9mu sch\u00e9matu va\u0161\u00ed zna\u010dky<\/li>\n<li>Vlastn\u00ed proporce sklenice \u2013 Upravte pom\u011br stran sklenice pro vytvo\u0159en\u00ed jedine\u010dn\u00e9 siluety<\/li>\n<\/ul>","protected":false},"excerpt":{"rendered":"<p>Na\u0161e vzduchot\u011bsn\u00e9 sklen\u011bn\u00e9 d\u00f3zy a sklen\u011bn\u00e9 d\u00f3zy s p\u0159ipevn\u011bn\u00fdmi v\u00edky jsou navr\u017eeny pro bezpe\u010dn\u00e9 skladov\u00e1n\u00ed potravin a \u010distou prezentaci, a jsou podpo\u0159eny velkoobchodn\u00edmi nab\u00eddkami pro hromadn\u00e9 objedn\u00e1vky.<\/p>","protected":false},"featured_media":24135,"template":"","meta":[],"product_brand":[],"product_cat":[122,134,124],"product_tag":[],"class_list":{"0":"post-24099","1":"product","2":"type-product","3":"status-publish","4":"has-post-thumbnail","6":"product_cat-custom-glass-packaging","7":"product_cat-airtight-jars","8":"product_cat-custom-glass-jars","10":"first","11":"instock","12":"shipping-taxable","13":"product-type-simple"},"jetpack_sharing_enabled":true,"_links":{"self":[{"href":"https:\/\/yebodaglass.com\/cs\/wp-json\/wp\/v2\/product\/24099","targetHints":{"allow":["GET"]}}],"collection":[{"href":"https:\/\/yebodaglass.com\/cs\/wp-json\/wp\/v2\/product"}],"about":[{"href":"https:\/\/yebodaglass.com\/cs\/wp-json\/wp\/v2\/types\/product"}],"version-history":[{"count":5,"href":"https:\/\/yebodaglass.com\/cs\/wp-json\/wp\/v2\/product\/24099\/revisions"}],"predecessor-version":[{"id":24146,"href":"https:\/\/yebodaglass.com\/cs\/wp-json\/wp\/v2\/product\/24099\/revisions\/24146"}],"wp:featuredmedia":[{"embeddable":true,"href":"https:\/\/yebodaglass.com\/cs\/wp-json\/wp\/v2\/media\/24135"}],"wp:attachment":[{"href":"https:\/\/yebodaglass.com\/cs\/wp-json\/wp\/v2\/media?parent=24099"}],"wp:term":[{"taxonomy":"product_brand","embeddable":true,"href":"https:\/\/yebodaglass.com\/cs\/wp-json\/wp\/v2\/product_brand?post=24099"},{"taxonomy":"product_cat","embeddable":true,"href":"https:\/\/yebodaglass.com\/cs\/wp-json\/wp\/v2\/product_cat?post=24099"},{"taxonomy":"product_tag","embeddable":true,"href":"https:\/\/yebodaglass.com\/cs\/wp-json\/wp\/v2\/product_tag?post=24099"}],"curies":[{"name":"wp","href":"https:\/\/api.w.org\/{rel}","templated":true}]}}