{"id":24084,"date":"2025-11-26T11:40:59","date_gmt":"2025-11-26T03:40:59","guid":{"rendered":"https:\/\/yebodaglass.com\/?post_type=product&#038;p=24084"},"modified":"2026-03-12T18:03:24","modified_gmt":"2026-03-12T10:03:24","slug":"custom-design-water-bottles-with-silicone-sleeve","status":"publish","type":"product","link":"https:\/\/yebodaglass.com\/cs\/custom-design-water-bottles-with-silicone-sleeve\/","title":{"rendered":"Sklen\u011bn\u00e9 lahve na vodu na zak\u00e1zku se silikonov\u00fdm pouzdrem 250ml 350ml 500ml"},"content":{"rendered":"<p>Tyto lahve na vodu s vlastn\u00edm designem maj\u00ed vysok\u00fd v\u00e1lcovit\u00fd tvar sklen\u011bn\u00e9 lahve s tenk\u00fdm hrdlem a hladk\u00fdm t\u011blem s bezpe\u010dn\u00fdm hlin\u00edkov\u00fdm uz\u00e1v\u011brem. D\u00edky pr\u016fhlednosti vypadaj\u00ed lahve \u010dist\u011b a modern\u011b, tak\u017ee je lze pou\u017e\u00edt s d\u017eusem, \u010dajem, ml\u00e9kem, smoothie a dal\u0161\u00edmi n\u00e1poji. Lahve jsou p\u0159enosn\u00e9 a pohodln\u011b navr\u017een\u00e9 pro ka\u017edodenn\u00ed hydrataci, sport, kav\u00e1rny, zna\u010dkov\u00e9 d\u017eusy a maloobchodn\u00ed balen\u00ed.<\/p>\n<p>Nepropustn\u00e9 v\u00ed\u010dko je uta\u017eeno z\u00e1vitem, kter\u00fd umo\u017e\u0148uje bezpe\u010dnou p\u0159epravu produktu; nap\u0159\u00edklad silikonov\u00fd obal a poutko na p\u0159en\u00e1\u0161en\u00ed jsou jen p\u0159\u00edklady elegantn\u00edch dopl\u0148k\u016f, kter\u00e9 u\u017eivatel\u016fm usnad\u0148uj\u00ed p\u0159en\u00e1\u0161en\u00ed lahve a prom\u011b\u0148uj\u00ed ji v \u00fatuln\u00e9ho spole\u010dn\u00edka p\u0159i ka\u017ed\u00e9m pou\u017eit\u00ed. Opakovan\u011b pou\u017eiteln\u00e9 a ekologick\u00e9 sklen\u011bn\u00e9 n\u00e1doby na vodu p\u0159edstavuj\u00ed skv\u011bl\u00fd zp\u016fsob, jak z\u016fstat hydratovan\u00fd a z\u00e1rove\u0148 minimalizovat jednor\u00e1zov\u00e9 plastov\u00e9 obaly.<\/p>\n<h2>Kl\u00ed\u010dov\u00e9 specifikace<\/h2>\n<table style=\"border-collapse: collapse; width: 80%; margin-left: auto; margin-right: auto;\" border=\"0\" width=\"868\" cellspacing=\"0\" cellpadding=\"0\">\n<tbody>\n<tr style=\"height: 13.50pt;\">\n<td style=\"height: 13.50pt; width: 138.00pt;\" width=\"184\" height=\"18\">Produkt<\/td>\n<td style=\"width: 513.00pt;\" width=\"684\">l\u00e1hev na vodu na m\u00edru<\/td>\n<\/tr>\n<tr style=\"height: 13.50pt;\">\n<td style=\"height: 13.50pt; width: 138.00pt;\" width=\"184\" height=\"18\">Mo\u017enosti kapacity<\/td>\n<td style=\"width: 513.00pt;\" width=\"684\">250ml \/ 350ml \/ 500ml<\/td>\n<\/tr>\n<tr style=\"height: 13.50pt;\">\n<td style=\"height: 13.50pt;\" height=\"18\">Materi\u00e1l lahve<\/td>\n<td>Bezolovnat\u00e9 sodnov\u00e1penat\u00e9 sklo<\/td>\n<\/tr>\n<tr style=\"height: 13.50pt;\">\n<td style=\"height: 13.50pt;\" height=\"18\">Materi\u00e1l v\u00edka<\/td>\n<td>Hlin\u00edkov\u00e9 v\u00edko s t\u011bsnic\u00ed vlo\u017ekou<\/td>\n<\/tr>\n<tr style=\"height: 13.50pt;\">\n<td style=\"height: 13.50pt;\" height=\"18\">L\u00e1hev<\/td>\n<td>Vnit\u0159n\u00ed pr\u016fm\u011br 30 mm<\/td>\n<\/tr>\n<tr style=\"height: 13.50pt;\">\n<td style=\"height: 13.50pt;\" height=\"18\">Struktura<\/td>\n<td>Tenk\u00e1 v\u00e1lcov\u00e1 sklen\u011bn\u00e1 l\u00e1hev<\/td>\n<\/tr>\n<tr style=\"height: 13.50pt;\">\n<td style=\"height: 13.50pt;\" height=\"18\">Typ t\u011bsn\u011bn\u00ed<\/td>\n<td>Z\u00e1vitov\u00fd nepropustn\u00fd uz\u00e1v\u011br s tlust\u00fdm t\u011bsnic\u00edm krou\u017ekem<\/td>\n<\/tr>\n<tr style=\"height: 13.50pt;\">\n<td style=\"height: 13.50pt;\" height=\"18\">Voliteln\u00e9 p\u0159\u00edslu\u0161enstv\u00ed<\/td>\n<td>Silikonov\u00e9 pouzdro, poutko na no\u0161en\u00ed, zna\u010dky rozm\u011br\u016f<\/td>\n<\/tr>\n<tr style=\"height: 13.50pt;\">\n<td style=\"height: 13.50pt;\" height=\"18\">Vlastn\u00ed mo\u017enosti<\/td>\n<td>Potisk loga, barva lahve, styl v\u00ed\u010dka, silikonov\u00fd kryt, obalov\u00e1 krabice<\/td>\n<\/tr>\n<tr style=\"height: 13.50pt;\">\n<td style=\"height: 13.50pt;\" height=\"18\">Aplikace<\/td>\n<td>D\u017eus, \u010dajov\u00e9 n\u00e1poje, ml\u00e9ko, smoothie, opakovan\u011b pou\u017eiteln\u00e1 sklen\u011bn\u00e1 voda<\/td>\n<\/tr>\n<\/tbody>\n<\/table>\n<h2>Hlavn\u00ed vlastnosti produktu<\/h2>\n<ol>\n<li><strong>Minimalistick\u00fd \/ P\u0159enosn\u00fd design<\/strong>Lahve na pit\u00ed jsou \u0161t\u00edhl\u00e9 a lehk\u00e9, tak\u017ee se vejdou do jak\u00e9koli sportovn\u00ed nebo cestovn\u00ed ta\u0161ky, co\u017e z nich \u010din\u00ed ide\u00e1ln\u00ed volbu pro udr\u017een\u00ed denn\u00edho p\u0159\u00edjmu vody.<\/li>\n<li><strong>Ekologick\u00e9 opakovan\u011b pou\u017eiteln\u00e9 \u0159e\u0161en\u00ed<\/strong>Tyto ekologick\u00e9 a opakovan\u011b pou\u017eiteln\u00e9 n\u00e1doby pomohou spot\u0159ebitel\u016fm hydratovat se udr\u017eiteln\u00fdm zp\u016fsobem a sn\u00ed\u017eit pl\u00fdtv\u00e1n\u00ed plastov\u00fdmi lahvemi.<\/li>\n<li><strong>T\u011bsn\u00e9 a bezpe\u010dn\u00e9 v\u00edko<\/strong>Tato l\u00e1hev m\u00e1 tenk\u00fd silikonov\u00fd t\u011bsnic\u00ed krou\u017eek s p\u0159esn\u00fdm z\u00e1vitem, d\u00edky kter\u00e9mu je nepropustn\u00e1 i v ta\u0161k\u00e1ch nebo batoz\u00edch.<\/li>\n<\/ol>\n<h2>\u00dasp\u011b\u0161n\u00fd B2B p\u0159\u00edpad<\/h2>\n<p>Zna\u010dka zdrav\u00fdch n\u00e1poj\u016f v Austr\u00e1lii s n\u00e1mi dlouhodob\u011b spolupracuje na dodavateli obal\u016f na lahve s vodou s vlastn\u00edm designem, kter\u00e9 se pou\u017e\u00edvaj\u00ed pro \u0161\u0165\u00e1vy lisovan\u00e9 za studena.<\/p>\n<p>Firma si jako nov\u00fd produkt objednala 15 000 kus\u016f sklen\u011bn\u00e9 lahve na vodu o objemu 350 ml se silikonov\u00fdm pouzdrem. Jejich tradi\u010dn\u00ed pot\u0159eby byly:<\/p>\n<ul>\n<li>Logo vyti\u0161t\u011bn\u00e9 na sklen\u011bn\u00e9 lahvi.<\/li>\n<li>UV ochrana. Jantarov\u00e1 barva lahvi\u010dky.<\/li>\n<li>Zak\u00e1zkov\u00fd design hlin\u00edkov\u00e9ho v\u00edka<\/li>\n<li>Zna\u010dkov\u00e9 balic\u00ed krabice<\/li>\n<\/ul>\n<p>Uveden\u00ed produktu na trh bylo velk\u00fdm \u00fasp\u011bchem a l\u00e1hev se stala jedn\u00edm z jejich nejlep\u0161\u00edch form\u00e1t\u016f obal\u016f na sklen\u011bn\u00e9 lahve na vodu pro maloobchodn\u00ed prodej d\u017eus\u016f. Zna\u010dka uskute\u010dnila druhou velkoobchodn\u00ed objedn\u00e1vku 25 000 kus\u016f b\u011bhem osmi m\u011bs\u00edc\u016f, co\u017e op\u011bt uk\u00e1zalo, \u017ee na trhu je vysok\u00e1 popt\u00e1vka po ekologick\u00fdch opakovan\u011b pou\u017eiteln\u00fdch obalech na n\u00e1poje.<\/p>\n<h2>Doporu\u010den\u00ed pro individualizaci B2B aplikac\u00ed<\/h2>\n<ol>\n<li><strong>Zna\u010dky d\u017eus\u016f a n\u00e1poj\u016f<\/strong>P\u0159id\u00e1n\u00edm silikonov\u00e9ho pouzdra nebo texturovan\u00e9ho povlaku vytvo\u0159\u00edte sklen\u011bnou l\u00e1hev na vodu se silikonov\u00fdm krytem, \u200b\u200bco\u017e zlep\u0161uje p\u0159ilnavost a odli\u0161uje zna\u010dku.<\/li>\n<li><strong>Prodejci fitness \/ lifestylu<\/strong>Maj\u00ed poutko na no\u0161en\u00ed a vyti\u0161t\u011bn\u00e9 odm\u011brky, kter\u00e9 pom\u00e1haj\u00ed z\u00e1kazn\u00edk\u016fm p\u0159ipom\u00ednat, aby sledovali sv\u016fj denn\u00ed p\u0159\u00edjem vody a byli hydratovan\u00ed b\u011bhem tr\u00e9ninku.<\/li>\n<li><strong>Firemn\u00ed propaga\u010dn\u00ed produkty<\/strong>Nab\u00edz\u00edme zna\u010dkov\u00e9 lahve na vodu s vlastn\u00edm designem, potiskem loga a cenov\u011b dostupn\u00fdm balen\u00edm pro propaga\u010dn\u00ed akce nebo wellness kampan\u011b.<\/li>\n<\/ol>\n<p>Jako\u017eto rozvinut\u00fd v\u00fdrobce sklen\u011bn\u00fdch lahv\u00ed na vodu poskytujeme d\u016fv\u011bryhodn\u00e9 velkoobchodn\u00ed slu\u017eby distributor\u016fm, zna\u010dk\u00e1m n\u00e1poj\u016f i maloobchodn\u00edk\u016fm po cel\u00e9m sv\u011bt\u011b. Na\u0161e tov\u00e1rna n\u00e1m umo\u017e\u0148uje flexibiln\u00ed velkoobchodn\u00ed v\u00fdrobu a na\u0161im klient\u016fm se poda\u0159ilo vyrobit kvalitn\u00ed sklen\u011bn\u00e9 lahve na vodu, kter\u00e9 jsou kombinac\u00ed stylu, udr\u017eitelnosti a v\u00fdkonu.<\/p>","protected":false},"excerpt":{"rendered":"<p>L\u00e1hev na vodu na zak\u00e1zku vyroben\u00e1 z odoln\u00e9ho skla se silikonov\u00fdm pouzdrem. Ekologick\u00e9 sklen\u011bn\u00e9 lahve na vodu pro velkoobchodn\u00ed prodej, nepropustn\u00e9 a opakovan\u011b pou\u017eiteln\u00e9 pro denn\u00ed hydrataci.<\/p>","protected":false},"featured_media":25425,"template":"","meta":[],"product_brand":[],"product_cat":[136,123,122],"product_tag":[],"class_list":{"0":"post-24084","1":"product","2":"type-product","3":"status-publish","4":"has-post-thumbnail","6":"product_cat-glass-water-bottles","7":"product_cat-custom-glass-bottles","8":"product_cat-custom-glass-packaging","10":"first","11":"instock","12":"shipping-taxable","13":"product-type-simple"},"jetpack_sharing_enabled":true,"_links":{"self":[{"href":"https:\/\/yebodaglass.com\/cs\/wp-json\/wp\/v2\/product\/24084","targetHints":{"allow":["GET"]}}],"collection":[{"href":"https:\/\/yebodaglass.com\/cs\/wp-json\/wp\/v2\/product"}],"about":[{"href":"https:\/\/yebodaglass.com\/cs\/wp-json\/wp\/v2\/types\/product"}],"version-history":[{"count":5,"href":"https:\/\/yebodaglass.com\/cs\/wp-json\/wp\/v2\/product\/24084\/revisions"}],"predecessor-version":[{"id":25427,"href":"https:\/\/yebodaglass.com\/cs\/wp-json\/wp\/v2\/product\/24084\/revisions\/25427"}],"wp:featuredmedia":[{"embeddable":true,"href":"https:\/\/yebodaglass.com\/cs\/wp-json\/wp\/v2\/media\/25425"}],"wp:attachment":[{"href":"https:\/\/yebodaglass.com\/cs\/wp-json\/wp\/v2\/media?parent=24084"}],"wp:term":[{"taxonomy":"product_brand","embeddable":true,"href":"https:\/\/yebodaglass.com\/cs\/wp-json\/wp\/v2\/product_brand?post=24084"},{"taxonomy":"product_cat","embeddable":true,"href":"https:\/\/yebodaglass.com\/cs\/wp-json\/wp\/v2\/product_cat?post=24084"},{"taxonomy":"product_tag","embeddable":true,"href":"https:\/\/yebodaglass.com\/cs\/wp-json\/wp\/v2\/product_tag?post=24084"}],"curies":[{"name":"wp","href":"https:\/\/api.w.org\/{rel}","templated":true}]}}