{"id":24080,"date":"2025-11-26T09:31:37","date_gmt":"2025-11-26T01:31:37","guid":{"rendered":"https:\/\/yebodaglass.com\/?post_type=product&#038;p=24080"},"modified":"2025-11-26T11:53:52","modified_gmt":"2025-11-26T03:53:52","slug":"wholesale-small-clear-glass-storage-jars-with-lids","status":"publish","type":"product","link":"https:\/\/yebodaglass.com\/cs\/wholesale-small-clear-glass-storage-jars-with-lids\/","title":{"rendered":"Velkoobchodn\u00ed prodej mal\u00fdch \u010dir\u00fdch sklen\u011bn\u00fdch \u00falo\u017en\u00fdch d\u00f3z s v\u00ed\u010dky 80ml 100ml 150ml"},"content":{"rendered":"<p data-start=\"66\" data-end=\"288\">Jedn\u00e1 se o \u00falo\u017en\u00e9 d\u00f3zy ve tvaru v\u00e1lce vyroben\u00e9 z pr\u016fhledn\u00e9ho skla. Ke ka\u017ed\u00e9 d\u00f3ze je dod\u00e1v\u00e1no tak\u00e9 modern\u00ed kovov\u00e9 zacvak\u00e1vac\u00ed v\u00ed\u010dko.<\/p>\n<h2>Vlastnosti produktu<\/h2>\n<ul>\n<li><strong>Pr\u016fhledn\u00fd materi\u00e1l:<\/strong> Sklenice jsou vyrobeny z pln\u011b pr\u016fhledn\u00e9ho skla, d\u00edky \u010demu\u017e je druh a mno\u017estv\u00ed obsahu jasn\u011b viditeln\u00e9, a proto je lze snadno identifikovat bez nutnosti otev\u00edr\u00e1n\u00ed v\u00edka.<\/li>\n<li><strong>Konstrukce t\u011bsn\u011bn\u00ed s nacvaknut\u00edm:<\/strong> Je vybaven kovov\u00fdm zacvak\u00e1vac\u00edm v\u00ed\u010dkem, kter\u00e9 zaji\u0161\u0165uje skv\u011bl\u00fd t\u011bsnic\u00ed v\u00fdkon a z\u00e1rove\u0148 \u00fa\u010dinn\u011b zabra\u0148uje vnik\u00e1n\u00ed vlhkosti, \u010d\u00edm\u017e se zachov\u00e1v\u00e1 \u010derstvost. Zav\u00edr\u00e1n\u00ed a otev\u00edr\u00e1n\u00ed je pom\u011brn\u011b snadn\u00e9 a rychl\u00e9.<\/li>\n<li><strong>Kr\u00e1tk\u00fd a stabiln\u00ed design:<\/strong> Kr\u00e1tk\u00e9, robustn\u00ed a zaoblen\u00e9 t\u011blo sklenic nejen zaji\u0161\u0165uje jejich stabilitu a odolnost na polic\u00edch, ale tak\u00e9 \u0161et\u0159\u00ed \u00falo\u017en\u00fd prostor, a proto jsou vhodn\u00e9 do kuchyn\u00ed, sk\u0159\u00edn\u011bk a dal\u0161\u00edch m\u00edst.<\/li>\n<\/ul>\n<h2 style=\"text-align: left;\">Kl\u00ed\u010dov\u00e9 specifikace<\/h2>\n<table class=\"aligncenter\" style=\"border-collapse: collapse; width: 519.77pt;\" border=\"0\" width=\"693\" cellspacing=\"0\" cellpadding=\"0\">\n<tbody>\n<tr style=\"height: 13.50pt;\">\n<td style=\"height: 13.50pt; width: 94.50pt;\" width=\"126\" height=\"18\">Funkce<\/td>\n<td style=\"width: 425.25pt;\" width=\"567\">Podrobnosti<\/td>\n<\/tr>\n<tr style=\"height: 13.50pt;\">\n<td style=\"height: 13.50pt;\" height=\"18\">Rozm\u011bry<\/td>\n<td>80 ml: 6,1 \u00d7 7,3 cm \/ 100 ml: 6,3 \u00d7 7,1 cm \/ 150 ml: 7,5 \u00d7 7,2 cm<\/td>\n<\/tr>\n<tr style=\"height: 13.50pt;\">\n<td style=\"height: 13.50pt;\" height=\"18\">Materi\u00e1l<\/td>\n<td>Pr\u016fhledn\u00e1 sklen\u011bn\u00e1 d\u00f3za z sodnov\u00e1penat\u00e9ho skla + v\u00ed\u010dko z tvrzen\u00e9ho skla<\/td>\n<\/tr>\n<tr style=\"height: 13.50pt;\">\n<td style=\"height: 13.50pt;\" height=\"18\">Typ t\u011bsn\u011bn\u00ed<\/td>\n<td>Upevn\u011bn\u00ed dr\u00e1t\u011bn\u00fdmi sponami s vzduchot\u011bsn\u00fdmi v\u00ed\u010dky<\/td>\n<\/tr>\n<tr style=\"height: 13.50pt;\">\n<td style=\"height: 13.50pt;\" height=\"18\">Vhodn\u00e9 pro<\/td>\n<td>Sklen\u011bn\u00e1 n\u00e1doba na skladov\u00e1n\u00ed, n\u00e1doba na skladov\u00e1n\u00ed potravin<\/td>\n<\/tr>\n<\/tbody>\n<\/table>\n<h2>P\u0159\u00edb\u011bh \u00fasp\u011bchu: Modernizace \u00falo\u017en\u00e9ho prostoru potravin\u00e1\u0159sk\u00e9 zna\u010dky<\/h2>\n<p>Specializovan\u00e1 potravin\u00e1\u0159sk\u00e1 spole\u010dnost hledala mal\u00e9 sklen\u011bn\u00e9 d\u00f3zy s v\u00ed\u010dkem na balen\u00ed sv\u00fdch pr\u00e9miov\u00fdch sm\u011bs\u00ed ko\u0159en\u00ed. Na\u0161e 150ml sklenice se staly jejich kone\u010dnou volbou. Spokojenost z\u00e1kazn\u00edk\u016f se zv\u00fd\u0161ila o 35 % d\u00edky vynikaj\u00edc\u00edmu ut\u011bsn\u011bn\u00ed zacvak\u00e1vac\u00edch v\u00ed\u010dek, kter\u00e1 udr\u017eovala ko\u0159en\u00ed \u010derstv\u00e9 d\u00e9le ne\u017e 12 m\u011bs\u00edc\u016f. Z\u00e1kazn\u00edci mohli jasn\u011b vid\u011bt z\u00e1\u0159iv\u00e9 barvy ko\u0159en\u00ed skrz sklen\u011bn\u00e9 d\u00f3zy, kter\u00e9 si koupili, co\u017e vedlo k 20% n\u00e1r\u016fstu tr\u017eeb v obchod\u011b. Spole\u010dnost byla tak nad\u0161en\u00e1, \u017ee zadala dal\u0161\u00ed hromadnou objedn\u00e1vku na 200 000 d\u00f3z, aby roz\u0161\u00ed\u0159ila sv\u00e9 podnik\u00e1n\u00ed na nov\u00e9 maloobchodn\u00ed trhy.<\/p>\n<h2>\u0158e\u0161en\u00ed pro p\u0159izp\u016fsoben\u00ed sklen\u011bn\u00fdch n\u00e1dob<\/h2>\n<ul>\n<li>S\u00edtotisky poti\u0161t\u011bn\u00e9 etikety \u2013 Pou\u017eit\u00edm permanentn\u00ed keramick\u00e9 metody tisku vytvo\u0159te vizu\u00e1ln\u011b ohromuj\u00edc\u00ed identitu zna\u010dky.<\/li>\n<li>Efekt matn\u00e9ho skla \u2013 Z\u00edskejte elegantn\u00ed matn\u00fd povrch pomoc\u00ed metody lept\u00e1n\u00ed kyselinou.<\/li>\n<li>Zna\u010den\u00ed kapacity \u2013 Usnadn\u011bte si navigaci u\u017eivatele p\u0159id\u00e1n\u00edm reli\u00e9fn\u00edch nebo ti\u0161t\u011bn\u00fdch stupnic.<\/li>\n<li>Vlastn\u00ed tvary sklenic \u2013 Sta\u010d\u00ed jen mal\u00e1 zm\u011bna obrysu pro jedine\u010dn\u00fd vzhled.<\/li>\n<\/ul>\n<p>Pokud pot\u0159ebujete \u00fapravy pro ur\u010dit\u00fd trh nebo chcete p\u0159idat cen\u00edk na z\u00e1klad\u011b kapacity, nev\u00e1hejte n\u00e1s kontaktovat.<\/p>","protected":false},"excerpt":{"rendered":"<p>Na\u0161e kulat\u00e9 sklen\u011bn\u00e9 d\u00f3zy nab\u00edzej\u00ed vzduchot\u011bsn\u00e9 uzav\u0159en\u00ed pro ko\u0159en\u00ed, sva\u010diny a \u0159emesln\u00e9 v\u00fdrobky. Pr\u00e9miov\u00e9 sklen\u011bn\u00e9 d\u00f3zy s v\u00ed\u010dky p\u0159ipraven\u00e9 k okam\u017eit\u00e9mu dod\u00e1n\u00ed, rychl\u00e9 dod\u00e1n\u00ed.<\/p>","protected":false},"featured_media":24093,"template":"","meta":[],"product_brand":[],"product_cat":[122,134,124],"product_tag":[],"class_list":{"0":"post-24080","1":"product","2":"type-product","3":"status-publish","4":"has-post-thumbnail","6":"product_cat-custom-glass-packaging","7":"product_cat-airtight-jars","8":"product_cat-custom-glass-jars","10":"first","11":"instock","12":"shipping-taxable","13":"product-type-simple"},"jetpack_sharing_enabled":true,"_links":{"self":[{"href":"https:\/\/yebodaglass.com\/cs\/wp-json\/wp\/v2\/product\/24080","targetHints":{"allow":["GET"]}}],"collection":[{"href":"https:\/\/yebodaglass.com\/cs\/wp-json\/wp\/v2\/product"}],"about":[{"href":"https:\/\/yebodaglass.com\/cs\/wp-json\/wp\/v2\/types\/product"}],"version-history":[{"count":3,"href":"https:\/\/yebodaglass.com\/cs\/wp-json\/wp\/v2\/product\/24080\/revisions"}],"predecessor-version":[{"id":24098,"href":"https:\/\/yebodaglass.com\/cs\/wp-json\/wp\/v2\/product\/24080\/revisions\/24098"}],"wp:featuredmedia":[{"embeddable":true,"href":"https:\/\/yebodaglass.com\/cs\/wp-json\/wp\/v2\/media\/24093"}],"wp:attachment":[{"href":"https:\/\/yebodaglass.com\/cs\/wp-json\/wp\/v2\/media?parent=24080"}],"wp:term":[{"taxonomy":"product_brand","embeddable":true,"href":"https:\/\/yebodaglass.com\/cs\/wp-json\/wp\/v2\/product_brand?post=24080"},{"taxonomy":"product_cat","embeddable":true,"href":"https:\/\/yebodaglass.com\/cs\/wp-json\/wp\/v2\/product_cat?post=24080"},{"taxonomy":"product_tag","embeddable":true,"href":"https:\/\/yebodaglass.com\/cs\/wp-json\/wp\/v2\/product_tag?post=24080"}],"curies":[{"name":"wp","href":"https:\/\/api.w.org\/{rel}","templated":true}]}}