{"id":24044,"date":"2025-11-24T16:02:34","date_gmt":"2025-11-24T08:02:34","guid":{"rendered":"https:\/\/yebodaglass.com\/?post_type=product&#038;p=24044"},"modified":"2025-11-24T17:34:31","modified_gmt":"2025-11-24T09:34:31","slug":"vintage-spice-jars-with-wooden-lids-wholesale","status":"publish","type":"product","link":"https:\/\/yebodaglass.com\/cs\/vintage-spice-jars-with-wooden-lids-wholesale\/","title":{"rendered":"Velkoobchodn\u00ed prodej vintage d\u00f3z na ko\u0159en\u00ed s d\u0159ev\u011bn\u00fdmi v\u00ed\u010dky 410ml"},"content":{"rendered":"<p>U\u017e v\u00e1s nebav\u00ed vintage d\u00f3zy na ko\u0159en\u00ed, kter\u00e9 si neudr\u017e\u00ed \u010derstvost ko\u0159en\u00ed. Vyr\u00e1b\u00edme vintage d\u00f3zy na ko\u0159en\u00ed \u2013 s d\u0159ev\u011bn\u00fdm v\u00edkem pro vintage atmosf\u00e9ru. Tyto sady d\u00f3z na ko\u0159en\u00ed prom\u011bn\u00ed v\u00e1\u0161 \u00falo\u017en\u00fd prostor na ko\u0159en\u00ed v magnet na zna\u010dku. P\u0159i hromadn\u00fdch objedn\u00e1vk\u00e1ch z\u00edsk\u00e1te zak\u00e1zkov\u00e9 d\u0159ev\u011bn\u00e9 povrchov\u00e9 \u00fapravy, kter\u00e9 lad\u00ed s va\u0161\u00ed etiketou.<\/p>\n<h2>Vlastnosti produktu<\/h2>\n<p><strong>Vintage textura<\/strong><\/p>\n<p>Ml\u00e9\u010dn\u00e9 sklo s reli\u00e9fn\u00edm vzorem \u2013 ur\u010den\u00e9 pro ko\u0159en\u00ed.<\/p>\n<p><strong>D\u0159ev\u011bn\u00e9 t\u011bsn\u011bn\u00ed v\u00edka<\/strong><\/p>\n<p>D\u0159ev\u011bn\u00e9 v\u00ed\u010dko zaji\u0161\u0165uje vzduchot\u011bsn\u00e9 uzav\u0159en\u00ed \u2013 udr\u017euje ko\u0159en\u00ed \u010derstv\u00e9.<\/p>\n<p><strong>V\u0161estrann\u00e1 kapacita 410 ml<\/strong><\/p>\n<p>Vhodn\u00fd pro jak\u00e9koli ko\u0159en\u00ed \u2013 ide\u00e1ln\u00ed pro hromadn\u00e9 i velkoobchodn\u00ed n\u00e1kupy.<\/p>\n<h2>Kl\u00ed\u010dov\u00e9 specifikace<\/h2>\n<table style=\"border-collapse: collapse; width: 80%; margin-left: auto; margin-right: auto;\" border=\"0\" width=\"216\" cellspacing=\"0\" cellpadding=\"0\">\n<tbody>\n<tr style=\"height: 13.50pt;\">\n<td style=\"height: 13.5pt; width: 54pt; text-align: center;\" width=\"72\" height=\"18\">Kapacita<\/td>\n<td style=\"width: 54pt; text-align: center;\" width=\"72\">Velikost (cm)<\/td>\n<td style=\"width: 54pt; text-align: center;\" width=\"72\">P\u0159\u00edslu\u0161enstv\u00ed<\/td>\n<\/tr>\n<tr style=\"height: 13.50pt;\">\n<td style=\"height: 13.5pt; text-align: center;\" height=\"18\">410 ml<\/td>\n<td style=\"text-align: center;\">8,6 \u00d7 10,5<\/td>\n<td style=\"text-align: center;\">Va\u0159e\u010dka<\/td>\n<\/tr>\n<\/tbody>\n<\/table>\n<h2>P\u0159\u00edpad \u00fasp\u011bchu<\/h2>\n<p>Zna\u010dka luxusn\u00edch ko\u0159en\u00ed z Vancouveru se dlouhodob\u011b pot\u00fdkala s probl\u00e9my kv\u016fli nekonzistenci sv\u00fdch produkt\u016f, co\u017e j\u00ed zna\u010dn\u011b zt\u011b\u017eovalo uplatn\u011bn\u00ed v reg\u00e1lech obchod\u016f. Zvolila tyto vintage d\u00f3zy na ko\u0159en\u00ed s d\u0159ev\u011bn\u00fdm v\u00edkem a sadou l\u017ei\u010dek. D\u00edky na\u0161\u00ed reli\u00e9fn\u00ed textu\u0159e, tmav\u00e9mu d\u0159ev\u011bn\u00e9mu v\u00edku a mo\u017enostem personalizovan\u00fdch velikost\u00ed dok\u00e1zala vytvo\u0159it vizu\u00e1ln\u00ed identitu zna\u010dky, kter\u00e1 vypad\u00e1 p\u0159irozen\u011bji a ru\u010dn\u011bji.<\/p>\n<p>Prvn\u00ed t\u0159i m\u011bs\u00edce po uveden\u00ed nov\u00e9ho produktu na trh zaznamenaly dramatickou zm\u011bnu v ohlasech maloobchodn\u00edk\u016f, p\u0159i\u010dem\u017e d\u00e1rkov\u00e1 sada, kter\u00e1 produkt doprov\u00e1zela, se prod\u00e1vala obzvl\u00e1\u0161t\u011b dob\u0159e. Celkov\u00e9 tr\u017eby se ve srovn\u00e1n\u00ed s p\u0159edchoz\u00edm balen\u00edm zv\u00fd\u0161ily p\u0159ibli\u017en\u011b o 28 %.<\/p>\n<h2>V\u00e1\u0161 n\u00e1vod na \u00fapravy<\/h2>\n<ol>\n<li><strong>P\u0159izp\u016fsobiteln\u00e9 d\u0159ev\u011bn\u00e9 v\u00ed\u010dka:<\/strong>Pro v\u00ed\u010dka vyberte materi\u00e1ly jako o\u0159ech, bambus nebo dub a vyberte barvu a texturu, kter\u00e9 nejl\u00e9pe dopln\u00ed bu\u010f p\u0159\u00edrodn\u00ed, nebo luxusn\u00ed aspekt va\u0161\u00ed zna\u010dky.<\/li>\n<li><strong>Ra\u017eba skla a texturovan\u00e9 povrchov\u00e9 \u00fapravy:<\/strong>Poskytn\u011bte sv\u00fdm z\u00e1kazn\u00edk\u016fm diamantov\u00e9, vlnit\u00e9, vintage kostkovan\u00e9 vzory nebo vlastn\u00ed reli\u00e9fn\u00ed logo, aby byla va\u0161e zna\u010dka l\u00e9pe rozpoznateln\u00e1.<\/li>\n<li><strong>Mo\u017enosti kapacity a proveden\u00ed krku:<\/strong>Objem sklenice si m\u016f\u017eete zvolit bu\u010f na 100 ml, 150 ml a 250 ml, nebo m\u016f\u017eete upravit velikost hrdla tak, aby se do n\u011bj ve\u0161la l\u017ei\u010dka nebo v\u00ed\u010dko se s\u00edtkem.<\/li>\n<\/ol>","protected":false},"excerpt":{"rendered":"<p>Sada ko\u0159en\u00ed inspirovan\u00e1 vintage d\u00f3zami na ko\u0159en\u00ed nab\u00edz\u00ed kouzlo sady d\u00f3z na ko\u0159en\u00ed, ide\u00e1ln\u00ed pro ty, kte\u0159\u00ed hledaj\u00ed stylov\u00e9 a p\u0159izp\u016fsobiteln\u00e9 \u00falo\u017en\u00e9 prostory pro ko\u0159en\u00ed.<\/p>","protected":false},"featured_media":24059,"template":"","meta":[],"product_brand":[],"product_cat":[128,124,122],"product_tag":[],"class_list":{"0":"post-24044","1":"product","2":"type-product","3":"status-publish","4":"has-post-thumbnail","6":"product_cat-spice-jars","7":"product_cat-custom-glass-jars","8":"product_cat-custom-glass-packaging","10":"first","11":"instock","12":"shipping-taxable","13":"product-type-simple"},"jetpack_sharing_enabled":true,"_links":{"self":[{"href":"https:\/\/yebodaglass.com\/cs\/wp-json\/wp\/v2\/product\/24044","targetHints":{"allow":["GET"]}}],"collection":[{"href":"https:\/\/yebodaglass.com\/cs\/wp-json\/wp\/v2\/product"}],"about":[{"href":"https:\/\/yebodaglass.com\/cs\/wp-json\/wp\/v2\/types\/product"}],"version-history":[{"count":5,"href":"https:\/\/yebodaglass.com\/cs\/wp-json\/wp\/v2\/product\/24044\/revisions"}],"predecessor-version":[{"id":24060,"href":"https:\/\/yebodaglass.com\/cs\/wp-json\/wp\/v2\/product\/24044\/revisions\/24060"}],"wp:featuredmedia":[{"embeddable":true,"href":"https:\/\/yebodaglass.com\/cs\/wp-json\/wp\/v2\/media\/24059"}],"wp:attachment":[{"href":"https:\/\/yebodaglass.com\/cs\/wp-json\/wp\/v2\/media?parent=24044"}],"wp:term":[{"taxonomy":"product_brand","embeddable":true,"href":"https:\/\/yebodaglass.com\/cs\/wp-json\/wp\/v2\/product_brand?post=24044"},{"taxonomy":"product_cat","embeddable":true,"href":"https:\/\/yebodaglass.com\/cs\/wp-json\/wp\/v2\/product_cat?post=24044"},{"taxonomy":"product_tag","embeddable":true,"href":"https:\/\/yebodaglass.com\/cs\/wp-json\/wp\/v2\/product_tag?post=24044"}],"curies":[{"name":"wp","href":"https:\/\/api.w.org\/{rel}","templated":true}]}}