{"id":24035,"date":"2025-11-24T14:21:56","date_gmt":"2025-11-24T06:21:56","guid":{"rendered":"https:\/\/yebodaglass.com\/?post_type=product&#038;p=24035"},"modified":"2025-11-24T17:30:11","modified_gmt":"2025-11-24T09:30:11","slug":"custom-vintage-pickle-jar-with-lids-wholesale","status":"publish","type":"product","link":"https:\/\/yebodaglass.com\/cs\/custom-vintage-pickle-jar-with-lids-wholesale\/","title":{"rendered":"Velkoobchodn\u00ed vintage sklenice na okurky s v\u00ed\u010dky o objemu 50 \u2013 380 ml"},"content":{"rendered":"<p>U\u017e v\u00e1s nebav\u00ed sklenice na okurky, kter\u00e9 v\u00e1m vyblednou? Vyr\u00e1b\u00edme vintage sklenice na okurky \u2013 s \u010derveno-b\u00edl\u00fdm v\u00edkem pro okam\u017eitou nostalgii. Tyto sklenice na nakl\u00e1danou cibuli prom\u011bn\u00ed v\u00e1\u0161 sklad potravin v magnet na zna\u010dku. Hromadn\u00e9 objedn\u00e1vky v\u00e1m umo\u017en\u00edme objednat vlastn\u00ed velikosti, kter\u00e9 odpov\u00eddaj\u00ed va\u0161\u00ed etiket\u011b.<\/p>\n<h2>Vlastnosti produktu<\/h2>\n<p><strong>Classic retro look<\/strong><\/p>\n<p>D\u00edky retro kostkovan\u00e9mu \u0161roubovac\u00edmu uz\u00e1v\u011bru tento produkt vizu\u00e1ln\u011b pozved\u00e1 a m\u016f\u017ee se perfektn\u011b hodit k \u0159emesln\u00fdm potravin\u00e1m, zem\u011bd\u011blsk\u00fdm zpracovatelsk\u00fdm z\u00e1vod\u016fm a zna\u010dkov\u00fdm d\u00e1rkov\u00fdm sad\u00e1m.<\/p>\n<p><strong>K dispozici v\u00edce velikost\u00ed<\/strong><\/p>\n<p>Produktov\u00e1 \u0159ada m\u00e1 kapacitu uspokojit pot\u0159eby velkoobchodn\u00edk\u016f a potravin\u00e1\u0159sk\u00fdch tov\u00e1ren v oblasti balen\u00ed r\u016fzn\u00fdch druh\u016f nakl\u00e1dan\u00fdch produkt\u016f, a to v \u0161irok\u00e9 \u0161k\u00e1le velikost\u00ed od mal\u00fdch vzorkovac\u00edch sklenic a\u017e po velk\u00e9 rodinn\u00e9 balen\u00ed.<\/p>\n<p><strong>Vysok\u00e1 odolnost proti teplu a kyselin\u00e1m<\/strong><\/p>\n<p>Sklenice je ur\u010dena k nakl\u00e1d\u00e1n\u00ed zeleniny v r\u016fzn\u00fdch tekutin\u00e1ch, jako je ocet, chilli olej a cukrov\u00fd sirup, a je odoln\u00e1 v\u016f\u010di pach\u016fm a korozi, tak\u017ee zaru\u010duje bezpe\u010dn\u00e9 skladov\u00e1n\u00ed po dlouhou dobu.<\/p>\n<h2>Kl\u00ed\u010dov\u00e9 specifikace<\/h2>\n<table style=\"border-collapse: collapse; width: 80%; margin-left: auto; margin-right: auto;\" border=\"0\" width=\"288\" cellspacing=\"0\" cellpadding=\"0\">\n<tbody>\n<tr style=\"height: 13.50pt;\">\n<td style=\"height: 13.5pt; width: 54pt; text-align: center;\" width=\"72\" height=\"18\">Kapacita (ml)<\/td>\n<td style=\"width: 54pt; text-align: center;\" width=\"72\">Size(cm)<\/td>\n<td style=\"width: 54pt; text-align: center;\" width=\"72\">Pou\u017e\u00edv\u00e1n\u00ed<\/td>\n<td style=\"width: 54pt; text-align: center;\" width=\"72\">V\u00ed\u010dka<\/td>\n<\/tr>\n<tr style=\"height: 13.50pt;\">\n<td style=\"height: 13.5pt; text-align: center;\" align=\"right\" height=\"18\">50<\/td>\n<td style=\"text-align: center;\">4.4 * 5.5<\/td>\n<td class=\"et2\" style=\"text-align: center;\" rowspan=\"6\">D\u017eem, okurky, med<\/td>\n<td class=\"et2\" style=\"text-align: center;\" rowspan=\"6\">Kryt z poc\u00ednovan\u00e9ho plechu<\/td>\n<\/tr>\n<tr style=\"height: 13.50pt;\">\n<td style=\"height: 13.5pt; text-align: center;\" align=\"right\" height=\"18\">100<\/td>\n<td style=\"text-align: center;\">5.9 * 6.4<\/td>\n<\/tr>\n<tr style=\"height: 13.50pt;\">\n<td style=\"height: 13.5pt; text-align: center;\" align=\"right\" height=\"18\">150<\/td>\n<td style=\"text-align: center;\">6.5 * 6.8<\/td>\n<\/tr>\n<tr style=\"height: 13.50pt;\">\n<td style=\"height: 13.5pt; text-align: center;\" align=\"right\" height=\"18\">200<\/td>\n<td style=\"text-align: center;\">6.5 * 8.5<\/td>\n<\/tr>\n<tr style=\"height: 13.50pt;\">\n<td style=\"height: 13.5pt; text-align: center;\" align=\"right\" height=\"18\">250<\/td>\n<td style=\"text-align: center;\">7.5 * 9.7<\/td>\n<\/tr>\n<tr style=\"height: 13.50pt;\">\n<td style=\"height: 13.5pt; text-align: center;\" align=\"right\" height=\"18\">380<\/td>\n<td style=\"text-align: center;\">8.4 * 11.5<\/td>\n<\/tr>\n<\/tbody>\n<\/table>\n<h2>P\u0159\u00edpad \u00fasp\u011bchu<\/h2>\n<p>Firma zab\u00fdvaj\u00edc\u00ed se v\u00fdrobou polsk\u00fdch zem\u011bd\u011blsk\u00fdch produkt\u016f se na n\u00e1s obr\u00e1tila s v\u00fdzvou vytvo\u0159it obal, kter\u00fd by nejen odr\u00e1\u017eel tradi\u010dn\u00ed dom\u00e1c\u00ed styl, ale tak\u00e9 by zv\u00fd\u0161il viditelnost zna\u010dky v supermarketech. Na\u0161\u00edm n\u00e1vrhem byla starom\u00f3dn\u00ed sklenice na okurky s nostalgick\u00fdm kostkovan\u00fdm v\u00edkem a u obou produktov\u00fdch \u0159ad jsme provedli zm\u011bny ve velikosti a barv\u011b v\u00edka: nakl\u00e1dan\u00e1 cibule a m\u00edchan\u00e1 zelenina.<\/p>\n<p>Po pouh\u00fdch dvou m\u011bs\u00edc\u00edch od prvn\u00ed v\u00e1rky nakl\u00e1dan\u00e9 cibule ve sklenic\u00edch z m\u00edstn\u00edch supermarket\u016f byl zaznamen\u00e1n 35% n\u00e1r\u016fst tr\u017eeb d\u00edky jejich atraktivn\u00edmu vzhledu a dobr\u00e9mu uzav\u0159en\u00ed.<\/p>\n<h2>V\u00e1\u0161 n\u00e1vod na \u00fapravy<\/h2>\n<ol>\n<li><strong>Vytvo\u0159te si osobn\u011bj\u0161\u00ed design v\u00edka:<\/strong> Um\u00edst\u011bte na v\u00edko logo va\u0161\u00ed spole\u010dnosti, texturu okraje nebo barevn\u00e9 bloky vybran\u00e9ho t\u00e9matu spolu s klasick\u00fdm \u010dervenob\u00edl\u00fdm kostkovan\u00fdm vzorem a prom\u011b\u0148te ho v jedine\u010dn\u00fd identifik\u00e1tor.<\/li>\n<li><strong>Vylep\u0161ete l\u00e1tku \u0161t\u00edtku:<\/strong> Vyberte matn\u00fd pap\u00edr, oleofobn\u00ed syntetick\u00fd pap\u00edr nebo metalick\u00e9 etikety, kter\u00e9 dodaj\u00ed va\u0161emu produktu kultivovan\u011bj\u0161\u00ed nebo \u201erustik\u00e1ln\u00ed retro\u201c vizu\u00e1ln\u00ed styl a texturu.<\/li>\n<\/ol>","protected":false},"excerpt":{"rendered":"<p>Vintage d\u00f3za na okurky s v\u00edkem, ide\u00e1ln\u00ed d\u00f3zy na nakl\u00e1danou cibulku pro v\u00e1s. Dod\u00e1vka p\u0159\u00edmo z tov\u00e1rny a mo\u017enost \u00fapravy na m\u00edru. K dispozici k okam\u017eit\u00e9mu odesl\u00e1n\u00ed.<\/p>","protected":false},"featured_media":24036,"template":"","meta":[],"product_brand":[],"product_cat":[122,124,133],"product_tag":[],"class_list":{"0":"post-24035","1":"product","2":"type-product","3":"status-publish","4":"has-post-thumbnail","6":"product_cat-custom-glass-packaging","7":"product_cat-custom-glass-jars","8":"product_cat-pickle-jars","10":"first","11":"instock","12":"shipping-taxable","13":"product-type-simple"},"jetpack_sharing_enabled":true,"_links":{"self":[{"href":"https:\/\/yebodaglass.com\/cs\/wp-json\/wp\/v2\/product\/24035","targetHints":{"allow":["GET"]}}],"collection":[{"href":"https:\/\/yebodaglass.com\/cs\/wp-json\/wp\/v2\/product"}],"about":[{"href":"https:\/\/yebodaglass.com\/cs\/wp-json\/wp\/v2\/types\/product"}],"version-history":[{"count":5,"href":"https:\/\/yebodaglass.com\/cs\/wp-json\/wp\/v2\/product\/24035\/revisions"}],"predecessor-version":[{"id":24054,"href":"https:\/\/yebodaglass.com\/cs\/wp-json\/wp\/v2\/product\/24035\/revisions\/24054"}],"wp:featuredmedia":[{"embeddable":true,"href":"https:\/\/yebodaglass.com\/cs\/wp-json\/wp\/v2\/media\/24036"}],"wp:attachment":[{"href":"https:\/\/yebodaglass.com\/cs\/wp-json\/wp\/v2\/media?parent=24035"}],"wp:term":[{"taxonomy":"product_brand","embeddable":true,"href":"https:\/\/yebodaglass.com\/cs\/wp-json\/wp\/v2\/product_brand?post=24035"},{"taxonomy":"product_cat","embeddable":true,"href":"https:\/\/yebodaglass.com\/cs\/wp-json\/wp\/v2\/product_cat?post=24035"},{"taxonomy":"product_tag","embeddable":true,"href":"https:\/\/yebodaglass.com\/cs\/wp-json\/wp\/v2\/product_tag?post=24035"}],"curies":[{"name":"wp","href":"https:\/\/api.w.org\/{rel}","templated":true}]}}