{"id":24010,"date":"2025-11-21T14:34:47","date_gmt":"2025-11-21T06:34:47","guid":{"rendered":"https:\/\/yebodaglass.com\/?post_type=product&#038;p=24010"},"modified":"2025-11-21T14:52:06","modified_gmt":"2025-11-21T06:52:06","slug":"glass-pickle-jars-wholesale-with-high-top-lids","status":"publish","type":"product","link":"https:\/\/yebodaglass.com\/cs\/glass-pickle-jars-wholesale-with-high-top-lids\/","title":{"rendered":"Velkoobchodn\u00ed prodej sklen\u011bn\u00fdch d\u00f3z na okurky o objemu 100 ml \u2013 750 ml s vysok\u00fdm v\u00ed\u010dkem"},"content":{"rendered":"<p>U\u017e v\u00e1s nebav\u00ed sklenice na okurky, ze kter\u00fdch prot\u00e9k\u00e1 nebo se v\u00e1m zabarv\u00ed okurky? Vyr\u00e1b\u00edme sklen\u011bn\u00e9 sklenice na okurky velkoobchodn\u011b \u2013 u\u017e \u017e\u00e1dn\u00e9 smutn\u00e9 rozlit\u00e9 n\u00e1levn\u00e9 n\u00e1poje. Tyto sklenice na okurky prom\u011bn\u00ed v\u00e1\u0161 sklad potravin ve zna\u010dkovou lah\u016fdku. P\u0159i velkoobchodn\u00edch objedn\u00e1vk\u00e1ch z\u00edsk\u00e1te velikosti na m\u00edru, kter\u00e9 odpov\u00eddaj\u00ed va\u0161\u00ed zna\u010dce.<\/p>\n<h2>Vlastnosti produktu<\/h2>\n<p><strong>T\u011bsn\u011bn\u00ed kovov\u00e9ho v\u00edka s vysok\u00fdm horn\u00edm krytem<\/strong><\/p>\n<p>N\u00e1lev a chu\u0165 jsou uzam\u010deny kovov\u00fdm v\u00edkem \u2013 okurky z\u016fstanou \u010derstv\u00e9 a nikdy se nezkaz\u00ed.<\/p>\n<p><strong>K\u0159i\u0161\u0165\u00e1lov\u011b \u010dist\u00e1 viditelnost skla<\/strong><\/p>\n<p>Sta\u0148te se sv\u011bdky nej\u010derstv\u011bj\u0161\u00edch koprov\u00fdch v\u00fdhn\u00ed \u2013 z\u00e1kazn\u00edci si okam\u017eit\u011b z\u00edskaj\u00ed d\u016fv\u011bru ve va\u0161e sklen\u011bn\u00e9 n\u00e1doby.<\/p>\n<p><strong>V\u00edce mo\u017enost\u00ed kapacity<\/strong><\/p>\n<p>Od 100 ml do 220 ml sta\u010d\u00ed pro mal\u00e9 d\u00e1vky nebo velk\u00e9 objemy.<\/p>\n<h2>Kl\u00ed\u010dov\u00e9 specifikace<\/h2>\n<table style=\"border-collapse: collapse; width: 80%; margin-left: auto; margin-right: auto;\" border=\"0\" width=\"216\" cellspacing=\"0\" cellpadding=\"0\">\n<tbody>\n<tr style=\"height: 13.50pt;\">\n<td style=\"height: 13.5pt; width: 54pt; text-align: center;\" width=\"72\" height=\"18\">Kapacita (ml)<\/td>\n<td style=\"width: 54pt; text-align: center;\" width=\"72\">Velikost (cm)<\/td>\n<td style=\"width: 54pt; text-align: center;\" width=\"72\">V\u00ed\u010dka<\/td>\n<\/tr>\n<tr style=\"height: 13.50pt;\">\n<td style=\"height: 13.5pt; text-align: center;\" align=\"right\" height=\"18\">100<\/td>\n<td style=\"text-align: center;\">6,2 \u00d7 6,8<\/td>\n<td class=\"et2\" style=\"text-align: center;\" rowspan=\"7\">Kovov\u00e9 v\u00edka s vysok\u00fdm vr\u0161kem<\/td>\n<\/tr>\n<tr style=\"height: 13.50pt;\">\n<td style=\"height: 13.5pt; text-align: center;\" align=\"right\" height=\"18\">150 \/ 5 oz<\/td>\n<td style=\"text-align: center;\">7,5 \u00d7 6,6<\/td>\n<\/tr>\n<tr style=\"height: 13.50pt;\">\n<td style=\"height: 13.5pt; text-align: center;\" align=\"right\" height=\"18\">180 \/ 6 oz<\/td>\n<td style=\"text-align: center;\">7,3 \u00d7 7,8<\/td>\n<\/tr>\n<tr style=\"height: 13.50pt;\">\n<td style=\"height: 13.5pt; text-align: center;\" align=\"right\" height=\"18\">220<\/td>\n<td style=\"text-align: center;\">6,6 \u00d7 10,6<\/td>\n<\/tr>\n<tr style=\"height: 13.50pt;\">\n<td style=\"height: 13.5pt; text-align: center;\" align=\"right\" height=\"18\">380<\/td>\n<td style=\"text-align: center;\">7,5 \u00d7 12,5<\/td>\n<\/tr>\n<tr style=\"height: 13.50pt;\">\n<td style=\"height: 13.5pt; text-align: center;\" align=\"right\" height=\"18\">500<\/td>\n<td style=\"text-align: center;\">7,5 \u00d7 14,9<\/td>\n<\/tr>\n<tr style=\"height: 13.50pt;\">\n<td style=\"height: 13.5pt; text-align: center;\" align=\"right\" height=\"18\">750 \/ 25 oz<\/td>\n<td style=\"text-align: center;\">8,6 \u00d7 17,5<\/td>\n<\/tr>\n<\/tbody>\n<\/table>\n<h2>P\u0159\u00edb\u011bh \u00fasp\u011bchu<\/h2>\n<p>Z\u00e1padokanadsk\u00e1 zna\u010dka specializovan\u00fdch nakl\u00e1dan\u00fdch okurek se s n\u00e1mi spojila, aby modernizovala svou produktovou \u0159adu a vybrala tuto sklen\u011bnou n\u00e1dobu s vysok\u00fdm v\u00edkem. Jejich nov\u00fdmi produkty byly r\u016fzn\u00e9 druhy nakl\u00e1dan\u00e9 zeleniny a n\u00e1lev\u016f a star\u00e9 obaly \u010dasto prosakovaly a b\u011bhem p\u0159epravy se po\u0161kozovaly. Dali jsme jim n\u00e1dobu se siln\u011bj\u0161\u00ed st\u011bnou a stabiln\u011bj\u0161\u00edm vysok\u00fdm v\u00edkem.<\/p>\n<p>D\u00edky tomu se u nov\u00e9 sklen\u011bn\u00e9 n\u00e1doby na okurky zlep\u0161ilo ut\u011bsn\u011bn\u00ed a prodej nov\u00e9ho produktu se b\u011bhem t\u0159\u00ed m\u011bs\u00edc\u016f zv\u00fd\u0161il o t\u00e9m\u011b\u0159 30 %.<\/p>\n<h2>V\u00e1\u0161 n\u00e1vod na \u00fapravy<\/h2>\n<ol>\n<li><strong>Podporuje v\u00edce typ\u016f uz\u00e1v\u011br\u016f:<\/strong> Krom\u011b jednoduch\u00e9ho vysok\u00e9ho uz\u00e1v\u011bru mohou b\u00fdt k dispozici uz\u00e1v\u011bry vyztu\u017een\u00e9 t\u011bsn\u011bn\u00edm nebo uz\u00e1v\u011bry vyroben\u00e9 z r\u016fzn\u00fdch materi\u00e1l\u016f, co\u017e zaji\u0161\u0165uje harmoni\u010dt\u011bj\u0161\u00ed styl a lep\u0161\u00ed kompatibilitu s automatizovan\u00fdmi v\u00fdrobn\u00edmi linkami na uzav\u00edr\u00e1n\u00ed.<\/li>\n<li><strong>Oblast s matn\u00fdm \u0161t\u00edtkem:<\/strong> N\u00e1doba m\u016f\u017ee b\u00fdt matn\u00e1 nebo m\u00edt m\u00edrn\u011b protiskluzovou texturu, co\u017e usnad\u0148uje aplikaci etiket a zlep\u0161uje celkovou kvalitu balen\u00ed.<\/li>\n<li><strong>Barevn\u00e9 sklo dle va\u0161eho v\u00fdb\u011bru pro velk\u00e9 objedn\u00e1vky:<\/strong> Jantarov\u00e9, zelen\u00e9 nebo jak\u00e9koli jin\u00e9 t\u00f3novan\u00e9 sklo lze pou\u017e\u00edt nejen ke zlep\u0161en\u00ed ochrann\u00fdch vlastnost\u00ed fotocitliv\u00fdch v\u00fdrobk\u016f, ale tak\u00e9 k pos\u00edlen\u00ed zna\u010dky.<\/li>\n<\/ol>","protected":false},"excerpt":{"rendered":"<p>Velkoobchodn\u00ed prodej sklen\u011bn\u00fdch d\u00f3z na okurky s vysok\u00fdm t\u011bsn\u011bn\u00edm v\u00edka, ide\u00e1ln\u00ed pro zna\u010dky, kter\u00e9 pot\u0159ebuj\u00ed \u0159e\u0161en\u00ed ve velk\u00e9m, dod\u00e1vky p\u0159\u00edmo z tov\u00e1rny a mo\u017enosti p\u0159izp\u016fsoben\u00ed.<\/p>","protected":false},"featured_media":24020,"template":"","meta":[],"product_brand":[],"product_cat":[122,124,133],"product_tag":[],"class_list":{"0":"post-24010","1":"product","2":"type-product","3":"status-publish","4":"has-post-thumbnail","6":"product_cat-custom-glass-packaging","7":"product_cat-custom-glass-jars","8":"product_cat-pickle-jars","10":"first","11":"instock","12":"shipping-taxable","13":"product-type-simple"},"jetpack_sharing_enabled":true,"_links":{"self":[{"href":"https:\/\/yebodaglass.com\/cs\/wp-json\/wp\/v2\/product\/24010","targetHints":{"allow":["GET"]}}],"collection":[{"href":"https:\/\/yebodaglass.com\/cs\/wp-json\/wp\/v2\/product"}],"about":[{"href":"https:\/\/yebodaglass.com\/cs\/wp-json\/wp\/v2\/types\/product"}],"version-history":[{"count":5,"href":"https:\/\/yebodaglass.com\/cs\/wp-json\/wp\/v2\/product\/24010\/revisions"}],"predecessor-version":[{"id":24021,"href":"https:\/\/yebodaglass.com\/cs\/wp-json\/wp\/v2\/product\/24010\/revisions\/24021"}],"wp:featuredmedia":[{"embeddable":true,"href":"https:\/\/yebodaglass.com\/cs\/wp-json\/wp\/v2\/media\/24020"}],"wp:attachment":[{"href":"https:\/\/yebodaglass.com\/cs\/wp-json\/wp\/v2\/media?parent=24010"}],"wp:term":[{"taxonomy":"product_brand","embeddable":true,"href":"https:\/\/yebodaglass.com\/cs\/wp-json\/wp\/v2\/product_brand?post=24010"},{"taxonomy":"product_cat","embeddable":true,"href":"https:\/\/yebodaglass.com\/cs\/wp-json\/wp\/v2\/product_cat?post=24010"},{"taxonomy":"product_tag","embeddable":true,"href":"https:\/\/yebodaglass.com\/cs\/wp-json\/wp\/v2\/product_tag?post=24010"}],"curies":[{"name":"wp","href":"https:\/\/api.w.org\/{rel}","templated":true}]}}