{"id":23979,"date":"2025-11-20T15:57:22","date_gmt":"2025-11-20T07:57:22","guid":{"rendered":"https:\/\/yebodaglass.com\/?post_type=product&#038;p=23979"},"modified":"2026-04-14T15:42:13","modified_gmt":"2026-04-14T07:42:13","slug":"double-ear-glass-pickle-jar-storage-wholesale","status":"publish","type":"product","link":"https:\/\/yebodaglass.com\/cs\/double-ear-glass-pickle-jar-storage-wholesale\/","title":{"rendered":"Velkoobchodn\u00ed skladov\u00e1n\u00ed sklen\u011bn\u00fdch okurek s dvojit\u00fdm uchem o objemu 280 ml \u2013 630 ml"},"content":{"rendered":"<p>U\u017e v\u00e1s nebav\u00ed sklenice na okurky, ze kter\u00fdch prot\u00e9k\u00e1 nebo v\u00e1m vadne okurka? Vyr\u00e1b\u00edme sklenice na okurky ve velk\u00e9m \u2013 u\u017e \u017e\u00e1dn\u00e9 smutn\u00e9 rozlit\u00e9 n\u00e1levn\u00e9 n\u00e1poje. Tyto sklen\u011bn\u00e9 n\u00e1doby na okurky prom\u011bn\u00ed v\u00e1\u0161 sklad potravin ve zna\u010dkovou lah\u016fdku. Hromadn\u00e9 objedn\u00e1vky dod\u00e1vaj\u00ed velikosti na m\u00edru, kter\u00e9 odpov\u00eddaj\u00ed va\u0161\u00ed zna\u010dce.<\/p>\n<h2>Vlastnosti produktu<\/h2>\n<ul>\n<li><strong>Double-handled design: <\/strong>Zaoblen\u00e1 konstrukce s dvojitou rukojet\u00ed nejen zlep\u0161uje \u00fachop, ale tak\u00e9 dod\u00e1v\u00e1 sklen\u011bn\u00e9 n\u00e1dob\u011b jedine\u010dn\u00fd vzhled.<\/li>\n<li><strong>Crystal clear glass: <\/strong>Ka\u017ed\u00e1 sn\u00edtka kopru je jasn\u011b viditeln\u00e1 \u2013 z\u00e1kazn\u00edci mohou va\u0161\u00ed sklenici d\u016fv\u011b\u0159ovat na prvn\u00ed pohled.<\/li>\n<li><strong>Excellent airtight metal lid: <\/strong>Bezpe\u010dn\u011b uzamkne n\u00e1lev a lahodn\u00e9 okurky \u2013 nikdy se nezkaz\u00ed.<\/li>\n<li><strong>Multiple sizes available: <\/strong>Od 280 ml do 630 ml, spl\u0148uj\u00edc\u00ed pot\u0159eby mal\u00e9 i velk\u00e9 s\u00e9riov\u00e9 v\u00fdroby.<\/li>\n<\/ul>\n<h2>Kl\u00ed\u010dov\u00e9 specifikace<\/h2>\n<table style=\"border-collapse: collapse; width: 80%; margin-left: auto; margin-right: auto;\" border=\"0\" width=\"216\" cellspacing=\"0\" cellpadding=\"0\">\n<tbody>\n<tr style=\"height: 13.50pt;\">\n<td style=\"height: 13.5pt; width: 54pt; text-align: center;\" width=\"72\" height=\"18\">Kapacita (ml)<\/td>\n<td style=\"width: 54pt; text-align: center;\" width=\"72\">Velikost (cm)<\/td>\n<td style=\"width: 54pt; text-align: center;\" width=\"72\">Mo\u017enosti v\u00ed\u010dek<\/td>\n<\/tr>\n<tr style=\"height: 13.50pt;\">\n<td style=\"height: 13.5pt; text-align: center;\" height=\"18\">280<\/td>\n<td style=\"text-align: center;\">7,8 x 8,8<\/td>\n<td class=\"et2\" style=\"text-align: center;\" rowspan=\"4\">Hlin\u00edkov\u00fd uz\u00e1v\u011br, barva p\u0159izp\u016fsobiteln\u00e1<\/td>\n<\/tr>\n<tr style=\"height: 13.50pt;\">\n<td style=\"height: 13.5pt; text-align: center;\" height=\"18\">350<\/td>\n<td style=\"text-align: center;\">8,8 x 9,5<\/td>\n<\/tr>\n<tr style=\"height: 13.50pt;\">\n<td style=\"height: 13.5pt; text-align: center;\" height=\"18\">500<\/td>\n<td style=\"text-align: center;\">9,9 \u00d7 10,0<\/td>\n<\/tr>\n<tr style=\"height: 13.50pt;\">\n<td style=\"height: 13.5pt; text-align: center;\" height=\"18\">630<\/td>\n<td style=\"text-align: center;\">10,4 \u00d7 10,7<\/td>\n<\/tr>\n<\/tbody>\n<\/table>\n<h2>P\u0159\u00edpad \u00fasp\u011bchu<\/h2>\n<p>Oslovila n\u00e1s v\u00fdchodoevropsk\u00e1 zna\u010dka nakl\u00e1dan\u00fdch potravin s \u017e\u00e1dost\u00ed o personalizaci t\u00e9to sklenice na okurky s dvojit\u00fdm uchem. Zm\u011bnili jsme velikost \u0161roubovac\u00edho uz\u00e1v\u011bru tak, aby odpov\u00eddal jejich plnic\u00edmu stroji, a tak\u00e9 jsme vyrobili barevn\u00e9 kovov\u00e9 v\u00ed\u010dko, kter\u00e9 je exkluzivn\u00ed pro jejich pou\u017eit\u00ed.<\/p>\n<p>D\u00edky jeho zaveden\u00ed se zna\u010dn\u011b zlep\u0161ila dostupnost tohoto produktu v reg\u00e1lech supermarket\u016f a v prvn\u00edm \u010dtvrtlet\u00ed byl zaznamen\u00e1n 22% n\u00e1r\u016fst tr\u017eeb.<\/p>\n<h2>V\u00e1\u0161 n\u00e1vod na \u00fapravy<\/h2>\n<ol>\n<li>Pokud maj\u00ed nakl\u00e1dan\u00e9 ingredience ur\u010ditou barvu a u\u017eivatel je chce pou\u017e\u00edt, existuj\u00ed t\u0159i mo\u017enosti, ze kter\u00fdch si lze vybrat povrchovou \u00fapravu v\u00edka, tj. galvanicky pokovenou, lakovanou nebo perle\u0165ovou, aby se vytvo\u0159il jednotn\u011bj\u0161\u00ed vzhled cel\u00e9 n\u00e1doby na nakl\u00e1danou zeleninu.<\/li>\n<li>Pou\u017eit\u00edm vzor\u016f, jako jsou motivy ovoce a zeleniny, inici\u00e1ly zna\u010dek nebo geometrick\u00e9 textury, lze sklenice nechat vyniknout, a t\u00edm p\u00e1dem u\u010dinit skladov\u00e1n\u00ed okurek ve sklenic\u00edch snadno rozpoznateln\u00fdm na poli\u010dce.<\/li>\n<\/ol>","protected":false},"excerpt":{"rendered":"<p>Sklen\u011bn\u00e9 d\u00f3zy na okurky ide\u00e1ln\u00ed pro zava\u0159ov\u00e1n\u00ed ovoce a zeleniny. Dod\u00e1vky p\u0159\u00edmo z tov\u00e1rny umo\u017e\u0148uj\u00ed hromadn\u00e9 objedn\u00e1vky d\u00f3z s v\u00ed\u010dky na m\u00edru a mo\u017enostmi brandingu.<\/p>","protected":false},"featured_media":23981,"template":"","meta":[],"product_brand":[],"product_cat":[133,124,122],"product_tag":[],"class_list":{"0":"post-23979","1":"product","2":"type-product","3":"status-publish","4":"has-post-thumbnail","6":"product_cat-pickle-jars","7":"product_cat-custom-glass-jars","8":"product_cat-custom-glass-packaging","10":"first","11":"instock","12":"shipping-taxable","13":"product-type-simple"},"jetpack_sharing_enabled":true,"_links":{"self":[{"href":"https:\/\/yebodaglass.com\/cs\/wp-json\/wp\/v2\/product\/23979","targetHints":{"allow":["GET"]}}],"collection":[{"href":"https:\/\/yebodaglass.com\/cs\/wp-json\/wp\/v2\/product"}],"about":[{"href":"https:\/\/yebodaglass.com\/cs\/wp-json\/wp\/v2\/types\/product"}],"version-history":[{"count":4,"href":"https:\/\/yebodaglass.com\/cs\/wp-json\/wp\/v2\/product\/23979\/revisions"}],"predecessor-version":[{"id":25782,"href":"https:\/\/yebodaglass.com\/cs\/wp-json\/wp\/v2\/product\/23979\/revisions\/25782"}],"wp:featuredmedia":[{"embeddable":true,"href":"https:\/\/yebodaglass.com\/cs\/wp-json\/wp\/v2\/media\/23981"}],"wp:attachment":[{"href":"https:\/\/yebodaglass.com\/cs\/wp-json\/wp\/v2\/media?parent=23979"}],"wp:term":[{"taxonomy":"product_brand","embeddable":true,"href":"https:\/\/yebodaglass.com\/cs\/wp-json\/wp\/v2\/product_brand?post=23979"},{"taxonomy":"product_cat","embeddable":true,"href":"https:\/\/yebodaglass.com\/cs\/wp-json\/wp\/v2\/product_cat?post=23979"},{"taxonomy":"product_tag","embeddable":true,"href":"https:\/\/yebodaglass.com\/cs\/wp-json\/wp\/v2\/product_tag?post=23979"}],"curies":[{"name":"wp","href":"https:\/\/api.w.org\/{rel}","templated":true}]}}