{"id":23970,"date":"2025-11-20T14:40:02","date_gmt":"2025-11-20T06:40:02","guid":{"rendered":"https:\/\/yebodaglass.com\/?post_type=product&#038;p=23970"},"modified":"2025-11-20T14:40:03","modified_gmt":"2025-11-20T06:40:03","slug":"double-handle-glass-jar-for-pickles-bulk","status":"publish","type":"product","link":"https:\/\/yebodaglass.com\/cs\/double-handle-glass-jar-for-pickles-bulk\/","title":{"rendered":"Sklen\u011bn\u00e1 n\u00e1doba s dvojit\u00fdm uchem o objemu 80 ml \u2013 200 ml na okurky ve velk\u00e9m"},"content":{"rendered":"<p>U\u017e v\u00e1s nebav\u00ed sklenice na okurky, kter\u00e9 v\u00e1m vyklouz\u00e1vaj\u00ed z rukou? Vyr\u00e1b\u00edme sklenice na okurky \u2013 s dvojit\u00fdmi uchy pro snadn\u00e9 uchopen\u00ed. Tyto sklen\u011bn\u00e9 n\u00e1doby na okurky prom\u011bn\u00ed va\u0161e \u00falo\u017ei\u0161t\u011b potravin v origin\u00e1ln\u00ed prvek va\u0161\u00ed zna\u010dky. P\u0159i hromadn\u00fdch objedn\u00e1vk\u00e1ch z\u00edsk\u00e1te velikosti na m\u00edru, kter\u00e9 odpov\u00eddaj\u00ed va\u0161\u00ed zna\u010dce.<\/p>\n<h2>Vlastnosti produktu<\/h2>\n<p><strong>Design s dvojit\u00fdm uchem<\/strong><\/p>\n<p>Snadno se dr\u017e\u00ed \u2013 u\u017e \u017e\u00e1dn\u00e9 upadaj\u00edc\u00ed okurky.<\/p>\n<p><strong>K\u0159i\u0161\u0165\u00e1lov\u011b \u010dist\u00e1 viditelnost skla<\/strong><\/p>\n<p>V\u0161imn\u011bte si ka\u017ed\u00e9 sn\u00edtky kopru \u2013 z\u00e1kazn\u00edci okam\u017eit\u011b d\u016fv\u011b\u0159uj\u00ed va\u0161im sklen\u011bn\u00fdm n\u00e1dob\u00e1m.<\/p>\n<p><strong>Vzduchot\u011bsn\u00e9 kovov\u00e9 t\u011bsn\u011bn\u00ed v\u00edka<\/strong><\/p>\n<p>Uzamyk\u00e1 v n\u00e1levu a chutn\u011b zava\u0159uje okurky \u2013 nikdy se nezkaz\u00ed.<\/p>\n<h2>Kl\u00ed\u010dov\u00e9 specifikace<\/h2>\n<table style=\"border-collapse: collapse; width: 80%; margin-left: auto; margin-right: auto;\" border=\"0\" width=\"216\" cellspacing=\"0\" cellpadding=\"0\">\n<tbody>\n<tr style=\"height: 13.50pt;\">\n<td style=\"height: 13.5pt; width: 54pt; text-align: center;\" width=\"72\" height=\"18\">Kapacita (ml)<\/td>\n<td style=\"width: 54pt; text-align: center;\" width=\"72\">Velikost (cm)<\/td>\n<td style=\"width: 54pt; text-align: center;\" width=\"72\">Tvar<\/td>\n<\/tr>\n<tr style=\"height: 13.50pt;\">\n<td style=\"height: 13.5pt; text-align: center;\" align=\"right\" height=\"18\">80<\/td>\n<td style=\"text-align: center;\">6,9 \u00d7 4,4<\/td>\n<td class=\"et2\" style=\"text-align: center;\" rowspan=\"4\">Kolo<\/td>\n<\/tr>\n<tr style=\"height: 13.50pt;\">\n<td style=\"height: 13.5pt; text-align: center;\" align=\"right\" height=\"18\">100<\/td>\n<td style=\"text-align: center;\">7,6 x 4,6<\/td>\n<\/tr>\n<tr style=\"height: 13.50pt;\">\n<td style=\"height: 13.5pt; text-align: center;\" align=\"right\" height=\"18\">150<\/td>\n<td style=\"text-align: center;\">8,0 \u00d7 5,4<\/td>\n<\/tr>\n<tr style=\"height: 13.50pt;\">\n<td style=\"height: 13.5pt; text-align: center;\" align=\"right\" height=\"18\">200<\/td>\n<td style=\"text-align: center;\">8,9 \u00d7 5,5<\/td>\n<\/tr>\n<\/tbody>\n<\/table>\n<h2>P\u0159\u00edpad \u00fasp\u011bchu<\/h2>\n<p>V\u00fdrobce ko\u0159en\u00ed z jihov\u00fdchodn\u00ed Asie vylep\u0161il sv\u00e9 balen\u00ed p\u0159echodem na na\u0161e sklenice na kim\u010di s dvojit\u00fdm uchem. Jeho zam\u011bstnanci pot\u0159ebovali sklenici na kim\u010di, kter\u00e1 by se p\u0159i pln\u011bn\u00ed za horka pohodln\u011b dr\u017eela a byla by dostate\u010dn\u011b pevn\u00e1, aby unesla dlouhou p\u0159epravu.<\/p>\n<p>Jejich \u00fa\u010dinnost pln\u011bn\u00ed se zv\u00fd\u0161ila o 22 % d\u00edky pou\u017eit\u00ed zes\u00edlen\u00e9ho t\u011bla sklen\u011bn\u00e9 n\u00e1doby, konstrukci se \u0161irok\u00fdm hrdlem a vzduchot\u011bsn\u00e9mu v\u00edku a v\u00fdrazn\u011b se sn\u00ed\u017eil v\u00fdskyt rozbit\u00ed b\u011bhem p\u0159epravy.<\/p>\n<p>Spole\u010dnost Herb &amp; Spice Co. p\u0159e\u0161la na na\u0161i \u0159adu sklen\u011bn\u00fdch d\u00f3z na okurky. V\u00fdsledek? Vyprodaly se 15kr\u00e1t rychleji a z\u00edskaly 5hv\u011bzdi\u010dkov\u00e9 recenze. Pro\u010d? Dvojit\u00e9 ucho jim umo\u017enilo snadno manipulovat s celou okurkou a speci\u00e1ln\u00ed \u010derven\u00e1 kovov\u00e1 v\u00ed\u010dka odpov\u00eddala jejich zna\u010dce. Nyn\u00ed jsou bestsellerem ve v\u00edce ne\u017e 200 obchodech.<\/p>\n<h2>V\u00e1\u0161 n\u00e1vod na \u00fapravy<\/h2>\n<ol>\n<li><strong>Vylep\u0161en\u00e1 v\u00ed\u010dka:<\/strong> Mohou b\u00fdt kovov\u00e1, barevn\u00e1, galvanicky pokoven\u00e1 a s bezpe\u010dnostn\u00edm uz\u00e1v\u011brem, s mo\u017enost\u00ed pou\u017eit\u00ed t\u011bsn\u011bn\u00ed pro lep\u0161\u00ed uchov\u00e1n\u00ed.<\/li>\n<li><strong>Tlou\u0161\u0165ka a tvar skla:<\/strong> M\u016f\u017ee b\u00fdt vyrobena ze siln\u011bj\u0161\u00edho vyztu\u017een\u00e9ho skla pro lep\u0161\u00ed odolnost v\u016f\u010di tlaku a bezpe\u010dnou p\u0159epravu; tak\u00e9 lze zm\u011bnit zak\u0159iven\u00ed sklenice a rozm\u011bry rukojeti.<\/li>\n<li><strong>Personalizovan\u00e1 zna\u010dka:<\/strong> Sklen\u011bnou n\u00e1dobu na okurky lze ozna\u010dit pomoc\u00ed st\u0159\u00edkac\u00edho lakov\u00e1n\u00ed, potisku, hork\u00e9 ra\u017eby a etiketov\u00e1n\u00ed.<\/li>\n<\/ol>","protected":false},"excerpt":{"rendered":"<p>D\u00f3za na okurky s dvojit\u00fdm uchem, ide\u00e1ln\u00ed pro balen\u00ed ve velk\u00e9m. Tato sklen\u011bn\u00e1 d\u00f3za na okurky nab\u00edz\u00ed bezpe\u010dn\u00e9 ut\u011bsn\u011bn\u00ed, dod\u00e1vku p\u0159\u00edmo z tov\u00e1rny a mo\u017enosti p\u0159izp\u016fsoben\u00ed.<\/p>","protected":false},"featured_media":23971,"template":"","meta":[],"product_brand":[],"product_cat":[122,124,133],"product_tag":[],"class_list":{"0":"post-23970","1":"product","2":"type-product","3":"status-publish","4":"has-post-thumbnail","6":"product_cat-custom-glass-packaging","7":"product_cat-custom-glass-jars","8":"product_cat-pickle-jars","10":"first","11":"instock","12":"shipping-taxable","13":"product-type-simple"},"jetpack_sharing_enabled":true,"_links":{"self":[{"href":"https:\/\/yebodaglass.com\/cs\/wp-json\/wp\/v2\/product\/23970","targetHints":{"allow":["GET"]}}],"collection":[{"href":"https:\/\/yebodaglass.com\/cs\/wp-json\/wp\/v2\/product"}],"about":[{"href":"https:\/\/yebodaglass.com\/cs\/wp-json\/wp\/v2\/types\/product"}],"version-history":[{"count":4,"href":"https:\/\/yebodaglass.com\/cs\/wp-json\/wp\/v2\/product\/23970\/revisions"}],"predecessor-version":[{"id":23978,"href":"https:\/\/yebodaglass.com\/cs\/wp-json\/wp\/v2\/product\/23970\/revisions\/23978"}],"wp:featuredmedia":[{"embeddable":true,"href":"https:\/\/yebodaglass.com\/cs\/wp-json\/wp\/v2\/media\/23971"}],"wp:attachment":[{"href":"https:\/\/yebodaglass.com\/cs\/wp-json\/wp\/v2\/media?parent=23970"}],"wp:term":[{"taxonomy":"product_brand","embeddable":true,"href":"https:\/\/yebodaglass.com\/cs\/wp-json\/wp\/v2\/product_brand?post=23970"},{"taxonomy":"product_cat","embeddable":true,"href":"https:\/\/yebodaglass.com\/cs\/wp-json\/wp\/v2\/product_cat?post=23970"},{"taxonomy":"product_tag","embeddable":true,"href":"https:\/\/yebodaglass.com\/cs\/wp-json\/wp\/v2\/product_tag?post=23970"}],"curies":[{"name":"wp","href":"https:\/\/api.w.org\/{rel}","templated":true}]}}