{"id":23940,"date":"2025-11-19T14:08:56","date_gmt":"2025-11-19T06:08:56","guid":{"rendered":"https:\/\/yebodaglass.com\/?post_type=product&#038;p=23940"},"modified":"2025-11-19T17:21:31","modified_gmt":"2025-11-19T09:21:31","slug":"custom-glass-jar-for-pickle-with-airtight-cap-bulk","status":"publish","type":"product","link":"https:\/\/yebodaglass.com\/cs\/custom-glass-jar-for-pickle-with-airtight-cap-bulk\/","title":{"rendered":"Sklen\u011bn\u00e1 n\u00e1doba na okurky s vzduchot\u011bsn\u00fdm v\u00ed\u010dkem o objemu 350 ml"},"content":{"rendered":"<p>U\u017e v\u00e1s nebav\u00ed zava\u0159ovac\u00ed sklenice na okurky, ze kter\u00fdch prot\u00e9k\u00e1 nebo v\u00e1m vadne okurka? Vyr\u00e1b\u00edme sklen\u011bn\u00e9 zava\u0159ovac\u00ed sklenice na okurky \u2013 u\u017e \u017e\u00e1dn\u00e9 smutn\u00e9 rozlit\u00e9 n\u00e1levn\u00e9 n\u00e1poje. Tyto sklen\u011bn\u00e9 zava\u0159ovac\u00ed sklenice prom\u011bn\u00ed v\u00e1\u0161 sklad potravin ve zna\u010dkovou lah\u016fdku. Hromadn\u00e9 objedn\u00e1vky z\u00edsk\u00e1te zak\u00e1zkovou povrchovou \u00fapravu, kter\u00e1 odpov\u00edd\u00e1 va\u0161\u00ed zna\u010dce.<\/p>\n<h2>Vlastnosti produktu<\/h2>\n<p><strong>Velk\u00e1 objemov\u00e1 struktura<\/strong><\/p>\n<p>Lze pou\u017e\u00edt k nakl\u00e1d\u00e1n\u00ed cel\u00e9 zeleniny nebo velk\u00e9 d\u00e1vky surovin, a tak uspokojit pot\u0159eby skladov\u00e1n\u00ed rodin, velk\u00fdch restaurac\u00ed nebo potravin\u00e1\u0159sk\u00fdch z\u00e1vod\u016f.<\/p>\n<p><strong>Sklen\u011bn\u00e9 v\u00edko + kovov\u00fd uz\u00e1v\u011br Snap-Lock<\/strong><\/p>\n<p>Zacvak\u00e1vac\u00ed mechanismus posiluje vzduchot\u011bsnost, a je tak \u00fa\u010dinn\u00fdm zp\u016fsobem, jak sn\u00ed\u017eit vnik\u00e1n\u00ed vzduchu, co\u017e z n\u011bj \u010din\u00ed za\u0159\u00edzen\u00ed vhodn\u00e9 pro fermentaci, nakl\u00e1d\u00e1n\u00ed a dlouhodob\u00e9 skladov\u00e1n\u00ed.<\/p>\n<p><strong>Super \u010dir\u00e9 sklo<\/strong><\/p>\n<p>Sklenice vizu\u00e1ln\u011b ukazuje barvu a stav nakl\u00e1dan\u00fdch produkt\u016f, tak\u017ee je velmi snadn\u00e9 sledovat fermentaci nebo jak\u00e9koli zm\u011bny v kvalit\u011b.<\/p>\n<h2>Kl\u00ed\u010dov\u00e9 specifikace<\/h2>\n<table style=\"border-collapse: collapse; width: 80%; margin-left: AUTO; margin-right: AUTO;\" border=\"0\" width=\"288\" cellspacing=\"0\" cellpadding=\"0\">\n<tbody>\n<tr style=\"height: 13.50pt;\">\n<td style=\"height: 13.5pt; width: 54pt; text-align: center;\" width=\"72\" height=\"18\">Kapacita<\/td>\n<td style=\"width: 54pt; text-align: center;\" width=\"72\">Materi\u00e1l<\/td>\n<td style=\"width: 54pt; text-align: center;\" width=\"72\">Typ v\u00edka<\/td>\n<td style=\"width: 54pt; text-align: center;\" width=\"72\">Tvar<\/td>\n<\/tr>\n<tr style=\"height: 13.50pt;\">\n<td style=\"height: 13.5pt; text-align: center;\" height=\"18\">3000 ml (na zak\u00e1zku)<\/td>\n<td style=\"text-align: center;\">Vynikaj\u00edc\u00ed sklo<\/td>\n<td style=\"text-align: center;\">Vzduchot\u011bsn\u00e9 v\u00ed\u010dka s up\u00ednac\u00edmi svorkami<\/td>\n<td style=\"text-align: center;\">Kulat\u00e9 (p\u0159izp\u016fsobiteln\u00e9)<\/td>\n<\/tr>\n<\/tbody>\n<\/table>\n<h2>P\u0159\u00edpad \u00fasp\u011bchu<\/h2>\n<p>Velk\u00fd z\u00e1vod na zpracov\u00e1n\u00ed potravin, kter\u00fd vyr\u00e1b\u00ed tradi\u010dn\u00ed nakl\u00e1danou zeleninu, se rozhodl pou\u017e\u00edt na\u0161i velkokapacitn\u00ed sklen\u011bnou n\u00e1dobu, kdy\u017e hledal lep\u0161\u00ed \u0159e\u0161en\u00ed balen\u00ed pro sv\u016fj fermenta\u010dn\u00ed proces. Aby z\u00e1vod splnil sv\u00e9 po\u017eadavky na obt\u00ed\u017en\u011b dlouh\u00fd fermenta\u010dn\u00ed cyklus, zes\u00edlil st\u011bny n\u00e1dob a tak\u00e9 nainstaloval t\u011bsn\u011bn\u00ed odoln\u00e1 v\u016f\u010di soli a kyselin\u00e1m, aby kovov\u00e1 uzamykac\u00ed konstrukce mohla b\u00fdt stabiln\u00ed i v prost\u0159ed\u00ed s vysok\u00fdm obsahem soli po dlouhou dobu.<\/p>\n<p>D\u00edky jejich modernizaci se nakl\u00e1dan\u00e1 zelenina b\u011bhem fermentace vizu\u00e1ln\u011b zp\u0159\u00edstupnila, m\u00edra vad \u0161ar\u017e\u00ed klesla p\u0159ibli\u017en\u011b o 22 % a spr\u00e1va skladu se stala sp\u00ed\u0161e lidskou z\u00e1le\u017eitost\u00ed.<\/p>\n<h2>V\u00e1\u0161 n\u00e1vod na \u00fapravy<\/h2>\n<ol>\n<li><strong>Vylep\u0161en\u00ed syst\u00e9mu t\u011bsn\u011bn\u00ed:<\/strong>Kovov\u00e9 z\u00e1padky mohou b\u00fdt galvanicky pokoven\u00e9, lakovan\u00e9 nebo z nerezov\u00e9 oceli a t\u011bsn\u011bn\u00ed odoln\u00e1 v\u016f\u010di kyselin\u00e1m a silikonov\u00e9 krou\u017eky lze vym\u011bnit za lep\u0161\u00ed ut\u011bsn\u011bn\u00ed.<\/li>\n<li><strong>Materi\u00e1ly a povrchov\u00e9 \u00fapravy skla:<\/strong>Existuj\u00ed materi\u00e1ly jako vysoce pr\u016fhledn\u00e9, matn\u00e9, polopr\u016fhledn\u00e9 a nev\u00fdbu\u0161n\u00e9 sklo. Krom\u011b toho mohou b\u00fdt loga vyra\u017eena na t\u011ble lahve nebo na jej\u00edm dn\u011b.<\/li>\n<li><strong>Mo\u017enosti p\u0159\u00edslu\u0161enstv\u00ed:<\/strong>Odm\u011brky, samolepky na t\u011bsn\u011bn\u00ed, visa\u010dky s logem zna\u010dky a designy extern\u00edch etiket jsou kompatibiln\u00ed produkty, kter\u00e9 m\u016f\u017eete pou\u017e\u00edt k vytvo\u0159en\u00ed ucelen\u011bj\u0161\u00edho produktov\u00e9ho portfolia s va\u0161\u00ed zna\u010dkou.<\/li>\n<\/ol>","protected":false},"excerpt":{"rendered":"<p>Glass jar for pickle are available with free samples for testing. And glass jars for pickling, ideal for bulk buyers with factory-direct supply. Custom available.<\/p>","protected":false},"featured_media":23941,"template":"","meta":[],"product_brand":[],"product_cat":[122,124,133],"product_tag":[],"class_list":{"0":"post-23940","1":"product","2":"type-product","3":"status-publish","4":"has-post-thumbnail","6":"product_cat-custom-glass-packaging","7":"product_cat-custom-glass-jars","8":"product_cat-pickle-jars","10":"first","11":"instock","12":"shipping-taxable","13":"product-type-simple"},"jetpack_sharing_enabled":true,"_links":{"self":[{"href":"https:\/\/yebodaglass.com\/cs\/wp-json\/wp\/v2\/product\/23940","targetHints":{"allow":["GET"]}}],"collection":[{"href":"https:\/\/yebodaglass.com\/cs\/wp-json\/wp\/v2\/product"}],"about":[{"href":"https:\/\/yebodaglass.com\/cs\/wp-json\/wp\/v2\/types\/product"}],"version-history":[{"count":5,"href":"https:\/\/yebodaglass.com\/cs\/wp-json\/wp\/v2\/product\/23940\/revisions"}],"predecessor-version":[{"id":23954,"href":"https:\/\/yebodaglass.com\/cs\/wp-json\/wp\/v2\/product\/23940\/revisions\/23954"}],"wp:featuredmedia":[{"embeddable":true,"href":"https:\/\/yebodaglass.com\/cs\/wp-json\/wp\/v2\/media\/23941"}],"wp:attachment":[{"href":"https:\/\/yebodaglass.com\/cs\/wp-json\/wp\/v2\/media?parent=23940"}],"wp:term":[{"taxonomy":"product_brand","embeddable":true,"href":"https:\/\/yebodaglass.com\/cs\/wp-json\/wp\/v2\/product_brand?post=23940"},{"taxonomy":"product_cat","embeddable":true,"href":"https:\/\/yebodaglass.com\/cs\/wp-json\/wp\/v2\/product_cat?post=23940"},{"taxonomy":"product_tag","embeddable":true,"href":"https:\/\/yebodaglass.com\/cs\/wp-json\/wp\/v2\/product_tag?post=23940"}],"curies":[{"name":"wp","href":"https:\/\/api.w.org\/{rel}","templated":true}]}}