{"id":23903,"date":"2025-11-18T16:15:47","date_gmt":"2025-11-18T08:15:47","guid":{"rendered":"https:\/\/yebodaglass.com\/?post_type=product&#038;p=23903"},"modified":"2026-03-26T14:10:56","modified_gmt":"2026-03-26T06:10:56","slug":"wholesale-clear-32-oz-swing-top-bottles-with-stripes","status":"publish","type":"product","link":"https:\/\/yebodaglass.com\/cs\/wholesale-clear-32-oz-swing-top-bottles-with-stripes\/","title":{"rendered":"Velkoobchodn\u00ed pr\u016fhledn\u00e9 lahve s v\u00edkem s v\u00fdkyvn\u00fdm uz\u00e1v\u011brem o objemu 16 oz a 32 oz s pruhy"},"content":{"rendered":"<p data-start=\"66\" data-end=\"288\">Tyto lahve s v\u00fdklopn\u00fdm v\u00ed\u010dkem o objemu 946 ml jsou dod\u00e1v\u00e1ny z \u010dir\u00e9ho skla se stylov\u00fdm svisl\u00fdm pruhovan\u00fdm vzorem. Kovov\u00fd zacvak\u00e1vac\u00ed uz\u00e1v\u011br je nejen skv\u011bl\u00fdm designov\u00fdm prvkem, ale tak\u00e9 velmi spolehliv\u00fdm t\u011bsn\u011bn\u00edm, a proto se tyto lahve st\u00e1v\u00e1 ide\u00e1ln\u00edm prost\u0159edkem pro skladov\u00e1n\u00ed tekutin.<\/p>\n<h2>Vlastnosti produktu<\/h2>\n<ul>\n<li><strong>Materi\u00e1l \u010dir\u00e9ho skla:<\/strong> \u010cir\u00e9 sklo hodn\u011b pom\u00e1h\u00e1 p\u0159i identifikaci kapalin zven\u010d\u00ed, proto\u017ee lze snadno kontrolovat barvu i objem.<\/li>\n<li><strong>Svisl\u00fd pruh:<\/strong> Svisl\u00fd pruhovan\u00fd vzor p\u0159isp\u00edv\u00e1 ke kr\u00e1se a jedine\u010dnosti produktu a z\u00e1rove\u0148 slou\u017e\u00ed k lep\u0161\u00edmu \u00fachopu pro u\u017eivatele.<\/li>\n<li><strong>Konstrukce t\u011bsn\u011bn\u00ed s nacvaknut\u00edm:<\/strong> Jedn\u00e1 se o kovovou zacvak\u00e1vac\u00ed z\u00e1tku, kter\u00e1 se pevn\u011b uzav\u00edr\u00e1, a proto \u00fa\u010dinn\u011b t\u011bsn\u00ed, udr\u017euje obsah \u010derstv\u00fd a z\u00e1rove\u0148 usnad\u0148uje otev\u00edr\u00e1n\u00ed a zav\u00edr\u00e1n\u00ed.<\/li>\n<\/ul>\n<h2 style=\"text-align: left;\">Kl\u00ed\u010dov\u00e9 specifikace<\/h2>\n<table class=\"aligncenter\" style=\"border-collapse: collapse; width: 474.77pt;\" border=\"0\" width=\"633\" cellspacing=\"0\" cellpadding=\"0\">\n<tbody>\n<tr style=\"height: 13.50pt;\">\n<td style=\"height: 13.50pt; width: 98.25pt;\" width=\"131\" height=\"18\">Specifikace<\/td>\n<td style=\"width: 376.50pt;\" width=\"502\">Podrobnosti<\/td>\n<\/tr>\n<tr style=\"height: 13.50pt;\">\n<td style=\"height: 13.50pt;\" height=\"18\">Rozm\u011bry<\/td>\n<td>500 ml (16 oz): 7 cm \u00d7 26,6 cm \/ 1000 ml (32 oz): 8,5 cm \u00d7 31,5 cm<\/td>\n<\/tr>\n<tr style=\"height: 13.50pt;\">\n<td style=\"height: 13.50pt;\" height=\"18\">Materi\u00e1l<\/td>\n<td>Vysoce \u010dir\u00e9 sklo<\/td>\n<\/tr>\n<tr style=\"height: 13.50pt;\">\n<td style=\"height: 13.50pt;\" height=\"18\">Povrchov\u00e1 textura<\/td>\n<td>Vertik\u00e1ln\u00ed pruhovan\u00fd vzor pro lep\u0161\u00ed p\u0159ilnavost a estetiku<\/td>\n<\/tr>\n<tr style=\"height: 13.50pt;\">\n<td style=\"height: 13.50pt;\" height=\"18\">Uzav\u00edrac\u00ed syst\u00e9m<\/td>\n<td>Houpac\u00ed vr\u0161ky z nerezov\u00e9 oceli s oran\u017eovo-b\u00edlou z\u00e1tkou<\/td>\n<\/tr>\n<tr style=\"height: 13.50pt;\">\n<td style=\"height: 13.50pt;\" height=\"18\">Ide\u00e1ln\u00ed pro<\/td>\n<td>Lahve s odkl\u00e1p\u011bc\u00edm v\u00edkem, velkoobchod s lahvemi s v\u00fdklopn\u00fdm v\u00edkem<\/td>\n<\/tr>\n<\/tbody>\n<\/table>\n<h2>P\u0159\u00edb\u011bh \u00fasp\u011bchu: Pr\u00e9miov\u00e1 transformace v\u00fdrobce \u0159emesln\u00fdch nealkoholick\u00fdch n\u00e1poj\u016f<\/h2>\n<p>Zna\u010dka \u0159emesln\u00fdch limon\u00e1d se sna\u017eila proniknout na trh s luxusn\u00edmi d\u00e1rky. Aby zv\u00fdraznila sv\u016fj vlajkov\u00fd n\u00e1poj, rozhodla se pou\u017e\u00edt na\u0161e velkoobchodn\u00ed lahve s v\u00fdklopn\u00fdm v\u00ed\u010dkem zdoben\u00e9 svisl\u00fdm pruhovan\u00fdm vzorem. Unik\u00e1tn\u00ed pruh se uk\u00e1zal jako hlavn\u00ed faktor \u00fasp\u011bchu zna\u010dky. Zlep\u0161il \u00fachop u\u017eivatele na v\u00ed\u010dku, \u010d\u00edm\u017e se po\u010det nehod zp\u016fsoben\u00fdch uklouznut\u00edm a p\u00e1dy sn\u00ed\u017eil o 42 %, a v d\u016fsledku toho se tr\u017eby zv\u00fd\u0161ily o 75 %. D\u00edky t\u011bmto pozitivn\u00edm reakc\u00edm spot\u0159ebitel\u016f zna\u010dka v sou\u010dasn\u00e9 dob\u011b objedn\u00e1v\u00e1 200 000 lahv\u00ed na \u0161ar\u017ei, \u010d\u00edm\u017e se tento design st\u00e1v\u00e1 jej\u00edm jedin\u00fdm obalem pro vlajkov\u00fd produkt.<\/p>\n<h2>P\u0159izp\u016fsobte si svou texturovanou l\u00e1hev s v\u00fdkyvn\u00fdm v\u00edkem<\/h2>\n<p>Pou\u017eijte tyto mo\u017enosti p\u0159izp\u016fsoben\u00ed zam\u011b\u0159en\u00e9 na produkt k vytvo\u0159en\u00ed lahve se \u0161roubovac\u00edm uz\u00e1v\u011brem, kterou nelze kop\u00edrovat jin\u00fdmi produkty:<\/p>\n<ul>\n<li><strong>V\u00fdb\u011br barvy t\u011bsnic\u00edho krou\u017eku:<\/strong> P\u0159izp\u016fsobte t\u011bsnic\u00ed krou\u017eek barv\u011b va\u0161\u00ed zna\u010dky a bude tak op\u011bt va\u0161\u00ed zna\u010dkovou barvou na poli\u010dce.<\/li>\n<li><strong>Vitr\u00e1\u017ee:<\/strong> Pou\u017eit\u00ed jantarov\u00e9ho nebo zelen\u00e9ho skla m\u00edsto \u010dir\u00e9ho je ur\u010deno pro n\u00e1poje citliv\u00e9 na sv\u011btlo, jako je pivo.<\/li>\n<li><strong>Matn\u00e1 textura:<\/strong> Matn\u00e1 povrchov\u00e1 \u00faprava \u017eeber vytv\u00e1\u0159\u00ed dramatick\u00fd kontrast a z\u00e1rove\u0148 texturovan\u011bj\u0161\u00ed hmatov\u00fd z\u00e1\u017eitek.<\/li>\n<li><strong>Specializovan\u00e1 barevn\u00e1 glazura:<\/strong> P\u0159id\u00e1n\u00ed barevn\u00e9ho sklen\u011bn\u00e9ho prou\u017eku na dno nebo hrdlo lahve vytv\u00e1\u0159\u00ed jedine\u010dn\u00fd vzhled.<\/li>\n<\/ul>\n<p>Pokud chcete zn\u00e1t velkoobchodn\u00ed ceny lahv\u00ed s v\u00fdkyvn\u00fdm v\u00edkem o objemu 32 oz, laskav\u011b n\u00e1s kontaktujte.<\/p>","protected":false},"excerpt":{"rendered":"<p>Elegantn\u00ed pruhovan\u00e9 lahve s v\u00fdklopn\u00fdm v\u00edkem o objemu 946 ml s prvot\u0159\u00eddn\u00edm nepropustn\u00fdm uz\u00e1v\u011brem \u2013 ur\u010den\u00e9 pro balen\u00ed n\u00e1poj\u016f, fermentace a potravin. Velkoobchodn\u00ed ceny k dispozici.<\/p>","protected":false},"featured_media":25628,"template":"","meta":[],"product_brand":[],"product_cat":[132,123,122],"product_tag":[],"class_list":{"0":"post-23903","1":"product","2":"type-product","3":"status-publish","4":"has-post-thumbnail","6":"product_cat-glass-flip-top-bottles","7":"product_cat-custom-glass-bottles","8":"product_cat-custom-glass-packaging","10":"first","11":"instock","12":"shipping-taxable","13":"product-type-simple"},"jetpack_sharing_enabled":true,"_links":{"self":[{"href":"https:\/\/yebodaglass.com\/cs\/wp-json\/wp\/v2\/product\/23903","targetHints":{"allow":["GET"]}}],"collection":[{"href":"https:\/\/yebodaglass.com\/cs\/wp-json\/wp\/v2\/product"}],"about":[{"href":"https:\/\/yebodaglass.com\/cs\/wp-json\/wp\/v2\/types\/product"}],"version-history":[{"count":4,"href":"https:\/\/yebodaglass.com\/cs\/wp-json\/wp\/v2\/product\/23903\/revisions"}],"predecessor-version":[{"id":23921,"href":"https:\/\/yebodaglass.com\/cs\/wp-json\/wp\/v2\/product\/23903\/revisions\/23921"}],"wp:featuredmedia":[{"embeddable":true,"href":"https:\/\/yebodaglass.com\/cs\/wp-json\/wp\/v2\/media\/25628"}],"wp:attachment":[{"href":"https:\/\/yebodaglass.com\/cs\/wp-json\/wp\/v2\/media?parent=23903"}],"wp:term":[{"taxonomy":"product_brand","embeddable":true,"href":"https:\/\/yebodaglass.com\/cs\/wp-json\/wp\/v2\/product_brand?post=23903"},{"taxonomy":"product_cat","embeddable":true,"href":"https:\/\/yebodaglass.com\/cs\/wp-json\/wp\/v2\/product_cat?post=23903"},{"taxonomy":"product_tag","embeddable":true,"href":"https:\/\/yebodaglass.com\/cs\/wp-json\/wp\/v2\/product_tag?post=23903"}],"curies":[{"name":"wp","href":"https:\/\/api.w.org\/{rel}","templated":true}]}}