{"id":23900,"date":"2025-11-18T17:00:16","date_gmt":"2025-11-18T09:00:16","guid":{"rendered":"https:\/\/yebodaglass.com\/?post_type=product&#038;p=23900"},"modified":"2025-11-18T17:00:18","modified_gmt":"2025-11-18T09:00:18","slug":"wholesale-square-glass-jars-for-pickle-for-packing","status":"publish","type":"product","link":"https:\/\/yebodaglass.com\/cs\/wholesale-square-glass-jars-for-pickle-for-packing\/","title":{"rendered":"Velkoobchodn\u00ed \u010dtvercov\u00e9 sklen\u011bn\u00e9 d\u00f3zy na okurky k balen\u00ed 50ml \u2013 150ml"},"content":{"rendered":"<p>U\u017e v\u00e1s nebav\u00ed nakl\u00e1dac\u00ed sklenice, ze kter\u00fdch v\u00e1m prot\u00e9k\u00e1 nebo v\u00e1m zmatn\u00ed okurka? Vyr\u00e1b\u00edme sklen\u011bn\u00e9 d\u00f3zy na okurky \u2013 u\u017e \u017e\u00e1dn\u00e9 smutn\u00e9 rozlit\u00e9 n\u00e1levn\u00e9 n\u00e1poje. Tyto pr\u00e1zdn\u00e9 n\u00e1doby na okurky prom\u011bn\u00ed v\u00e1\u0161 sklad potravin ve zna\u010dkovou lah\u016fdku. Hromadn\u00e9 objedn\u00e1vky dod\u00e1vaj\u00ed velikosti na m\u00edru, kter\u00e9 odpov\u00eddaj\u00ed va\u0161\u00ed zna\u010dce.<\/p>\n<h2>Vlastnosti produktu<\/h2>\n<p><strong>Vysoce pr\u016fhledn\u00e9 sklo<\/strong><\/p>\n<p>Pr\u016fhledn\u00e1 sklenice zviditeln\u00ed barevnou zeleninu a konzervovan\u00e9 produkty, a t\u00edm rozjasn\u00ed vzhled reg\u00e1l\u016f v obchod\u011b.<\/p>\n<p><strong>T\u011bsn\u011bn\u00ed kovov\u00e9ho \u0161roubovac\u00edho uz\u00e1v\u011bru<\/strong><\/p>\n<p>D\u00edky vnit\u0159n\u00edmu pol\u0161t\u00e1\u0159i je velmi vzduchot\u011bsn\u00fd a zabra\u0148uje oxidaci, tak\u017ee jej lze skladovat po dlouhou dobu.<\/p>\n<p><strong>\u010cist\u00fd prostor pro \u0161t\u00edtky<\/strong><\/p>\n<p>Rovn\u00fd povrch lahve je dobrou plochou pro tisk a etiketov\u00e1n\u00ed, d\u00edky \u010demu\u017e se prezentace zna\u010dky st\u00e1v\u00e1 konzistentn\u011bj\u0161\u00ed a profesion\u00e1ln\u011bj\u0161\u00ed.<\/p>\n<h2>Kl\u00ed\u010dov\u00e9 specifikace<\/h2>\n<table style=\"border-collapse: collapse; width: 80%; margin-left: auto; margin-right: auto;\" border=\"0\" width=\"216\" cellspacing=\"0\" cellpadding=\"0\">\n<tbody>\n<tr style=\"height: 13.50pt;\">\n<td style=\"height: 13.5pt; width: 54pt; text-align: center;\" width=\"72\" height=\"18\">Kapacita<\/td>\n<td style=\"width: 54pt; text-align: center;\" width=\"72\">Velikost (cm)<\/td>\n<td style=\"width: 54pt; text-align: center;\" width=\"72\">Typ uz\u00e1v\u011bru<\/td>\n<\/tr>\n<tr style=\"height: 13.50pt;\">\n<td style=\"height: 13.5pt; text-align: center;\" height=\"18\">50ml<\/td>\n<td style=\"text-align: center;\">4,5 x 5,6<\/td>\n<td class=\"et2\" style=\"text-align: center;\" rowspan=\"4\">Z\u00e1vitov\u00e9 (plast\/kov)<\/td>\n<\/tr>\n<tr style=\"height: 13.50pt;\">\n<td style=\"height: 13.5pt; text-align: center;\" height=\"18\">80ml<\/td>\n<td style=\"text-align: center;\">5,0 \u00d7 5,5<\/td>\n<\/tr>\n<tr style=\"height: 13.50pt;\">\n<td style=\"height: 13.5pt; text-align: center;\" height=\"18\">100ml<\/td>\n<td style=\"text-align: center;\">5,4 x 7,5<\/td>\n<\/tr>\n<tr style=\"height: 13.50pt;\">\n<td style=\"height: 13.5pt; text-align: center;\" height=\"18\">150ml<\/td>\n<td style=\"text-align: center;\">5,7 \u00d7 7,6<\/td>\n<\/tr>\n<\/tbody>\n<\/table>\n<h2>P\u0159\u00edpad \u00fasp\u011bchu<\/h2>\n<p>Kdy\u017e se potravin\u00e1\u0159sk\u00fd z\u00e1vod specializuj\u00edc\u00ed se na nakl\u00e1dan\u00e9 papriky a sal\u00e1ty rozhodl vylep\u0161it sv\u00e9 obaly, zvolil na\u0161e pr\u00e1zdn\u00e9 hranat\u00e9 sklenice na okurky. Jasn\u011b \u010dir\u00e9 sklo v\u00fdrazn\u011b pom\u00e1h\u00e1 produkt\u016fm vyniknout od ostatn\u00edch v reg\u00e1lech supermarket\u016f, \u010d\u00edm\u017e se v\u00fdrazn\u011b zvy\u0161uje jejich atraktivita pro maloobchod. \u010cern\u00e9 nepropustn\u00e9 uz\u00e1v\u011bry a velikost etikety jsme pro n\u011b vyrobili p\u0159esn\u011b tak, aby jejich plnic\u00ed linka mohla spustit v\u00fdrobu p\u0159\u00edmo bez jak\u00fdchkoli zm\u011bn.<\/p>\n<p>V d\u016fsledku zm\u011bny obalu vzrostly tr\u017eby nov\u00fdch produkt\u016f t\u00e9to zna\u010dky za dva \u010dtvrtlet\u00ed o 29 %.<\/p>\n<h2>V\u00e1\u0161 n\u00e1vod na \u00fapravy pr\u00e1zdn\u00fdch sklenic od okurek<\/h2>\n<ol>\n<li><strong>Procesy potisku a etiketov\u00e1n\u00ed lahv\u00ed:<\/strong>Zna\u010dky mohou k prezentaci sv\u00fdch log atraktivn\u011bj\u0161\u00edm zp\u016fsobem, odoln\u00fdm v\u016f\u010di oleji a opot\u0159eben\u00ed, pou\u017e\u00edt s\u00edtotisk, vypalovac\u00ed ra\u017ebu, horkou ra\u017ebu nebo pr\u016fhledn\u00e9 samolepic\u00ed etikety.<\/li>\n<li><strong>Materi\u00e1l a barevn\u00e9 mo\u017enosti uz\u00e1v\u011bru lahve:<\/strong>Existuj\u00ed \u010dern\u00e9 kovov\u00e9 uz\u00e1v\u011bry, barevn\u00e9 kovov\u00e9 uz\u00e1v\u011bry nebo uz\u00e1v\u011bry z potravin\u00e1\u0159sk\u00e9ho plastu, ze kter\u00fdch si m\u016f\u017eete vybrat, zda chcete p\u0159idat bezpe\u010dnostn\u00ed krou\u017eky, t\u011bsn\u011bn\u00ed proti \u00faniku nebo v\u00fdztu\u017en\u00e9 t\u011bsnic\u00ed struktury.<\/li>\n<li><strong>Povrchov\u00e9 \u00fapravy a vylep\u0161en\u00ed lahv\u00ed:<\/strong>Sklo m\u016f\u017ee b\u00fdt matn\u00e9, polopr\u016fhledn\u00e9 nebo texturovan\u00e9 a pro zv\u00fd\u0161en\u00ed rozpoznatelnosti zna\u010dky m\u016f\u017ee b\u00fdt na dn\u011b lahve vyra\u017eeno logo a \u010d\u00edslo \u0161ar\u017ee.<\/li>\n<\/ol>","protected":false},"excerpt":{"rendered":"<p>Nab\u00edz\u00edme sklen\u011bn\u00e9 d\u00f3zy na okurky, kter\u00e9 si m\u016f\u017eete nechat upravit vlastn\u00ed zna\u010dkou. Tyto pr\u00e1zdn\u00e9 d\u00f3zy na okurky jsou k dispozici p\u0159\u00edmo z tov\u00e1rny za velkoobchodn\u00ed ceny.<\/p>","protected":false},"featured_media":23904,"template":"","meta":[],"product_brand":[],"product_cat":[122,124,133],"product_tag":[],"class_list":{"0":"post-23900","1":"product","2":"type-product","3":"status-publish","4":"has-post-thumbnail","6":"product_cat-custom-glass-packaging","7":"product_cat-custom-glass-jars","8":"product_cat-pickle-jars","10":"first","11":"instock","12":"shipping-taxable","13":"product-type-simple"},"jetpack_sharing_enabled":true,"_links":{"self":[{"href":"https:\/\/yebodaglass.com\/cs\/wp-json\/wp\/v2\/product\/23900","targetHints":{"allow":["GET"]}}],"collection":[{"href":"https:\/\/yebodaglass.com\/cs\/wp-json\/wp\/v2\/product"}],"about":[{"href":"https:\/\/yebodaglass.com\/cs\/wp-json\/wp\/v2\/types\/product"}],"version-history":[{"count":5,"href":"https:\/\/yebodaglass.com\/cs\/wp-json\/wp\/v2\/product\/23900\/revisions"}],"predecessor-version":[{"id":23913,"href":"https:\/\/yebodaglass.com\/cs\/wp-json\/wp\/v2\/product\/23900\/revisions\/23913"}],"wp:featuredmedia":[{"embeddable":true,"href":"https:\/\/yebodaglass.com\/cs\/wp-json\/wp\/v2\/media\/23904"}],"wp:attachment":[{"href":"https:\/\/yebodaglass.com\/cs\/wp-json\/wp\/v2\/media?parent=23900"}],"wp:term":[{"taxonomy":"product_brand","embeddable":true,"href":"https:\/\/yebodaglass.com\/cs\/wp-json\/wp\/v2\/product_brand?post=23900"},{"taxonomy":"product_cat","embeddable":true,"href":"https:\/\/yebodaglass.com\/cs\/wp-json\/wp\/v2\/product_cat?post=23900"},{"taxonomy":"product_tag","embeddable":true,"href":"https:\/\/yebodaglass.com\/cs\/wp-json\/wp\/v2\/product_tag?post=23900"}],"curies":[{"name":"wp","href":"https:\/\/api.w.org\/{rel}","templated":true}]}}