{"id":23894,"date":"2025-11-18T15:02:38","date_gmt":"2025-11-18T07:02:38","guid":{"rendered":"https:\/\/yebodaglass.com\/?post_type=product&#038;p=23894"},"modified":"2026-04-10T09:36:18","modified_gmt":"2026-04-10T01:36:18","slug":"empty-clear-glass-flip-top-bottles-wholesale","status":"publish","type":"product","link":"https:\/\/yebodaglass.com\/cs\/empty-clear-glass-flip-top-bottles-wholesale\/","title":{"rendered":"Velkoobchodn\u00ed prodej pr\u00e1zdn\u00fdch \u010dir\u00fdch sklen\u011bn\u00fdch lahv\u00ed s odkl\u00e1p\u011bc\u00edm v\u00ed\u010dkem o objemu 350 ml \u2013 1000 ml"},"content":{"rendered":"<p data-start=\"66\" data-end=\"288\"><span aria-haspopup=\"dialog\" aria-expanded=\"false\" aria-controls=\"radix-_r_8f_\" data-state=\"closed\" data-slot=\"popover-trigger\">Tradi\u010dn\u00ed a praktick\u00e1 l\u00e1hev s hladk\u00fdm a m\u00edrn\u011b zu\u017euj\u00edc\u00edm se t\u011blem a \u0161t\u00edhl\u00fdm hrdlem, tato sklen\u011bn\u00e1 l\u00e1hev s odkl\u00e1p\u011bc\u00edm v\u00ed\u010dkem je klasick\u00e1.<\/span> <span aria-haspopup=\"dialog\" aria-expanded=\"false\" aria-controls=\"radix-_r_8g_\" data-state=\"closed\" data-slot=\"popover-trigger\">L\u00e1hev je vyrobena z pr\u016fhledn\u00e9ho skla s odkl\u00e1p\u011bc\u00edm v\u00ed\u010dkem, kter\u00e9 pevn\u011b dr\u017e\u00ed uz\u00e1v\u011br na horn\u00ed stran\u011b.<\/span> <span aria-haspopup=\"dialog\" aria-expanded=\"false\" aria-controls=\"radix-_r_8h_\" data-state=\"closed\" data-slot=\"popover-trigger\">Tato konstrukce vytv\u00e1\u0159\u00ed vzduchot\u011bsn\u00fd obal, kter\u00fd zachov\u00e1v\u00e1 \u010derstvost a z\u00e1rove\u0148 zabra\u0148uje \u00fanik\u016fm.<\/span> <span aria-haspopup=\"dialog\" aria-expanded=\"false\" aria-controls=\"radix-_r_8i_\" data-state=\"closed\" data-slot=\"popover-trigger\">Tato \u0159ada nab\u00edz\u00ed flexibilitu v po\u017eadavc\u00edch na balen\u00ed, proto\u017ee je k dispozici v objemech od 350 ml do 1000 ml.<\/span> <span aria-haspopup=\"dialog\" aria-expanded=\"false\" aria-controls=\"radix-_r_8j_\" data-state=\"closed\" data-slot=\"popover-trigger\">Jedn\u00e1 se o lahve, kter\u00e9 se b\u011b\u017en\u011b pou\u017e\u00edvaj\u00ed ke skladov\u00e1n\u00ed n\u00e1poj\u016f, jako je soda, d\u017eus a kombucha. Nab\u00edz\u00edme velkoobchodn\u00ed prodej lahv\u00ed s odkl\u00e1p\u011bc\u00edm v\u00edkem.<\/span><\/p>\n<h2>Vlastnosti produktu<\/h2>\n<ul>\n<li><strong>Konstrukce t\u011bsn\u011bn\u00ed s nacvaknut\u00edm:<\/strong> \u010cervenob\u00edl\u00e9 kovov\u00e9 zacvak\u00e1vac\u00ed z\u00e1tky zaji\u0161\u0165uj\u00ed dobr\u00e9 ut\u011bsn\u011bn\u00ed, d\u00edky \u010demu\u017e obsah vydr\u017e\u00ed d\u00e9le. Otev\u00edr\u00e1n\u00ed a zav\u00edr\u00e1n\u00ed je tak\u00e9 velmi snadn\u00e9.<\/li>\n<li><strong>R\u016fzn\u00e9 tvary a velikosti lahv\u00ed:<\/strong> \u010cty\u0159i r\u016fzn\u00e9 tvary a velikosti lahv\u00ed dok\u00e1\u017e\u00ed uspokojit nejen r\u016fzn\u00e9 objemov\u00e9, ale i vizu\u00e1ln\u00ed pot\u0159eby. Krom\u011b toho je lze pou\u017e\u00edt pro n\u00e1poje, om\u00e1\u010dky a dal\u0161\u00ed obalov\u00e9 sc\u00e9n\u00e1\u0159e.<\/li>\n<li><strong>S\u00e9riov\u00fd design:<\/strong> Kontejnery s jednotn\u00fdm designov\u00fdm stylem lze pou\u017e\u00edt jako s\u00e9rii, \u010d\u00edm\u017e se zv\u00fd\u0161\u00ed celkov\u00e1 harmonie skladov\u00e1n\u00ed a pou\u017eit\u00ed.<\/li>\n<\/ul>\n<h2 style=\"text-align: left;\">Kl\u00ed\u010dov\u00e9 specifikace<\/h2>\n<table style=\"border-collapse: collapse; width: 80%; margin-left: auto; margin-right: auto;\" border=\"0\" width=\"144\" cellspacing=\"0\" cellpadding=\"0\">\n<tbody>\n<tr style=\"height: 13.50pt;\">\n<td style=\"height: 13.5pt; width: 54pt; text-align: center;\" width=\"72\" height=\"18\">Specifikace<\/td>\n<td style=\"width: 54pt; text-align: center;\" width=\"72\">Podrobnosti<\/td>\n<\/tr>\n<tr style=\"height: 13.50pt;\">\n<td style=\"height: 13.5pt; text-align: center;\" height=\"18\">Kapacity<\/td>\n<td style=\"text-align: center;\">350 ml (12 oz) \/ 500 ml (16 oz) \/ 750 ml (25 oz) \/ 1000 ml (32 oz)<\/td>\n<\/tr>\n<tr style=\"height: 13.50pt;\">\n<td style=\"height: 13.5pt; text-align: center;\" height=\"18\">Otev\u0159en\u00ed krku<\/td>\n<td style=\"text-align: center;\">1,9 cm (350 500 ml) \u2022 1,8 cm (750 1000 ml)<\/td>\n<\/tr>\n<tr style=\"height: 13.50pt;\">\n<td style=\"height: 13.5pt; text-align: center;\" height=\"18\">Uzav\u0159en\u00ed<\/td>\n<td style=\"text-align: center;\">Kovov\u00e1 houpac\u00ed deska s \u010dervenob\u00edlou z\u00e1tkou a vym\u011bniteln\u00fdm silikonov\u00fdm t\u011bsn\u011bn\u00edm<\/td>\n<\/tr>\n<tr style=\"height: 13.50pt;\">\n<td style=\"height: 13.5pt; text-align: center;\" height=\"18\">Materi\u00e1l<\/td>\n<td style=\"text-align: center;\">Vysoce \u010dir\u00e9 sklo<\/td>\n<\/tr>\n<tr style=\"height: 13.50pt;\">\n<td style=\"height: 13.5pt; text-align: center;\" height=\"18\">Typ t\u011bsn\u011bn\u00ed<\/td>\n<td style=\"text-align: center;\">V\u00edko s kompresn\u00edm ut\u011bsn\u011bn\u00edm a gumovou podlo\u017ekou<\/td>\n<\/tr>\n<\/tbody>\n<\/table>\n<h2>P\u0159\u00edb\u011bh \u00fasp\u011bchu<\/h2>\n<p><span aria-haspopup=\"dialog\" aria-expanded=\"false\" aria-controls=\"radix-_r_8k_\" data-state=\"closed\" data-slot=\"popover-trigger\">Jedna z n\u011bmeck\u00fdch zna\u010dek \u0159emesln\u00fdch n\u00e1poj\u016f se chystala p\u0159edstavit novou produktovou \u0159adu \u0161umiv\u00fdch limon\u00e1d, kter\u00e9 m\u011bly b\u00fdt ru\u010dn\u011b vyr\u00e1b\u011bn\u00e9.<\/span> <span aria-haspopup=\"dialog\" aria-expanded=\"false\" aria-controls=\"radix-_r_8l_\" data-state=\"closed\" data-slot=\"popover-trigger\">Pro na\u0161e sklen\u011bn\u00e9 lahve o objemu 25 oz se zacvak\u00e1vac\u00edm uz\u00e1v\u011brem se rozhodli po porovn\u00e1n\u00ed s \u0159adou dodavatel\u016f.<\/span> <span aria-haspopup=\"dialog\" aria-expanded=\"false\" aria-controls=\"radix-_r_8m_\" data-state=\"closed\" data-slot=\"popover-trigger\">Jejich zna\u010dka je vyti\u0161t\u011bna na lahvi z b\u00edl\u00e9 keramiky a \u0161roubovac\u00ed uz\u00e1v\u011br z nerezov\u00e9 oceli m\u00e1 \u017elut\u00e9 silikonov\u00e9 t\u011bsn\u011bn\u00ed pro potravin\u00e1\u0159sk\u00e9 \u00fa\u010dely, kter\u00e9 lahvi dod\u00e1v\u00e1 dlouhotrvaj\u00edc\u00ed \u0161um\u011bn\u00ed a evokuje citronovou atmosf\u00e9ru.<\/span><\/p>\n<p><span aria-haspopup=\"dialog\" aria-expanded=\"false\" aria-controls=\"radix-_r_8n_\" data-state=\"closed\" data-slot=\"popover-trigger\">Za \u0161est m\u011bs\u00edc\u016f zna\u010dka prod\u00e1vala sv\u00e9 nov\u00e9 balen\u00ed s objemem o 28 procent vy\u0161\u0161\u00edm ne\u017e v dob\u011b, kdy bylo nov\u00e9 balen\u00ed uvedeno na trh.<\/span> <span aria-haspopup=\"dialog\" aria-expanded=\"false\" aria-controls=\"radix-_r_8o_\" data-state=\"closed\" data-slot=\"popover-trigger\">Klient tak\u00e9 v prvn\u00edm roce provedl t\u0159i hromadn\u00e9 objedn\u00e1vky d\u00edky pozitivn\u00ed reakci trhu.<\/span><\/p>\n<h2>Navrhn\u011bte si sv\u00e9 lahve s odkl\u00e1p\u011bc\u00edm v\u00ed\u010dkem<\/h2>\n<ul>\n<li><strong>Vlastn\u00ed\u200b\u200d\u200c\u200d\u200c\u200d\u200c\u200d\u200c\u200d\u200c\u200d\u200d Barva t\u011bsn\u011bn\u00ed:<\/strong> Pro rychl\u00e9 a snadn\u00e9 rozpozn\u00e1n\u00ed p\u0159eve\u010fte \u010derven\u00e9 a b\u00edl\u00e9 \u010d\u00e1sti pe\u010deti do barvy va\u0161\u00ed zna\u010dky.<\/li>\n<li><strong>T\u00f3nov\u00e1n\u00ed skla:<\/strong> Pokud chcete chr\u00e1nit sv\u011btlocitliv\u00e9 produkty, jako je pivo nebo ocet, p\u0159ed UV z\u00e1\u0159en\u00edm, po\u0159i\u010fte si jantarov\u00e9 nebo zelen\u00e9 sklo.<\/li>\n<li><strong>Kysel\u00e9 logo:<\/strong> Nechte si na sklo nan\u00e9st logo lept\u00e1n\u00edm kyselinou a dos\u00e1hn\u011bte elegantn\u00edho, dlouhotrvaj\u00edc\u00edho a nesmazateln\u00e9ho matn\u00e9ho vzhledu.<\/li>\n<li><strong>Povrchov\u00e1 \u00faprava patentn\u00edho zap\u00edn\u00e1n\u00ed:<\/strong> Z\u00edskejte personalizovan\u011bj\u0161\u00ed vzhled v\u00fdb\u011brem specifick\u00e9 povrchov\u00e9 \u00fapravy kovov\u00e9ho patentn\u00edho knofl\u00edku, nap\u0159\u00edklad \u010dern\u00e9ho nebo pozinkovan\u00e9ho.<\/li>\n<\/ul>\n<p>Nab\u00edz\u00edme velkoobchodn\u00ed prodej lahv\u00ed s odkl\u00e1p\u011bc\u00edm v\u00ed\u010dkem, kter\u00e9 lze zakoupit za velk\u00e9 ceny s rychlou dopravou. Nev\u00e1hejte n\u00e1s kontaktovat pro cenovou nab\u00eddku na tuto v\u00edce\u00fa\u010delovou sklen\u011bnou lahev se \u0161roubovac\u00edm v\u00ed\u010dkem.<\/p>","protected":false},"excerpt":{"rendered":"<p>Velkoobchodn\u00ed prodej odoln\u00fdch sklen\u011bn\u00fdch lahv\u00ed s odkl\u00e1p\u011bc\u00edm v\u00edkem s pevn\u00fdmi uz\u00e1v\u011bry, vzduchot\u011bsn\u00e9. Ide\u00e1ln\u00ed pro zna\u010dky, kter\u00e9 hledaj\u00ed velkoobchodn\u00ed prodej lahv\u00ed s odkl\u00e1p\u011bc\u00edm v\u00edkem. Vzorky zdarma.<\/p>","protected":false},"featured_media":23895,"template":"","meta":[],"product_brand":[],"product_cat":[132,123,122],"product_tag":[],"class_list":{"0":"post-23894","1":"product","2":"type-product","3":"status-publish","4":"has-post-thumbnail","6":"product_cat-glass-flip-top-bottles","7":"product_cat-custom-glass-bottles","8":"product_cat-custom-glass-packaging","10":"first","11":"instock","12":"shipping-taxable","13":"product-type-simple"},"jetpack_sharing_enabled":true,"_links":{"self":[{"href":"https:\/\/yebodaglass.com\/cs\/wp-json\/wp\/v2\/product\/23894","targetHints":{"allow":["GET"]}}],"collection":[{"href":"https:\/\/yebodaglass.com\/cs\/wp-json\/wp\/v2\/product"}],"about":[{"href":"https:\/\/yebodaglass.com\/cs\/wp-json\/wp\/v2\/types\/product"}],"version-history":[{"count":5,"href":"https:\/\/yebodaglass.com\/cs\/wp-json\/wp\/v2\/product\/23894\/revisions"}],"predecessor-version":[{"id":25398,"href":"https:\/\/yebodaglass.com\/cs\/wp-json\/wp\/v2\/product\/23894\/revisions\/25398"}],"wp:featuredmedia":[{"embeddable":true,"href":"https:\/\/yebodaglass.com\/cs\/wp-json\/wp\/v2\/media\/23895"}],"wp:attachment":[{"href":"https:\/\/yebodaglass.com\/cs\/wp-json\/wp\/v2\/media?parent=23894"}],"wp:term":[{"taxonomy":"product_brand","embeddable":true,"href":"https:\/\/yebodaglass.com\/cs\/wp-json\/wp\/v2\/product_brand?post=23894"},{"taxonomy":"product_cat","embeddable":true,"href":"https:\/\/yebodaglass.com\/cs\/wp-json\/wp\/v2\/product_cat?post=23894"},{"taxonomy":"product_tag","embeddable":true,"href":"https:\/\/yebodaglass.com\/cs\/wp-json\/wp\/v2\/product_tag?post=23894"}],"curies":[{"name":"wp","href":"https:\/\/api.w.org\/{rel}","templated":true}]}}