{"id":23879,"date":"2025-11-18T13:42:49","date_gmt":"2025-11-18T05:42:49","guid":{"rendered":"https:\/\/yebodaglass.com\/?post_type=product&#038;p=23879"},"modified":"2026-03-26T13:58:11","modified_gmt":"2026-03-26T05:58:11","slug":"wholesale-clear-cylindrical-glass-resealable-bottles","status":"publish","type":"product","link":"https:\/\/yebodaglass.com\/cs\/wholesale-clear-cylindrical-glass-resealable-bottles\/","title":{"rendered":"Velkoobchodn\u00ed uzav\u00edrateln\u00e9 lahve z \u010dir\u00e9ho v\u00e1lcov\u00e9ho skla 600ml 1000ml"},"content":{"rendered":"<p>Our glass resealable bottles ( 600ml and 1000ml capacities ) feature a clean cylindrical shape with a distinct shoulder and thick, stable base. The bottles are made of clear glass that gives the product a high visibility. The durable swing top topper is attached to each unit, consisting of a metal wire bail and a food grade sealing gasket to provide airtight protection. There is also easy branding and labelling done on the smooth surface.<\/p>\n<h2 style=\"text-align: left;\">Kl\u00ed\u010dov\u00e9 specifikace<\/h2>\n<table class=\"aligncenter\" style=\"border-collapse: collapse; width: 581.27pt;\" border=\"0\" width=\"775\" cellspacing=\"0\" cellpadding=\"0\">\n<tbody>\n<tr style=\"height: 13.50pt;\">\n<td style=\"height: 13.50pt; width: 164.25pt;\" width=\"219\" height=\"18\">Specifikace<\/td>\n<td style=\"width: 417.00pt;\" width=\"556\">Podrobnosti<\/td>\n<\/tr>\n<tr style=\"height: 13.50pt;\">\n<td style=\"height: 13.50pt;\" height=\"18\">Rozm\u011bry (\u0160 \u00d7 V)<\/td>\n<td>600 ml (20 oz) 7,4 \u00d7 23,7 cm \/ 1000 ml (32 oz) 8,1 \u00d7 28,9 cm<\/td>\n<\/tr>\n<tr style=\"height: 13.50pt;\">\n<td style=\"height: 13.50pt;\" height=\"18\">Vnit\u0159n\u00ed pr\u016fm\u011br hrdla lahve<\/td>\n<td>Pr\u016fm\u011br 2,8 cm<\/td>\n<\/tr>\n<tr style=\"height: 13.50pt;\">\n<td style=\"height: 13.50pt;\" height=\"18\">Typ uz\u00e1v\u011bru<\/td>\n<td>swing top<\/td>\n<\/tr>\n<tr style=\"height: 13.50pt;\">\n<td style=\"height: 13.50pt;\" height=\"18\">Materi\u00e1l<\/td>\n<td>Lead-free soda-lime glass, stainless steel, silicone pad<\/td>\n<\/tr>\n<tr style=\"height: 13.50pt;\">\n<td style=\"height: 13.50pt;\" height=\"18\">ustomization Options:<\/td>\n<td>C Color, Size, Surface Finish, Logo, Packaging<\/td>\n<\/tr>\n<\/tbody>\n<\/table>\n<h2>Aplikace<\/h2>\n<p>These sealable glass bottles are widely used across food and beverage industries where airtight storage is essential. They can be used to store oils, vinegar, syrups and homemade beverages or to package water, juices, kombucha, beer and other fermented beverages. The resealable secure closure ensures that they can be distributed to retailers as well as used repeatedly by consumers. Moreover, they are also widely utilised in the hospitality, cafes, breweries, and line of their own products to provide quality preservation and maintenance of the quality of products during storing and transportation.<\/p>\n<h2>P\u0159\u00edb\u011bh \u00fasp\u011bchu: Perfektn\u00ed volba pro \u0159emesln\u00fd pivovar<\/h2>\n<p>Mal\u00fd pivovar vyr\u00e1b\u011bj\u00edc\u00ed \u0159emesln\u00e9 limon\u00e1dy pot\u0159eboval robustn\u00ed n\u00e1dobu na sv\u00e9 vysoce perliv\u00e9 z\u00e1zvorov\u00e9 pivo. D\u00edky volb\u011b na\u0161ich uzav\u00edrateln\u00fdch sklen\u011bn\u00fdch lahv\u00ed zaznamenali b\u011bhem 7 dn\u016f ztr\u00e1tu oxidu uhli\u010dit\u00e9ho m\u00e9n\u011b ne\u017e 2 % a st\u00ed\u017enosti z\u00e1kazn\u00edk\u016f na bezbarv\u00e9 pivo klesly na nulu. Krom\u011b toho byla m\u00edra v\u00fdm\u011bny t\u011bsn\u011bn\u00ed po 5 st\u00e1\u010den\u00edch na lahev ni\u017e\u0161\u00ed ne\u017e 0,5 %. Byli velmi spokojeni a rozhodli se b\u011bhem \u0161esti m\u011bs\u00edc\u016f t\u0159ikr\u00e1t znovu objednat, a tak do konce \u0161estim\u011bs\u00ed\u010dn\u00edho obdob\u00ed zv\u00fd\u0161ili objem objedn\u00e1vek z 1 200 na 200 000 lahv\u00ed.<\/p>\n<h2>P\u0159izp\u016fsobte si lahve se \u0161roubovac\u00edm uz\u00e1v\u011brem<\/h2>\n<ul>\n<li><strong>S\u00edtotisk:<\/strong> Aplikujte sv\u016fj design etikety p\u0159\u00edmo na l\u00e1hev pomoc\u00ed s\u00edtotisku, co\u017e je velmi odoln\u00fd a profesion\u00e1ln\u011b vypadaj\u00edc\u00ed povrch.<\/li>\n<li><strong>Povrchov\u00e1 \u00faprava patentn\u00edch zap\u00edn\u00e1n\u00ed:<\/strong> Nap\u0159\u00edklad n\u011bkter\u00e9 z mo\u017enost\u00ed povrchov\u00e9 \u00fapravy kovov\u00fdch patentn\u00edch knofl\u00edk\u016f zahrnuj\u00ed \u010dernou nebo pozinkovanou barvu, kterou si m\u016f\u017eete vybrat pro jedine\u010dn\u00fd vzhled va\u0161eho produktu.<\/li>\n<li><strong>Jantarov\u00e9 nebo zelen\u00e9 sklo:<\/strong> Volba barevn\u00e9ho skla m\u016f\u017ee b\u00fdt zp\u016fsobem ochrany n\u00e1poj\u016f citliv\u00fdch na sv\u011btlo, jako je pivo nebo ocet.<\/li>\n<li><strong>Zna\u010den\u00ed objemu:<\/strong> M\u016f\u017eete tak\u00e9 pou\u017e\u00edt objemov\u00e9 zna\u010dky, kter\u00e9 jsou bu\u010f reli\u00e9fn\u00ed, nebo vyti\u0161t\u011bn\u00e9 na boku lahve, a to jak z d\u016fvodu u\u017eite\u010dnosti, tak i profesionality.<\/li>\n<\/ul>\n<p>Jste p\u0159ipraveni navrhnout si ide\u00e1ln\u00ed obal? Na\u0161e lahve se \u0161roubovac\u00edm uz\u00e1v\u011brem jsou k dispozici k okam\u017eit\u00e9mu odb\u011bru a my v\u00e1m je brzy doru\u010d\u00edme. Velkoobchodn\u00ed ceny t\u011bchto opakovan\u011b pou\u017eiteln\u00fdch sklen\u011bn\u00fdch lahv\u00ed s uz\u00e1v\u011brem se s v\u00e1mi m\u016f\u017eeme dohodnout, pokud n\u00e1s je\u0161t\u011b dnes kontaktujete.<\/p>","protected":false},"excerpt":{"rendered":"<p>Sklen\u011bn\u00e9 znovuuzav\u00edrateln\u00e9 lahve s b\u00edl\u00fdm v\u00fdklopn\u00fdm uz\u00e1v\u011brem, ide\u00e1ln\u00ed pro potraviny, n\u00e1poje nebo fermentaci. Uzav\u00edrateln\u00e9 sklen\u011bn\u00e9 lahve dostupn\u00e9 ve velk\u00e9m. Rychl\u00e9 dod\u00e1n\u00ed.<\/p>","protected":false},"featured_media":25624,"template":"","meta":[],"product_brand":[],"product_cat":[132,123,122,80,81,20],"product_tag":[],"class_list":{"0":"post-23879","1":"product","2":"type-product","3":"status-publish","4":"has-post-thumbnail","6":"product_cat-glass-flip-top-bottles","7":"product_cat-custom-glass-bottles","8":"product_cat-custom-glass-packaging","9":"product_cat-glass-bottles","10":"product_cat-flip-top-bottles","11":"product_cat-glass-containers","13":"first","14":"instock","15":"shipping-taxable","16":"product-type-simple"},"jetpack_sharing_enabled":true,"_links":{"self":[{"href":"https:\/\/yebodaglass.com\/cs\/wp-json\/wp\/v2\/product\/23879","targetHints":{"allow":["GET"]}}],"collection":[{"href":"https:\/\/yebodaglass.com\/cs\/wp-json\/wp\/v2\/product"}],"about":[{"href":"https:\/\/yebodaglass.com\/cs\/wp-json\/wp\/v2\/types\/product"}],"version-history":[{"count":5,"href":"https:\/\/yebodaglass.com\/cs\/wp-json\/wp\/v2\/product\/23879\/revisions"}],"predecessor-version":[{"id":25617,"href":"https:\/\/yebodaglass.com\/cs\/wp-json\/wp\/v2\/product\/23879\/revisions\/25617"}],"wp:featuredmedia":[{"embeddable":true,"href":"https:\/\/yebodaglass.com\/cs\/wp-json\/wp\/v2\/media\/25624"}],"wp:attachment":[{"href":"https:\/\/yebodaglass.com\/cs\/wp-json\/wp\/v2\/media?parent=23879"}],"wp:term":[{"taxonomy":"product_brand","embeddable":true,"href":"https:\/\/yebodaglass.com\/cs\/wp-json\/wp\/v2\/product_brand?post=23879"},{"taxonomy":"product_cat","embeddable":true,"href":"https:\/\/yebodaglass.com\/cs\/wp-json\/wp\/v2\/product_cat?post=23879"},{"taxonomy":"product_tag","embeddable":true,"href":"https:\/\/yebodaglass.com\/cs\/wp-json\/wp\/v2\/product_tag?post=23879"}],"curies":[{"name":"wp","href":"https:\/\/api.w.org\/{rel}","templated":true}]}}