{"id":23874,"date":"2025-11-18T14:12:37","date_gmt":"2025-11-18T06:12:37","guid":{"rendered":"https:\/\/yebodaglass.com\/?post_type=product&#038;p=23874"},"modified":"2025-11-18T14:12:38","modified_gmt":"2025-11-18T06:12:38","slug":"pickling-jar-wholesale-glass-jar-factory","status":"publish","type":"product","link":"https:\/\/yebodaglass.com\/cs\/pickling-jar-wholesale-glass-jar-factory\/","title":{"rendered":"\u010cir\u00e1 sklen\u011bn\u00e1 mo\u0159ic\u00ed n\u00e1doba pro balen\u00ed velkoobchod 220ml 250ml 280ml"},"content":{"rendered":"<p>U\u017e v\u00e1s nebav\u00ed nakl\u00e1dac\u00ed sklenice, ze kter\u00fdch v\u00e1m prot\u00e9k\u00e1 nebo v\u00e1m zmatn\u00ed okurka? Vyr\u00e1b\u00edme sklen\u011bn\u00e9 sklenice na nakl\u00e1danou zeleninu \u2013 u\u017e \u017e\u00e1dn\u00e9 smutn\u00e9 rozlit\u00e9 n\u00e1levn\u00e9 n\u00e1poje. Tyto sklenice na nakl\u00e1danou zeleninu prom\u011bn\u00ed va\u0161e skladov\u00e1n\u00ed potravin v origin\u00e1ln\u00ed produkt. P\u0159i hromadn\u00fdch objedn\u00e1vk\u00e1ch z\u00edsk\u00e1te vlastn\u00ed barvy, kter\u00e9 odpov\u00eddaj\u00ed va\u0161\u00ed zna\u010dce.<\/p>\n<h2>Vlastnosti produktu<\/h2>\n<p><strong>Protiskluzov\u00e9 dno lahve<\/strong><\/p>\n<p>Protiskluzov\u00e9 dno lahve nejen stabilizuje n\u00e1dobu s nakl\u00e1danou zeleninou, ale tak\u00e9 zvy\u0161uje bezpe\u010dnost jej\u00edho provozu.<\/p>\n<p><strong>3D texturovan\u00fd povrch<\/strong><\/p>\n<p>Textura na stran\u011b nakl\u00e1dac\u00ed sklenice nejen pom\u00e1h\u00e1 u\u017eivateli pevn\u011b dr\u017eet l\u00e1hev, ale tak\u00e9 vizu\u00e1ln\u011b \u010din\u00ed obsah sklenice atraktivn\u011bj\u0161\u00edm.<\/p>\n<p><strong>Konstrukce t\u011bsn\u011bn\u00ed \u0161roubovac\u00edho uz\u00e1v\u011bru<\/strong><\/p>\n<p>\u010cerven\u00fd \u0161roubovac\u00ed uz\u00e1v\u011br je vyroben z pevn\u011b z\u00e1vitov\u00e9 konstrukce, kter\u00e1 nab\u00edz\u00ed vynikaj\u00edc\u00ed t\u011bsnost a umo\u017e\u0148uje pln\u011bn\u00ed za horka a skladov\u00e1n\u00ed p\u0159i pokojov\u00e9 teplot\u011b.<\/p>\n<h2>Kl\u00ed\u010dov\u00e9 specifikace<\/h2>\n<table style=\"border-collapse: collapse; width: 80%; margin-left: auto; margin-right: auto;\" border=\"0\" width=\"216\" cellspacing=\"0\" cellpadding=\"0\">\n<tbody>\n<tr style=\"height: 13.50pt;\">\n<td style=\"height: 13.5pt; width: 54pt; text-align: center;\" width=\"72\" height=\"18\">Kapacita (ml)<\/td>\n<td style=\"width: 54pt; text-align: center;\" width=\"72\">Velikost (cm)<\/td>\n<td style=\"width: 54pt; text-align: center;\" width=\"72\">Vlastn\u00ed mo\u017enosti<\/td>\n<\/tr>\n<tr style=\"height: 13.50pt;\">\n<td style=\"height: 13.5pt; text-align: center;\" align=\"right\" height=\"18\">220<\/td>\n<td style=\"text-align: center;\">6,2 \u00d7 11,3<\/td>\n<td class=\"et2\" style=\"text-align: center;\" rowspan=\"3\">V\u00ed\u010dka, barva, \u0161t\u00edtek, logo<\/td>\n<\/tr>\n<tr style=\"height: 13.50pt;\">\n<td style=\"height: 13.5pt; text-align: center;\" align=\"right\" height=\"18\">250<\/td>\n<td style=\"text-align: center;\">6,5 \u00d7 12,7<\/td>\n<\/tr>\n<tr style=\"height: 13.50pt;\">\n<td style=\"height: 13.5pt; text-align: center;\" align=\"right\" height=\"18\">280<\/td>\n<td style=\"text-align: center;\">6,5 x 13,5<\/td>\n<\/tr>\n<\/tbody>\n<\/table>\n<h2>P\u0159\u00edpad \u00fasp\u011bchu<\/h2>\n<p>V\u00fdchodoevropsk\u00e1 zna\u010dka nakl\u00e1dan\u00e9 zeleniny si pro vylep\u0161en\u00ed sv\u00e9ho obalu vybrala na\u0161i nakl\u00e1dac\u00ed sklenici. Aby zd\u016fraznila kvalitu produktu, vyrobila jedine\u010dnou etiketu a \u010dern\u00fd t\u011bsnic\u00ed uz\u00e1v\u011br, kter\u00fd ladil s vysoce pr\u016fhlednou lahv\u00ed.<\/p>\n<p>Jejich nov\u00fd bal\u00ed\u010dek sehr\u00e1l kl\u00ed\u010dovou roli v dosa\u017een\u00ed 28% r\u016fstu tr\u017eeb v posledn\u00edm \u010dtvrtlet\u00ed roku po uveden\u00ed na trh.<\/p>\n<h2>V\u00e1\u0161 n\u00e1vod na \u00fapravy pro nakl\u00e1dac\u00ed n\u00e1dobu<\/h2>\n<ol>\n<li><strong>Potisk lahv\u00ed a personalizace etiket:<\/strong> M\u016f\u017eete si zvolit jednu z metod potisku, tj. s\u00edtotisk nebo termotransferov\u00fd tisk, a natisknout logo va\u0161\u00ed zna\u010dky, grafiku nebo text p\u0159\u00edmo na n\u00e1dobu na mo\u0159en\u00ed; nebo si vybrat barevn\u00e9 \u010di pr\u016fhledn\u00e9 etikety pro r\u016fzn\u00e9 pot\u0159eby stylu balen\u00ed.<\/li>\n<li><strong>V\u00fdb\u011br materi\u00e1lu a barvy uz\u00e1v\u011bru lahve:<\/strong> Podle va\u0161ich po\u017eadavk\u016f si m\u016f\u017eete vybrat kovov\u00e9 \u0161roubovac\u00ed uz\u00e1v\u011bry s galvanick\u00fdm pokoven\u00edm, vypalovac\u00ed barvou nebo matnou povrchovou \u00fapravou; nebo si m\u016f\u017eete vybrat plastov\u00fd \u0161roubovac\u00ed uz\u00e1v\u011br s barvou, kterou lze p\u0159izp\u016fsobit stylu lahve, co\u017e usnadn\u00ed hromadnou v\u00fdrobu.<\/li>\n<\/ol>\n<p>&nbsp;<\/p>","protected":false},"excerpt":{"rendered":"<p>Nakl\u00e1dac\u00ed d\u00f3za p\u0159\u00edmo z tov\u00e1rny pro potravin\u00e1\u0159sk\u00e9 zna\u010dky; tato d\u00f3za na nakl\u00e1danou zeleninu podporuje hromadn\u00e9 objedn\u00e1vky, zak\u00e1zkov\u00e1 v\u00edka a etikety a nab\u00edz\u00ed spolehliv\u00e9 balen\u00ed pro kupuj\u00edc\u00ed.<\/p>","protected":false},"featured_media":23880,"template":"","meta":[],"product_brand":[],"product_cat":[122,124,133],"product_tag":[],"class_list":{"0":"post-23874","1":"product","2":"type-product","3":"status-publish","4":"has-post-thumbnail","6":"product_cat-custom-glass-packaging","7":"product_cat-custom-glass-jars","8":"product_cat-pickle-jars","10":"first","11":"instock","12":"shipping-taxable","13":"product-type-simple"},"jetpack_sharing_enabled":true,"_links":{"self":[{"href":"https:\/\/yebodaglass.com\/cs\/wp-json\/wp\/v2\/product\/23874","targetHints":{"allow":["GET"]}}],"collection":[{"href":"https:\/\/yebodaglass.com\/cs\/wp-json\/wp\/v2\/product"}],"about":[{"href":"https:\/\/yebodaglass.com\/cs\/wp-json\/wp\/v2\/types\/product"}],"version-history":[{"count":2,"href":"https:\/\/yebodaglass.com\/cs\/wp-json\/wp\/v2\/product\/23874\/revisions"}],"predecessor-version":[{"id":23884,"href":"https:\/\/yebodaglass.com\/cs\/wp-json\/wp\/v2\/product\/23874\/revisions\/23884"}],"wp:featuredmedia":[{"embeddable":true,"href":"https:\/\/yebodaglass.com\/cs\/wp-json\/wp\/v2\/media\/23880"}],"wp:attachment":[{"href":"https:\/\/yebodaglass.com\/cs\/wp-json\/wp\/v2\/media?parent=23874"}],"wp:term":[{"taxonomy":"product_brand","embeddable":true,"href":"https:\/\/yebodaglass.com\/cs\/wp-json\/wp\/v2\/product_brand?post=23874"},{"taxonomy":"product_cat","embeddable":true,"href":"https:\/\/yebodaglass.com\/cs\/wp-json\/wp\/v2\/product_cat?post=23874"},{"taxonomy":"product_tag","embeddable":true,"href":"https:\/\/yebodaglass.com\/cs\/wp-json\/wp\/v2\/product_tag?post=23874"}],"curies":[{"name":"wp","href":"https:\/\/api.w.org\/{rel}","templated":true}]}}