{"id":23813,"date":"2025-11-17T16:50:25","date_gmt":"2025-11-17T08:50:25","guid":{"rendered":"https:\/\/yebodaglass.com\/?post_type=product&#038;p=23813"},"modified":"2026-03-12T15:12:09","modified_gmt":"2026-03-12T07:12:09","slug":"amber-glass-pop-top-bottles-with-metal-clamp-wholesale","status":"publish","type":"product","link":"https:\/\/yebodaglass.com\/cs\/amber-glass-pop-top-bottles-with-metal-clamp-wholesale\/","title":{"rendered":"485ml jantarov\u00e9 sklen\u011bn\u00e9 lahve s v\u00ed\u010dkem a kovovou svorkou Velkoobchod"},"content":{"rendered":"<p data-start=\"66\" data-end=\"288\">Lahve s v\u00ed\u010dkem maj\u00ed minimalistick\u00fd prot\u00e1hl\u00fd tvar vyroben\u00fd z jantarov\u011b hn\u011bd\u00e9ho skla. Jejich znovuuzav\u00edrateln\u00e9 t\u011blo je opat\u0159eno kovov\u00fdmi patentn\u00edmi uz\u00e1v\u011bry, kter\u00e9 zaji\u0161\u0165uj\u00ed vzduchot\u011bsnost, a proto jsou tyto lahve nejlep\u0161\u00ed volbou pro skladov\u00e1n\u00ed tekutin nebo ko\u0159en\u00ed.<\/p>\n<h2>Vlastnosti produktu<\/h2>\n<ul>\n<li>\n<div class=\"whitespace-pre-line p-2 sm:p-1 min-h-[80px] max-w-full overflow-x-auto\"><span aria-haspopup=\"dialog\" aria-expanded=\"false\" aria-controls=\"radix-_r_9a_\" data-state=\"closed\" data-slot=\"popover-trigger\"><strong>Jantarov\u00e9 UV ochrann\u00e9 sklo:<\/strong> L\u00e1hev je vyrobena z jantarov\u00e9ho skla, kter\u00e9 p\u0159isp\u00edv\u00e1 k odpuzov\u00e1n\u00ed ultrafialov\u00e9ho z\u00e1\u0159en\u00ed, co\u017e pom\u00e1h\u00e1 uchovat citliv\u00e9 n\u00e1poje, jako je pivo, a pom\u00e1h\u00e1 udr\u017eovat jejich chu\u0165 v pr\u016fb\u011bhu \u010dasu.<\/span><\/div>\n<\/li>\n<li>\n<div class=\"whitespace-pre-line p-2 sm:p-1 min-h-[80px] max-w-full overflow-x-auto\"><span aria-haspopup=\"dialog\" aria-expanded=\"false\" aria-controls=\"radix-_r_9b_\" data-state=\"closed\" data-slot=\"popover-trigger\"><strong>Opakovan\u011b pou\u017eiteln\u00fd mechanick\u00fd zamykac\u00ed syst\u00e9m:<\/strong> Syst\u00e9m s v\u00fdklopn\u00fdm v\u00edkem se d\u00e1 mnohokr\u00e1t otev\u0159\u00edt a zav\u0159\u00edt bez pou\u017eit\u00ed n\u00e1\u0159ad\u00ed, tak\u017ee l\u00e1hev lze snadno znovu pou\u017e\u00edt a snadno ji pou\u017e\u00edt jako n\u00e1dobu na dopl\u0148ovateln\u00fd n\u00e1poj.<\/span><\/div>\n<\/li>\n<li>\n<div class=\"whitespace-pre-line p-2 sm:p-1 min-h-[80px] max-w-full overflow-x-auto\"><span aria-haspopup=\"dialog\" aria-expanded=\"false\" aria-controls=\"radix-_r_9c_\" data-state=\"closed\" data-slot=\"popover-trigger\"><strong>Ploch\u00e1 z\u00e1kladna:<\/strong> Ploch\u00e9 a \u0161irok\u00e9 dno: Ploch\u00e9 dno zvy\u0161uje stabilitu p\u0159i pokl\u00e1d\u00e1n\u00ed na stoly, police nebo barov\u00e9 pulty a sni\u017euje tak riziko p\u00e1du b\u011bhem pou\u017e\u00edv\u00e1n\u00ed nebo vystaven\u00ed.<\/span><\/div>\n<div class=\"bg-border shrink-0 data-[orientation=horizontal]:h-px data-[orientation=horizontal]:w-full data-[orientation=vertical]:h-full data-[orientation=vertical]:w-px my-2\" role=\"none\" data-orientation=\"horizontal\" data-slot=\"separator\"><\/div>\n<\/li>\n<\/ul>\n<h2 style=\"text-align: left;\">Kl\u00ed\u010dov\u00e9 specifikace<\/h2>\n<table style=\"border-collapse: collapse; width: 80%; margin-left: auto; margin-right: auto;\" border=\"0\" width=\"856\" cellspacing=\"0\" cellpadding=\"0\">\n<tbody>\n<tr style=\"height: 13.50pt;\">\n<td style=\"height: 13.5pt; width: 128.25pt; text-align: center;\" width=\"171\" height=\"18\">Specifikace<\/td>\n<td style=\"width: 513.75pt; text-align: center;\" width=\"685\">Podrobnosti<\/td>\n<\/tr>\n<tr style=\"height: 13.50pt;\">\n<td style=\"height: 13.5pt; text-align: center;\" height=\"18\">Kapacita<\/td>\n<td style=\"text-align: center;\">485 ml<\/td>\n<\/tr>\n<tr style=\"height: 13.50pt;\">\n<td style=\"height: 13.5pt; text-align: center;\" height=\"18\">Rozm\u011bry<\/td>\n<td style=\"text-align: center;\">7,75 cm \u00d7 22,3 cm<\/td>\n<\/tr>\n<tr style=\"height: 13.50pt;\">\n<td style=\"height: 13.5pt; text-align: center;\" height=\"18\">Materi\u00e1l<\/td>\n<td style=\"text-align: center;\">Hn\u011bd\u00e9 sklo (s UV ochranou)<\/td>\n<\/tr>\n<tr style=\"height: 13.50pt;\">\n<td style=\"height: 13.5pt; text-align: center;\" height=\"18\">Typ uz\u00e1v\u011bru<\/td>\n<td style=\"text-align: center;\">Houpac\u00ed vr\u0161ky z nerezov\u00e9 oceli se zar\u00e1\u017ekou<\/td>\n<\/tr>\n<tr style=\"height: 13.50pt;\">\n<td style=\"height: 13.5pt; text-align: center;\" height=\"18\">Mo\u017enosti t\u011bsn\u011bn\u00ed<\/td>\n<td style=\"text-align: center;\">Standardn\u00ed guma nebo upgrade na silikon odoln\u00fd v\u016f\u010di kyselin\u00e1m\/tepeln\u00fdm vliv\u016fm<\/td>\n<\/tr>\n<tr style=\"height: 13.50pt;\">\n<td style=\"height: 13.5pt; text-align: center;\" height=\"18\">V\u00fdkon t\u011bsn\u011bn\u00ed<\/td>\n<td style=\"text-align: center;\">Vzduchot\u011bsn\u00e9, tlakov\u011b testovan\u00e9 na aktivn\u00ed karbonizaci<\/td>\n<\/tr>\n<tr style=\"height: 13.50pt;\">\n<td style=\"height: 13.5pt; text-align: center;\" height=\"18\">Ide\u00e1ln\u00ed pro<\/td>\n<td style=\"text-align: center;\">Pivo, kombucha, soda, ocet, v\u00fdroba v\u00edna, kva\u0161en\u00e9 n\u00e1poje<\/td>\n<\/tr>\n<\/tbody>\n<\/table>\n<h2>P\u0159\u00edpad \u00fasp\u011bchu<\/h2>\n<p><span aria-haspopup=\"dialog\" aria-expanded=\"false\" aria-controls=\"radix-_r_97_\" data-state=\"closed\" data-slot=\"popover-trigger\">Jeden z mal\u00fdch pivovar\u016f se rozhodl pou\u017e\u00edt na\u0161e jantarov\u011b zbarven\u00e9 sklen\u011bn\u00e9 lahve se \u0161roubovac\u00edm uz\u00e1v\u011brem jako hlavn\u00ed obal pro uveden\u00ed sv\u00e9 limitovan\u00e9 edice sez\u00f3nn\u00edch piv.<\/span> <span aria-haspopup=\"dialog\" aria-expanded=\"false\" aria-controls=\"radix-_r_98_\" data-state=\"closed\" data-slot=\"popover-trigger\">Po\u017eadovali pevn\u011bj\u0161\u00ed st\u011bny z jantarov\u00e9ho skla, aby byly odoln\u011bj\u0161\u00ed p\u0159i druhotn\u00e9m kva\u0161en\u00ed; reli\u00e9fn\u00ed vzor kole\u010dka a logo pivovaru na spodn\u00ed \u010d\u00e1sti lahve a keramick\u00fd uz\u00e1v\u011br s tmav\u011b \u010derven\u00fdm t\u011bsnic\u00edm krou\u017ekem, kter\u00fd by odpov\u00eddal etiket\u00e1m piva.<\/span> <span aria-haspopup=\"dialog\" aria-expanded=\"false\" aria-controls=\"radix-_r_99_\" data-state=\"closed\" data-slot=\"popover-trigger\">Speci\u00e1ln\u00ed piva, kter\u00e1 prod\u00e1vaj\u00ed, zaznamenala b\u011bhem prvn\u00edch dvou obdob\u00ed uveden\u00ed na trh n\u00e1r\u016fst tr\u017eeb o 35 % a d\u00edky dobr\u00e9mu p\u0159ijet\u00ed na trhu bude pivovar i nad\u00e1le pravideln\u011b objedn\u00e1vat.<\/span><\/p>\n<h2>Mo\u017enosti p\u0159izp\u016fsoben\u00ed<\/h2>\n<ul>\n<li><strong>Barva keramick\u00e9ho v\u00ed\u010dka na zak\u00e1zku:<\/strong> Rozhodn\u011bte se pro jednu barvu v\u00ed\u010dka plechovky, aby va\u0161e zna\u010dka \u00fa\u017easn\u011b upoutala pozornost spot\u0159ebitel\u016f v reg\u00e1lu.<\/li>\n<li><strong>Ra\u017en\u00e9 logo:<\/strong> Vytla\u010dte logo na rameno lahve nebo na dno lahve pro exkluzivn\u00ed a pr\u00e9miovou identitu zna\u010dky, kterou lze nahmatat rukou.<\/li>\n<li><strong>Kyselinou leptan\u00e9 objemov\u00e9 zna\u010den\u00ed:<\/strong> Profesion\u00e1ln\u00ed vzhled dod\u00e1te vylept\u00e1n\u00edm \u00fahledn\u00e9 matn\u00e9 zna\u010dky \u201e485 ml\u201c na dn\u011b lahve kyselinou.<\/li>\n<li><strong>Kyselinou leptan\u00e9 objemov\u00e9 zna\u010den\u00ed:<\/strong> \u010cern\u00fd nebo barevn\u00fd epoxidov\u00fd n\u00e1t\u011br dr\u00e1t\u011bn\u00e9ho pletiva lze pou\u017e\u00edt bu\u010f pro dekoraci dr\u00e1t\u011bn\u00e9ho pletiva, nebo pro lep\u0161\u00ed slad\u011bn\u00ed s celkov\u00fdm dojmem va\u0161eho designu.<\/li>\n<\/ul>","protected":false},"excerpt":{"rendered":"<p>Jantarov\u00e9 znovuuzav\u00edrateln\u00e9 sklen\u011bn\u00e9 lahve s pevn\u00fdmi dr\u00e1t\u011bn\u00fdmi uz\u00e1v\u011bry zaji\u0161\u0165uj\u00ed t\u011bsn\u00e9 ut\u011bsn\u011bn\u00ed \u2013 perfektn\u00ed lahve s uz\u00e1v\u011brem na limon\u00e1du, pivo nebo kombuchu. Rychl\u00e9 dod\u00e1n\u00ed.<\/p>","protected":false},"featured_media":23831,"template":"","meta":[],"product_brand":[],"product_cat":[122,123,132],"product_tag":[],"class_list":{"0":"post-23813","1":"product","2":"type-product","3":"status-publish","4":"has-post-thumbnail","6":"product_cat-custom-glass-packaging","7":"product_cat-custom-glass-bottles","8":"product_cat-glass-flip-top-bottles","10":"first","11":"instock","12":"shipping-taxable","13":"product-type-simple"},"jetpack_sharing_enabled":true,"_links":{"self":[{"href":"https:\/\/yebodaglass.com\/cs\/wp-json\/wp\/v2\/product\/23813","targetHints":{"allow":["GET"]}}],"collection":[{"href":"https:\/\/yebodaglass.com\/cs\/wp-json\/wp\/v2\/product"}],"about":[{"href":"https:\/\/yebodaglass.com\/cs\/wp-json\/wp\/v2\/types\/product"}],"version-history":[{"count":5,"href":"https:\/\/yebodaglass.com\/cs\/wp-json\/wp\/v2\/product\/23813\/revisions"}],"predecessor-version":[{"id":25410,"href":"https:\/\/yebodaglass.com\/cs\/wp-json\/wp\/v2\/product\/23813\/revisions\/25410"}],"wp:featuredmedia":[{"embeddable":true,"href":"https:\/\/yebodaglass.com\/cs\/wp-json\/wp\/v2\/media\/23831"}],"wp:attachment":[{"href":"https:\/\/yebodaglass.com\/cs\/wp-json\/wp\/v2\/media?parent=23813"}],"wp:term":[{"taxonomy":"product_brand","embeddable":true,"href":"https:\/\/yebodaglass.com\/cs\/wp-json\/wp\/v2\/product_brand?post=23813"},{"taxonomy":"product_cat","embeddable":true,"href":"https:\/\/yebodaglass.com\/cs\/wp-json\/wp\/v2\/product_cat?post=23813"},{"taxonomy":"product_tag","embeddable":true,"href":"https:\/\/yebodaglass.com\/cs\/wp-json\/wp\/v2\/product_tag?post=23813"}],"curies":[{"name":"wp","href":"https:\/\/api.w.org\/{rel}","templated":true}]}}