{"id":23811,"date":"2025-11-17T17:24:30","date_gmt":"2025-11-17T09:24:30","guid":{"rendered":"https:\/\/yebodaglass.com\/?post_type=product&#038;p=23811"},"modified":"2025-11-18T10:20:05","modified_gmt":"2025-11-18T02:20:05","slug":"pickling-containers-bulk-glass-pickling-jar","status":"publish","type":"product","link":"https:\/\/yebodaglass.com\/cs\/pickling-containers-bulk-glass-pickling-jar\/","title":{"rendered":"Sklen\u011bn\u00e1 nakl\u00e1dac\u00ed n\u00e1doba na kimchi o objemu 350 ml \u2013 730 ml"},"content":{"rendered":"<p>U\u017e v\u00e1s nebav\u00ed sklenice na okurky, kter\u00e9 prot\u00e9kaj\u00ed nebo ztr\u00e1cej\u00ed \u010derstvost? Vyr\u00e1b\u00edme sklen\u011bn\u00e9 nakl\u00e1dac\u00ed n\u00e1doby \u2013 u\u017e \u017e\u00e1dn\u00e9 smutn\u00e9 v\u00e1rky kopru nebo okurek. Tyto nakl\u00e1dac\u00ed n\u00e1doby prom\u011bn\u00ed v\u00e1\u0161 sklad potravin ve zna\u010dkovou elektr\u00e1rnu. Hromadn\u00e9 objedn\u00e1vky dod\u00e1vaj\u00ed velikosti na m\u00edru, kter\u00e9 odpov\u00eddaj\u00ed va\u0161emu podnik\u00e1n\u00ed.<\/p>\n<h2>Vlastnosti produktu<\/h2>\n<p><strong>Ztlu\u0161t\u011bn\u00e9 pr\u016fhledn\u00e9 sklo<\/strong><\/p>\n<p>St\u011bny n\u00e1dob jsou pevn\u00e9 a trvanliv\u00e9, odoln\u00e9 v\u016f\u010di kyselin\u00e1m a sol\u00edm, tak\u017ee je lze pou\u017e\u00edt k nakl\u00e1d\u00e1n\u00ed, fermentaci, om\u00e1\u010dk\u00e1m a \u0161irok\u00e9 \u0161k\u00e1le dal\u0161\u00edch potravin\u00e1\u0159sk\u00fdch v\u00fdrobk\u016f.<\/p>\n<p><strong>Skv\u011bl\u00e1 t\u011bsnic\u00ed schopnost<\/strong><\/p>\n<p>Konstrukce \u0161roubovac\u00edho uz\u00e1v\u011bru p\u0159i spole\u010dn\u00e9m pou\u017eit\u00ed v\u00fdrazn\u011b br\u00e1n\u00ed p\u0159\u00edstupu vzduchu, \u010d\u00edm\u017e se zachov\u00e1v\u00e1 chu\u0165 a \u010distota ingredienc\u00ed.<\/p>\n<p><strong>Kulat\u00e1 l\u00e1hev<\/strong><\/p>\n<p>D\u00edky objemn\u011bj\u0161\u00edmu vzhledu se dob\u0159e hod\u00ed pro vystaven\u00ed produkt\u016f, \u010d\u00edm\u017e se zvy\u0161uje atraktivita na reg\u00e1lech.<\/p>\n<h2>Kl\u00ed\u010dov\u00e9 specifikace<\/h2>\n<table style=\"border-collapse: collapse; width: 80%; margin-left: auto; margin-right: auto;\" border=\"0\" width=\"216\" cellspacing=\"0\" cellpadding=\"0\">\n<tbody>\n<tr style=\"height: 13.50pt;\">\n<td style=\"height: 13.5pt; width: 54pt; text-align: center;\" width=\"72\" height=\"18\">Kapacita (ml)<\/td>\n<td style=\"width: 54pt; text-align: center;\" width=\"72\">Velikost (cm)<\/td>\n<td style=\"width: 54pt; text-align: center;\" width=\"72\">Vlastn\u00ed mo\u017enosti<\/td>\n<\/tr>\n<tr style=\"height: 13.50pt;\">\n<td style=\"height: 13.5pt; text-align: center;\" align=\"right\" height=\"18\">350<\/td>\n<td style=\"text-align: center;\">8,5 \u00d7 8,1 \u00d7 11,0<\/td>\n<td class=\"et2\" style=\"text-align: center;\" rowspan=\"3\">V\u00ed\u010dka, barva, logo...<\/td>\n<\/tr>\n<tr style=\"height: 13.50pt;\">\n<td style=\"height: 13.5pt; text-align: center;\" align=\"right\" height=\"18\">480<\/td>\n<td style=\"text-align: center;\">9,2 \u00d7 8,9 \u00d7 12,2<\/td>\n<\/tr>\n<tr style=\"height: 13.50pt;\">\n<td style=\"height: 13.5pt; text-align: center;\" align=\"right\" height=\"18\">730<\/td>\n<td style=\"text-align: center;\">9,5 x 14,5<\/td>\n<\/tr>\n<\/tbody>\n<\/table>\n<h2>P\u0159\u00edb\u011bh \u00fasp\u011bchu<\/h2>\n<p>Kdy\u017e se jihov\u00fdchodn\u00ed asijsk\u00e1 zna\u010dka p\u00e1liv\u00fdch om\u00e1\u010dek rozhodla zm\u011bnit obal, zvolila na\u0161i sklen\u011bnou nakl\u00e1dac\u00ed n\u00e1dobu. Nov\u00e1 kulat\u00e1 a pr\u016fhledn\u00e1 n\u00e1doba v reg\u00e1lu vizu\u00e1ln\u011b velmi zaujala spot\u0159ebitele, kte\u0159\u00ed okam\u017eit\u011b vid\u011bli autentick\u00e9 a robustn\u00ed ingredience. \u0160roubovac\u00ed v\u00ed\u010dko tak\u00e9 pomohlo udr\u017eet produkt d\u00e9le \u010derstv\u00fd.<\/p>\n<p>B\u011bhem kr\u00e1tk\u00e9ho obdob\u00ed t\u0159\u00ed m\u011bs\u00edc\u016f se prodej nov\u00e9 \u0159ady obal\u016f v\u00fdrazn\u011b zv\u00fd\u0161il, a tak se zna\u010dce poda\u0159ilo prorazit na vysoce konkuren\u010dn\u00edm trhu s ko\u0159en\u00edm.<\/p>\n<h2>V\u00e1\u0161 n\u00e1vod na \u00fapravy nakl\u00e1dac\u00edch n\u00e1dob<\/h2>\n<ol>\n<li><strong>Vlastn\u00ed t\u011bsnic\u00ed v\u00ed\u010dka:<\/strong> Pro lep\u0161\u00ed ut\u011bsn\u011bn\u00ed a uchov\u00e1n\u00ed fermentovan\u00fdch nakl\u00e1dan\u00fdch okurek si m\u016f\u017eete vybrat kovov\u00e9, vlhkuvzdorn\u00e9 plastov\u00e9 nebo silikonov\u00e9 t\u011bsnic\u00ed krou\u017eky.<\/li>\n<li><strong>Popisov\u00e1n\u00ed a tisk:<\/strong> Podporuje vizu\u00e1ln\u00ed po\u017eadavky zna\u010dky implementac\u00ed kter\u00e9koli z n\u00e1sleduj\u00edc\u00edch technik: vyp\u00e1len\u00fd smalt, s\u00edtotisk, ra\u017eba nebo n\u00e1vrhy cel\u00fdch etiket.<\/li>\n<li><strong>Barva a protiskluzov\u00e1 textura \u010depic:<\/strong> R\u016fzn\u011b barevn\u00e9 v\u00ed\u010dka s texturovan\u00fdm povrchem nebo bez n\u011bj se pou\u017e\u00edvaj\u00ed k upout\u00e1n\u00ed pozornosti spot\u0159ebitele na polici a k \u200b\u200bzaji\u0161t\u011bn\u00ed lep\u0161\u00edho \u00fachopu p\u0159i otev\u00edr\u00e1n\u00ed.<\/li>\n<\/ol>","protected":false},"excerpt":{"rendered":"<p>Nakl\u00e1dac\u00ed n\u00e1doby na om\u00e1\u010dky a fermentovan\u00e9 potraviny. Na\u0161e sklen\u011bn\u00e9 nakl\u00e1dac\u00ed n\u00e1doby poskytuj\u00ed p\u0159ehledn\u00e9 vystaven\u00ed, t\u011bsn\u00e9 uzav\u0159en\u00ed a spolehliv\u00e9 balen\u00ed pro velk\u00e9 mno\u017estv\u00ed produkt\u016f.<\/p>","protected":false},"featured_media":23817,"template":"","meta":[],"product_brand":[],"product_cat":[122,124,133],"product_tag":[],"class_list":{"0":"post-23811","1":"product","2":"type-product","3":"status-publish","4":"has-post-thumbnail","6":"product_cat-custom-glass-packaging","7":"product_cat-custom-glass-jars","8":"product_cat-pickle-jars","10":"first","11":"instock","12":"shipping-taxable","13":"product-type-simple"},"jetpack_sharing_enabled":true,"_links":{"self":[{"href":"https:\/\/yebodaglass.com\/cs\/wp-json\/wp\/v2\/product\/23811","targetHints":{"allow":["GET"]}}],"collection":[{"href":"https:\/\/yebodaglass.com\/cs\/wp-json\/wp\/v2\/product"}],"about":[{"href":"https:\/\/yebodaglass.com\/cs\/wp-json\/wp\/v2\/types\/product"}],"version-history":[{"count":5,"href":"https:\/\/yebodaglass.com\/cs\/wp-json\/wp\/v2\/product\/23811\/revisions"}],"predecessor-version":[{"id":23836,"href":"https:\/\/yebodaglass.com\/cs\/wp-json\/wp\/v2\/product\/23811\/revisions\/23836"}],"wp:featuredmedia":[{"embeddable":true,"href":"https:\/\/yebodaglass.com\/cs\/wp-json\/wp\/v2\/media\/23817"}],"wp:attachment":[{"href":"https:\/\/yebodaglass.com\/cs\/wp-json\/wp\/v2\/media?parent=23811"}],"wp:term":[{"taxonomy":"product_brand","embeddable":true,"href":"https:\/\/yebodaglass.com\/cs\/wp-json\/wp\/v2\/product_brand?post=23811"},{"taxonomy":"product_cat","embeddable":true,"href":"https:\/\/yebodaglass.com\/cs\/wp-json\/wp\/v2\/product_cat?post=23811"},{"taxonomy":"product_tag","embeddable":true,"href":"https:\/\/yebodaglass.com\/cs\/wp-json\/wp\/v2\/product_tag?post=23811"}],"curies":[{"name":"wp","href":"https:\/\/api.w.org\/{rel}","templated":true}]}}