{"id":23801,"date":"2025-11-17T15:49:26","date_gmt":"2025-11-17T07:49:26","guid":{"rendered":"https:\/\/yebodaglass.com\/?post_type=product&#038;p=23801"},"modified":"2025-11-17T16:50:04","modified_gmt":"2025-11-17T08:50:04","slug":"custom-grooved-resealable-bottles-for-fermentation","status":"publish","type":"product","link":"https:\/\/yebodaglass.com\/cs\/custom-grooved-resealable-bottles-for-fermentation\/","title":{"rendered":"Vlastn\u00ed 465ml dr\u00e1\u017ekovan\u00e9 znovuuzav\u00edrateln\u00e9 lahve pro fermentaci"},"content":{"rendered":"<p data-start=\"66\" data-end=\"288\">Tyto znovuuzav\u00edrateln\u00e9 lahve vyroben\u00e9 z pr\u016fhledn\u00e9ho skla maj\u00ed \u017eebrovan\u00fd vzor a kovov\u00fd zacvak\u00e1vac\u00ed uz\u00e1v\u011br, \u010d\u00edm\u017e spojuj\u00ed styl, pohodl\u00ed a bezpe\u010dn\u00e9 uz\u00e1v\u011br pro modern\u00ed a z\u00e1rove\u0148 nad\u010dasov\u00fd vzhled.<\/p>\n<h2>Vlastnosti produktu<\/h2>\n<ul>\n<li><strong>\u017debrovan\u00e1 l\u00e1hev:<\/strong> \u017debrovan\u00fd vzor nejen zdob\u00ed produkt a zvy\u0161uje rozpoznatelnost zna\u010dky, ale tak\u00e9 zlep\u0161uje p\u0159ilnavost a sni\u017euje pravd\u011bpodobnost uklouznut\u00ed.<\/li>\n<li><strong>T\u011bsn\u011bn\u00ed Press-Stop:<\/strong> D\u00edky kovov\u00e9 z\u00e1tce s lisovac\u00edm uz\u00e1v\u011brem nen\u00ed uzav\u0159en\u00ed t\u011bchto lahv\u00ed \u017e\u00e1dn\u00fdm probl\u00e9mem, je tedy velmi dob\u0159e t\u011bsnic\u00ed, \u010d\u00edm\u017e \u00fa\u010dinn\u011b osv\u011b\u017euje obsah a usnad\u0148uje otev\u00edr\u00e1n\u00ed a zav\u00edr\u00e1n\u00ed.<\/li>\n<li><strong>Vynikaj\u00edc\u00ed vzhled:<\/strong> Produkt z\u00edsk\u00e1v\u00e1 luxusn\u00ed vzhled d\u00edky texturovan\u00e9mu vzoru a \u0161roubovac\u00edmu uz\u00e1v\u011bru ve vintage stylu, a proto se v reg\u00e1lech maloobchodu st\u00e1v\u00e1 skute\u010dn\u00fdm pouta\u010dem.<\/li>\n<\/ul>\n<h2 style=\"text-align: left;\">Kl\u00ed\u010dov\u00e9 specifikace<\/h2>\n<table class=\"aligncenter\" style=\"border-collapse: collapse; width: 426.02pt;\" border=\"0\" width=\"568\" cellspacing=\"0\" cellpadding=\"0\">\n<tbody>\n<tr style=\"height: 13.50pt;\">\n<td style=\"height: 13.50pt; width: 105.75pt;\" width=\"141\" height=\"18\">Specifikace<\/td>\n<td style=\"width: 320.25pt;\" width=\"427\">Podrobnosti<\/td>\n<\/tr>\n<tr style=\"height: 13.50pt;\">\n<td style=\"height: 13.50pt;\" height=\"18\">Kapacita<\/td>\n<td>465 ml<\/td>\n<\/tr>\n<tr style=\"height: 13.50pt;\">\n<td style=\"height: 13.50pt;\" height=\"18\">Rozm\u011bry<\/td>\n<td>7,75 cm \u00d7 22,3 cm<\/td>\n<\/tr>\n<tr style=\"height: 13.50pt;\">\n<td style=\"height: 13.50pt;\" height=\"18\">Materi\u00e1l<\/td>\n<td>Vysoce \u010dir\u00e9 sklo<\/td>\n<\/tr>\n<tr style=\"height: 13.50pt;\">\n<td style=\"height: 13.50pt;\" height=\"18\">Design karoserie<\/td>\n<td>Svisl\u00e9 dr\u00e1\u017eky pro \u00fachop a zpevn\u011bn\u00ed<\/td>\n<\/tr>\n<tr style=\"height: 13.50pt;\">\n<td style=\"height: 13.50pt;\" height=\"18\">Typ uz\u00e1v\u011bru<\/td>\n<td>Houpac\u00ed vr\u0161ky z nerezov\u00e9 oceli s \u010dervenob\u00edlou z\u00e1tkou<\/td>\n<\/tr>\n<tr style=\"height: 13.50pt;\">\n<td style=\"height: 13.50pt;\" height=\"18\">Ide\u00e1ln\u00ed pro<\/td>\n<td>l\u00e1hev na fermentaci, lahve s odkl\u00e1p\u011bc\u00edm v\u00edkem<\/td>\n<\/tr>\n<\/tbody>\n<\/table>\n<h2>P\u0159\u00edb\u011bh \u00fasp\u011bchu: Zlep\u0161en\u00ed image zna\u010dky octa<\/h2>\n<p>Jeden z v\u00fdrobc\u016f \u0159emesln\u00e9ho octa po\u017eadoval obal, kter\u00fd by dok\u00e1zal udr\u017eet tlak karbonizace a z\u00e1rove\u0148 odr\u00e1\u017eet luxusn\u00ed pozici produktu. Nakonec se pro fermentaci rozhodli pro na\u0161i dr\u00e1\u017ekovanou l\u00e1hev. D\u00edky dr\u00e1\u017ekovan\u00e9mu tvaru bylo mo\u017en\u00e9 sn\u00ed\u017eit rozlit\u00ed o 41 % a ztr\u00e1ta chuti se sn\u00ed\u017eila o 38 %, proto\u017ee \u0161roubovac\u00ed uz\u00e1v\u011br, kter\u00fd se pou\u017e\u00edval k efektivn\u00edmu uchov\u00e1v\u00e1n\u00ed \u010derstvosti piva, se pou\u017e\u00edval tak\u00e9 k pevn\u00e9mu uzav\u0159en\u00ed l\u00e1hve. S t\u00edmto \u00fasp\u011bchem jako v\u00fdchoz\u00edm bodem spole\u010dnost uskute\u010dnila \u010dty\u0159i objedn\u00e1vky v \u0159ad\u011b v celkov\u00e9m po\u010dtu 500 000 lahv\u00ed, aby roz\u0161\u00ed\u0159ila svou distribu\u010dn\u00ed s\u00ed\u0165.<\/p>\n<h2>Mo\u017enosti p\u0159izp\u016fsoben\u00ed<\/h2>\n<p>M\u016f\u017eete si vytvo\u0159it vlastn\u00ed znovuuzav\u00edrateln\u00e9 lahve vy\u0161\u0161\u00ed kvality, pokud pou\u017eijete n\u00e1sleduj\u00edc\u00ed mo\u017enosti p\u0159izp\u016fsoben\u00ed:<\/p>\n<ul>\n<li><strong>Groove vysoce leskl\u00e9 barven\u00ed:<\/strong> Svisl\u00e9 dr\u00e1\u017eky mohou b\u00fdt ozdobeny barevn\u00fdm smaltem, \u010d\u00edm\u017e vznikne v\u00fdrazn\u00fd pruhovan\u00fd vzor, \u200b\u200bkter\u00fd m\u016f\u017ee b\u00fdt barvou va\u0161\u00ed zna\u010dky.<\/li>\n<li><strong>Reli\u00e9fn\u00ed objemov\u00e9 zna\u010den\u00ed:<\/strong> P\u0159idejte na dno nebo spodn\u00ed \u010d\u00e1st lahve decentn\u00ed vyv\u00fd\u0161en\u00e9 ozna\u010den\u00ed \u201e465 ml\u201c, kter\u00e9 pom\u016f\u017ee vytvo\u0159it luxusn\u011bj\u0161\u00ed vzhled produktu.<\/li>\n<li><strong>Vlastn\u00ed barva v\u00ed\u010dka:<\/strong> V\u00fdb\u011br barvy keramick\u00e9ho uz\u00e1v\u011bru, kter\u00e1 dob\u0159e lad\u00ed s prim\u00e1rn\u00edm barevn\u00fdm sch\u00e9matem zna\u010dky, je pro v\u00e1s mo\u017enost\u00ed.<\/li>\n<li><strong>Logo leptan\u00e9 kyselinou:<\/strong> \u010cir\u00fd sklen\u011bn\u00fd povrch s matn\u00fdm logem leptan\u00fdm kyselinou je nejen sofistikovan\u00fd, ale tak\u00e9 trvanliv\u00fd a pr\u00e9miov\u00fd prvek, kter\u00fd dod\u00e1v\u00e1 zna\u010dce \u200b\u200d\u200b\u200c\u200d\u200c\u200d\u200c\u200b\u200d\u200c\u200d\u200c\u200d\u200c.<\/li>\n<\/ul>","protected":false},"excerpt":{"rendered":"<p>Pr\u016fhledn\u00e1 sklen\u011bn\u00e1 l\u00e1hev na fermentaci s dr\u00e1\u017ekovan\u00fdm t\u011blem a vzduchot\u011bsn\u00fdm uz\u00e1v\u011brem. Stylov\u00e9, odoln\u00e9 znovuuzav\u00edrateln\u00e9 lahve ide\u00e1ln\u00ed pro va\u0159en\u00ed a skladov\u00e1n\u00ed. Vzorky zdarma.<\/p>","protected":false},"featured_media":23804,"template":"","meta":[],"product_brand":[],"product_cat":[122,123,132],"product_tag":[],"class_list":{"0":"post-23801","1":"product","2":"type-product","3":"status-publish","4":"has-post-thumbnail","6":"product_cat-custom-glass-packaging","7":"product_cat-custom-glass-bottles","8":"product_cat-glass-flip-top-bottles","10":"first","11":"instock","12":"shipping-taxable","13":"product-type-simple"},"jetpack_sharing_enabled":true,"_links":{"self":[{"href":"https:\/\/yebodaglass.com\/cs\/wp-json\/wp\/v2\/product\/23801","targetHints":{"allow":["GET"]}}],"collection":[{"href":"https:\/\/yebodaglass.com\/cs\/wp-json\/wp\/v2\/product"}],"about":[{"href":"https:\/\/yebodaglass.com\/cs\/wp-json\/wp\/v2\/types\/product"}],"version-history":[{"count":4,"href":"https:\/\/yebodaglass.com\/cs\/wp-json\/wp\/v2\/product\/23801\/revisions"}],"predecessor-version":[{"id":23812,"href":"https:\/\/yebodaglass.com\/cs\/wp-json\/wp\/v2\/product\/23801\/revisions\/23812"}],"wp:featuredmedia":[{"embeddable":true,"href":"https:\/\/yebodaglass.com\/cs\/wp-json\/wp\/v2\/media\/23804"}],"wp:attachment":[{"href":"https:\/\/yebodaglass.com\/cs\/wp-json\/wp\/v2\/media?parent=23801"}],"wp:term":[{"taxonomy":"product_brand","embeddable":true,"href":"https:\/\/yebodaglass.com\/cs\/wp-json\/wp\/v2\/product_brand?post=23801"},{"taxonomy":"product_cat","embeddable":true,"href":"https:\/\/yebodaglass.com\/cs\/wp-json\/wp\/v2\/product_cat?post=23801"},{"taxonomy":"product_tag","embeddable":true,"href":"https:\/\/yebodaglass.com\/cs\/wp-json\/wp\/v2\/product_tag?post=23801"}],"curies":[{"name":"wp","href":"https:\/\/api.w.org\/{rel}","templated":true}]}}