{"id":23792,"date":"2025-11-17T14:17:35","date_gmt":"2025-11-17T06:17:35","guid":{"rendered":"https:\/\/yebodaglass.com\/?post_type=product&#038;p=23792"},"modified":"2026-03-26T14:20:30","modified_gmt":"2026-03-26T06:20:30","slug":"wholesale-clear-fermentation-bottles-with-handles","status":"publish","type":"product","link":"https:\/\/yebodaglass.com\/cs\/wholesale-clear-fermentation-bottles-with-handles\/","title":{"rendered":"Velkoobchodn\u00ed pr\u016fhledn\u00e9 fermenta\u010dn\u00ed lahve s uchy 250ml 350ml 500ml"},"content":{"rendered":"<p>Intended to withstand usage, be easy to carry and manage, and provide assurance to good sealing ability, this glass bottle family ( 250ml, 350ml and 500ml picks ) will have built in handle and swing top closure. The bottles are made of pure, clear glass, with an easy, ergonomic handle and a rounded, smooth body that makes them easy to fill and pour in either the work or home setting.<\/p>\n<h2>Vlastnosti produktu<\/h2>\n<p>All bottles come packaged with a swivel-top (flip-top) system of bottle closure: A glass stopper, stainless wire bail, and a food grade sealing gasket. This construction provides an airtight sealed cover and the bottles can be used to preserve freshness and to facilitate the fermentation process. Product visibility is improved by the transparent glass body and therefore the ease with which users can track contents.<\/p>\n<h2 style=\"text-align: left;\">Kl\u00ed\u010dov\u00e9 specifikace<\/h2>\n<table class=\"aligncenter\" style=\"border-collapse: collapse; width: 762.77pt;\" border=\"0\" width=\"1017\" cellspacing=\"0\" cellpadding=\"0\">\n<tbody>\n<tr style=\"height: 13.50pt;\">\n<td style=\"height: 13.50pt; width: 138.75pt;\" width=\"185\" height=\"18\">Specifikace<\/td>\n<td style=\"width: 624.00pt;\" width=\"832\">Podrobnosti<\/td>\n<\/tr>\n<tr style=\"height: 13.50pt;\">\n<td style=\"height: 13.50pt;\" height=\"18\">Rozm\u011bry<\/td>\n<td>250 ml (8 oz): 6,7 cm \u00d7 17,2 cm \/ 350 ml (12 oz): 7,6 cm \u00d7 20 cm \/ 500 ml (16 oz): 8,7 cm \u00d7 21,8 cm<\/td>\n<\/tr>\n<tr style=\"height: 13.50pt;\">\n<td style=\"height: 13.50pt;\" height=\"18\">Materi\u00e1l<\/td>\n<td>Bezolovnat\u00e9 sodnov\u00e1penat\u00e9 sklo<\/td>\n<\/tr>\n<tr style=\"height: 13.50pt;\">\n<td style=\"height: 13.50pt;\" height=\"18\">Design rukojeti<\/td>\n<td>Ergonomick\u00e1 rukoje\u0165 v proveden\u00ed tlou\u0161\u0165ky 2 mm u v\u0161ech velikost\u00ed<\/td>\n<\/tr>\n<tr style=\"height: 13.50pt;\">\n<td style=\"height: 13.50pt;\" height=\"18\">Typ uz\u00e1v\u011bru<\/td>\n<td>\u00a0swing top<\/td>\n<\/tr>\n<tr style=\"height: 13.50pt;\">\n<td style=\"height: 13.50pt;\" height=\"18\">Mo\u017enosti t\u011bsn\u011bn\u00ed<\/td>\n<td>Potravin\u00e1\u0159sk\u00e1 guma nebo silikon<\/td>\n<\/tr>\n<tr style=\"height: 13.50pt;\">\n<td style=\"height: 13.50pt;\" height=\"18\">V\u00fdkon t\u011bsn\u011bn\u00ed<\/td>\n<td>Vzduchot\u011bsn\u00e9, odoln\u00e9 v\u016f\u010di tlaku \u2013 ide\u00e1ln\u00ed pro p\u0159irozen\u00e9 sycen\u00ed oxidem uhli\u010dit\u00fdm<\/td>\n<\/tr>\n<tr style=\"height: 13.50pt;\">\n<td style=\"height: 13.50pt;\" height=\"18\">Ide\u00e1ln\u00ed pro<\/td>\n<td>Pivo, soda, v\u00fdroba v\u00edna, probiotick\u00e9 tonikum, Kombucha<\/td>\n<\/tr>\n<\/tbody>\n<\/table>\n<h2>P\u0159\u00edb\u011bh \u00fasp\u011bchu: Optimalizace v\u00fdrobn\u00ed linky na \u0159emeslnou kombuchu<\/h2>\n<p>Pivovar Kombucha se pot\u00fdkal s probl\u00e9mem nestability v\u00fdrobn\u00edho procesu, proto\u017ee pro sekund\u00e1rn\u00ed kva\u0161en\u00ed pou\u017e\u00edval fermenta\u010dn\u00ed tanky a produkty prod\u00e1val v b\u011b\u017en\u00fdch lahv\u00edch. V d\u016fsledku toho byla m\u00edra kontaminace velmi vysok\u00e1 a produkce nestabiln\u00ed. P\u0159e\u0161li na na\u0161e fermenta\u010dn\u00ed lahve s uchy a tehdy si uv\u011bdomili, \u017ee m\u00edra kontaminace klesla o 38 % d\u00edky lep\u0161\u00edmu uzav\u0159en\u00ed lahv\u00ed. Zam\u011bstnanci tak\u00e9 zjistili, \u017ee je snaz\u0161\u00ed odeb\u00edrat vzorky na farm\u00e1\u0159sk\u00fdch trz\u00edch, proto\u017ee mohli lahve uchopit za ucha, \u010d\u00edm\u017e se rozbit\u00ed p\u0159i manipulaci sn\u00ed\u017eilo o 15 %. Pivovar byl s v\u00fdkonem produktu a zp\u011btnou vazbou od z\u00e1kazn\u00edk\u016f tak spokojen, \u017ee se rozhodl zadat dal\u0161\u00ed t\u0159i objedn\u00e1vky po 100 000 lahv\u00edch.<\/p>\n<h2>N\u00e1vrhy na \u00fapravu fermenta\u010dn\u00edch lahv\u00ed<\/h2>\n<p>D\u00edky t\u011bmto mo\u017enostem p\u0159izp\u016fsoben\u00ed produktu budou funk\u010dn\u00ed fermenta\u010dn\u00ed lahve atraktivn\u011bj\u0161\u00ed a budou l\u00e9pe p\u0159ipom\u00ednat va\u0161i zna\u010dku:<\/p>\n<ul>\n<li><strong>Zn\u00e1zorn\u011bn\u00e9 \u010d\u00e1ry kapacity:<\/strong> Objemov\u00e9 rysky jsou jasn\u011b vyzna\u010deny na rameni lahve, aby byl zaji\u0161t\u011bn p\u0159esn\u00fd objem pro ka\u017edou d\u00e1vku.<\/li>\n<li><strong>S\u00edtotisk na sklo:<\/strong> Grafika na lahvi je vyrobena z odoln\u00e9ho a chemicky odoln\u00e9ho materi\u00e1lu, kter\u00fd je p\u0159\u00edmo nati\u0161t\u011bn na t\u011blo lahve, tak\u017ee odol\u00e1 \u010dast\u00e9mu myt\u00ed a manipulaci.<\/li>\n<li><strong>Matn\u00e9 rukojeti:<\/strong> Rukojeti maj\u00ed matn\u00fd vzhled, kter\u00fd je p\u0159id\u00e1n pro lep\u0161\u00ed \u00fachop a luxusn\u011bj\u0161\u00ed z\u00e1\u017eitek.<\/li>\n<li><strong>Reli\u00e9fn\u00ed logo na spodn\u00ed stran\u011b:<\/strong> Mal\u00e9, vystoupl\u00e9 a decentn\u00ed logo vyti\u0161t\u011bn\u00e9 na dn\u011b lahve dod\u00e1v\u00e1 produktu profesion\u00e1ln\u00ed vzhled, ani\u017e by p\u0159ek\u00e1\u017eelo etiket\u011b.<\/li>\n<\/ul>","protected":false},"excerpt":{"rendered":"<p>Durable fermentation bottles with swing top and handle. Clear ferment bottles in 250ml, 350ml, 500ml for brewing, storage, and beverage packaging.<\/p>","protected":false},"featured_media":25629,"template":"","meta":[],"product_brand":[],"product_cat":[132,123,122],"product_tag":[],"class_list":{"0":"post-23792","1":"product","2":"type-product","3":"status-publish","4":"has-post-thumbnail","6":"product_cat-glass-flip-top-bottles","7":"product_cat-custom-glass-bottles","8":"product_cat-custom-glass-packaging","10":"first","11":"instock","12":"shipping-taxable","13":"product-type-simple"},"jetpack_sharing_enabled":true,"_links":{"self":[{"href":"https:\/\/yebodaglass.com\/cs\/wp-json\/wp\/v2\/product\/23792","targetHints":{"allow":["GET"]}}],"collection":[{"href":"https:\/\/yebodaglass.com\/cs\/wp-json\/wp\/v2\/product"}],"about":[{"href":"https:\/\/yebodaglass.com\/cs\/wp-json\/wp\/v2\/types\/product"}],"version-history":[{"count":5,"href":"https:\/\/yebodaglass.com\/cs\/wp-json\/wp\/v2\/product\/23792\/revisions"}],"predecessor-version":[{"id":25615,"href":"https:\/\/yebodaglass.com\/cs\/wp-json\/wp\/v2\/product\/23792\/revisions\/25615"}],"wp:featuredmedia":[{"embeddable":true,"href":"https:\/\/yebodaglass.com\/cs\/wp-json\/wp\/v2\/media\/25629"}],"wp:attachment":[{"href":"https:\/\/yebodaglass.com\/cs\/wp-json\/wp\/v2\/media?parent=23792"}],"wp:term":[{"taxonomy":"product_brand","embeddable":true,"href":"https:\/\/yebodaglass.com\/cs\/wp-json\/wp\/v2\/product_brand?post=23792"},{"taxonomy":"product_cat","embeddable":true,"href":"https:\/\/yebodaglass.com\/cs\/wp-json\/wp\/v2\/product_cat?post=23792"},{"taxonomy":"product_tag","embeddable":true,"href":"https:\/\/yebodaglass.com\/cs\/wp-json\/wp\/v2\/product_tag?post=23792"}],"curies":[{"name":"wp","href":"https:\/\/api.w.org\/{rel}","templated":true}]}}