{"id":23764,"date":"2025-11-14T16:48:27","date_gmt":"2025-11-14T08:48:27","guid":{"rendered":"https:\/\/yebodaglass.com\/?post_type=product&#038;p=23764"},"modified":"2025-11-18T10:21:39","modified_gmt":"2025-11-18T02:21:39","slug":"wholesale-clear-grolsch-bottle-with-swing-top","status":"publish","type":"product","link":"https:\/\/yebodaglass.com\/cs\/wholesale-clear-grolsch-bottle-with-swing-top\/","title":{"rendered":"Velkoobchodn\u00ed 16 oz \u010dir\u00e9 lahve Grolsch s oto\u010dn\u00fdm v\u00ed\u010dkem"},"content":{"rendered":"<p data-start=\"66\" data-end=\"288\">Je to l\u00e1hev Grolsch vyroben\u00e1 z \u010dir\u00e9ho skla s kovov\u00fdm zacvak\u00e1vac\u00edm uz\u00e1v\u011brem a \u010dervenob\u00edl\u00fdmi barevn\u00fdmi prvky. Krom\u011b sv\u00e9 u\u017eite\u010dnosti a pevn\u011b uzav\u0159en\u00e9ho uz\u00e1v\u011bru je ide\u00e1ln\u00ed pro skladov\u00e1n\u00ed n\u00e1poj\u016f nebo potravin.<\/p>\n<h2>Vlastnosti produktu<\/h2>\n<ul>\n<li><strong>Materi\u00e1l \u010dir\u00e9ho skla:<\/strong> D\u00edky pr\u016fhledn\u00e9mu sklu lze vizu\u00e1ln\u011b zkontrolovat barvu a mno\u017estv\u00ed kapaliny bez nutnosti otev\u00edr\u00e1n\u00ed n\u00e1doby, co\u017e usnad\u0148uje identifikaci a kontrolu produktu.<\/li>\n<li><strong>Konstrukce t\u011bsn\u011bn\u00ed se zacvak\u00e1vac\u00edm z\u00e1mkem:<\/strong> \u010cervenob\u00edl\u00fd kovov\u00fd uz\u00e1v\u011br s patentn\u00edm uz\u00e1v\u011brem p\u0159ipevn\u011bn\u00fd k n\u00e1dob\u011b nab\u00edz\u00ed skv\u011bl\u00e9 ut\u011bsn\u011bn\u00ed, \u010d\u00edm\u017e je zaru\u010dena \u010derstvost tekutiny uvnit\u0159, a z\u00e1rove\u0148 lze v\u00edko snadno sejmout a znovu nasadit.<\/li>\n<li><strong>Jednoduch\u00fd a praktick\u00fd design:<\/strong> L\u00e1hev se vyzna\u010duje \u010dist\u00fdmi, plynul\u00fdmi liniemi a minimalistick\u00fdm stylem, kter\u00e9 jsou esteticky p\u0159ita\u017eliv\u00e9 a z\u00e1rove\u0148 praktick\u00e9, tak\u017ee z\u00edsk\u00e1te produkt, kter\u00fd se nejen snadno manipuluje, ale i skladuje.<\/li>\n<\/ul>\n<h2 style=\"text-align: left;\">Kl\u00ed\u010dov\u00e9 specifikace<\/h2>\n<table class=\"aligncenter\" style=\"border-collapse: collapse; width: 564.02pt;\" border=\"0\" width=\"752\" cellspacing=\"0\" cellpadding=\"0\">\n<tbody>\n<tr style=\"height: 13.50pt;\">\n<td style=\"height: 13.50pt; width: 115.50pt;\" width=\"154\" height=\"18\">Specifikace<\/td>\n<td style=\"width: 448.50pt;\" width=\"598\">Podrobnosti<\/td>\n<\/tr>\n<tr style=\"height: 13.50pt;\">\n<td style=\"height: 13.50pt;\" height=\"18\">Rozm\u011bry<\/td>\n<td>500 ml (16 oz): 8,1 cm \u00d7 22,3 cm<\/td>\n<\/tr>\n<tr style=\"height: 13.50pt;\">\n<td style=\"height: 13.50pt;\" height=\"18\">Materi\u00e1l<\/td>\n<td>Vysoce \u010dir\u00e9 sklo<\/td>\n<\/tr>\n<tr style=\"height: 13.50pt;\">\n<td style=\"height: 13.50pt;\" height=\"18\">Uzav\u00edrac\u00ed syst\u00e9m<\/td>\n<td>Houpac\u00ed vr\u0161ky z nerezov\u00e9 oceli s \u010dervenob\u00edlou z\u00e1tkou a t\u011bsn\u011bn\u00edm vhodn\u00fdm pro potravin\u00e1\u0159stv\u00ed<\/td>\n<\/tr>\n<tr style=\"height: 13.50pt;\">\n<td style=\"height: 13.50pt;\" height=\"18\">Povrchov\u00e1 \u00faprava krku<\/td>\n<td>Kompatibiln\u00ed se standardn\u00edmi n\u00e1hradn\u00edmi uz\u00e1v\u011bry ez cap a sadami podlo\u017eek<\/td>\n<\/tr>\n<tr style=\"height: 13.50pt;\">\n<td style=\"height: 13.50pt;\" height=\"18\">Ide\u00e1ln\u00ed pro<\/td>\n<td>Kombucha, pivo, soda, v\u00fdroba v\u00edna, fermentovan\u00e9 toniky<\/td>\n<\/tr>\n<\/tbody>\n<\/table>\n<h2>P\u0159\u00edb\u011bh \u00fasp\u011bchu: Obrat v podnik\u00e1n\u00ed s \u0159emesln\u00fdmi nealkoholick\u00fdmi n\u00e1poji<\/h2>\n<p>Mal\u00e1 spole\u010dnost vyr\u00e1b\u011bj\u00edc\u00ed nealkoholick\u00e9 n\u00e1poje se dostala do probl\u00e9m\u016f kv\u016fli nedostupnosti spr\u00e1vn\u00e9ho typu obalu, kter\u00fd by jim pomohl odr\u00e1\u017eet image jejich zna\u010dky jako pr\u00e9miov\u00e9. Na\u0161e lahve s v\u00fdklopn\u00fdm v\u00edkem o objemu 16 oz byly nakonec ty, pro kter\u00e9 se rozhodli balit sv\u00e9 charakteristick\u00e9 z\u00e1zvorov\u00e9 pivo a sarsaparillu. Rodiny byly s velk\u00fdmi velikostmi opravdu spokojen\u00e9. Hlavn\u00edm faktorem byla ztr\u00e1ta sycen\u00ed oxidem uhli\u010dit\u00fdm b\u011bhem skladov\u00e1n\u00ed, kter\u00e1 se d\u00edky vzduchot\u011bsn\u00fdm \u0161roubovac\u00edm uz\u00e1v\u011br\u016fm sn\u00ed\u017eila o 43 %, co\u017e n\u00e1sledn\u011b minimalizovalo st\u00ed\u017enosti na znehodnocen\u00ed a zv\u00fd\u0161ilo m\u00edru op\u011btovn\u00e9ho odkupu o 52 %. Lze tedy \u0159\u00edci, \u017ee si spole\u010dnost vede dob\u0159e, pokud jde o loajalitu z\u00e1kazn\u00edk\u016f. To vedlo k mnoha pozitivn\u00edm ohlas\u016fm ze strany spole\u010dnosti, spot\u0159ebitel\u016f i distributor\u016f, co\u017e vedlo ke zv\u00fd\u0161en\u00ed objedn\u00e1vek z distribu\u010dn\u00edch prodejen na 250 000 kus\u016f ka\u017ed\u00e9 \u010dtvrtlet\u00ed.<\/p>\n<h2>N\u00e1pady na personalizaci lahv\u00ed Grolsch<\/h2>\n<ul>\n<li><strong>S\u00edtotisk na sklo:<\/strong> Pr\u016fhlednou sklen\u011bnou n\u00e1dobu m\u016f\u017eete ozdobit m\u00f3dn\u00edmi tisknuteln\u00fdmi \u017eiv\u00fdmi logy zna\u010dek nebo jin\u00fdmi designy, kter\u00e9 vydr\u017e\u00ed dlouho a jsou ide\u00e1ln\u00ed pro prezentaci image a identity zna\u010dky.<\/li>\n<li><strong>Reli\u00e9fn\u00ed ozna\u010den\u00ed kapacity:<\/strong> Profesion\u00e1ln\u00ed vzhled va\u0161\u00ed n\u00e1doby je\u0161t\u011b zv\u00fdrazn\u00edte p\u0159id\u00e1n\u00edm nen\u00e1padn\u00e9ho reli\u00e9fn\u00edho n\u00e1pisu \u201e16 OZ\u201c nebo \u201e1 L\u201c na dno nebo spodn\u00ed \u010d\u00e1st lahve.<\/li>\n<li><strong>Barevn\u00fd silikonov\u00fd t\u011bsnic\u00ed krou\u017eek:<\/strong> M\u016f\u017eete si nechat po\u0159\u00eddit silikonov\u00fd t\u011bsnic\u00ed krou\u017eek, kter\u00fd lad\u00ed s barvami va\u0161\u00ed zna\u010dky a poslou\u017e\u00ed jako mal\u00fd, ale docela n\u00e1padn\u00fd detail po upevn\u011bn\u00ed v\u00ed\u010dka.<\/li>\n<li><strong>Speci\u00e1ln\u00ed leskl\u00e9\/matn\u00e9 \u0161t\u00edtky:<\/strong> Na plochu pro samolepky pou\u017eijte r\u016fzn\u00e9 textury skla, a\u0165 u\u017e leskl\u00e9 nebo matn\u00e9, aby si v\u00e1\u0161 prim\u00e1rn\u00ed \u0161t\u00edtek zaslou\u017eil pozornost, kterou si zaslou\u017e\u00ed.<\/li>\n<\/ul>","protected":false},"excerpt":{"rendered":"<p>Pr\u00e9miov\u00e9 lahve o objemu 473 ml s v\u00fdklopn\u00fdm v\u00ed\u010dkem ve tvaru lahve Grolsch s kovov\u00fdm odkl\u00e1p\u011bc\u00edm uz\u00e1v\u011brem pro bezpe\u010dn\u00e9 a opakovan\u011b pou\u017eiteln\u00e9 skladov\u00e1n\u00ed n\u00e1poj\u016f. Rychl\u00e9 dod\u00e1n\u00ed. Vzorky zdarma.<\/p>","protected":false},"featured_media":23788,"template":"","meta":[],"product_brand":[],"product_cat":[122,123,132],"product_tag":[],"class_list":{"0":"post-23764","1":"product","2":"type-product","3":"status-publish","4":"has-post-thumbnail","6":"product_cat-custom-glass-packaging","7":"product_cat-custom-glass-bottles","8":"product_cat-glass-flip-top-bottles","10":"first","11":"instock","12":"shipping-taxable","13":"product-type-simple"},"jetpack_sharing_enabled":true,"_links":{"self":[{"href":"https:\/\/yebodaglass.com\/cs\/wp-json\/wp\/v2\/product\/23764","targetHints":{"allow":["GET"]}}],"collection":[{"href":"https:\/\/yebodaglass.com\/cs\/wp-json\/wp\/v2\/product"}],"about":[{"href":"https:\/\/yebodaglass.com\/cs\/wp-json\/wp\/v2\/types\/product"}],"version-history":[{"count":4,"href":"https:\/\/yebodaglass.com\/cs\/wp-json\/wp\/v2\/product\/23764\/revisions"}],"predecessor-version":[{"id":23838,"href":"https:\/\/yebodaglass.com\/cs\/wp-json\/wp\/v2\/product\/23764\/revisions\/23838"}],"wp:featuredmedia":[{"embeddable":true,"href":"https:\/\/yebodaglass.com\/cs\/wp-json\/wp\/v2\/media\/23788"}],"wp:attachment":[{"href":"https:\/\/yebodaglass.com\/cs\/wp-json\/wp\/v2\/media?parent=23764"}],"wp:term":[{"taxonomy":"product_brand","embeddable":true,"href":"https:\/\/yebodaglass.com\/cs\/wp-json\/wp\/v2\/product_brand?post=23764"},{"taxonomy":"product_cat","embeddable":true,"href":"https:\/\/yebodaglass.com\/cs\/wp-json\/wp\/v2\/product_cat?post=23764"},{"taxonomy":"product_tag","embeddable":true,"href":"https:\/\/yebodaglass.com\/cs\/wp-json\/wp\/v2\/product_tag?post=23764"}],"curies":[{"name":"wp","href":"https:\/\/api.w.org\/{rel}","templated":true}]}}