{"id":23742,"date":"2025-11-14T16:48:48","date_gmt":"2025-11-14T08:48:48","guid":{"rendered":"https:\/\/yebodaglass.com\/?post_type=product&#038;p=23742"},"modified":"2026-04-14T16:03:36","modified_gmt":"2026-04-14T08:03:36","slug":"custom-pickle-container-pickles-jars-wholesale","status":"publish","type":"product","link":"https:\/\/yebodaglass.com\/cs\/custom-pickle-container-pickles-jars-wholesale\/","title":{"rendered":"Velkoobchodn\u00ed prodej sklen\u011bn\u00fdch n\u00e1dob na okurky o objemu 125 ml \u2013 280 ml"},"content":{"rendered":"<p>U\u017e v\u00e1s nebav\u00ed sklenice na okurky, ze kter\u00fdch v\u00e1m prot\u00e9k\u00e1 nebo se v nich schov\u00e1v\u00e1 okurka? Vyr\u00e1b\u00edme sklen\u011bn\u00e9 n\u00e1doby na okurky \u2013 u\u017e \u017e\u00e1dn\u00e9 nepo\u0159\u00e1dn\u00e9 rozlit\u00ed n\u00e1levu. Tyto sady sklenic na okurky prom\u011bn\u00ed va\u0161e skladov\u00e1n\u00ed potravin v origin\u00e1ln\u00ed prvek va\u0161\u00ed zna\u010dky. P\u0159i hromadn\u00fdch objedn\u00e1vk\u00e1ch z\u00edsk\u00e1te vlastn\u00ed barvy, kter\u00e9 odpov\u00eddaj\u00ed va\u0161\u00ed zna\u010dce.<\/p>\n<h2>Vlastnosti produktu<\/h2>\n<ul>\n<li><strong>Thick\u200b\u200d\u200b\u200c\u200d\u200b\u200d\u200c\u200b\u200d\u200b\u200c\u200d\u200b\u200d\u200c Glass Durability: <\/strong>Nelze snadno rozb\u00edt \u2013 zachov\u00e1v\u00e1 si kvalitu nakl\u00e1dan\u00e9ho ovoce po dobu n\u011bkolika m\u011bs\u00edc\u016f, ani\u017e by ztratilo barvu.<\/li>\n<li><strong>Airtight Metal Lid Seal: <\/strong>Zabra\u0148uje vstupu vzduchu \u2013 udr\u017euje kopr, ocet a chu\u0165 naprosto \u010derstv\u00e9.<\/li>\n<li><strong>Wide Mouth Glass Opening: <\/strong>Vhodn\u00e9 k pln\u011bn\u00ed zeleninou \u2013 kvas lze prov\u00e9st bez jak\u00e9hokoli nepo\u0159\u00e1dku.<\/li>\n<\/ul>\n<h2>Kl\u00ed\u010dov\u00e9 specifikace<\/h2>\n<p>&nbsp;<\/p>\n<table style=\"border-collapse: collapse; width: 80%; margin-left: auto; margin-right: auto;\" border=\"0\" width=\"288\" cellspacing=\"0\" cellpadding=\"0\">\n<tbody>\n<tr style=\"height: 13.50pt;\">\n<td style=\"height: 13.5pt; width: 54pt; text-align: center;\" width=\"72\" height=\"18\">Kapacita (ml)<\/td>\n<td style=\"width: 54pt; text-align: center;\" width=\"72\">Velikost (cm)<\/td>\n<td style=\"width: 54pt; text-align: center;\" width=\"72\">Typ uz\u00e1v\u011bru<\/td>\n<\/tr>\n<tr style=\"height: 13.50pt;\">\n<td style=\"height: 13.5pt; text-align: center;\" height=\"18\">125<\/td>\n<td style=\"text-align: center;\">7.5 x 7.3<\/td>\n<td class=\"et2\" style=\"text-align: center;\" rowspan=\"3\">Z\u00e1vitov\u00e9 (plast\/kov)<\/td>\n<\/tr>\n<tr style=\"height: 13.50pt;\">\n<td style=\"height: 13.5pt; text-align: center;\" height=\"18\">180<\/td>\n<td style=\"text-align: center;\">8.0 x 7.7<\/td>\n<\/tr>\n<tr style=\"height: 13.50pt;\">\n<td style=\"height: 13.5pt; text-align: center;\" height=\"18\">280<\/td>\n<td style=\"text-align: center;\">8.2 x 7.9<\/td>\n<\/tr>\n<\/tbody>\n<\/table>\n<h2>P\u0159\u00edpad \u00fasp\u011bchu<\/h2>\n<p>Kdy\u017e se jihov\u00fdchodn\u00ed asijsk\u00e1 zna\u010dka nakl\u00e1dan\u00fdch potravin rozhodla vylep\u0161it sv\u00e9 obaly, zvolila na\u0161i n\u00e1dobu na nakl\u00e1danou zeleninu. Zak\u0159iven\u00e1, pr\u016fhledn\u00e1 n\u00e1doba vizu\u00e1ln\u011b dod\u00e1v\u00e1 produktu barevn\u011bj\u0161\u00ed vzhled, co\u017e skv\u011ble l\u00e1k\u00e1 na reg\u00e1lech; lep\u0161\u00ed ut\u011bsn\u011bn\u00ed v\u0161ak tak\u00e9 pom\u00e1h\u00e1 sn\u00ed\u017eit m\u00edru rozbit\u00ed b\u011bhem p\u0159epravy o 30 %.<\/p>\n<p>Prodej \u0159ady nakl\u00e1dan\u00e9 zeleniny t\u00e9to zna\u010dky se b\u011bhem t\u0159\u00ed m\u011bs\u00edc\u016f od uveden\u00ed nov\u00e9ho produktu na trh zv\u00fd\u0161il o 22 %, \u010d\u00edm\u017e se zdvojn\u00e1sobila viditelnost zna\u010dky a expanze distribu\u010dn\u00edch kan\u00e1l\u016f.<\/p>\n<h2>V\u00e1\u0161 n\u00e1vod na \u00fapravy kontejneru pro okurky<\/h2>\n<ol>\n<li><strong>P\u0159izp\u016fsobiteln\u00e9 kapacity:<\/strong> K dispozici jsou r\u016fzn\u00e9 velikosti v\u00ed\u010dek od mal\u00fdch po velk\u00e9, aby se do nich ve\u0161ly r\u016fzn\u00e9 druhy ko\u0159en\u00ed (cel\u00e9 ovoce, pl\u00e1tky nebo drcen\u00e9 ingredience), a t\u00edm je produktov\u00e1 \u0159ada kompletn\u011bj\u0161\u00ed.<\/li>\n<li><strong>Voliteln\u00fd materi\u00e1l a barva v\u00edka:<\/strong> K dispozici jsou p\u0159izp\u016fsobiteln\u00e9 kovov\u00e9, plastov\u00e9 nebo nev\u00fdbu\u0161n\u00e9 krytky s v\u00edcebarevnou vypalovac\u00ed \u00fapravou ve st\u0159\u00edbrn\u00e9, \u010dern\u00e9 a zlat\u00e9 barv\u011b dle va\u0161eho v\u00fdb\u011bru.<\/li>\n<li><strong>Zak\u00e1zkov\u00e9 \u0161t\u00edtky a ra\u017eba:<\/strong> Umo\u017e\u0148uje p\u0159izp\u016fsoben\u00ed loga zna\u010dky na lahvi a poskytuje etikety z materi\u00e1l\u016f, kter\u00e9 jsou odoln\u00e9 v\u016f\u010di olej\u016fm a vlhkosti, \u010d\u00edm\u017e se st\u00e1vaj\u00ed profesion\u00e1ln\u011bj\u0161\u00edmi a odoln\u011bj\u0161\u00edmi z hlediska vzhledu.<\/li>\n<\/ol>","protected":false},"excerpt":{"rendered":"<p>Odoln\u00e1 sklen\u011bn\u00e1 n\u00e1doba na okurky pro potravin\u00e1\u0159sk\u00e9 z\u00e1vody; A sklenice na okurky podporuje hromadn\u00e9 objedn\u00e1vky, vlastn\u00ed balen\u00ed etiket pro fermentovan\u00e9 nebo konzervovan\u00e9 produkty.<\/p>","protected":false},"featured_media":23743,"template":"","meta":[],"product_brand":[],"product_cat":[133,124,122],"product_tag":[],"class_list":{"0":"post-23742","1":"product","2":"type-product","3":"status-publish","4":"has-post-thumbnail","6":"product_cat-pickle-jars","7":"product_cat-custom-glass-jars","8":"product_cat-custom-glass-packaging","10":"first","11":"instock","12":"shipping-taxable","13":"product-type-simple"},"jetpack_sharing_enabled":true,"_links":{"self":[{"href":"https:\/\/yebodaglass.com\/cs\/wp-json\/wp\/v2\/product\/23742","targetHints":{"allow":["GET"]}}],"collection":[{"href":"https:\/\/yebodaglass.com\/cs\/wp-json\/wp\/v2\/product"}],"about":[{"href":"https:\/\/yebodaglass.com\/cs\/wp-json\/wp\/v2\/types\/product"}],"version-history":[{"count":5,"href":"https:\/\/yebodaglass.com\/cs\/wp-json\/wp\/v2\/product\/23742\/revisions"}],"predecessor-version":[{"id":25784,"href":"https:\/\/yebodaglass.com\/cs\/wp-json\/wp\/v2\/product\/23742\/revisions\/25784"}],"wp:featuredmedia":[{"embeddable":true,"href":"https:\/\/yebodaglass.com\/cs\/wp-json\/wp\/v2\/media\/23743"}],"wp:attachment":[{"href":"https:\/\/yebodaglass.com\/cs\/wp-json\/wp\/v2\/media?parent=23742"}],"wp:term":[{"taxonomy":"product_brand","embeddable":true,"href":"https:\/\/yebodaglass.com\/cs\/wp-json\/wp\/v2\/product_brand?post=23742"},{"taxonomy":"product_cat","embeddable":true,"href":"https:\/\/yebodaglass.com\/cs\/wp-json\/wp\/v2\/product_cat?post=23742"},{"taxonomy":"product_tag","embeddable":true,"href":"https:\/\/yebodaglass.com\/cs\/wp-json\/wp\/v2\/product_tag?post=23742"}],"curies":[{"name":"wp","href":"https:\/\/api.w.org\/{rel}","templated":true}]}}