{"id":23732,"date":"2025-11-14T15:47:14","date_gmt":"2025-11-14T07:47:14","guid":{"rendered":"https:\/\/yebodaglass.com\/?post_type=product&#038;p=23732"},"modified":"2025-11-14T17:05:53","modified_gmt":"2025-11-14T09:05:53","slug":"wholesale-brown-grolsch-beer-bottles-with-swing-top","status":"publish","type":"product","link":"https:\/\/yebodaglass.com\/cs\/produkt\/wholesale-brown-grolsch-beer-bottles-with-swing-top\/","title":{"rendered":"Velkoobchodn\u00ed hn\u011bd\u00e9 pivn\u00ed lahve Grolsch s v\u00fdklopn\u00fdm v\u00edkem 485ml 500ml"},"content":{"rendered":"<p data-start=\"66\" data-end=\"288\">Pivn\u00ed lahve Grolsch vyroben\u00e9 z hn\u011bd\u00e9ho skla a dostupn\u00e9 ve dvou velikostech jsou ide\u00e1ln\u00ed na tekutiny nebo pivo.<\/p>\n<h2>Vlastnosti produktu<\/h2>\n<ul>\n<li><strong>Materi\u00e1l hn\u011bd\u00e9ho skla:<\/strong> Hn\u011bd\u00e9 sklo je ide\u00e1ln\u00edm materi\u00e1lem pro ochranu p\u0159ed sv\u011btlem a z\u00e1rove\u0148 dod\u00e1v\u00e1 v\u00fdrobku staro\u017eitn\u00fd vzhled.<\/li>\n<li><strong>T\u011bsn\u011bn\u00ed Press-Stop:<\/strong> \u010cervenob\u00edl\u00fd kovov\u00fd uz\u00e1v\u011br s lisovac\u00edm uz\u00e1v\u011brem je t\u011bsnic\u00ed sou\u010d\u00e1st\u00ed t\u011bchto lahv\u00ed, d\u00edky \u010demu\u017e jsou kompatibiln\u00ed s dlouhodob\u00fdm uchov\u00e1n\u00edm \u010derstvosti a umo\u017e\u0148uj\u00ed u\u017eivatel\u016fm rychl\u00fd p\u0159\u00edstup.<\/li>\n<li><strong>R\u016fzn\u00e9 mo\u017enosti pro \u010depici:<\/strong> L\u00e1hev m\u016f\u017ee b\u00fdt bu\u010f bez uz\u00e1v\u011bru (s lisovac\u00edm uz\u00e1v\u011brem), nebo se zlat\u00fdm korunkov\u00fdm uz\u00e1v\u011brem, co\u017e v\u00e1m poskytuje r\u016fzn\u00e9 mo\u017enosti a z\u00e1rove\u0148 zvy\u0161uje v\u0161estrannost produktu.<\/li>\n<\/ul>\n<h2 style=\"text-align: left;\">Kl\u00ed\u010dov\u00e9 specifikace<\/h2>\n<table class=\"aligncenter\" style=\"border-collapse: collapse; width: 541.52pt;\" border=\"0\" width=\"722\" cellspacing=\"0\" cellpadding=\"0\">\n<tbody>\n<tr style=\"height: 13.50pt;\">\n<td style=\"height: 13.50pt; width: 119.25pt;\" width=\"159\" height=\"18\">Features<\/td>\n<td style=\"width: 422.25pt;\" width=\"563\">Describe<\/td>\n<\/tr>\n<tr style=\"height: 13.50pt;\">\n<td style=\"height: 13.50pt;\" height=\"18\">Kapacita<\/td>\n<td>485ml\/500ml<\/td>\n<\/tr>\n<tr style=\"height: 13.50pt;\">\n<td style=\"height: 13.50pt;\" height=\"18\">Rozm\u011bry<\/td>\n<td>7.75 cm \u00d7 22.6 cm\/8.1 cm \u00d7 22.3 cm<\/td>\n<\/tr>\n<tr style=\"height: 13.50pt;\">\n<td style=\"height: 13.50pt;\" height=\"18\">Materi\u00e1l<\/td>\n<td>Thick-walled brown glass (UV-blocking)<\/td>\n<\/tr>\n<tr style=\"height: 13.50pt;\">\n<td style=\"height: 13.50pt;\" height=\"18\">Typ uz\u00e1v\u011bru<\/td>\n<td>Houpac\u00ed vr\u0161ky z nerezov\u00e9 oceli s \u010dervenob\u00edlou nebo zlatou z\u00e1tkou<\/td>\n<\/tr>\n<tr style=\"height: 13.50pt;\">\n<td style=\"height: 13.50pt;\" height=\"18\">Gasket Material<\/td>\n<td>Potravin\u00e1\u0159sk\u00e1 guma (standardn\u00ed) nebo upgrade na silikon<\/td>\n<\/tr>\n<tr style=\"height: 13.50pt;\">\n<td style=\"height: 13.50pt;\" height=\"18\">Ide\u00e1ln\u00ed pro<\/td>\n<td>Va\u0159en\u00ed piva, ocet, soda, v\u00fdroba v\u00edna, \u0159emesln\u00e9 n\u00e1poje<\/td>\n<\/tr>\n<\/tbody>\n<\/table>\n<h2>P\u0159\u00edb\u011bh \u00fasp\u011bchu: Roz\u0161\u00ed\u0159en\u00ed \u0159emesln\u00e9ho pivovaru<\/h2>\n<p>M\u00edstn\u00ed \u0159emesln\u00fd pivovar, kter\u00fd vyr\u00e1b\u00ed p\u0159ev\u00e1\u017en\u011b belgick\u00e1 piva, hledal zp\u016fsob balen\u00ed, kter\u00fd by vizu\u00e1ln\u011b komunikoval kvalitu jejich produkt\u016f. Pro prvn\u00ed v\u00e1rku piva pou\u017eili na\u0161e hn\u011bd\u00e9 sklen\u011bn\u00e9 lahve s v\u00fdklopn\u00fdm v\u00edkem. D\u00edky pou\u017eit\u00ed skla odoln\u00e9ho v\u016f\u010di UV z\u00e1\u0159en\u00ed se zm\u011bna chuti piva v d\u016fsledku skladov\u00e1n\u00ed sn\u00ed\u017eila o 43 %, a t\u00edm se objem objedn\u00e1vek zv\u00fd\u0161il o 40 %. To nakonec vedlo pivovar k tomu, \u017ee tyto lahve se \u0161roubovac\u00edm uz\u00e1v\u011brem zavedl jako standardn\u00ed obal, a proto nad\u00e1le objedn\u00e1v\u00e1 ji\u017e t\u0159i \u010dtvrtlet\u00ed po sob\u011b.<\/p>\n<h2>N\u00e1vrhy na \u00fapravu pivn\u00edch lahv\u00ed Grolsch<\/h2>\n<ul>\n<li><strong>Vlastn\u00ed barva v\u00ed\u010dka:<\/strong> Vyberte si barvu keramick\u00e9ho uz\u00e1v\u011bru podle zna\u010dky uz\u00e1v\u011bru (nap\u0159. zlatou, b\u00edlou nebo \u010dernou) a okam\u017eit\u011b rozpoznajte svou zna\u010dku.<\/li>\n<li><strong>Ti\u0161t\u011bn\u00e9 logo:<\/strong> Um\u00edst\u011bte sv\u00e9 logo fyzicky na hn\u011bdou sklen\u011bnou l\u00e1hev a za\u017eijte radost sv\u00fdch z\u00e1kazn\u00edk\u016f, a\u017e se l\u00e1hve dotknou a uc\u00edt\u00ed rozd\u00edl.<\/li>\n<li><strong>Kyselinou leptan\u00e9 brandingy:<\/strong> Um\u00edst\u011bte na l\u00e1hev kr\u00e1sn\u00e9 logo nebo design pomoc\u00ed techniky lept\u00e1n\u00ed kyselinou, kter\u00e1 trvale integruje va\u0161i zna\u010dku s lahv\u00ed.<\/li>\n<li><strong>Barevn\u00e1 silikonov\u00e1 t\u011bsn\u011bn\u00ed:<\/strong> Barevn\u00e1 silikonov\u00e1 t\u011bsn\u011bn\u00ed v barv\u011b va\u0161\u00ed zna\u010dky lze pou\u017e\u00edt pro drobn\u00fd, ale velmi efektn\u00ed detail na m\u00edru, kter\u00fd bude poutav\u00fd.<\/li>\n<\/ul>","protected":false},"excerpt":{"rendered":"<p>Stylov\u00e9 l\u00e1hve na pivo grolsch s vintage \u0161armem - na\u0161e hn\u011bd\u00e9 sklen\u011bn\u00e9 l\u00e1hve s v\u00fdkyvn\u00fdm v\u00ed\u010dkem kombinuj\u00ed odolnost a prakti\u010dnost. P\u0159\u00edm\u00fd prodej z tov\u00e1rny, rychl\u00e9 dod\u00e1n\u00ed.<\/p>","protected":false},"featured_media":23751,"template":"","meta":[],"product_brand":[],"product_cat":[122,123,132],"product_tag":[],"class_list":{"0":"post-23732","1":"product","2":"type-product","3":"status-publish","4":"has-post-thumbnail","6":"product_cat-custom-glass-packaging","7":"product_cat-custom-glass-bottles","8":"product_cat-glass-flip-top-bottles","10":"first","11":"instock","12":"shipping-taxable","13":"product-type-simple"},"jetpack_sharing_enabled":true,"_links":{"self":[{"href":"https:\/\/yebodaglass.com\/cs\/wp-json\/wp\/v2\/product\/23732","targetHints":{"allow":["GET"]}}],"collection":[{"href":"https:\/\/yebodaglass.com\/cs\/wp-json\/wp\/v2\/product"}],"about":[{"href":"https:\/\/yebodaglass.com\/cs\/wp-json\/wp\/v2\/types\/product"}],"version-history":[{"count":5,"href":"https:\/\/yebodaglass.com\/cs\/wp-json\/wp\/v2\/product\/23732\/revisions"}],"predecessor-version":[{"id":23758,"href":"https:\/\/yebodaglass.com\/cs\/wp-json\/wp\/v2\/product\/23732\/revisions\/23758"}],"wp:featuredmedia":[{"embeddable":true,"href":"https:\/\/yebodaglass.com\/cs\/wp-json\/wp\/v2\/media\/23751"}],"wp:attachment":[{"href":"https:\/\/yebodaglass.com\/cs\/wp-json\/wp\/v2\/media?parent=23732"}],"wp:term":[{"taxonomy":"product_brand","embeddable":true,"href":"https:\/\/yebodaglass.com\/cs\/wp-json\/wp\/v2\/product_brand?post=23732"},{"taxonomy":"product_cat","embeddable":true,"href":"https:\/\/yebodaglass.com\/cs\/wp-json\/wp\/v2\/product_cat?post=23732"},{"taxonomy":"product_tag","embeddable":true,"href":"https:\/\/yebodaglass.com\/cs\/wp-json\/wp\/v2\/product_tag?post=23732"}],"curies":[{"name":"wp","href":"https:\/\/api.w.org\/{rel}","templated":true}]}}