{"id":23714,"date":"2025-11-14T14:43:57","date_gmt":"2025-11-14T06:43:57","guid":{"rendered":"https:\/\/yebodaglass.com\/?post_type=product&#038;p=23714"},"modified":"2025-11-14T15:28:06","modified_gmt":"2025-11-14T07:28:06","slug":"wholesale-32-oz-flip-top-bottles-with-tapered-shape","status":"publish","type":"product","link":"https:\/\/yebodaglass.com\/cs\/wholesale-32-oz-flip-top-bottles-with-tapered-shape\/","title":{"rendered":"Velkoobchodn\u00ed lahve s odkl\u00e1p\u011bc\u00edm v\u00edkem o objemu 16 oz a 32 oz s ku\u017eelov\u00fdm tvarem"},"content":{"rendered":"<p data-start=\"66\" data-end=\"288\">Tyto lahve s odkl\u00e1p\u011bc\u00edm v\u00edkem o objemu 946 ml jsou vyrobeny z \u010dir\u00e9ho skla a maj\u00ed dva stylov\u00e9 ku\u017eelovit\u00e9 designy. D\u00edky \u010dern\u00fdm nebo sv\u011btle zelen\u00fdm kovov\u00fdm klip\u016fm dok\u00e1\u017e\u00ed uchovat \u010derstvost va\u0161ich tekutin a z\u00e1rove\u0148 je u\u010dinit bezpe\u010dn\u00fdmi.<\/p>\n<h2>Vlastnosti produktu<\/h2>\n<ul>\n<li><strong>Zacvak\u00e1vac\u00ed t\u011bsn\u011bn\u00ed:<\/strong> Lahve jsou vybaveny zacvak\u00e1vac\u00edmi z\u00e1tkami, kter\u00e9 jsou zaji\u0161t\u011bny kovov\u00fdmi klipy. To zaji\u0161\u0165uje dobr\u00e9 ut\u011bsn\u011bn\u00ed, d\u00edky \u010demu\u017e je \u00fa\u010dinn\u011b zachov\u00e1na \u010derstvost obsahu a otev\u00edr\u00e1n\u00ed a zav\u00edr\u00e1n\u00ed je snaz\u0161\u00ed.<\/li>\n<li><strong>V\u00edce ku\u017eelov\u00fdch tvar\u016f:<\/strong> Unik\u00e1tn\u00ed a modern\u00ed design lahv\u00ed je pro spot\u0159ebitele l\u00e9pe rozpoznateln\u00fd a z\u00e1rove\u0148 umo\u017e\u0148uje pohodln\u011bj\u0161\u00ed uchopen\u00ed. Nav\u00edc jsou lahve k dispozici v ku\u017eelovit\u00e9m i prot\u00e1hl\u00e9m tvaru.<\/li>\n<li><strong>Dv\u011b velikosti, dva styly:<\/strong> Existuj\u00ed dva typy produkt\u016f, ka\u017ed\u00fd s r\u016fzn\u00fdmi velikostmi a \u010dern\u00fdm nebo sv\u011btle zelen\u00fdm uz\u00e1v\u011brem, aby spl\u0148oval r\u016fzn\u00e9 estetick\u00e9 preference a sc\u00e9n\u00e1\u0159e pou\u017eit\u00ed.<\/li>\n<\/ul>\n<h2 style=\"text-align: left;\">Kl\u00ed\u010dov\u00e9 specifikace<\/h2>\n<table class=\"aligncenter\" width=\"741\">\n<tbody>\n<tr>\n<td width=\"159\">Funkce<\/td>\n<td width=\"582\">Podrobnosti<\/td>\n<\/tr>\n<tr>\n<td>Materi\u00e1l<\/td>\n<td>Vysoce \u010dir\u00e9 sklo<\/td>\n<\/tr>\n<tr>\n<td>Rozm\u011bry<\/td>\n<td>500 ml: 8 cm \u00d7 23 cm \/ 1000 ml: 10 cm \u00d7 29 cm<\/td>\n<\/tr>\n<tr>\n<td>Typ uz\u00e1v\u011bru<\/td>\n<td>Houpac\u00ed v\u00edko s nerezov\u00fdm \u00fachytem + barevn\u00e1 zar\u00e1\u017eka (lze p\u0159izp\u016fsobit)<\/td>\n<\/tr>\n<tr>\n<td>Mo\u017enosti t\u011bsn\u011bn\u00ed<\/td>\n<td>Potravin\u00e1\u0159sk\u00e1 guma nebo silikon<\/td>\n<\/tr>\n<tr>\n<td>V\u00fdkon t\u011bsn\u011bn\u00ed<\/td>\n<td>Vzduchot\u011bsn\u00fd, odoln\u00fd proti \u00faniku, zvl\u00e1d\u00e1 karbonizaci a kysel\u00fd obsah<\/td>\n<\/tr>\n<tr>\n<td>Ide\u00e1ln\u00ed pro<\/td>\n<td>Kombucha, soda, ocet, va\u0159en\u00ed piva, \u0159emesln\u00e9 v\u00fdrobky<\/td>\n<\/tr>\n<\/tbody>\n<\/table>\n<h2>P\u0159\u00edb\u011bh \u00fasp\u011bchu: Pos\u00edlen\u00ed image zna\u010dky \u0159emesln\u00e9ho piva<\/h2>\n<p>Balen\u00ed startupu vyr\u00e1b\u011bj\u00edc\u00edho \u0159emeslnou k\u00e1vu za studena a kombuchu bylo hlavn\u00edm bodem, kter\u00fd musela spole\u010dnost zv\u00e1\u017eit, aby odr\u00e1\u017eela modern\u00ed koncept zna\u010dky. Rozhodli se p\u0159ej\u00edt od tradi\u010dn\u00edch lahv\u00ed k na\u0161im sklen\u011bn\u00fdm lahv\u00edm o objemu 16 oz. D\u00edky jejich inovativn\u00edmu designu lahv\u00ed si jejich produkty v\u0161imnou v p\u0159epln\u011bn\u00e9m reg\u00e1lu a maloobchodn\u00edci zaznamenali 20% n\u00e1r\u016fst po\u010dtu prvn\u00edch kupuj\u00edc\u00edch. M\u00edra op\u011btovn\u00fdch n\u00e1kup\u016f vzrostla o 39 %, proto\u017ee z\u00e1kazn\u00edci si obl\u00edbili opakovan\u011b pou\u017eiteln\u00fd design a estetiku lahv\u00ed. Po\u010det jejich objedn\u00e1vek lahv\u00ed nyn\u00ed dosahuje 150 000 za \u010dtvrtlet\u00ed.<\/p>\n<h2>N\u00e1vrhy na \u00fapravu lahv\u00ed s odkl\u00e1p\u011bc\u00edm v\u00edkem o objemu 32 oz<\/h2>\n<ul>\n<li><strong>Unik\u00e1tn\u00ed barva v\u00ed\u010dka:<\/strong> Vytvo\u0159te si jedine\u010dn\u00fd vzhled v\u00fdb\u011brem barvy va\u0161\u00ed keramick\u00e9 \u010depice z \u0161irok\u00e9 \u0161k\u00e1ly mo\u017enost\u00ed, jako je \u010dern\u00e1 nebo sv\u011btle zelen\u00e1, kter\u00e9 jsou zobrazeny na fotografii.<\/li>\n<li><strong>Povrch z matn\u00e9ho skla:<\/strong> Pln\u011b matn\u00fd povrch je skv\u011blou zm\u011bnou oproti pr\u016fhledn\u00e9 sklen\u011bn\u00e9 lahvi\u010dce, kter\u00e1 nejen\u017ee dod\u00e1v\u00e1 jemn\u00fd a sofistikovan\u00fd matn\u00fd vzhled, ale tak\u00e9 slou\u017e\u00ed jako povrch odoln\u00fd proti otisk\u016fm prst\u016f.<\/li>\n<li><strong>Leskl\u00fd s\u00edtotisk:<\/strong> Vytiskn\u011bte ostr\u00e1 a \u017eiv\u00e1 loga a grafiku zna\u010dek na obrys lahve pro trval\u00fd a poutav\u00fd image zna\u010dky.<\/li>\n<li><strong>Kyselinou leptan\u00e9 ozna\u010den\u00ed kapacity:<\/strong> Zatraktivn\u011bte vzhled sv\u00e9 lahve pomoc\u00ed ozdobn\u00fdch reli\u00e9fn\u00edch nebo kyselinou leptan\u00fdch zna\u010dek objemu. Nap\u0159\u00edklad stupnice po 16 oz a 32 oz nejen snadno identifikuj\u00ed objem, ale tak\u00e9 elegantn\u011b dopl\u0148uj\u00ed design lahve.<\/li>\n<\/ul>","protected":false},"excerpt":{"rendered":"<p>Vyberte si pr\u00e9miov\u00e9 sklen\u011bn\u00e9 lahve o objemu 16 oz a odoln\u00e9 lahve s odkl\u00e1p\u011bc\u00edm v\u00edkem o objemu 32 oz pro v\u0161estrannost a vynikaj\u00edc\u00ed uchov\u00e1n\u00ed. Prodej p\u0159\u00edmo od v\u00fdrobce, k dispozici jsou bezplatn\u00e9 vzorky.<\/p>","protected":false},"featured_media":23725,"template":"","meta":[],"product_brand":[],"product_cat":[122,123,132],"product_tag":[],"class_list":{"0":"post-23714","1":"product","2":"type-product","3":"status-publish","4":"has-post-thumbnail","6":"product_cat-custom-glass-packaging","7":"product_cat-custom-glass-bottles","8":"product_cat-glass-flip-top-bottles","10":"first","11":"instock","12":"shipping-taxable","13":"product-type-simple"},"jetpack_sharing_enabled":true,"_links":{"self":[{"href":"https:\/\/yebodaglass.com\/cs\/wp-json\/wp\/v2\/product\/23714","targetHints":{"allow":["GET"]}}],"collection":[{"href":"https:\/\/yebodaglass.com\/cs\/wp-json\/wp\/v2\/product"}],"about":[{"href":"https:\/\/yebodaglass.com\/cs\/wp-json\/wp\/v2\/types\/product"}],"version-history":[{"count":2,"href":"https:\/\/yebodaglass.com\/cs\/wp-json\/wp\/v2\/product\/23714\/revisions"}],"predecessor-version":[{"id":23729,"href":"https:\/\/yebodaglass.com\/cs\/wp-json\/wp\/v2\/product\/23714\/revisions\/23729"}],"wp:featuredmedia":[{"embeddable":true,"href":"https:\/\/yebodaglass.com\/cs\/wp-json\/wp\/v2\/media\/23725"}],"wp:attachment":[{"href":"https:\/\/yebodaglass.com\/cs\/wp-json\/wp\/v2\/media?parent=23714"}],"wp:term":[{"taxonomy":"product_brand","embeddable":true,"href":"https:\/\/yebodaglass.com\/cs\/wp-json\/wp\/v2\/product_brand?post=23714"},{"taxonomy":"product_cat","embeddable":true,"href":"https:\/\/yebodaglass.com\/cs\/wp-json\/wp\/v2\/product_cat?post=23714"},{"taxonomy":"product_tag","embeddable":true,"href":"https:\/\/yebodaglass.com\/cs\/wp-json\/wp\/v2\/product_tag?post=23714"}],"curies":[{"name":"wp","href":"https:\/\/api.w.org\/{rel}","templated":true}]}}