{"id":23709,"date":"2025-11-14T15:58:45","date_gmt":"2025-11-14T07:58:45","guid":{"rendered":"https:\/\/yebodaglass.com\/?post_type=product&#038;p=23709"},"modified":"2026-03-11T15:12:59","modified_gmt":"2026-03-11T07:12:59","slug":"clear-glass-large-pickle-jars-with-metal-lids-bulk","status":"publish","type":"product","link":"https:\/\/yebodaglass.com\/cs\/clear-glass-large-pickle-jars-with-metal-lids-bulk\/","title":{"rendered":"Velk\u00e9 sklenice na okurky z \u010dir\u00e9ho skla s kovov\u00fdmi v\u00ed\u010dky, voln\u011b lo\u017een\u00e9"},"content":{"rendered":"<p>Jedn\u00e1 se o velkou sklenici na okurky s \u0161irok\u00fdm hrdlem v\u00e1lcovit\u00e9ho tvaru, vyrobenou z \u010dir\u00e9ho skla, kter\u00e9 je odoln\u00e9 a m\u00e1 tak\u00e9 pevn\u00fd a bezpe\u010dn\u00fd st\u0159\u00edbrn\u00fd kovov\u00fd \u0161roubovac\u00ed uz\u00e1v\u011br, kter\u00fd zaji\u0161\u0165uje vzduchot\u011bsn\u00e9 a bezpe\u010dn\u00e9 uchycen\u00ed, co\u017e z n\u00ed \u010din\u00ed nejlep\u0161\u00ed volbu pro fermentaci a konzervaci okurek, marin\u00e1d i zava\u0159enin.<\/p>\n<h2>Vlastnosti produktu<\/h2>\n<ul>\n<li><strong>Klasick\u00fd design se \u0161irok\u00fdmi \u00fasty:<\/strong> \u0160irok\u00e9 hrdlo usnad\u0148uje pln\u011bn\u00ed, balen\u00ed i \u010di\u0161t\u011bn\u00ed, co\u017e je nezbytn\u00e9 p\u0159i zava\u0159ov\u00e1n\u00ed a fermentaci.<\/li>\n<li><strong>Bezpe\u010dn\u00e1 kovov\u00e1 pe\u010de\u0165:<\/strong> St\u0159\u00edbrn\u00fd kovov\u00fd \u0161roubovac\u00ed uz\u00e1v\u011br slou\u017e\u00ed k udr\u017een\u00ed vzduchu v potravin\u00e1ch a jejich fermentaci a tak\u00e9 pom\u00e1h\u00e1 udr\u017eovat potraviny \u010derstv\u00e9.<\/li>\n<li><strong>Pr\u016fhledn\u00fd:<\/strong> D\u00edky pr\u016fhledn\u00e9 sklen\u011bn\u00e9 n\u00e1dob\u011b je snadn\u00e9 sledovat j\u00eddlo ve sklenici, mno\u017estv\u00ed n\u00e1levu a proces fermentace.<\/li>\n<\/ul>\n<h2>Kl\u00ed\u010dov\u00e9 specifikace<\/h2>\n<table style=\"border-collapse: collapse; width: 80%; margin-left: auto; margin-right: auto;\" border=\"0\" width=\"288\" cellspacing=\"0\" cellpadding=\"0\">\n<tbody>\n<tr style=\"height: 13.50pt;\">\n<td style=\"height: 13.5pt; width: 54pt; text-align: center;\" width=\"72\" height=\"18\">Kapacita (ml)<\/td>\n<td style=\"width: 54pt; text-align: center;\" width=\"72\">Velikost (cm)<\/td>\n<td style=\"width: 54pt; text-align: center;\" width=\"72\">Povrchov\u00e1 \u00faprava<\/td>\n<td style=\"width: 54pt; text-align: center;\" width=\"72\">Tvar<\/td>\n<\/tr>\n<tr style=\"height: 13.50pt;\">\n<td style=\"height: 13.5pt; text-align: center;\" height=\"18\">750<\/td>\n<td style=\"text-align: center;\">9,3 \u00d7 15,1<\/td>\n<td class=\"et2\" style=\"text-align: center;\" rowspan=\"3\">St\u0159\u00edk\u00e1n\u00ed, \u0159ezba, ra\u017eba atd.<\/td>\n<td class=\"et2\" style=\"text-align: center;\" rowspan=\"3\">Kolo<\/td>\n<\/tr>\n<tr style=\"height: 13.50pt;\">\n<td style=\"height: 13.5pt; text-align: center;\" height=\"18\">950<\/td>\n<td style=\"text-align: center;\">9,1 \u00d7 18,8<\/td>\n<\/tr>\n<tr style=\"height: 13.50pt;\">\n<td style=\"height: 13.5pt; text-align: center;\" height=\"18\">1500<\/td>\n<td style=\"text-align: center;\">10,5 \u00d7 20,4<\/td>\n<\/tr>\n<\/tbody>\n<\/table>\n<h2>P\u0159\u00edpadov\u00e1 studie \u00fasp\u011bchu: Zak\u00e1zkov\u00e1 objedn\u00e1vka zna\u010dky Fermentation v severoz\u00e1padn\u00edm Pacifiku<\/h2>\n<p>Na\u0161i sklenici na okurky si vybrala profesion\u00e1ln\u00ed fermenta\u010dn\u00ed spole\u010dnost v Americe, kter\u00e1 ji personalizovala jantarov\u00fdm sklem a matn\u00fdm \u010dern\u00fdm kovov\u00fdm v\u00ed\u010dkem s vestav\u011bn\u00fdm gumov\u00fdm t\u011bsnic\u00edm krou\u017ekem. Jedn\u00e1 se o zak\u00e1zkov\u00fd design, kter\u00fd \u0159e\u0161il jeden hlavn\u00ed probl\u00e9m: jantarov\u00e9 sklo sni\u017euje pronik\u00e1n\u00ed sv\u011btla, co\u017e zabra\u0148uje r\u016fstu \u0159as, a t\u00edm sni\u017euje m\u00edru znehodnocen\u00ed o 18 %. Vysoce kvalitn\u00ed t\u011bsn\u011bn\u00ed v\u00ed\u010dka d\u00e1le prodlou\u017eilo trvanlivost okurek o \u010dtvrtinu. Jejich v\u00fdsledky byly velmi dobr\u00e9 a spole\u010dnost uskute\u010dnila dal\u0161\u00ed objedn\u00e1vku 80 000 sklenic, aby usnadnila expanzi do maloobchodn\u00edch prodejen po cel\u00e9 zemi.<\/p>\n<h2>Doporu\u010den\u00ed pro \u00fapravu velk\u00fdch sklenic na okurky<\/h2>\n<ul>\n<li>Sklo odoln\u00e9 proti sv\u011btlu: dod\u00e1v\u00e1 se ve sklen\u011bn\u00fdch n\u00e1dob\u00e1ch jantarov\u00e9 nebo zelen\u00e9 barvy pro uchov\u00e1n\u00ed sv\u011btlocitliv\u00fdch fermentovan\u00fdch a nakl\u00e1dan\u00fdch potravin.<\/li>\n<li>Speci\u00e1ln\u00ed syst\u00e9my v\u00ed\u010dek: v\u00ed\u010dka jsou k dispozici s vestav\u011bn\u00fdmi gumov\u00fdmi t\u011bsn\u011bn\u00edmi, fermenta\u010dn\u00edmi ventily nebo vnit\u0159n\u00edmi st\u011bnami s plastov\u00fdm potahem, aby se zabr\u00e1nilo korozi kyselin a sol\u00ed.<\/li>\n<li>Vlastn\u00ed tvary sklenic: P\u0159epracov\u00e1n\u00ed tradi\u010dn\u00edch v\u00e1lcov\u00fdch sklenic na \u010dtvercov\u00e9 nebo obd\u00e9ln\u00edkov\u00e9, kter\u00e9 se efektivn\u011bji vystav\u00ed v reg\u00e1lech a zabal\u00ed.<\/li>\n<\/ul>","protected":false},"excerpt":{"rendered":"<p>D\u00f3za na okurky s \u0161irok\u00fdm hrdlem pro snadn\u00e9 pln\u011bn\u00ed a \u010di\u0161t\u011bn\u00ed. Spolehliv\u00e1 velk\u00e1 d\u00f3za na okurky ide\u00e1ln\u00ed pro dom\u00e1c\u00ed nakl\u00e1d\u00e1n\u00ed a skladov\u00e1n\u00ed v kuchyni. Rychl\u00e9 dod\u00e1n\u00ed.<\/p>","protected":false},"featured_media":23740,"template":"","meta":[],"product_brand":[],"product_cat":[122,124,133],"product_tag":[],"class_list":{"0":"post-23709","1":"product","2":"type-product","3":"status-publish","4":"has-post-thumbnail","6":"product_cat-custom-glass-packaging","7":"product_cat-custom-glass-jars","8":"product_cat-pickle-jars","10":"first","11":"instock","12":"shipping-taxable","13":"product-type-simple"},"jetpack_sharing_enabled":true,"_links":{"self":[{"href":"https:\/\/yebodaglass.com\/cs\/wp-json\/wp\/v2\/product\/23709","targetHints":{"allow":["GET"]}}],"collection":[{"href":"https:\/\/yebodaglass.com\/cs\/wp-json\/wp\/v2\/product"}],"about":[{"href":"https:\/\/yebodaglass.com\/cs\/wp-json\/wp\/v2\/types\/product"}],"version-history":[{"count":5,"href":"https:\/\/yebodaglass.com\/cs\/wp-json\/wp\/v2\/product\/23709\/revisions"}],"predecessor-version":[{"id":25378,"href":"https:\/\/yebodaglass.com\/cs\/wp-json\/wp\/v2\/product\/23709\/revisions\/25378"}],"wp:featuredmedia":[{"embeddable":true,"href":"https:\/\/yebodaglass.com\/cs\/wp-json\/wp\/v2\/media\/23740"}],"wp:attachment":[{"href":"https:\/\/yebodaglass.com\/cs\/wp-json\/wp\/v2\/media?parent=23709"}],"wp:term":[{"taxonomy":"product_brand","embeddable":true,"href":"https:\/\/yebodaglass.com\/cs\/wp-json\/wp\/v2\/product_brand?post=23709"},{"taxonomy":"product_cat","embeddable":true,"href":"https:\/\/yebodaglass.com\/cs\/wp-json\/wp\/v2\/product_cat?post=23709"},{"taxonomy":"product_tag","embeddable":true,"href":"https:\/\/yebodaglass.com\/cs\/wp-json\/wp\/v2\/product_tag?post=23709"}],"curies":[{"name":"wp","href":"https:\/\/api.w.org\/{rel}","templated":true}]}}