{"id":23693,"date":"2025-11-14T13:16:17","date_gmt":"2025-11-14T05:16:17","guid":{"rendered":"https:\/\/yebodaglass.com\/?post_type=product&#038;p=23693"},"modified":"2026-03-26T13:59:14","modified_gmt":"2026-03-26T05:59:14","slug":"wholesale-clear-flip-top-glass-bottles-1-liter","status":"publish","type":"product","link":"https:\/\/yebodaglass.com\/cs\/produkt\/wholesale-clear-flip-top-glass-bottles-1-liter\/","title":{"rendered":"Velkoobchodn\u00ed prodej \u010dir\u00fdch sklen\u011bn\u00fdch lahv\u00ed s odklopn\u00fdm v\u00edkem o objemu 1 litr"},"content":{"rendered":"<p data-start=\"66\" data-end=\"288\">Sklen\u011bn\u00e9 lahve s odkl\u00e1p\u011bc\u00edm v\u00ed\u010dkem o objemu 1 litr s vysok\u00fdm rovn\u00fdm v\u00e1lcov\u00fdm tvarem jsou vyrobeny z k\u0159i\u0161\u0165\u00e1lov\u011b \u010dir\u00e9ho skla s odkl\u00e1p\u011bc\u00edm v\u00ed\u010dkem. Tradi\u010dn\u00ed kovov\u00e1 dr\u00e1t\u011bn\u00e1 p\u0159ezka na v\u00ed\u010dku pevn\u011b p\u0159ipev\u0148uje \u010dervenob\u00edlou keramickou nebo plastovou z\u00e1tku, kter\u00e1 m\u00e1 gumov\u00e9 t\u011bsn\u011bn\u00ed a vytv\u00e1\u0159\u00ed tak siln\u00e9 vzduchot\u011bsn\u00e9 uz\u00e1v\u011bry.<\/p>\n<h2>Vlastnosti produktu<\/h2>\n<ul>\n<li><strong>Velk\u00fd objem 1 litr:<\/strong> Velk\u00e1 velikost je skv\u011bl\u00e1 pro p\u0159\u00edpravu n\u00e1poj\u016f ve velk\u00e9m mno\u017estv\u00ed, pro louhov\u00e1n\u00ed a lze ji pou\u017e\u00edt jako b\u011b\u017enou l\u00e1hev na vodu.<\/li>\n<li><strong>Ut\u011bsn\u011bn\u00fd odkl\u00e1p\u011bc\u00ed vr\u0161ek:<\/strong> T\u011bsnic\u00ed krou\u017eek a kovov\u00e1 spona zajist\u00ed t\u011bsn\u00e9 ut\u011bsn\u011bn\u00ed, kter\u00e9 umo\u017en\u00ed produktu zachovat \u010derstvost obsahu nebo zabr\u00e1n\u00ed vylit\u00ed sycen\u00fdch n\u00e1poj\u016f.<\/li>\n<li><strong>\u0160iroko\u00fahl\u00e9 \u010dir\u00e9 sklo:<\/strong> Skrz pr\u016fhlednou lahvi\u010dku snadno uvid\u00edte hladinu a \u010dirost.<\/li>\n<\/ul>\n<h2 style=\"text-align: left;\">Kl\u00ed\u010dov\u00e9 specifikace<\/h2>\n<table class=\"aligncenter\" style=\"border-collapse: collapse; width: 476.27pt;\" border=\"0\" width=\"635\" cellspacing=\"0\" cellpadding=\"0\">\n<tbody>\n<tr style=\"height: 13.50pt;\">\n<td style=\"height: 13.50pt; width: 119.25pt;\" width=\"159\" height=\"18\">Specifikace<\/td>\n<td style=\"width: 357.00pt;\" width=\"476\">Podrobnosti<\/td>\n<\/tr>\n<tr style=\"height: 13.50pt;\">\n<td style=\"height: 13.50pt;\" height=\"18\">Kapacita<\/td>\n<td>1 litr (32 unc\u00ed)<\/td>\n<\/tr>\n<tr style=\"height: 13.50pt;\">\n<td style=\"height: 13.50pt;\" height=\"18\">Rozm\u011bry<\/td>\n<td>8,7 cm \u00d7 29,6 cm<\/td>\n<\/tr>\n<tr style=\"height: 13.50pt;\">\n<td style=\"height: 13.50pt;\" height=\"18\">Materi\u00e1l<\/td>\n<td>Vysoce \u010dir\u00e9, \u010dir\u00e9 sklo vhodn\u00e9 do potravin\u00e1\u0159stv\u00ed<\/td>\n<\/tr>\n<tr style=\"height: 13.50pt;\">\n<td style=\"height: 13.50pt;\" height=\"18\">Vnit\u0159n\u00ed pr\u016fm\u011br krku<\/td>\n<td>2 cm<\/td>\n<\/tr>\n<tr style=\"height: 13.50pt;\">\n<td style=\"height: 13.50pt;\" height=\"18\">Typ uz\u00e1v\u011bru<\/td>\n<td>Houpac\u00ed v\u00edko s \u010dervenou z\u00e1tkou + nerezov\u00e1 \u00fachytka<\/td>\n<\/tr>\n<tr style=\"height: 13.50pt;\">\n<td style=\"height: 13.50pt;\" height=\"18\">Mo\u017enosti t\u011bsn\u011bn\u00ed<\/td>\n<td>Standardn\u00ed guma<\/td>\n<\/tr>\n<tr style=\"height: 13.50pt;\">\n<td style=\"height: 13.50pt;\" height=\"18\">Ide\u00e1ln\u00ed pro<\/td>\n<td>Kombucha, soda, ocet, va\u0159en\u00ed piva, v\u00fdroba v\u00edna<\/td>\n<\/tr>\n<\/tbody>\n<\/table>\n<h2>P\u0159\u00edb\u011bh \u00fasp\u011bchu<\/h2>\n<p>Na\u0161e litrov\u00e9 \u010dir\u00e9 sklen\u011bn\u00e9 lahve si vybrala obrovsk\u00e1 spole\u010dnost vyr\u00e1b\u011bj\u00edc\u00ed za studena lisovan\u00e9 d\u017eusy v Kalifornii a ozna\u010den\u00ed ud\u00e1vaj\u00edc\u00ed objem je s\u00edtotiskem a p\u0159izp\u016fsobeno firm\u011b. Lahve vyroben\u00e9 na m\u00edru byly pou\u017eity k \u0159e\u0161en\u00ed n\u011bkter\u00fdch hlavn\u00edch provozn\u00edch probl\u00e9m\u016f: vzduchot\u011bsn\u00e9 v\u00ed\u010dko a velk\u00e1 velikost prodlou\u017eily trvanlivost nepasterizovan\u00fdch d\u017eus\u016f o 30 let, minimalizovalo se znehodnocen\u00ed a d\u017eusy se sv\u00fdmi jasn\u00fdmi barvami se nejl\u00e9pe vyj\u00edmaly ve sklen\u011bn\u00fdch lahv\u00edch. Tvrd\u00ed, \u017ee zaznamenali 20% n\u00e1r\u016fst p\u0159\u00edm\u00e9ho prodeje do kav\u00e1ren. Na z\u00e1klad\u011b tohoto \u00fasp\u011bchu uskute\u010dnili dal\u0161\u00ed objedn\u00e1vku 650 000 lahv\u00ed, aby p\u0159edstavili novou kategorii funk\u010dn\u00edch zdrav\u00fdch n\u00e1poj\u016f.<\/p>\n<h2>Doporu\u010den\u00ed pro \u00fapravu \u010dir\u00fdch sklen\u011bn\u00fdch lahv\u00ed<\/h2>\n<ul>\n<li>Povrchov\u00e9 \u00fapravy p\u0159ezek a z\u00e1tek na lahve: Zna\u010dku lze p\u0159izp\u016fsobit \u0159adou povrchov\u00fdch \u00faprav (m\u011b\u010f, mosaz, matn\u00e1 \u010dern\u00e1) a r\u016fzn\u00fdmi barevn\u00fdmi z\u00e1tky.<\/li>\n<li>Barevn\u00e9 sklo odoln\u00e9 v\u016f\u010di UV z\u00e1\u0159en\u00ed: litrov\u00e9 v\u00e1lcov\u00e9 lahve vyroben\u00e9 z jantarov\u00e9ho nebo zelen\u00e9ho skla jsou vyrobeny k ochran\u011b n\u00e1poj\u016f citliv\u00fdch na sv\u011btlo, jako je kombucha, pivo nebo n\u011bkter\u00e9 oleje.<\/li>\n<li>Obd\u00e9ln\u00edkov\u00fd design: Design lahve o objemu 1 litr je obd\u00e9ln\u00edkov\u00fd, co\u017e \u0161et\u0159\u00ed m\u00edsto v lednici a p\u0159i stohov\u00e1n\u00ed na polic\u00edch.<\/li>\n<li>Silikonov\u00fd ochrann\u00fd obal\/chr\u00e1nic\u00ed kryt: Jedn\u00e1 se o odn\u00edmateln\u00fd, protiskluzov\u00fd silikonov\u00fd obal, kter\u00fd chr\u00e1n\u00ed spodn\u00ed polovinu lahve p\u0159ed n\u00e1razy, izoluje lahev a z\u00e1rove\u0148 zaji\u0161\u0165uje lep\u0161\u00ed \u00fachop.<\/li>\n<\/ul>","protected":false},"excerpt":{"rendered":"<p>Odoln\u00e1 \u010dir\u00e1 sklen\u011bn\u00e1 l\u00e1hev a pr\u00e9miov\u00e9 sklen\u011bn\u00e9 lahve s odkl\u00e1p\u011bc\u00edm v\u00edkem o objemu 1 litr, ide\u00e1ln\u00ed pro n\u00e1poje a skladov\u00e1n\u00ed. K\u0159i\u0161\u0165\u00e1lov\u011b pr\u016fhledn\u00fd design s vzduchot\u011bsn\u00fdm uz\u00e1v\u011brem. Vzorky zdarma.<\/p>","protected":false},"featured_media":23704,"template":"","meta":[],"product_brand":[],"product_cat":[132,123,122],"product_tag":[],"class_list":{"0":"post-23693","1":"product","2":"type-product","3":"status-publish","4":"has-post-thumbnail","6":"product_cat-glass-flip-top-bottles","7":"product_cat-custom-glass-bottles","8":"product_cat-custom-glass-packaging","10":"first","11":"instock","12":"shipping-taxable","13":"product-type-simple"},"jetpack_sharing_enabled":true,"_links":{"self":[{"href":"https:\/\/yebodaglass.com\/cs\/wp-json\/wp\/v2\/product\/23693","targetHints":{"allow":["GET"]}}],"collection":[{"href":"https:\/\/yebodaglass.com\/cs\/wp-json\/wp\/v2\/product"}],"about":[{"href":"https:\/\/yebodaglass.com\/cs\/wp-json\/wp\/v2\/types\/product"}],"version-history":[{"count":5,"href":"https:\/\/yebodaglass.com\/cs\/wp-json\/wp\/v2\/product\/23693\/revisions"}],"predecessor-version":[{"id":25626,"href":"https:\/\/yebodaglass.com\/cs\/wp-json\/wp\/v2\/product\/23693\/revisions\/25626"}],"wp:featuredmedia":[{"embeddable":true,"href":"https:\/\/yebodaglass.com\/cs\/wp-json\/wp\/v2\/media\/23704"}],"wp:attachment":[{"href":"https:\/\/yebodaglass.com\/cs\/wp-json\/wp\/v2\/media?parent=23693"}],"wp:term":[{"taxonomy":"product_brand","embeddable":true,"href":"https:\/\/yebodaglass.com\/cs\/wp-json\/wp\/v2\/product_brand?post=23693"},{"taxonomy":"product_cat","embeddable":true,"href":"https:\/\/yebodaglass.com\/cs\/wp-json\/wp\/v2\/product_cat?post=23693"},{"taxonomy":"product_tag","embeddable":true,"href":"https:\/\/yebodaglass.com\/cs\/wp-json\/wp\/v2\/product_tag?post=23693"}],"curies":[{"name":"wp","href":"https:\/\/api.w.org\/{rel}","templated":true}]}}