{"id":23678,"date":"2025-11-14T14:23:47","date_gmt":"2025-11-14T06:23:47","guid":{"rendered":"https:\/\/yebodaglass.com\/?post_type=product&#038;p=23678"},"modified":"2026-03-11T16:11:43","modified_gmt":"2026-03-11T08:11:43","slug":"clear-glass-pickle-jars-with-black-lids-wholesale","status":"publish","type":"product","link":"https:\/\/yebodaglass.com\/cs\/clear-glass-pickle-jars-with-black-lids-wholesale\/","title":{"rendered":"Velkoobchodn\u00ed prodej sklenic na okurky s \u010dern\u00fdm v\u00ed\u010dkem o objemu 105 ml \u2013 550 ml"},"content":{"rendered":"<p>Hladk\u00e1, v\u00e1lcov\u00e1, k\u0159i\u0161\u0165\u00e1lov\u011b \u010dir\u00e1 sklen\u011bn\u00e1 n\u00e1doba na okurky s matn\u00fdm \u010dern\u00fdm kovov\u00fdm \u0161roubovac\u00edm uz\u00e1v\u011brem naho\u0159e, kter\u00fd zaji\u0161\u0165uje dokonal\u00e9 ut\u011bsn\u011bn\u00ed. Tento typ n\u00e1doby je nejlep\u0161\u00ed volbou pro pou\u017eit\u00ed p\u0159i kva\u0161en\u00ed okurek, marin\u00e1d a zava\u0159ov\u00e1n\u00ed.<\/p>\n<h2>Vlastnosti produktu<\/h2>\n<ul>\n<li><strong>Jednoduch\u00fd v\u00e1lcov\u00fd design:<\/strong> Je jednoduch\u00fd, s rovn\u00fdmi st\u011bnami a dnem, kter\u00e9 se snadno \u010dist\u00ed a tak\u00e9 efektivn\u011bji vyu\u017e\u00edv\u00e1 prostor.<\/li>\n<li><strong>Vysoce \u010dir\u00e9 sklo:<\/strong> Pr\u016fhledn\u00e9 sklo umo\u017e\u0148uje vid\u011bt dovnit\u0159 a sledovat stav j\u00eddla.<\/li>\n<li><strong>Bezpe\u010dn\u00fd \u010dern\u00fd kovov\u00fd uz\u00e1v\u011br:<\/strong> Tento \u010dern\u00fd \u0161roubovac\u00ed uz\u00e1v\u011br je velmi \u00fa\u010dinn\u00fd, proto\u017ee nab\u00edz\u00ed t\u011bsn\u00e9 uzav\u0159en\u00ed, kter\u00e9 je vzduchot\u011bsn\u00e9, a proto vydr\u017e\u00ed dlouho skladovat.<\/li>\n<\/ul>\n<h2>Kl\u00ed\u010dov\u00e9 specifikace<\/h2>\n<table style=\"border-collapse: collapse; width: 80%; margin-left: auto; margin-right: auto;\" border=\"0\" width=\"288\" cellspacing=\"0\" cellpadding=\"0\">\n<tbody>\n<tr style=\"height: 13.50pt;\">\n<td style=\"height: 13.5pt; width: 54pt; text-align: center;\" width=\"72\" height=\"18\">Kapacita (ml)<\/td>\n<td style=\"width: 54pt; text-align: center;\" width=\"72\">Velikost (cm)<\/td>\n<td style=\"width: 54pt; text-align: center;\" width=\"72\">Tvar<\/td>\n<\/tr>\n<tr style=\"height: 13.50pt;\">\n<td style=\"height: 13.5pt; text-align: center;\" align=\"right\" height=\"18\">105<\/td>\n<td style=\"text-align: center;\">5,5 x 6,5<\/td>\n<td class=\"et2\" style=\"text-align: center;\" rowspan=\"5\">Kolo<\/td>\n<\/tr>\n<tr style=\"height: 13.50pt;\">\n<td style=\"height: 13.5pt; text-align: center;\" align=\"right\" height=\"18\">230<\/td>\n<td style=\"text-align: center;\">6,7 \u00d7 9,0<\/td>\n<\/tr>\n<tr style=\"height: 13.50pt;\">\n<td style=\"height: 13.5pt; text-align: center;\" align=\"right\" height=\"18\">350<\/td>\n<td style=\"text-align: center;\">7,4 \u00d7 10,9<\/td>\n<\/tr>\n<tr style=\"height: 13.50pt;\">\n<td style=\"height: 13.5pt; text-align: center;\" align=\"right\" height=\"18\">420<\/td>\n<td style=\"text-align: center;\">9,4 \u00d7 9,2<\/td>\n<\/tr>\n<tr style=\"height: 13.50pt;\">\n<td style=\"height: 13.5pt; text-align: center;\" align=\"right\" height=\"18\">550<\/td>\n<td style=\"text-align: center;\">8,6 \u00d7 12,6<\/td>\n<\/tr>\n<\/tbody>\n<\/table>\n<h2>P\u0159\u00edpad \u00fasp\u011bchu<\/h2>\n<p>Jedna z firem vyr\u00e1b\u011bj\u00edc\u00edch nakl\u00e1dac\u00ed sklenice v Austinu vzala na\u0161e nakl\u00e1dac\u00ed sklenice a nechala si vyrobit jin\u00e9 v\u00edko s laserov\u011b grav\u00edrovan\u00fdmi \u010darami a b\u00edlou plastizolovou vlo\u017ekou, kter\u00e1 zajistila v\u011bt\u0161\u00ed odolnost sklenic v\u016f\u010di kyselin\u00e1m. Tyto mo\u017enosti p\u0159izp\u016fsoben\u00ed p\u0159inesly hmatatelnou hodnotu: d\u00edky nim dok\u00e1zala sn\u00ed\u017eit pl\u00fdtv\u00e1n\u00ed surovinami o 15 procent p\u0159i hromadn\u00e9 v\u00fdrob\u011b; na m\u00edru vyroben\u00e1 v\u00edka dok\u00e1zala zabr\u00e1nit korozi a selh\u00e1n\u00ed t\u011bsn\u011bn\u00ed, \u010d\u00edm\u017e \u00fa\u010dinn\u011b sn\u00ed\u017eila znehodnocen\u00ed v\u00fdrobk\u016f o 20 procent. Z\u00e1kazn\u00edk byl natolik spokojen, \u017ee ve druh\u00e9m \u010dtvrtlet\u00ed objednal druhou objedn\u00e1vku na 200 000 nakl\u00e1dac\u00edch sklenic, aby z\u00e1sobil nov\u00fd smluvn\u00ed balic\u00ed z\u00e1vod, kter\u00fd by dod\u00e1val po cel\u00e9 zemi.<\/p>\n<h2>Doporu\u010den\u00ed pro individualizaci nakl\u00e1dac\u00edch n\u00e1dob.<\/h2>\n<ul>\n<li>Varianta tvaru: Sklenice mohou b\u00fdt \u010dtvercov\u00e9 nebo obd\u00e9ln\u00edkov\u00e9, aby se maxim\u00e1ln\u011b vyu\u017eil prostor v reg\u00e1lech sp\u00ed\u017ee a p\u0159epravn\u00edch kontejnerech.<\/li>\n<li>Sklo st\u00edn\u00edc\u00ed sv\u011btlo: Sklenice vyroben\u00e9 z jantarov\u00e9ho nebo zelen\u00e9ho skla lze pou\u017e\u00edt k uchov\u00e1v\u00e1n\u00ed d\u017eem\u016f a fermentovan\u00fdch potravin citliv\u00fdch na sv\u011btlo.<\/li>\n<li>Speci\u00e1ln\u00ed v\u00edka: Speci\u00e1ln\u00ed v\u00edka maj\u00ed zabudovan\u00e9 fermenta\u010dn\u00ed ventily, bambusov\u00e1 v\u00edka nebo vnit\u0159n\u00ed plastov\u00e9 povlaky odoln\u00e9 v\u016f\u010di kyselin\u00e1m.<\/li>\n<\/ul>","protected":false},"excerpt":{"rendered":"<p>Odoln\u00e1 d\u00f3za na okurky z k\u0159i\u0161\u0165\u00e1lov\u011b \u010dir\u00e9ho skla s bezpe\u010dn\u00fdm \u010dern\u00fdm v\u00edkem. Praktick\u00e9 d\u00f3zy ide\u00e1ln\u00ed na okurky, om\u00e1\u010dky a skladov\u00e1n\u00ed such\u00fdch potravin. Vzorky zdarma.<\/p>","protected":false},"featured_media":23679,"template":"","meta":[],"product_brand":[],"product_cat":[122,124,133],"product_tag":[],"class_list":{"0":"post-23678","1":"product","2":"type-product","3":"status-publish","4":"has-post-thumbnail","6":"product_cat-custom-glass-packaging","7":"product_cat-custom-glass-jars","8":"product_cat-pickle-jars","10":"first","11":"instock","12":"shipping-taxable","13":"product-type-simple"},"jetpack_sharing_enabled":true,"_links":{"self":[{"href":"https:\/\/yebodaglass.com\/cs\/wp-json\/wp\/v2\/product\/23678","targetHints":{"allow":["GET"]}}],"collection":[{"href":"https:\/\/yebodaglass.com\/cs\/wp-json\/wp\/v2\/product"}],"about":[{"href":"https:\/\/yebodaglass.com\/cs\/wp-json\/wp\/v2\/types\/product"}],"version-history":[{"count":5,"href":"https:\/\/yebodaglass.com\/cs\/wp-json\/wp\/v2\/product\/23678\/revisions"}],"predecessor-version":[{"id":25382,"href":"https:\/\/yebodaglass.com\/cs\/wp-json\/wp\/v2\/product\/23678\/revisions\/25382"}],"wp:featuredmedia":[{"embeddable":true,"href":"https:\/\/yebodaglass.com\/cs\/wp-json\/wp\/v2\/media\/23679"}],"wp:attachment":[{"href":"https:\/\/yebodaglass.com\/cs\/wp-json\/wp\/v2\/media?parent=23678"}],"wp:term":[{"taxonomy":"product_brand","embeddable":true,"href":"https:\/\/yebodaglass.com\/cs\/wp-json\/wp\/v2\/product_brand?post=23678"},{"taxonomy":"product_cat","embeddable":true,"href":"https:\/\/yebodaglass.com\/cs\/wp-json\/wp\/v2\/product_cat?post=23678"},{"taxonomy":"product_tag","embeddable":true,"href":"https:\/\/yebodaglass.com\/cs\/wp-json\/wp\/v2\/product_tag?post=23678"}],"curies":[{"name":"wp","href":"https:\/\/api.w.org\/{rel}","templated":true}]}}