{"id":23651,"date":"2025-11-13T15:54:32","date_gmt":"2025-11-13T07:54:32","guid":{"rendered":"https:\/\/yebodaglass.com\/?post_type=product&#038;p=23651"},"modified":"2026-03-12T14:44:21","modified_gmt":"2026-03-12T06:44:21","slug":"brown-glass-grolsch-beer-bottles-with-handle-bulk","status":"publish","type":"product","link":"https:\/\/yebodaglass.com\/cs\/brown-glass-grolsch-beer-bottles-with-handle-bulk\/","title":{"rendered":"Sklen\u011bn\u00e9 lahve Grolsch s uchem o objemu 32 oz a 64 oz, hn\u011bd\u00e9"},"content":{"rendered":"<p data-start=\"66\" data-end=\"288\">Tyto pivn\u00ed lahve Grolsch jsou vyrobeny z jantarov\u011b hn\u011bd\u00e9ho skla, maj\u00ed retro vzhled, zaoblenou siluetu a praktick\u00e9 ucho. \u010cerveno-b\u00edl\u00fd odkl\u00e1p\u011bc\u00ed uz\u00e1v\u011br je zaji\u0161t\u011bn kovov\u00fdm patentn\u00edm patentem, kter\u00fd je vynikaj\u00edc\u00ed pro skladov\u00e1n\u00ed a dekorativn\u00ed vystaven\u00ed tekutin nebo ko\u0159en\u00ed.<\/p>\n<h2>Vlastnosti produktu<\/h2>\n<ul>\n<li><strong>Materi\u00e1l hn\u011bd\u00e9ho skla:<\/strong> L\u00e1hev z hn\u011bd\u00e9ho skla \u00fa\u010dinn\u011b blokuje sv\u011btlo, tak\u017ee kvalita tekutin, jako jsou om\u00e1\u010dky a n\u00e1poje, je dob\u0159e zachov\u00e1na a z\u00e1rove\u0148 l\u00e1hev z\u00edsk\u00e1v\u00e1 p\u011bkn\u00fd retro vzhled.<\/li>\n<li><strong>Zacvak\u00e1vac\u00ed uz\u00e1v\u011br\u200b\u200d\u200b\u200c\u200d\u200d\u200c\u200b\u200d\u200c\u200b\u200d\u200c\u200b\u200d\u200c Konstrukce t\u011bsn\u011bn\u00ed:<\/strong> Na jednotce je zacvak\u00e1vac\u00ed z\u00e1tka s kovov\u00fdm patentn\u00edm uz\u00e1v\u011brem. Dok\u00e1\u017ee prov\u00e1d\u011bt t\u011bsnic\u00ed \u00fakol s vysokou \u00fa\u010dinnost\u00ed, tak\u017ee \u010derstvost obsahu m\u016f\u017ee b\u00fdt zachov\u00e1na po dlouhou dobu a z\u00e1rove\u0148 se jedn\u00e1 o u\u017eivatelsky p\u0159\u00edv\u011btiv\u00fd zp\u016fsob otev\u00edr\u00e1n\u00ed a zav\u00edr\u00e1n\u00ed.<\/li>\n<li><strong>L\u00e1hev s rukojet\u00ed:<\/strong> L\u00e1hev m\u00e1 proto zak\u0159ivenou rukoje\u0165 pro snadn\u00e9 uchopen\u00ed a p\u0159en\u00e1\u0161en\u00ed, \u010d\u00edm\u017e se zvy\u0161uje jej\u00ed pou\u017eitelnost a je vhodn\u00e1 pro r\u016fzn\u00e1 m\u00edsta, jako je domov a restaurace.<\/li>\n<\/ul>\n<h2 style=\"text-align: left;\">Kl\u00ed\u010dov\u00e9 specifikace<\/h2>\n<table style=\"border-collapse: collapse; width: 80%; margin-left: auto; margin-right: auto;\" border=\"0\" width=\"677\" cellspacing=\"0\" cellpadding=\"0\">\n<tbody>\n<tr style=\"height: 13.50pt;\">\n<td style=\"height: 13.5pt; width: 119.25pt; text-align: center;\" width=\"159\" height=\"18\">Funkce<\/td>\n<td style=\"width: 388.5pt; text-align: center;\" width=\"518\">Popis<\/td>\n<\/tr>\n<tr style=\"height: 13.50pt;\">\n<td style=\"height: 13.5pt; text-align: center;\" height=\"18\">Materi\u00e1l<\/td>\n<td style=\"text-align: center;\">Hn\u011bd\u00e9 sklo s UV ochranou<\/td>\n<\/tr>\n<tr style=\"height: 13.50pt;\">\n<td style=\"height: 13.5pt; text-align: center;\" height=\"18\">Kapacita<\/td>\n<td style=\"text-align: center;\">1 l (32 oz) \/ 2 l (64 oz)<\/td>\n<\/tr>\n<tr style=\"height: 13.50pt;\">\n<td style=\"height: 13.5pt; text-align: center;\" height=\"18\">Velikost<\/td>\n<td style=\"text-align: center;\">7,5 \u00d7 24 cm \/ 9,5 \u00d7 26 cm<\/td>\n<\/tr>\n<tr style=\"height: 13.50pt;\">\n<td style=\"height: 13.5pt; text-align: center;\" height=\"18\">Uzav\u00edrac\u00ed syst\u00e9m<\/td>\n<td style=\"text-align: center;\">Nerezov\u00e1 ocelov\u00e1 p\u0159ep\u00e1\u017eka + z\u00e1tka s gumov\u00fdm\/silikonov\u00fdm t\u011bsn\u011bn\u00edm<\/td>\n<\/tr>\n<tr style=\"height: 13.50pt;\">\n<td style=\"height: 13.5pt; text-align: center;\" height=\"18\">Ide\u00e1ln\u00ed pro<\/td>\n<td style=\"text-align: center;\">Pivo, kombucha, soda, ocet, dom\u00e1c\u00ed pivo, sycen\u00e9 n\u00e1poje<\/td>\n<\/tr>\n<\/tbody>\n<\/table>\n<h2>P\u0159\u00edpad \u00fasp\u011bchu<\/h2>\n<p><span aria-haspopup=\"dialog\" aria-expanded=\"false\" aria-controls=\"radix-_r_8v_\" data-state=\"closed\" data-slot=\"popover-trigger\">Jedna z m\u00edstn\u00edch zna\u010dek ru\u010dn\u011b vyr\u00e1b\u011bn\u00e9 kombuchy, kter\u00e1 se zam\u011b\u0159uje na fermentovan\u00e9 n\u00e1poje, se rozhodla pou\u017e\u00edt na\u0161i 946ml jantarovou sklen\u011bnou lahev se \u0161roubovac\u00edm uz\u00e1v\u011brem k p\u0159edstaven\u00ed sv\u00e9 limitovan\u00e9 edice.<\/span> <span aria-haspopup=\"dialog\" aria-expanded=\"false\" aria-controls=\"radix-_r_90_\" data-state=\"closed\" data-slot=\"popover-trigger\">M\u00edrn\u00e9 ztmaven\u00ed jantarov\u00e9ho skla pro v\u011bt\u0161\u00ed ochranu p\u0159ed UV z\u00e1\u0159en\u00edm a zes\u00edlen\u00fd \u0161roubovac\u00ed uz\u00e1v\u011br z nerezov\u00e9 oceli spolu s pevn\u011bj\u0161\u00edm silikonov\u00fdm t\u011bsn\u011bn\u00edm pro potravin\u00e1\u0159sk\u00e9 \u00fa\u010dely byly navr\u017eeny tak, aby l\u00e9pe odpov\u00eddaly filozofii jejich zna\u010dky.<\/span> <span aria-haspopup=\"dialog\" aria-expanded=\"false\" aria-controls=\"radix-_r_91_\" data-state=\"closed\" data-slot=\"popover-trigger\">L\u00e1hev je na p\u0159edn\u00ed stran\u011b vyra\u017eeno logo zna\u010dky a dr\u00e1t je ru\u010dn\u011b vyroben\u00fd v tmav\u011b bronzov\u00e9m odst\u00ednu, kter\u00fd vytv\u00e1\u0159\u00ed efekt star\u00e9ho, ru\u010dn\u011b vyroben\u00e9ho vzhledu.<\/span><\/p>\n<p><span aria-haspopup=\"dialog\" aria-expanded=\"false\" aria-controls=\"radix-_r_92_\" data-state=\"closed\" data-slot=\"popover-trigger\">Po zaveden\u00ed zak\u00e1zkov\u00e9 lahve se jejich maloobchodn\u00ed objedn\u00e1vky v prvn\u00edm \u010dtvrtlet\u00ed zv\u00fd\u0161ily o 37 procent.<\/span> <span aria-haspopup=\"dialog\" aria-expanded=\"false\" aria-controls=\"radix-_r_93_\" data-state=\"closed\" data-slot=\"popover-trigger\">V d\u016fsledku toho zna\u010dka d\u00e1le objedn\u00e1vala dal\u0161\u00ed sez\u00f3nn\u00ed produkty.<\/span><\/p>\n<h2>N\u00e1vrhy na \u00fapravu lahv\u00ed Grolsch<\/h2>\n<ol>\n<li><span aria-haspopup=\"dialog\" aria-expanded=\"false\" aria-controls=\"radix-_r_8s_\" data-state=\"closed\" data-slot=\"popover-trigger\"><strong>Materi\u00e1ly z\u00e1tky:<\/strong> P\u0159izp\u016fsobte si vrchn\u00ed desku keramick\u00fdmi, plastov\u00fdmi nebo d\u0159ev\u011bn\u00fdmi vrchn\u00edmi deskami a ponechte silikonov\u00fd t\u011bsnic\u00ed krou\u017eek, aby byla vzduchot\u011bsn\u00e1.<\/span><\/li>\n<li><span aria-haspopup=\"dialog\" aria-expanded=\"false\" aria-controls=\"radix-_r_8t_\" data-state=\"closed\" data-slot=\"popover-trigger\"><strong>Reli\u00e9fn\u00ed branding na t\u011ble lahve:<\/strong> M\u011bjte na kulat\u00e9m rameni lahve nebo na p\u0159edn\u00ed stran\u011b lahve na panelu vyra\u017een\u00e9 logo, n\u00e1zev pivovaru nebo ornament\u00e1ln\u00ed vzor.<\/span><\/li>\n<li><span aria-haspopup=\"dialog\" aria-expanded=\"false\" aria-controls=\"radix-_r_8u_\" data-state=\"closed\" data-slot=\"popover-trigger\"><strong>Barva l\u00edmce na krk na m\u00edru:<\/strong> nab\u00edz\u00edme r\u016fzn\u00e9 barevn\u00e9 t\u011bsnic\u00ed krou\u017eky (\u010derven\u00fd, oran\u017eov\u00fd, \u010dern\u00fd, zelen\u00fd) pro rozli\u0161en\u00ed produktov\u00fdch \u0159ad nebo p\u0159\u00edchut\u00ed n\u00e1poj\u016f.<\/span><\/li>\n<\/ol>","protected":false},"excerpt":{"rendered":"<p>Hn\u011bd\u00e1 sklen\u011bn\u00e1 l\u00e1hev na pivo grolsch s uchem a bezpe\u010dn\u00fdm oto\u010dn\u00fdm uz\u00e1v\u011brem. Skv\u011bl\u00e9 pro pivovary nebo hromadn\u00fd n\u00e1kup. Opakovan\u011b pou\u017eiteln\u00e1 a odoln\u00e1, rychl\u00e9 dod\u00e1n\u00ed p\u0159i hromadn\u00fdch objedn\u00e1vk\u00e1ch.<\/p>","protected":false},"featured_media":23695,"template":"","meta":[],"product_brand":[],"product_cat":[122,123,132],"product_tag":[],"class_list":{"0":"post-23651","1":"product","2":"type-product","3":"status-publish","4":"has-post-thumbnail","6":"product_cat-custom-glass-packaging","7":"product_cat-custom-glass-bottles","8":"product_cat-glass-flip-top-bottles","10":"first","11":"instock","12":"shipping-taxable","13":"product-type-simple"},"jetpack_sharing_enabled":true,"_links":{"self":[{"href":"https:\/\/yebodaglass.com\/cs\/wp-json\/wp\/v2\/product\/23651","targetHints":{"allow":["GET"]}}],"collection":[{"href":"https:\/\/yebodaglass.com\/cs\/wp-json\/wp\/v2\/product"}],"about":[{"href":"https:\/\/yebodaglass.com\/cs\/wp-json\/wp\/v2\/types\/product"}],"version-history":[{"count":6,"href":"https:\/\/yebodaglass.com\/cs\/wp-json\/wp\/v2\/product\/23651\/revisions"}],"predecessor-version":[{"id":25406,"href":"https:\/\/yebodaglass.com\/cs\/wp-json\/wp\/v2\/product\/23651\/revisions\/25406"}],"wp:featuredmedia":[{"embeddable":true,"href":"https:\/\/yebodaglass.com\/cs\/wp-json\/wp\/v2\/media\/23695"}],"wp:attachment":[{"href":"https:\/\/yebodaglass.com\/cs\/wp-json\/wp\/v2\/media?parent=23651"}],"wp:term":[{"taxonomy":"product_brand","embeddable":true,"href":"https:\/\/yebodaglass.com\/cs\/wp-json\/wp\/v2\/product_brand?post=23651"},{"taxonomy":"product_cat","embeddable":true,"href":"https:\/\/yebodaglass.com\/cs\/wp-json\/wp\/v2\/product_cat?post=23651"},{"taxonomy":"product_tag","embeddable":true,"href":"https:\/\/yebodaglass.com\/cs\/wp-json\/wp\/v2\/product_tag?post=23651"}],"curies":[{"name":"wp","href":"https:\/\/api.w.org\/{rel}","templated":true}]}}