{"id":23606,"date":"2025-11-12T13:17:31","date_gmt":"2025-11-12T05:17:31","guid":{"rendered":"https:\/\/yebodaglass.com\/?post_type=product&#038;p=23606"},"modified":"2026-04-14T11:37:45","modified_gmt":"2026-04-14T03:37:45","slug":"wholesale-clear-round-glass-soy-sauce-bottles","status":"publish","type":"product","link":"https:\/\/yebodaglass.com\/cs\/wholesale-clear-round-glass-soy-sauce-bottles\/","title":{"rendered":"Velkoobchodn\u00ed lahve na s\u00f3jovou om\u00e1\u010dku z \u010dir\u00e9ho kulat\u00e9ho skla 267 ml 473 ml"},"content":{"rendered":"<p data-start=\"66\" data-end=\"288\">Tyto lahve na s\u00f3jovou om\u00e1\u010dku se vyzna\u010duj\u00ed designem se sklen\u011bn\u00fdm t\u011blem ve tvaru v\u00e1lce, kter\u00fd se zu\u017euje k hrdlu a m\u00e1 z\u00e1kladnu, kter\u00e1 se pro lep\u0161\u00ed vyv\u00e1\u017een\u00ed roz\u0161i\u0159uje ven. Uz\u00e1v\u011bry jsou k dispozici se st\u0159\u00edbrn\u00fdmi nebo \u010dern\u00fdmi kovov\u00fdmi \u0161roubovac\u00edmi uz\u00e1v\u011bry.<\/p>\n<h2>Vlastnosti produktu<\/h2>\n<ul>\n<li><strong>Minimalistick\u00fd design lahve:<\/strong> Zaoblen\u00e9 okraje lahve nejen\u017ee umo\u017e\u0148uj\u00ed pohodln\u00e9 dr\u017een\u00ed, ale tak\u00e9 snadn\u00e9 skladov\u00e1n\u00ed, tak\u017ee ji lze pou\u017e\u00edvat na r\u016fzn\u00fdch m\u00edstech, jako je dom\u00e1c\u00ed kuchyn\u011b nebo restaurace.<\/li>\n<li><strong>Praktick\u00fd design \u0161roubovac\u00edho uz\u00e1v\u011bru:<\/strong> Kovov\u00fd \u0161roubovac\u00ed uz\u00e1v\u011br, kter\u00fdm je upevn\u011bn, zaji\u0161\u0165uje t\u011bsn\u00e9 uzav\u0159en\u00ed, tak\u017ee om\u00e1\u010dky z\u016fstanou \u010derstv\u00e9 a z\u00e1rove\u0148 se snadno vyj\u00edmaj\u00ed.<\/li>\n<li><strong>Stabiln\u00ed konstrukce z\u00e1kladny:<\/strong> \u0160irok\u00e9 dno je hlavn\u00edm d\u016fvodem, pro\u010d se l\u00e1hev nep\u0159evrhne, tak\u017ee l\u00e1hev s om\u00e1\u010dkou bude v\u017edy ve svisl\u00e9 poloze, a\u0165 u\u017e se pln\u00ed nebo vystavuje.<\/li>\n<\/ul>\n<h2 style=\"text-align: left;\">Kl\u00ed\u010dov\u00e9 specifikace<\/h2>\n<table class=\"aligncenter\" style=\"border-collapse: collapse; width: 423.02pt;\" border=\"0\" width=\"564\" cellspacing=\"0\" cellpadding=\"0\">\n<tbody>\n<tr style=\"height: 13.50pt;\">\n<td style=\"height: 13.50pt; width: 107.25pt;\" width=\"143\" height=\"18\">Specifikace<\/td>\n<td style=\"width: 315.75pt;\" width=\"421\">Podrobnosti<\/td>\n<\/tr>\n<tr style=\"height: 13.50pt;\">\n<td style=\"height: 13.50pt;\" height=\"18\">Dostupn\u00e9 velikosti<\/td>\n<td>267 ml, 473 ml<\/td>\n<\/tr>\n<tr style=\"height: 13.50pt;\">\n<td style=\"height: 13.50pt;\" height=\"18\">Velikost balen\u00ed<\/td>\n<td>20\u00d725\u00d715 cm (ob\u011b)<\/td>\n<\/tr>\n<tr style=\"height: 13.50pt;\">\n<td style=\"height: 13.50pt;\" height=\"18\">Materi\u00e1l<\/td>\n<td>\u010dir\u00fd sklen\u011bn\u00fd stout potravin\u00e1\u0159sk\u00e9 kvality<\/td>\n<\/tr>\n<tr style=\"height: 13.50pt;\">\n<td style=\"height: 13.50pt;\" height=\"18\">Ide\u00e1ln\u00ed pro<\/td>\n<td>Sojov\u00e1 om\u00e1\u010dka, chilli om\u00e1\u010dka, p\u00e1liv\u00e1 om\u00e1\u010dka<\/td>\n<\/tr>\n<tr style=\"height: 13.50pt;\">\n<td style=\"height: 13.50pt;\" height=\"18\">P\u0159\u00edpad pou\u017eit\u00ed<\/td>\n<td>Pr\u00e1zdn\u00e9 lahve od s\u00f3jov\u00e9 om\u00e1\u010dky, lahve od chilli om\u00e1\u010dky ve velk\u00e9m<\/td>\n<\/tr>\n<\/tbody>\n<\/table>\n<h2>P\u0159\u00edb\u011bh \u00fasp\u011bchu: Zak\u00e1zkov\u00e1 objedn\u00e1vka od zna\u010dky chilli om\u00e1\u010dky z jihov\u00fdchodn\u00ed Asie<\/h2>\n<p>Zna\u010dka thajsk\u00e9 chilli om\u00e1\u010dky si vybrala na\u0161i 500ml l\u00e1hev na chilli om\u00e1\u010dku a vylep\u0161ila ji nekapaj\u00edc\u00edm hrdlem a chilli designem. L\u00e1hev na chilli om\u00e1\u010dku na m\u00edru dos\u00e1hla vynikaj\u00edc\u00edch v\u00fdsledk\u016f, proto\u017ee jej\u00ed nekapaj\u00edc\u00ed hrdlo vedlo k 30% sn\u00ed\u017een\u00ed st\u00ed\u017enost\u00ed spot\u0159ebitel\u016f na rozlit\u00ed, zat\u00edmco l\u00e1hev pou\u017e\u00edvala vysoce kvalitn\u00ed sklo a kovov\u00fd uz\u00e1v\u011br, co\u017e zv\u00fd\u0161ilo exportn\u00ed hodnotu o 20 procent. Jejich prvn\u00ed objedn\u00e1vka u n\u00e1s na 450 000 lahv\u00ed n\u00e1sledovala po jejich \u00fasp\u011bchu, proto\u017ee cht\u011bli vytvo\u0159it novou produktovou \u0159adu fermentovan\u00fdch chilli om\u00e1\u010dek.<\/p>\n<h2>N\u00e1vrhy na \u00fapravu lahv\u00ed s\u00f3jov\u00e9 om\u00e1\u010dky<\/h2>\n<ul>\n<li><strong>Reli\u00e9fn\u00ed ozna\u010den\u00ed kapacity:<\/strong> Um\u00edst\u011bte vyv\u00fd\u0161en\u00e9 zna\u010dky pro stupnici na rameno lahve.<\/li>\n<li><strong>Um\u00edst\u011bn\u00ed loga s\u00edtotiskem:<\/strong> Diskr\u00e9tn\u011b vytiskn\u011bte logo zna\u010dky do zak\u0159iven\u00e9 \u010d\u00e1sti jako nejlep\u0161\u00ed m\u00edsto pro zaji\u0161t\u011bn\u00ed viditelnosti.<\/li>\n<li><strong>Texturovan\u00e1 rukoje\u0165:<\/strong> V oblasti pasu m\u016f\u017eete p\u0159idat lehkou texturu, abyste u\u017eivateli poskytli lep\u0161\u00ed \u00fachop a v\u011bt\u0161\u00ed bezpe\u010dnost.<\/li>\n<\/ul>","protected":false},"excerpt":{"rendered":"<p>\u010cir\u00e9 sklen\u011bn\u00e9 lahve na chilli om\u00e1\u010dku a s\u00f3jovou om\u00e1\u010dku se \u0161roubovac\u00edm uz\u00e1v\u011brem. Vhodn\u00e9 pro pou\u017eit\u00ed v kuchyni nebo pro hromadn\u00e9 objedn\u00e1vky. Pro hromadn\u00e9 objedn\u00e1vky jsou k dispozici vzorky zdarma.<\/p>","protected":false},"featured_media":23611,"template":"","meta":[],"product_brand":[],"product_cat":[129,123,122],"product_tag":[],"class_list":{"0":"post-23606","1":"product","2":"type-product","3":"status-publish","4":"has-post-thumbnail","6":"product_cat-hot-sauce-bottles","7":"product_cat-custom-glass-bottles","8":"product_cat-custom-glass-packaging","10":"first","11":"instock","12":"shipping-taxable","13":"product-type-simple"},"jetpack_sharing_enabled":true,"_links":{"self":[{"href":"https:\/\/yebodaglass.com\/cs\/wp-json\/wp\/v2\/product\/23606","targetHints":{"allow":["GET"]}}],"collection":[{"href":"https:\/\/yebodaglass.com\/cs\/wp-json\/wp\/v2\/product"}],"about":[{"href":"https:\/\/yebodaglass.com\/cs\/wp-json\/wp\/v2\/types\/product"}],"version-history":[{"count":5,"href":"https:\/\/yebodaglass.com\/cs\/wp-json\/wp\/v2\/product\/23606\/revisions"}],"predecessor-version":[{"id":25778,"href":"https:\/\/yebodaglass.com\/cs\/wp-json\/wp\/v2\/product\/23606\/revisions\/25778"}],"wp:featuredmedia":[{"embeddable":true,"href":"https:\/\/yebodaglass.com\/cs\/wp-json\/wp\/v2\/media\/23611"}],"wp:attachment":[{"href":"https:\/\/yebodaglass.com\/cs\/wp-json\/wp\/v2\/media?parent=23606"}],"wp:term":[{"taxonomy":"product_brand","embeddable":true,"href":"https:\/\/yebodaglass.com\/cs\/wp-json\/wp\/v2\/product_brand?post=23606"},{"taxonomy":"product_cat","embeddable":true,"href":"https:\/\/yebodaglass.com\/cs\/wp-json\/wp\/v2\/product_cat?post=23606"},{"taxonomy":"product_tag","embeddable":true,"href":"https:\/\/yebodaglass.com\/cs\/wp-json\/wp\/v2\/product_tag?post=23606"}],"curies":[{"name":"wp","href":"https:\/\/api.w.org\/{rel}","templated":true}]}}