{"id":23531,"date":"2025-11-10T14:29:06","date_gmt":"2025-11-10T06:29:06","guid":{"rendered":"https:\/\/yebodaglass.com\/?post_type=product&#038;p=23531"},"modified":"2026-04-09T17:59:19","modified_gmt":"2026-04-09T09:59:19","slug":"beverage-bottles-wholesale-glass-bottles-with-lids","status":"publish","type":"product","link":"https:\/\/yebodaglass.com\/cs\/beverage-bottles-wholesale-glass-bottles-with-lids\/","title":{"rendered":"Velkoobchod s lahvemi na n\u00e1poje | Sklen\u011bn\u00e9 lahve s v\u00ed\u010dky"},"content":{"rendered":"<p data-start=\"66\" data-end=\"288\">Tato s\u00e9rie sklen\u011bn\u00fdch lahv\u00ed s v\u00ed\u010dky m\u00e1 ploch\u00fd obd\u00e9ln\u00edkov\u00fd tvar, zaoblen\u00e1 ramena a \u00fazk\u00e9 hrdlo. Tyto sklen\u011bn\u00e9 lahve jsou vyrobeny z kvalitn\u00edho \u010dir\u00e9ho skla, tak\u017ee m\u016f\u017eete vid\u011bt, co je uvnit\u0159. Ka\u017ed\u00e1 lahev m\u00e1 v\u00ed\u010dko, kter\u00e9 se \u0161roubuje a od\u0161roubov\u00e1v\u00e1, je vyrobeno z hlin\u00edku a uvnit\u0159 m\u00e1 plastov\u00e9 t\u011bsn\u011bn\u00ed. Toto v\u00ed\u010dko zaji\u0161\u0165uje pevn\u00e9 uzav\u0159en\u00ed lahve a snadnou manipulaci. Tyto lahve na n\u00e1poje jsou k dispozici ve velikostech od 50 ml do 500 ml. Jsou skv\u011bl\u00e9 pro balen\u00ed k\u00e1vy, d\u017eusu, ml\u00e9\u010dn\u00e9ho \u010daje a dal\u0161\u00edch tekutin. Lahve jsou kompaktn\u00ed a pevn\u00e9, d\u00edky \u010demu\u017e jsou ide\u00e1ln\u00ed pro vystaven\u00ed v obchodech, pro odb\u011br s sebou i pro velkoobchodn\u00ed prodej.<\/p>\n<h2>Kl\u00ed\u010dov\u00e9 vlastnosti<\/h2>\n<ul>\n<li><strong>Lahve s n\u00e1poji neprot\u00e9kaj\u00ed<\/strong>Hlin\u00edkov\u00e9 v\u00ed\u010dko a plastov\u00e9 t\u011bsn\u011bn\u00ed spole\u010dn\u011b udr\u017euj\u00ed tekutinu uvnit\u0159, tak\u017ee se p\u0159i p\u0159eprav\u011b lahv\u00ed nemus\u00edte ob\u00e1vat rozlit\u00ed.<\/li>\n<\/ul>\n<ul>\n<li><strong>Sklo je pevn\u00e9 a recyklovateln\u00e9<\/strong>Spole\u010dnost, kter\u00e1 vyr\u00e1b\u00ed sklen\u011bn\u00e9 lahve, profesion\u00e1ln\u011b vyrobila tyto n\u00e1doby. Jsou pevn\u00e9, lze je opakovan\u011b pou\u017e\u00edvat a recyklovat, co\u017e je dobr\u00e9 pro \u017eivotn\u00ed prost\u0159ed\u00ed.<\/li>\n<\/ul>\n<ul>\n<li><strong>Ploch\u00fd tvar je vhodn\u00fd pro branding<\/strong>Rovn\u00fd povrch lahv\u00ed usnad\u0148uje lepen\u00ed etiket. Vypadaj\u00ed skv\u011ble na reg\u00e1lech. D\u00edky tomu jsou ide\u00e1ln\u00ed pro firmy, kter\u00e9 cht\u011bj\u00ed vytv\u00e1\u0159et vlastn\u00ed sklen\u011bn\u00e9 lahve a nechat svou zna\u010dku vyniknout.<\/li>\n<\/ul>\n<h2 style=\"text-align: left;\">Kl\u00ed\u010dov\u00e9 specifikace<\/h2>\n<table style=\"border-collapse: collapse; margin-left: auto; margin-right: auto; width: 80%;\" border=\"0\" width=\"905\" cellspacing=\"0\" cellpadding=\"0\">\n<tbody>\n<tr style=\"height: 13.50pt;\">\n<td style=\"height: 13.50pt; width: 54.00pt;\" width=\"72\" height=\"18\">Kapacita<\/td>\n<td style=\"width: 54.00pt;\" width=\"72\">V\u00fd\u0161ka<\/td>\n<td style=\"width: 54.00pt;\" width=\"72\">\u0160\u00ed\u0159ka<\/td>\n<td style=\"width: 129.75pt;\" width=\"173\">Aplikace<\/td>\n<td style=\"width: 98.25pt;\" width=\"131\">Materi\u00e1l<\/td>\n<td style=\"width: 121.50pt;\" width=\"162\">Typ v\u00edka<\/td>\n<td style=\"width: 167.25pt;\" width=\"223\">T\u011bsn\u011bn\u00ed<\/td>\n<\/tr>\n<tr style=\"height: 13.50pt;\">\n<td style=\"height: 13.50pt;\" height=\"18\">50ml<\/td>\n<td>10,6 cm<\/td>\n<td>5,3 cm<\/td>\n<td>K\u00e1va, vzorky<\/td>\n<td class=\"et2\" rowspan=\"6\">Bezolovnat\u00e9 sklo<\/td>\n<td class=\"et2\" rowspan=\"6\">Hlin\u00edkov\u00fd \u0161roubovac\u00ed uz\u00e1v\u011br + plastov\u00e9 vnit\u0159n\u00ed v\u00ed\u010dko<\/td>\n<td class=\"et2\" rowspan=\"6\">T\u011bsn\u00e9 ut\u011bsn\u011bn\u00ed, odoln\u00e9 proti \u00faniku<\/td>\n<\/tr>\n<tr style=\"height: 13.50pt;\">\n<td style=\"height: 13.50pt;\" height=\"18\">100ml<\/td>\n<td>12,5 cm<\/td>\n<td>6,7 cm<\/td>\n<td>D\u017eusy, n\u00e1poje<\/td>\n<\/tr>\n<tr style=\"height: 13.50pt;\">\n<td style=\"height: 13.50pt;\" height=\"18\">200ml<\/td>\n<td>15 cm<\/td>\n<td>7,7 cm<\/td>\n<td>Ml\u00e9\u010dn\u00fd \u010daj, studen\u00fd \u010daj<\/td>\n<\/tr>\n<tr style=\"height: 13.50pt;\">\n<td style=\"height: 13.50pt;\" height=\"18\">250ml<\/td>\n<td>16 cm<\/td>\n<td>8,3 cm<\/td>\n<td>D\u017eus, n\u00e1poje<\/td>\n<\/tr>\n<tr style=\"height: 13.50pt;\">\n<td style=\"height: 13.50pt;\" height=\"18\">350ml<\/td>\n<td>17 cm<\/td>\n<td>8,9 cm<\/td>\n<td>K\u00e1va, n\u00e1poje<\/td>\n<\/tr>\n<tr style=\"height: 13.50pt;\">\n<td style=\"height: 13.50pt;\" height=\"18\">500ml<\/td>\n<td>20 cm<\/td>\n<td>10,1 cm<\/td>\n<td>N\u00e1poje ve velk\u00e9m<\/td>\n<\/tr>\n<\/tbody>\n<\/table>\n<h2>P\u0159\u00edpadov\u00e1 studie<\/h2>\n<p>Velk\u00fd supermarket v Polsku pou\u017e\u00edval na\u0161e sklen\u011bn\u00e9 lahve s v\u00ed\u010dky na k\u00e1vu a d\u017eus sv\u00e9 zna\u010dky. P\u0159edt\u00edm pou\u017e\u00edvali lahve od jin\u00e9 spole\u010dnosti. M\u011bli probl\u00e9my s v\u00ed\u010dky, kter\u00e1 se \u0161patn\u011b zav\u00edrala a d\u017eus se b\u011bhem p\u0159epravy vyl\u00e9val. Kv\u016fli tomu ztr\u00e1celi produkty a z\u00e1kazn\u00edci si st\u011b\u017eovali.<\/p>\n<p>Kdy\u017e za\u010dali pou\u017e\u00edvat na\u0161e sklen\u011bn\u00e9 lahve, zvolili velikosti 250 ml a 350 ml. Nechali si na n\u011b nan\u00e9st etikety na m\u00edru a speci\u00e1ln\u00ed n\u00e1t\u011br, aby vypadaly luxusn\u011b. Nov\u00e1 v\u00ed\u010dka fungovala l\u00e9pe a t\u00e9m\u011b\u0159 nikdy netekla. Pr\u016fhledn\u00e9 sklo tak\u00e9 vylep\u0161ilo vzhled produkt\u016f v reg\u00e1lech.<\/p>\n<p>Po \u0161esti m\u011bs\u00edc\u00edch supermarket zaznamenal n\u00e1r\u016fst prodeje n\u00e1poj\u016f o 28 % a z\u00e1kazn\u00edci byli mnohem spokojen\u011bj\u0161\u00ed. Nyn\u00ed si neust\u00e1le kupuj\u00ed na\u0161e sklen\u011bn\u00e9 lahve s v\u00ed\u010dky. Ka\u017ed\u00e9 \u010dtvrtlet\u00ed si objedn\u00e1vaj\u00ed nejm\u00e9n\u011b 100 000 kus\u016f. Dokonce se n\u00e1m poda\u0159ilo z\u00edskat slevu, proto\u017ee jich kupuj\u00ed tolik.<\/p>\n<h2>N\u00e1vrhy na p\u0159izp\u016fsoben\u00ed pro B2B kupuj\u00edc\u00ed<\/h2>\n<ol>\n<li><strong>Pro zna\u010dky k\u00e1vy<\/strong>Pou\u017eijte jantarov\u00fd povlak nebo hedv\u00e1bn\u00fd potisk na sklen\u011bn\u00fdch lahv\u00edch k vytvo\u0159en\u00ed pr\u00e9miov\u00e9 n\u00e1doby na cold brew v kombinaci s vzduchot\u011bsn\u00fdm \u0161roubovac\u00edm v\u00ed\u010dkem.<\/li>\n<li><strong>Pro zna\u010dky d\u017eus\u016f a n\u00e1poj\u016f<\/strong>Aplikujte barevn\u00fd n\u00e1st\u0159ik nebo etiketu pro rozli\u0161en\u00ed chut\u00ed a z\u00e1rove\u0148 zachovejte konzistentn\u00ed form\u00e1t sklen\u011bn\u00fdch obal\u016f nap\u0159\u00ed\u010d cel\u00fdm va\u0161\u00edm v\u00fdb\u011brem.<\/li>\n<li><strong>Pro maloobchod a podnik\u00e1n\u00ed s priv\u00e1tn\u00edmi zna\u010dkami<\/strong>Standardizovat v\u00edce velikost\u00ed (100 ml\u2013500 ml) jako jednotn\u00fd syst\u00e9m n\u00e1dob pro optimalizaci skladov\u00e1n\u00ed, logistiky a efektivity velkoobchodn\u00edho z\u00edsk\u00e1v\u00e1n\u00ed skla.<\/li>\n<\/ol>","protected":false},"excerpt":{"rendered":"<p>Pr\u00e9miov\u00e9 lahve na n\u00e1poje a sklen\u011bn\u00e9 lahve s v\u00ed\u010dky pro velkoobchodn\u00ed prodej, od 50 ml do 500 ml. Odoln\u00e9, nepropustn\u00e9 sklen\u011bn\u00e9 obaly na k\u00e1vu, d\u017eus a velkoobchodn\u00ed dod\u00e1vky.<\/p>","protected":false},"featured_media":25706,"template":"","meta":[],"product_brand":[],"product_cat":[123,122],"product_tag":[],"class_list":{"0":"post-23531","1":"product","2":"type-product","3":"status-publish","4":"has-post-thumbnail","6":"product_cat-custom-glass-bottles","7":"product_cat-custom-glass-packaging","9":"first","10":"instock","11":"shipping-taxable","12":"product-type-simple"},"jetpack_sharing_enabled":true,"_links":{"self":[{"href":"https:\/\/yebodaglass.com\/cs\/wp-json\/wp\/v2\/product\/23531","targetHints":{"allow":["GET"]}}],"collection":[{"href":"https:\/\/yebodaglass.com\/cs\/wp-json\/wp\/v2\/product"}],"about":[{"href":"https:\/\/yebodaglass.com\/cs\/wp-json\/wp\/v2\/types\/product"}],"version-history":[{"count":5,"href":"https:\/\/yebodaglass.com\/cs\/wp-json\/wp\/v2\/product\/23531\/revisions"}],"predecessor-version":[{"id":25712,"href":"https:\/\/yebodaglass.com\/cs\/wp-json\/wp\/v2\/product\/23531\/revisions\/25712"}],"wp:featuredmedia":[{"embeddable":true,"href":"https:\/\/yebodaglass.com\/cs\/wp-json\/wp\/v2\/media\/25706"}],"wp:attachment":[{"href":"https:\/\/yebodaglass.com\/cs\/wp-json\/wp\/v2\/media?parent=23531"}],"wp:term":[{"taxonomy":"product_brand","embeddable":true,"href":"https:\/\/yebodaglass.com\/cs\/wp-json\/wp\/v2\/product_brand?post=23531"},{"taxonomy":"product_cat","embeddable":true,"href":"https:\/\/yebodaglass.com\/cs\/wp-json\/wp\/v2\/product_cat?post=23531"},{"taxonomy":"product_tag","embeddable":true,"href":"https:\/\/yebodaglass.com\/cs\/wp-json\/wp\/v2\/product_tag?post=23531"}],"curies":[{"name":"wp","href":"https:\/\/api.w.org\/{rel}","templated":true}]}}