{"id":23525,"date":"2025-11-10T14:54:19","date_gmt":"2025-11-10T06:54:19","guid":{"rendered":"https:\/\/yebodaglass.com\/?post_type=product&#038;p=23525"},"modified":"2026-04-13T10:07:15","modified_gmt":"2026-04-13T02:07:15","slug":"seasoning-container-with-grinder-for-packaging-wholesale","status":"publish","type":"product","link":"https:\/\/yebodaglass.com\/cs\/seasoning-container-with-grinder-for-packaging-wholesale\/","title":{"rendered":"200ml ko\u0159en\u00edc\u00ed n\u00e1doba s ml\u00fdnkem pro velkoobchodn\u00ed balen\u00ed"},"content":{"rendered":"<p>Toto nezbytn\u00e9 vylep\u0161en\u00ed kuchyn\u011b nab\u00edz\u00ed u\u017eivatel\u016fm modern\u00ed n\u00e1dobu na ko\u0159en\u00ed, kter\u00e1 kombinuje sklen\u011bn\u00e9 t\u011blo a mlec\u00ed desku z nerezov\u00e9 oceli. Syst\u00e9m ml\u00fdnku na such\u00e9 ko\u0159en\u00ed umo\u017e\u0148uje u\u017eivatel\u016fm snadnou obsluhu, kter\u00e1 jim umo\u017e\u0148uje nastavit \u00farove\u0148 hrubosti mlet\u00ed pep\u0159e, soli a ko\u0159en\u00ed a vytv\u00e1\u0159et tak sv\u011b\u017e\u00ed chut\u011b p\u0159i ka\u017ed\u00e9m oto\u010den\u00ed. Produkt umo\u017e\u0148uje u\u017eivatel\u016fm vid\u011bt jeho obsah d\u00edky pr\u016fhledn\u00e9mu designu, kter\u00fd tak\u00e9 dod\u00e1v\u00e1 modern\u00ed a profesion\u00e1ln\u00ed vzhled ka\u017ed\u00e9 kuchy\u0148sk\u00e9 desce nebo j\u00eddeln\u00edmu koutu.<\/p>\n<h2>Vlastnosti produktu<\/h2>\n<p><strong>P\u0159esn\u00e1 bruska Top<\/strong><\/p>\n<p>Okam\u017eit\u011b upravte velikost mlet\u00ed pep\u0159e \u2013 ide\u00e1ln\u00ed pro mouku, s\u016fl nebo bylinky v jak\u00e9koli chv\u00edli.<\/p>\n<p><strong>Nastaviteln\u00e9 mlet\u00ed<\/strong><\/p>\n<p>Jednoduch\u00fdm oto\u010den\u00edm knofl\u00edku m\u016f\u017eete regulovat vzd\u00e1lenost mezi mlec\u00edmi \u010d\u00e1stmi pro jemn\u00e9 nebo hrub\u00e9 mlet\u00ed ko\u0159en\u00ed, \u010d\u00edm\u017e spln\u00edte p\u0159esn\u00e9 po\u017eadavky pro r\u016fzn\u00e9 zp\u016fsoby va\u0159en\u00ed.<\/p>\n<p><strong>Snadn\u00e9 \u010di\u0161t\u011bn\u00ed<\/strong><\/p>\n<p>Elegantn\u00ed, beze\u0161v\u00e1 sklen\u011bn\u00e1 \u010d\u00e1st se velmi snadno omyje. Odn\u00edmateln\u00e9 mlec\u00ed \u010d\u00e1sti usnad\u0148uj\u00ed d\u016fkladn\u00e9 \u010di\u0161t\u011bn\u00ed a udr\u017euj\u00ed hygienu.<\/p>\n<h2>Kl\u00ed\u010dov\u00e9 specifikace<\/h2>\n<table style=\"border-collapse: collapse; width: 80%; margin-left: auto; margin-right: auto;\" border=\"0\" width=\"144\" cellspacing=\"0\" cellpadding=\"0\">\n<tbody>\n<tr style=\"height: 13.50pt;\">\n<td style=\"height: 13.5pt; width: 54pt; text-align: center;\" width=\"72\" height=\"18\">Funkce<\/td>\n<td style=\"width: 54pt; text-align: center;\" width=\"72\">Specifikace<\/td>\n<\/tr>\n<tr style=\"height: 13.50pt;\">\n<td style=\"height: 13.5pt; text-align: center;\" height=\"18\">Kapacita<\/td>\n<td style=\"text-align: center;\">200ml<\/td>\n<\/tr>\n<tr style=\"height: 13.50pt;\">\n<td style=\"height: 13.5pt; text-align: center;\" height=\"18\">Velikost (cm)<\/td>\n<td style=\"text-align: center;\">6.6&#215;18.9<\/td>\n<\/tr>\n<tr style=\"height: 13.50pt;\">\n<td style=\"height: 13.5pt; text-align: center;\" height=\"18\">P\u0159\u00edslu\u0161enstv\u00ed<\/td>\n<td style=\"text-align: center;\">Ml\u00fdnek<\/td>\n<\/tr>\n<tr style=\"height: 13.50pt;\">\n<td style=\"height: 13.5pt; text-align: center;\" height=\"18\">Barva<\/td>\n<td style=\"text-align: center;\">Jasn\u00e9, Vlastn\u00ed<\/td>\n<\/tr>\n<\/tbody>\n<\/table>\n<h2>P\u0159\u00edpad \u00fasp\u011bchu<\/h2>\n<p>N\u011bmeck\u00fd multifunk\u010dn\u00ed \u0159et\u011bzec restaurac\u00ed, jeden z nich, si od n\u00e1s p\u0159\u00e1l sadu d\u00f3z na ko\u0159en\u00ed p\u0159izp\u016fsobenou jejich elegantn\u00edmu n\u00e1dob\u00ed. Rozhodli se pro na\u0161e chladic\u00ed d\u00f3zy na ko\u0159en\u00ed s mlec\u00edmi v\u00edky z nerezov\u00e9 oceli, kter\u00e9 jim dod\u00e1vaj\u00ed elegantn\u00ed a modern\u00ed vzhled, a tak\u00e9 po\u017eadovali mlec\u00ed mechanismus na m\u00edru pro hrub\u00e9 i jemn\u00e9 mlet\u00ed.<\/p>\n<p>Host\u00e9 d\u00edky tomu v\u00fdmluvn\u011b chv\u00e1lili \u010dist\u00fd design d\u00f3z s ko\u0159en\u00edm a plynul\u00fd u\u017eivatelsk\u00fd z\u00e1\u017eitek, \u010d\u00edm\u017e se jejich kulin\u00e1\u0159sk\u00fd z\u00e1\u017eitek vylep\u0161il.<\/p>\n<h2>V\u00e1\u0161 n\u00e1vod na \u00fapravy<\/h2>\n<ol>\n<li><strong>Tvary a vzory:<\/strong> Zm\u011bnou tvaru a designu ml\u00fdnku na such\u00e9 ko\u0159en\u00ed m\u016f\u017eete bu\u010f uk\u00e1zat svou osobnost, nebo styl va\u0161\u00ed kuchyn\u011b, nap\u0159\u00edklad kulat\u00fd, \u010dtvercov\u00fd nebo zu\u017euj\u00edc\u00ed se tvar.<\/li>\n<li><strong>Vzory a barvy:<\/strong> Pou\u017eijte zna\u010dku, vzor, \u200b\u200btext nebo barvu dle vlastn\u00edho v\u00fdb\u011bru a dejte to na brusku, abyste z toho vytvo\u0159ili jedine\u010dn\u00fd a l\u00e9pe rozpoznateln\u00fd produkt.<\/li>\n<\/ol>","protected":false},"excerpt":{"rendered":"<p>Pr\u00e9miov\u00e1 sklen\u011bn\u00e1 n\u00e1doba na ko\u0159en\u00ed s nerezov\u00fdmi vr\u0161ky ml\u00fdnku na such\u00e9 ko\u0159en\u00ed. Dokonal\u00e9 pr\u00e1zdn\u00e9 n\u00e1doby na ko\u0159en\u00ed pro skladov\u00e1n\u00ed soli, pep\u0159e nebo ko\u0159en\u00ed v ka\u017ed\u00e9 modern\u00ed kuchyni.<\/p>","protected":false},"featured_media":23538,"template":"","meta":[],"product_brand":[],"product_cat":[122,124,128],"product_tag":[],"class_list":{"0":"post-23525","1":"product","2":"type-product","3":"status-publish","4":"has-post-thumbnail","6":"product_cat-custom-glass-packaging","7":"product_cat-custom-glass-jars","8":"product_cat-spice-jars","10":"first","11":"instock","12":"shipping-taxable","13":"product-type-simple"},"jetpack_sharing_enabled":true,"_links":{"self":[{"href":"https:\/\/yebodaglass.com\/cs\/wp-json\/wp\/v2\/product\/23525","targetHints":{"allow":["GET"]}}],"collection":[{"href":"https:\/\/yebodaglass.com\/cs\/wp-json\/wp\/v2\/product"}],"about":[{"href":"https:\/\/yebodaglass.com\/cs\/wp-json\/wp\/v2\/types\/product"}],"version-history":[{"count":5,"href":"https:\/\/yebodaglass.com\/cs\/wp-json\/wp\/v2\/product\/23525\/revisions"}],"predecessor-version":[{"id":25757,"href":"https:\/\/yebodaglass.com\/cs\/wp-json\/wp\/v2\/product\/23525\/revisions\/25757"}],"wp:featuredmedia":[{"embeddable":true,"href":"https:\/\/yebodaglass.com\/cs\/wp-json\/wp\/v2\/media\/23538"}],"wp:attachment":[{"href":"https:\/\/yebodaglass.com\/cs\/wp-json\/wp\/v2\/media?parent=23525"}],"wp:term":[{"taxonomy":"product_brand","embeddable":true,"href":"https:\/\/yebodaglass.com\/cs\/wp-json\/wp\/v2\/product_brand?post=23525"},{"taxonomy":"product_cat","embeddable":true,"href":"https:\/\/yebodaglass.com\/cs\/wp-json\/wp\/v2\/product_cat?post=23525"},{"taxonomy":"product_tag","embeddable":true,"href":"https:\/\/yebodaglass.com\/cs\/wp-json\/wp\/v2\/product_tag?post=23525"}],"curies":[{"name":"wp","href":"https:\/\/api.w.org\/{rel}","templated":true}]}}