{"id":23513,"date":"2025-11-10T14:28:42","date_gmt":"2025-11-10T06:28:42","guid":{"rendered":"https:\/\/yebodaglass.com\/?post_type=product&#038;p=23513"},"modified":"2026-04-10T10:59:00","modified_gmt":"2026-04-10T02:59:00","slug":"6oz-empty-jars-for-spices-with-grinder-lid-wholesale","status":"publish","type":"product","link":"https:\/\/yebodaglass.com\/cs\/6oz-empty-jars-for-spices-with-grinder-lid-wholesale\/","title":{"rendered":"Velkoobchodn\u00ed prodej pr\u00e1zdn\u00fdch sklenic na ko\u0159en\u00ed o objemu 6 oz s v\u00edkem ml\u00fdnku"},"content":{"rendered":"<p>Tyto pr\u00e1zdn\u00e9 d\u00f3zy na ko\u0159en\u00ed maj\u00ed k\u00f3nick\u00e9 sklen\u011bn\u00e9 t\u011blo a z\u00e1\u0159iv\u011b barevn\u00e9 ml\u00fdnky, kter\u00e9 usnad\u0148uj\u00ed mlet\u00ed. D\u00f3zy maj\u00ed ozdobn\u00e9 krou\u017eky z nerezov\u00e9 oceli, kter\u00e9 lze nastavit na po\u017eadovanou jemnost mlet\u00ed.<\/p>\n<h2>Vlastnosti produktu<\/h2>\n<ul>\n<li><strong>\u010cerstv\u011b mlet\u00e9 \u200b\u200bproveden\u00ed:<\/strong> Vybaveno vestav\u011bn\u00fdm mlec\u00edm j\u00e1drem s vysokou tvrdost\u00ed a ru\u010dn\u011b nastavitelnou hrubost\u00ed pro okam\u017eit\u00e9 pou\u017eit\u00ed.<\/li>\n<li><strong>V\u00edce barevn\u00fdch mo\u017enost\u00ed pro v\u00edko:<\/strong> V\u00ed\u010dko se dod\u00e1v\u00e1 v n\u011bkolika barevn\u00fdch variant\u00e1ch, a\u0165 u\u017e v \u010derven\u00e9, zelen\u00e9, \u010dern\u00e9 nebo jin\u00fdch barv\u00e1ch, a z\u00e1rove\u0148 poskytuje protiskluzovou \u00fapravu a umo\u017e\u0148uje rozli\u0161ovat r\u016fzn\u00e9 v\u016fn\u011b.<\/li>\n<li><strong>Design ozdobn\u00e9ho prstenu z nerezov\u00e9 oceli:<\/strong> L\u00e1hev je opat\u0159ena ozdobn\u00fdm krou\u017ekem z nerezov\u00e9 oceli, kter\u00fd zlep\u0161uje jej\u00ed vizu\u00e1ln\u00ed atraktivitu a celkovou hodnotu a z\u00e1rove\u0148 poskytuje dodate\u010dnou struktur\u00e1ln\u00ed oporu.<\/li>\n<\/ul>\n<h2>Kl\u00ed\u010dov\u00e9 specifikace<\/h2>\n<table style=\"border-collapse: collapse; width: 80%; margin-left: auto; margin-right: auto;\" border=\"0\" width=\"144\" cellspacing=\"0\" cellpadding=\"0\">\n<tbody>\n<tr style=\"height: 13.50pt;\">\n<td style=\"height: 13.5pt; width: 54pt; text-align: center;\" width=\"72\" height=\"18\">Funkce<\/td>\n<td style=\"width: 54pt; text-align: center;\" width=\"72\">Specifikace<\/td>\n<\/tr>\n<tr style=\"height: 13.50pt;\">\n<td style=\"height: 13.5pt; text-align: center;\" height=\"18\">Kapacita<\/td>\n<td style=\"text-align: center;\">180 ml \/ 6 oz<\/td>\n<\/tr>\n<tr style=\"height: 13.50pt;\">\n<td style=\"height: 13.5pt; text-align: center;\" height=\"18\">Velikost (cm)<\/td>\n<td style=\"text-align: center;\">6,4 \u00d7 13<\/td>\n<\/tr>\n<tr style=\"height: 13.50pt;\">\n<td style=\"height: 13.5pt; text-align: center;\" height=\"18\">P\u0159\u00edslu\u0161enstv\u00ed<\/td>\n<td style=\"text-align: center;\">Ml\u00fdnek<\/td>\n<\/tr>\n<tr style=\"height: 13.50pt;\">\n<td style=\"height: 13.5pt; text-align: center;\" height=\"18\">Barva<\/td>\n<td style=\"text-align: center;\">Vymazat, P\u0159ijmout p\u0159izp\u016fsoben\u00ed<\/td>\n<\/tr>\n<tr style=\"height: 13.50pt;\">\n<td style=\"height: 13.5pt; text-align: center;\" height=\"18\">Pou\u017e\u00edv\u00e1n\u00ed<\/td>\n<td style=\"text-align: center;\">Pep\u0159, hrubozrnn\u00e1 s\u016fl, km\u00edn<\/td>\n<\/tr>\n<\/tbody>\n<\/table>\n<h2>P\u0159\u00edb\u011bh \u00fasp\u011bchu: Evropsk\u00fd maloobchodn\u00edk s potravinami s priv\u00e1tn\u00ed zna\u010dkou<\/h2>\n<p>Jeden z evropsk\u00fdch obchod\u016f s luxusn\u00edmi potravinami se rozhodl pou\u017e\u00edt n\u00e1\u0161 ml\u00fdnek na ko\u0159en\u00ed k ulo\u017een\u00ed sv\u00e9ho ko\u0159en\u00ed, ale nechal ho ozdobit ozdobn\u00fdm m\u011bd\u011bn\u00fdm krou\u017ekem a v\u00edko ml\u00fdnku je opat\u0159eno reli\u00e9fn\u00edm logem. Pr\u016fhledn\u00e9 sklen\u011bn\u00e9 d\u00f3zy zv\u00fd\u0161ily prodej dra\u017e\u0161\u00edho ko\u0159en\u00ed o 40 procent, proto\u017ee si kupuj\u00edc\u00ed mohli fyzicky prohl\u00e9dnout kvalitu produktu. Nastaven\u00ed hrubosti pomoc\u00ed ml\u00fdnku bylo v\u017edy konzistentn\u00ed a procento spokojenosti z\u00e1kazn\u00edk\u016f bylo 95 %. Prodejce byl s produktem tak spokojen\u00fd, \u017ee n\u00e1sledn\u011b uskute\u010dnil dal\u0161\u00ed objedn\u00e1vku v objemu 500 000 kus\u016f, aby mohl svou vlastn\u00ed zna\u010dku ko\u0159en\u00ed nab\u00eddnout do 15 zem\u00ed.<\/p>\n<h2>N\u00e1vrhy na \u00fapravu pr\u00e1zdn\u00fdch sklenic na ko\u0159en\u00ed<\/h2>\n<ol>\n<li><strong>Brou\u0161en\u00ed\u200b\u200d\u200c\u200d\u200d\u200c\u200d\u200c\u200d\u200c\u200d\u200c\u200d\u200c\u200d\u200c\u200d\u200c\u200d\u200c\u200d\u200c\u200d\u200c\u200d\u200c\u200d\u200c Materi\u00e1ly sou\u010d\u00e1st\u00ed:<\/strong> Pro mlec\u00ed \u010d\u00e1sti vyberte hlin\u00edkovou keramiku nebo nerezovou ocel v z\u00e1vislosti na povaze ko\u0159en\u00ed, kter\u00e9 budete ml\u00edt.<\/li>\n<li><strong>Designy a barvy:<\/strong> Pou\u017eijte loga, vzory nebo barvy k vytvo\u0159en\u00ed jedine\u010dn\u00e9ho vzhledu va\u0161eho produktu.<\/li>\n<li><strong>\u00daprava velikosti:<\/strong> Upravte velikost ml\u00fdnku na ko\u0159en\u00ed tak, aby se ve\u0161el do va\u0161\u00ed kuchyn\u011b nebo aby byl \u00fam\u011brn\u00fd mno\u017estv\u00ed ko\u0159en\u00ed, kter\u00e9 pou\u017e\u00edv\u00e1te.<\/li>\n<\/ol>","protected":false},"excerpt":{"rendered":"<p>Pr\u00e9miov\u00e9 pr\u00e1zdn\u00e9 d\u00f3zy na ko\u0159en\u00ed s nerezov\u00fdm l\u00edmcem a ru\u010dn\u00edm ml\u00fdnkem na ko\u0159en\u00ed. Ide\u00e1ln\u00ed pro skladov\u00e1n\u00ed ko\u0159en\u00ed v kuchyni. Mo\u017enost rychl\u00e9ho dod\u00e1n\u00ed.<\/p>","protected":false},"featured_media":23514,"template":"","meta":[],"product_brand":[],"product_cat":[128,124,122],"product_tag":[],"class_list":{"0":"post-23513","1":"product","2":"type-product","3":"status-publish","4":"has-post-thumbnail","6":"product_cat-spice-jars","7":"product_cat-custom-glass-jars","8":"product_cat-custom-glass-packaging","10":"first","11":"instock","12":"shipping-taxable","13":"product-type-simple"},"jetpack_sharing_enabled":true,"_links":{"self":[{"href":"https:\/\/yebodaglass.com\/cs\/wp-json\/wp\/v2\/product\/23513","targetHints":{"allow":["GET"]}}],"collection":[{"href":"https:\/\/yebodaglass.com\/cs\/wp-json\/wp\/v2\/product"}],"about":[{"href":"https:\/\/yebodaglass.com\/cs\/wp-json\/wp\/v2\/types\/product"}],"version-history":[{"count":5,"href":"https:\/\/yebodaglass.com\/cs\/wp-json\/wp\/v2\/product\/23513\/revisions"}],"predecessor-version":[{"id":25721,"href":"https:\/\/yebodaglass.com\/cs\/wp-json\/wp\/v2\/product\/23513\/revisions\/25721"}],"wp:featuredmedia":[{"embeddable":true,"href":"https:\/\/yebodaglass.com\/cs\/wp-json\/wp\/v2\/media\/23514"}],"wp:attachment":[{"href":"https:\/\/yebodaglass.com\/cs\/wp-json\/wp\/v2\/media?parent=23513"}],"wp:term":[{"taxonomy":"product_brand","embeddable":true,"href":"https:\/\/yebodaglass.com\/cs\/wp-json\/wp\/v2\/product_brand?post=23513"},{"taxonomy":"product_cat","embeddable":true,"href":"https:\/\/yebodaglass.com\/cs\/wp-json\/wp\/v2\/product_cat?post=23513"},{"taxonomy":"product_tag","embeddable":true,"href":"https:\/\/yebodaglass.com\/cs\/wp-json\/wp\/v2\/product_tag?post=23513"}],"curies":[{"name":"wp","href":"https:\/\/api.w.org\/{rel}","templated":true}]}}