{"id":23480,"date":"2025-11-10T11:44:01","date_gmt":"2025-11-10T03:44:01","guid":{"rendered":"https:\/\/yebodaglass.com\/?post_type=product&#038;p=23480"},"modified":"2026-03-24T15:23:54","modified_gmt":"2026-03-24T07:23:54","slug":"custom-empty-measured-tomato-sauce-bottles-with-pump-bulk","status":"publish","type":"product","link":"https:\/\/yebodaglass.com\/cs\/custom-empty-measured-tomato-sauce-bottles-with-pump-bulk\/","title":{"rendered":"Pr\u00e1zdn\u00e9 odm\u011brn\u00e9 lahve na raj\u010datovou om\u00e1\u010dku 300 ml a 500 ml s pumpi\u010dkou"},"content":{"rendered":"<p>Jedn\u00e1 se o l\u00e1hev na raj\u010datovou om\u00e1\u010dku, kter\u00e1 se skl\u00e1d\u00e1 z hladk\u00e9, st\u0159\u00edbrno\u010dern\u00e9 hlavy pumpy a stupnic ve tvaru \u010dir\u00fdch sklenic a v\u00e1lcovit\u00e9ho, hladk\u00e9ho sklen\u011bn\u00e9ho t\u011bla. Dod\u00e1v\u00e1 se ve dvou velikostech v z\u00e1vislosti na pot\u0159eb\u00e1ch.<\/p>\n<h2>Vlastnosti produktu<\/h2>\n<ul>\n<li><strong>Jednod\u00edln\u00fd d\u00e1vkova\u010d s pumpi\u010dkou:<\/strong> Tento typ se vyzna\u010duje snadn\u00fdm ovl\u00e1d\u00e1n\u00edm p\u0159i d\u00e1vkov\u00e1n\u00ed hust\u00fdch om\u00e1\u010dek, kter\u00e9 d\u00edky hlav\u011b \u010derpadla s jedn\u00edm dotykem zabra\u0148uje rozlit\u00ed nebo kontaminaci.<\/li>\n<li><strong>Jasn\u00e9 odstup\u0148ov\u00e1n\u00ed:<\/strong> Sklen\u011bn\u00e1 l\u00e1hev m\u00e1 vyti\u0161t\u011bn\u00e9 stupnice, tak\u017ee je snadn\u00e9 sledovat zb\u00fdvaj\u00edc\u00ed hladinu om\u00e1\u010dek a l\u00e9pe spravovat z\u00e1soby.<\/li>\n<li><strong>Pr\u016fhledn\u00e1 sklen\u011bn\u00e1 l\u00e1hev:<\/strong> L\u00e1hev je z \u010dir\u00e9ho skla vysok\u00e9 kvality, a proto je odoln\u00e1 v\u016f\u010di kysel\u00fdm om\u00e1\u010dk\u00e1m a skvrn\u00e1m, aby produkt l\u00e9pe vypadal.<\/li>\n<\/ul>\n<h2 style=\"text-align: left;\">Kl\u00ed\u010dov\u00e9 specifikace<\/h2>\n<table class=\"aligncenter\" style=\"border-collapse: collapse; width: 480.77pt;\" border=\"0\" width=\"641\" cellspacing=\"0\" cellpadding=\"0\">\n<tbody>\n<tr style=\"height: 13.50pt;\">\n<td style=\"height: 13.50pt; width: 126.75pt;\" width=\"169\" height=\"18\">Funkce<\/td>\n<td style=\"width: 354.00pt;\" width=\"472\">Specifikace<\/td>\n<\/tr>\n<tr style=\"height: 13.50pt;\">\n<td style=\"height: 13.50pt;\" height=\"18\">Kapacity<\/td>\n<td>300 ml (10 oz) \/ 500 ml (16 oz)<\/td>\n<\/tr>\n<tr style=\"height: 13.50pt;\">\n<td style=\"height: 13.50pt;\" height=\"18\">Rozm\u011bry (H\u00d7V)<\/td>\n<td>6\u00d721 cm \/ 6,5\u00d725 cm<\/td>\n<\/tr>\n<tr style=\"height: 13.50pt;\">\n<td style=\"height: 13.50pt;\" height=\"18\">Tvar<\/td>\n<td>Rovn\u00e1 l\u00e1hev stoutu s vyra\u017een\u00fdm objemem<\/td>\n<\/tr>\n<tr style=\"height: 13.50pt;\">\n<td style=\"height: 13.50pt;\" height=\"18\">Materi\u00e1l<\/td>\n<td>Vysoce borosilik\u00e1tov\u00e9 sklo<\/td>\n<\/tr>\n<tr style=\"height: 13.50pt;\">\n<td style=\"height: 13.50pt;\" height=\"18\">Uzav\u0159en\u00ed v cen\u011b<\/td>\n<td>St\u0159\u00edbrn\u00e9 lisovac\u00ed \u010derpadlo (p\u0159izp\u016fsobiteln\u00e9)<\/td>\n<\/tr>\n<tr style=\"height: 13.50pt;\">\n<td style=\"height: 13.50pt;\" height=\"18\">Nejlep\u0161\u00ed pro<\/td>\n<td>Raj\u010datov\u00e1 om\u00e1\u010dka, p\u00e1liv\u00e1 om\u00e1\u010dka, chilli om\u00e1\u010dka<\/td>\n<\/tr>\n<tr style=\"height: 13.50pt;\">\n<td style=\"height: 13.50pt;\" height=\"18\">Ide\u00e1ln\u00ed pou\u017eit\u00ed<\/td>\n<td>L\u00e1hev od raj\u010datov\u00e9 om\u00e1\u010dky, pr\u00e1zdn\u00e9 lahve od om\u00e1\u010dky<\/td>\n<\/tr>\n<\/tbody>\n<\/table>\n<h2>P\u0159\u00edb\u011bh \u00fasp\u011bchu: Produktov\u00e1 \u0159ada pro stravovac\u00ed slu\u017eby Zna\u010dka texask\u00e9 BBQ om\u00e1\u010dky<\/h2>\n<p>Zna\u010dka barbecue om\u00e1\u010dky si zvolila na\u0161i sklen\u011bnou l\u00e1hev na om\u00e1\u010dku o objemu 16 unc\u00ed a logo zna\u010dky s UV povlakem a speci\u00e1ln\u00edm \u010derpadlem pro d\u00e1vkov\u00e1n\u00ed 0,5 unce najednou. Odhaduje se, \u017ee \u010derpadlo sn\u00ed\u017eilo kuchy\u0148sk\u00fd odpad o 20 procent, UV povlak zabr\u00e1nil tomu, aby om\u00e1\u010dka v reg\u00e1lech vybledla, a sn\u00ed\u017eilo po\u010det vr\u00e1cen\u00fdch produkt\u016f o 45 procent. Tato zna\u010dka byla velmi \u00fasp\u011b\u0161n\u00e1 a pozd\u011bji objednala dal\u0161\u00edch 520 000 lahv\u00ed sv\u00e9 vysoce kvalitn\u00ed ho\u0159\u010di\u010dn\u00e9 a steakov\u00e9 om\u00e1\u010dky ve sv\u00e9 maloobchodn\u00ed \u0159ad\u011b produkt\u016f.<\/p>\n<h2>N\u00e1vrhy na \u00fapravu lahv\u00ed na om\u00e1\u010dky<\/h2>\n<ul>\n<li><strong>S\u00edtotiskem potisk brandingu:<\/strong> Um\u00edst\u011bte n\u00e1zev nebo logo va\u0161\u00ed restaurace na viditeln\u00e9m m\u00edst\u011b pod m\u011brnou stupnici.<\/li>\n<li><strong>Mo\u017enost vitr\u00e1\u017ee:<\/strong> Sv\u011btlocitliv\u00e9 oleje nebo octov\u00e9 produkty skladujte v jantarov\u011b zbarven\u00e9 sklenici.<\/li>\n<li><strong>Texturovan\u00fd z\u00e1kladn\u00ed design:<\/strong> Ujist\u011bte se, \u017ee dno lahve je opat\u0159eno protiskluzov\u00fdm povrchem, aby lahev nebyla nestabiln\u00ed na p\u0159epln\u011bn\u00fdch stolech.<\/li>\n<li><strong>P\u0159izp\u016fsoben\u00e9 t\u011bsn\u011bn\u00ed v\u00ed\u010dka:<\/strong> Zpo\u010d\u00e1tku je st\u00e1\u010dec\u00ed za\u0159\u00edzen\u00ed pro stravovac\u00ed za\u0159\u00edzen\u00ed vybaveno bezpe\u010dnostn\u00edm uz\u00e1v\u011brem.<\/li>\n<\/ul>","protected":false},"excerpt":{"rendered":"<p>Pr\u016fhledn\u00e1 sklen\u011bn\u00e1 l\u00e1hev na om\u00e1\u010dku s odm\u011brkami a praktickou pumpi\u010dkou. Ide\u00e1ln\u00ed l\u00e1hev na raj\u010datovou om\u00e1\u010dku pro p\u0159esn\u00e9 d\u00e1vkov\u00e1n\u00ed \u2013 velk\u00e9 mno\u017estv\u00ed s rychl\u00fdm odesl\u00e1n\u00edm.<\/p>","protected":false},"featured_media":23512,"template":"","meta":[],"product_brand":[],"product_cat":[129,123,122],"product_tag":[],"class_list":{"0":"post-23480","1":"product","2":"type-product","3":"status-publish","4":"has-post-thumbnail","6":"product_cat-hot-sauce-bottles","7":"product_cat-custom-glass-bottles","8":"product_cat-custom-glass-packaging","10":"first","11":"instock","12":"shipping-taxable","13":"product-type-simple"},"jetpack_sharing_enabled":true,"_links":{"self":[{"href":"https:\/\/yebodaglass.com\/cs\/wp-json\/wp\/v2\/product\/23480","targetHints":{"allow":["GET"]}}],"collection":[{"href":"https:\/\/yebodaglass.com\/cs\/wp-json\/wp\/v2\/product"}],"about":[{"href":"https:\/\/yebodaglass.com\/cs\/wp-json\/wp\/v2\/types\/product"}],"version-history":[{"count":5,"href":"https:\/\/yebodaglass.com\/cs\/wp-json\/wp\/v2\/product\/23480\/revisions"}],"predecessor-version":[{"id":25589,"href":"https:\/\/yebodaglass.com\/cs\/wp-json\/wp\/v2\/product\/23480\/revisions\/25589"}],"wp:featuredmedia":[{"embeddable":true,"href":"https:\/\/yebodaglass.com\/cs\/wp-json\/wp\/v2\/media\/23512"}],"wp:attachment":[{"href":"https:\/\/yebodaglass.com\/cs\/wp-json\/wp\/v2\/media?parent=23480"}],"wp:term":[{"taxonomy":"product_brand","embeddable":true,"href":"https:\/\/yebodaglass.com\/cs\/wp-json\/wp\/v2\/product_brand?post=23480"},{"taxonomy":"product_cat","embeddable":true,"href":"https:\/\/yebodaglass.com\/cs\/wp-json\/wp\/v2\/product_cat?post=23480"},{"taxonomy":"product_tag","embeddable":true,"href":"https:\/\/yebodaglass.com\/cs\/wp-json\/wp\/v2\/product_tag?post=23480"}],"curies":[{"name":"wp","href":"https:\/\/api.w.org\/{rel}","templated":true}]}}